{"id":209,"date":"2022-07-25T10:32:04","date_gmt":"2022-07-25T09:32:04","guid":{"rendered":"https:\/\/blogdev.uclm.es\/fullsite\/?page_id=209"},"modified":"2024-12-12T12:51:33","modified_gmt":"2024-12-12T11:51:33","slug":"galeria","status":"publish","type":"page","link":"https:\/\/blog.uclm.es\/ricardomartinez\/galeria\/","title":{"rendered":"Galeria"},"content":{"rendered":"\n<figure class=\"wp-block-image aligncenter size-full is-resized is-style-rounded\"><img loading=\"lazy\" decoding=\"async\" width=\"299\" height=\"299\" src=\"https:\/\/blog.uclm.es\/ricardomartinez\/wp-content\/uploads\/sites\/278\/2024\/12\/1517654457071-1.jpg\" alt=\"\" class=\"wp-image-368\" style=\"width:150px;height:150px\" srcset=\"https:\/\/blog.uclm.es\/ricardomartinez\/wp-content\/uploads\/sites\/278\/2024\/12\/1517654457071-1.jpg 299w, https:\/\/blog.uclm.es\/ricardomartinez\/wp-content\/uploads\/sites\/278\/2024\/12\/1517654457071-1-150x150.jpg 150w\" sizes=\"auto, (max-width: 299px) 100vw, 299px\" \/><figcaption class=\"wp-element-caption\">Miradas<\/figcaption><\/figure>\n\n\n\n<blockquote class=\"wp-block-quote has-text-align-center is-style-large is-layout-flow wp-block-quote-is-layout-flow\" style=\"font-size:12px\">\n<p>\u00abHay objetos que forman parte de la vida cotidiana: cosas que usamos sin verlas, en un horizonte dom\u00e9stico neutro y tranquilizador.<\/p>\n\n\n\n<p>Pero existen otros objetos, aqu\u00e9llos que trasforman los peque\u00f1os gestos de todos los d\u00edas en algo mas simple, m\u00e1s agradable, m\u00e1s nuestro\u00bb<\/p>\n<cite>\u2014 Alberto Alessi, <em>1921<\/em> \u2014 <\/cite><\/blockquote>\n\n\n\n<hr class=\"wp-block-separator has-css-opacity is-style-default\" \/>\n\n\n\n<h5 class=\"wp-block-heading has-text-align-center has-x-large-font-size\">Galeria de Im\u00e1genes<\/h5>\n\n\n\n<hr class=\"wp-block-separator has-css-opacity\" \/>\n\n\n\n<figure class=\"wp-block-gallery has-nested-images columns-default is-cropped wp-block-gallery-1 is-layout-flex wp-block-gallery-is-layout-flex\">\n<figure class=\"wp-block-image size-full\"><img loading=\"lazy\" decoding=\"async\" width=\"854\" height=\"480\" data-id=\"358\" src=\"https:\/\/blog.uclm.es\/ricardomartinez\/wp-content\/uploads\/sites\/278\/2024\/12\/Marketing_Day.jpg\" alt=\"\" class=\"wp-image-358\" srcset=\"https:\/\/blog.uclm.es\/ricardomartinez\/wp-content\/uploads\/sites\/278\/2024\/12\/Marketing_Day.jpg 854w, https:\/\/blog.uclm.es\/ricardomartinez\/wp-content\/uploads\/sites\/278\/2024\/12\/Marketing_Day-300x169.jpg 300w, https:\/\/blog.uclm.es\/ricardomartinez\/wp-content\/uploads\/sites\/278\/2024\/12\/Marketing_Day-768x432.jpg 768w\" sizes=\"auto, (max-width: 854px) 100vw, 854px\" \/><\/figure>\n\n\n\n<figure class=\"wp-block-image size-large\"><img loading=\"lazy\" decoding=\"async\" width=\"1024\" height=\"768\" data-id=\"363\" src=\"https:\/\/blog.uclm.es\/ricardomartinez\/wp-content\/uploads\/sites\/278\/2024\/12\/Ricardo-Martinez-Canas-1024x768.jpeg\" alt=\"\" class=\"wp-image-363\" srcset=\"https:\/\/blog.uclm.es\/ricardomartinez\/wp-content\/uploads\/sites\/278\/2024\/12\/Ricardo-Martinez-Canas-1024x768.jpeg 1024w, https:\/\/blog.uclm.es\/ricardomartinez\/wp-content\/uploads\/sites\/278\/2024\/12\/Ricardo-Martinez-Canas-300x225.jpeg 300w, https:\/\/blog.uclm.es\/ricardomartinez\/wp-content\/uploads\/sites\/278\/2024\/12\/Ricardo-Martinez-Canas-768x576.jpeg 768w, https:\/\/blog.uclm.es\/ricardomartinez\/wp-content\/uploads\/sites\/278\/2024\/12\/Ricardo-Martinez-Canas-1536x1152.jpeg 1536w, https:\/\/blog.uclm.es\/ricardomartinez\/wp-content\/uploads\/sites\/278\/2024\/12\/Ricardo-Martinez-Canas.jpeg 1600w\" sizes=\"auto, (max-width: 1024px) 100vw, 1024px\" \/><\/figure>\n\n\n\n<figure class=\"wp-block-image size-full\"><img loading=\"lazy\" decoding=\"async\" width=\"1500\" height=\"2000\" data-id=\"364\" src=\"https:\/\/blog.uclm.es\/ricardomartinez\/wp-content\/uploads\/sites\/278\/2024\/12\/RicardoMartinezCanas.jpg\" alt=\"\" class=\"wp-image-364\" srcset=\"https:\/\/blog.uclm.es\/ricardomartinez\/wp-content\/uploads\/sites\/278\/2024\/12\/RicardoMartinezCanas.jpg 1500w, https:\/\/blog.uclm.es\/ricardomartinez\/wp-content\/uploads\/sites\/278\/2024\/12\/RicardoMartinezCanas-225x300.jpg 225w, https:\/\/blog.uclm.es\/ricardomartinez\/wp-content\/uploads\/sites\/278\/2024\/12\/RicardoMartinezCanas-768x1024.jpg 768w, https:\/\/blog.uclm.es\/ricardomartinez\/wp-content\/uploads\/sites\/278\/2024\/12\/RicardoMartinezCanas-1152x1536.jpg 1152w\" sizes=\"auto, (max-width: 1500px) 100vw, 1500px\" \/><\/figure>\n\n\n\n<figure class=\"wp-block-image size-full\"><img loading=\"lazy\" decoding=\"async\" width=\"2560\" height=\"1920\" data-id=\"352\" src=\"https:\/\/blog.uclm.es\/ricardomartinez\/wp-content\/uploads\/sites\/278\/2024\/12\/graduacion_cs24-187-scaled.jpg\" alt=\"\" class=\"wp-image-352\" srcset=\"https:\/\/blog.uclm.es\/ricardomartinez\/wp-content\/uploads\/sites\/278\/2024\/12\/graduacion_cs24-187-scaled.jpg 2560w, https:\/\/blog.uclm.es\/ricardomartinez\/wp-content\/uploads\/sites\/278\/2024\/12\/graduacion_cs24-187-300x225.jpg 300w, https:\/\/blog.uclm.es\/ricardomartinez\/wp-content\/uploads\/sites\/278\/2024\/12\/graduacion_cs24-187-1024x768.jpg 1024w, https:\/\/blog.uclm.es\/ricardomartinez\/wp-content\/uploads\/sites\/278\/2024\/12\/graduacion_cs24-187-768x576.jpg 768w, https:\/\/blog.uclm.es\/ricardomartinez\/wp-content\/uploads\/sites\/278\/2024\/12\/graduacion_cs24-187-1536x1152.jpg 1536w, https:\/\/blog.uclm.es\/ricardomartinez\/wp-content\/uploads\/sites\/278\/2024\/12\/graduacion_cs24-187-2048x1536.jpg 2048w\" sizes=\"auto, (max-width: 2560px) 100vw, 2560px\" \/><\/figure>\n\n\n\n<figure class=\"wp-block-image size-full\"><img loading=\"lazy\" decoding=\"async\" width=\"854\" height=\"480\" data-id=\"366\" src=\"https:\/\/blog.uclm.es\/ricardomartinez\/wp-content\/uploads\/sites\/278\/2024\/12\/Seguridad_Turismo-1.jpg\" alt=\"\" class=\"wp-image-366\" srcset=\"https:\/\/blog.uclm.es\/ricardomartinez\/wp-content\/uploads\/sites\/278\/2024\/12\/Seguridad_Turismo-1.jpg 854w, https:\/\/blog.uclm.es\/ricardomartinez\/wp-content\/uploads\/sites\/278\/2024\/12\/Seguridad_Turismo-1-300x169.jpg 300w, https:\/\/blog.uclm.es\/ricardomartinez\/wp-content\/uploads\/sites\/278\/2024\/12\/Seguridad_Turismo-1-768x432.jpg 768w\" sizes=\"auto, (max-width: 854px) 100vw, 854px\" \/><\/figure>\n\n\n\n<figure class=\"wp-block-image size-full\"><img loading=\"lazy\" decoding=\"async\" width=\"1024\" height=\"768\" data-id=\"367\" src=\"https:\/\/blog.uclm.es\/ricardomartinez\/wp-content\/uploads\/sites\/278\/2024\/12\/Ricardo-Martinez-Canas-1024x768-1.jpg\" alt=\"\" class=\"wp-image-367\" srcset=\"https:\/\/blog.uclm.es\/ricardomartinez\/wp-content\/uploads\/sites\/278\/2024\/12\/Ricardo-Martinez-Canas-1024x768-1.jpg 1024w, https:\/\/blog.uclm.es\/ricardomartinez\/wp-content\/uploads\/sites\/278\/2024\/12\/Ricardo-Martinez-Canas-1024x768-1-300x225.jpg 300w, https:\/\/blog.uclm.es\/ricardomartinez\/wp-content\/uploads\/sites\/278\/2024\/12\/Ricardo-Martinez-Canas-1024x768-1-768x576.jpg 768w\" sizes=\"auto, (max-width: 1024px) 100vw, 1024px\" \/><\/figure>\n<\/figure>\n","protected":false},"excerpt":{"rendered":"<p>\u00abHay objetos que forman parte de la vida cotidiana: cosas que usamos sin verlas, en un horizonte dom\u00e9stico neutro y tranquilizador. Pero existen otros objetos, aqu\u00e9llos que trasforman los peque\u00f1os gestos de todos los d\u00edas en algo mas simple, m\u00e1s agradable, m\u00e1s nuestro\u00bb \u2014 Alberto Alessi, 1921 \u2014 Galeria de Im\u00e1genes<\/p>\n","protected":false},"author":445,"featured_media":0,"parent":0,"menu_order":0,"comment_status":"closed","ping_status":"closed","template":"","meta":{"footnotes":""},"class_list":["post-209","page","type-page","status-publish","hentry"],"_links":{"self":[{"href":"https:\/\/blog.uclm.es\/ricardomartinez\/wp-json\/wp\/v2\/pages\/209","targetHints":{"allow":["GET"]}}],"collection":[{"href":"https:\/\/blog.uclm.es\/ricardomartinez\/wp-json\/wp\/v2\/pages"}],"about":[{"href":"https:\/\/blog.uclm.es\/ricardomartinez\/wp-json\/wp\/v2\/types\/page"}],"author":[{"embeddable":true,"href":"https:\/\/blog.uclm.es\/ricardomartinez\/wp-json\/wp\/v2\/users\/445"}],"replies":[{"embeddable":true,"href":"https:\/\/blog.uclm.es\/ricardomartinez\/wp-json\/wp\/v2\/comments?post=209"}],"version-history":[{"count":3,"href":"https:\/\/blog.uclm.es\/ricardomartinez\/wp-json\/wp\/v2\/pages\/209\/revisions"}],"predecessor-version":[{"id":369,"href":"https:\/\/blog.uclm.es\/ricardomartinez\/wp-json\/wp\/v2\/pages\/209\/revisions\/369"}],"wp:attachment":[{"href":"https:\/\/blog.uclm.es\/ricardomartinez\/wp-json\/wp\/v2\/media?parent=209"}],"curies":[{"name":"wp","href":"https:\/\/api.w.org\/{rel}","templated":true}]}}