{"id":14,"date":"2022-07-20T11:50:39","date_gmt":"2022-07-20T10:50:39","guid":{"rendered":"https:\/\/blogdev.uclm.es\/fullsite\/?page_id=14"},"modified":"2024-12-12T11:26:14","modified_gmt":"2024-12-12T10:26:14","slug":"investigacion","status":"publish","type":"page","link":"https:\/\/blog.uclm.es\/ricardomartinez\/investigacion\/","title":{"rendered":"Investigaci\u00f3n"},"content":{"rendered":"\n<div class=\"wp-block-group alignwide is-layout-flow wp-block-group-is-layout-flow\">\n<figure class=\"wp-block-image size-full\"><img loading=\"lazy\" decoding=\"async\" width=\"1024\" height=\"313\" src=\"https:\/\/blog.uclm.es\/ricardomartinez\/wp-content\/uploads\/sites\/278\/2022\/10\/3-1-1024x313-1.jpg\" alt=\"\" class=\"wp-image-294\" srcset=\"https:\/\/blog.uclm.es\/ricardomartinez\/wp-content\/uploads\/sites\/278\/2022\/10\/3-1-1024x313-1.jpg 1024w, https:\/\/blog.uclm.es\/ricardomartinez\/wp-content\/uploads\/sites\/278\/2022\/10\/3-1-1024x313-1-300x92.jpg 300w, https:\/\/blog.uclm.es\/ricardomartinez\/wp-content\/uploads\/sites\/278\/2022\/10\/3-1-1024x313-1-768x235.jpg 768w\" sizes=\"auto, (max-width: 1024px) 100vw, 1024px\" \/><\/figure>\n\n\n\n<div class=\"wp-block-columns is-layout-flex wp-container-core-columns-is-layout-28f84493 wp-block-columns-is-layout-flex\">\n<div class=\"wp-block-column is-vertically-aligned-top is-layout-flow wp-block-column-is-layout-flow\" style=\"flex-basis:30%\">\n<h5 class=\"wp-block-heading has-x-large-font-size\" style=\"font-style:normal;font-weight:300;line-height:0\">Investigaci\u00f3n<\/h5>\n<\/div>\n\n\n\n<div class=\"wp-block-column is-vertically-aligned-bottom is-layout-flow wp-block-column-is-layout-flow\" style=\"padding-bottom:0rem\">\n<p>Mis principales l\u00edneas de investigaci\u00f3n son: \u00c9tica empresarial, Capital Social, Co-creaci\u00f3n de valor, Parques Cient\u00edficos y Tecnol\u00f3gicos, Liderazgo \u00c9tico, Turismo y Mapas conceptuales<\/p>\n<\/div>\n<\/div>\n\n\n\n<hr class=\"wp-block-separator has-css-opacity is-style-wide\" \/>\n<\/div>\n\n\n\n<div class=\"wp-block-group is-layout-flow wp-block-group-is-layout-flow\">\n<div class=\"wp-block-columns alignfull has-text-color has-background is-layout-flex wp-container-core-columns-is-layout-28f84493 wp-block-columns-is-layout-flex\" style=\"color:#000000;background-color:#ffffff\">\n<div class=\"wp-block-column is-layout-flow wp-block-column-is-layout-flow\">\n<h5 class=\"wp-block-heading has-text-align-left\" style=\"font-size:24px;font-style:normal;font-weight:300;line-height:0\"><b>L<\/b>orem<\/h5>\n\n\n\n<p>Lorem ipsum dolor sit amet, consectetur adipiscing elit.<\/p>\n<\/div>\n\n\n\n<div class=\"wp-block-column is-layout-flow wp-block-column-is-layout-flow\">\n<h5 class=\"wp-block-heading has-text-align-left\" style=\"font-size:24px;font-style:normal;font-weight:300;line-height:0\"><b>L<\/b>orem<\/h5>\n\n\n\n<p>Lorem ipsum dolor sit amet, consectetur adipiscing elit.<\/p>\n<\/div>\n\n\n\n<div class=\"wp-block-column is-layout-flow wp-block-column-is-layout-flow\">\n<h5 class=\"wp-block-heading has-text-align-left\" style=\"font-size:24px;font-style:normal;font-weight:300;line-height:0\"><b>L<\/b>orem<\/h5>\n\n\n\n<p>Lorem ipsum dolor sit amet, consectetur adipiscing elit.<\/p>\n<\/div>\n<\/div>\n<\/div>\n\n\n\n<hr class=\"wp-block-separator has-css-opacity is-style-wide\" \/>\n\n\n\n<div class=\"wp-block-group is-layout-flow wp-block-group-is-layout-flow\">\n<h5 class=\"wp-block-heading has-large-font-size\" style=\"font-style:normal;font-weight:500;line-height:1.4\"><strong>At tellus at urna condimentum mattis pellentesque<\/strong><\/h5>\n\n\n\n<p>Mis principales l\u00edneas de investigaci\u00f3n son: \u00e9tica empresarial, responsabilidad social corporativo, liderazgo \u00e9tico, capital social, parques cient\u00edficos y tecnol\u00f3gicos, turismo enol\u00f3gico y mapas conceptuales. Ha publicado m\u00e1s de 50 art\u00edculos de investigaci\u00f3n, 30 de ellos indexados en SSCI (25 con factor de impacto JCR) y m\u00e1s de 30 en revistas indexadas en SJR-Elservier, DICE, CIRC-12, CARHUS-14, etc. Es coautor de cerca de 20 cap\u00edtulos de libros de investigaci\u00f3n publicados por editoriales internacionales de prestigio. Diversas publicaciones se han centrado en la capital social, profundizando en su vinculaci\u00f3n con t\u00f3picos como el capital social en las relaciones inter-organizativas, el capital social en los Parques Cient\u00edficos y Tecnol\u00f3gicos y el capital social intra-empresarial. Otro grupo de publicaciones, se han centrado en liderazgo \u00e9tico y la \u00e9tica empresarial analizando el papel del l\u00edder servidor, el liderazgo de los supervisores empresariales, la cultura \u00e9tica, el comportamiento \u00e9tico, la cultura organizacional \u00e9tica. Finalmente, destacan diversos art\u00edculos sobre mapas conceptuales, turismo enol\u00f3gico, crowdfunding y satisfacci\u00f3n del consumidor. Ha participado como investigador en diversos proyectos competitivos. Presenta m\u00e1s de 45 comunicaciones en congresos internacionales. Ha sido profesor visitante del Institute for Innovarion Research de la Manchester Business School (2009) y del Centrum For Tourism and Entrepreneurship de la Universidad Cat\u00f3lica de Eichst\u00e4tt-Ingolstadt (2011). Ha dirigido numerosos Trabajos Fin de M\u00e1ster dentro del M\u00e1ster Universitario en Estrategia y Marketing de la Empresa. Ha sido miembro del comit\u00e9 organizador y cient\u00edfico de varios congresos. Ha co-dirigido 6 Cursos Especializados en \u00c9tica y RSE Empresarial para la C\u00e1tedra RSE del Banco de Santander en la UCLM. Es miembro del Grupo de Investigaci\u00f3n inCore (Innovaci\u00f3n, Competitividad y Redes), desde 2012. Pertenece a la asociaci\u00f3n de ACEDE (desde 2000) y a la asociaci\u00f3n AEDEM (desde 2001).<\/p>\n<\/div>\n","protected":false},"excerpt":{"rendered":"<p>Investigaci\u00f3n Mis principales l\u00edneas de investigaci\u00f3n son: \u00c9tica empresarial, Capital Social, Co-creaci\u00f3n de valor, Parques Cient\u00edficos y Tecnol\u00f3gicos, Liderazgo \u00c9tico, Turismo y Mapas conceptuales Lorem Lorem ipsum dolor sit amet, consectetur adipiscing elit. Lorem Lorem ipsum dolor sit amet, consectetur adipiscing elit. Lorem Lorem ipsum dolor sit amet, consectetur adipiscing elit. At tellus at urna [&hellip;]<\/p>\n","protected":false},"author":445,"featured_media":0,"parent":0,"menu_order":0,"comment_status":"closed","ping_status":"closed","template":"","meta":{"footnotes":""},"class_list":["post-14","page","type-page","status-publish","hentry"],"_links":{"self":[{"href":"https:\/\/blog.uclm.es\/ricardomartinez\/wp-json\/wp\/v2\/pages\/14","targetHints":{"allow":["GET"]}}],"collection":[{"href":"https:\/\/blog.uclm.es\/ricardomartinez\/wp-json\/wp\/v2\/pages"}],"about":[{"href":"https:\/\/blog.uclm.es\/ricardomartinez\/wp-json\/wp\/v2\/types\/page"}],"author":[{"embeddable":true,"href":"https:\/\/blog.uclm.es\/ricardomartinez\/wp-json\/wp\/v2\/users\/445"}],"replies":[{"embeddable":true,"href":"https:\/\/blog.uclm.es\/ricardomartinez\/wp-json\/wp\/v2\/comments?post=14"}],"version-history":[{"count":2,"href":"https:\/\/blog.uclm.es\/ricardomartinez\/wp-json\/wp\/v2\/pages\/14\/revisions"}],"predecessor-version":[{"id":370,"href":"https:\/\/blog.uclm.es\/ricardomartinez\/wp-json\/wp\/v2\/pages\/14\/revisions\/370"}],"wp:attachment":[{"href":"https:\/\/blog.uclm.es\/ricardomartinez\/wp-json\/wp\/v2\/media?parent=14"}],"curies":[{"name":"wp","href":"https:\/\/api.w.org\/{rel}","templated":true}]}}