{"id":3191,"date":"2012-12-21T17:27:01","date_gmt":"2012-12-21T17:27:01","guid":{"rendered":"http:\/\/blog.uclm.es\/ricardofdez\/?page_id=2"},"modified":"2022-10-07T12:03:11","modified_gmt":"2022-10-07T12:03:11","slug":"docencia","status":"publish","type":"page","link":"https:\/\/blog.uclm.es\/ricardofdez\/docencia\/","title":{"rendered":"Docencia"},"content":{"rendered":"<table border=\"1\" width=\"560\">\n<tbody>\n<tr>\n<td>\n<table border=\"1\" width=\"571\">\n<tbody>\n<tr>\n<td width=\"2%\"><img loading=\"lazy\" decoding=\"async\" src=\"http:\/\/www.uclm.es\/profesorado\/ricardo\/Docencia.JPG\" alt=\"Imagen portada p\u00e1gina Docencia\" width=\"114\" height=\"130\" border=\"0\" \/><\/td>\n<td width=\"60%\"><a href=\"https:\/\/www.uclm.es\/\"><img loading=\"lazy\" decoding=\"async\" class=\"aligncenter\" src=\"https:\/\/www.uclm.es\/images\/logos\/Logo_uclm.png\" alt=\"\" width=\"200\" height=\"65\" \/><\/a><\/p>\n<p style=\"text-align: center\"><strong><span style=\"font-family: Bookman Old Style\"><span style=\"color: #5d5d5d\"><span style=\"font-size: small\">DOCENCIA DE<\/span><\/span><\/span><\/strong><\/p>\n<p style=\"text-align: center\"><strong><span style=\"font-family: Bookman Old Style\"><span style=\"color: #5d5d5d\"><span style=\"font-size: small\">RICARDO FERN\u00c1NDEZ MU\u00d1OZ<\/span><\/span><\/span><\/strong><\/p>\n<\/td>\n<td width=\"10%\"><a href=\"mailto:ricardo.fdez@uclm.es\"><img loading=\"lazy\" decoding=\"async\" class=\"alignnone wp-image-3282 size-full\" src=\"https:\/\/blog.uclm.es\/ricardofdez\/wp-content\/uploads\/sites\/10\/2022\/10\/mail_ico.png\" alt=\"Enviar correo\" width=\"256\" height=\"178\" \/><\/a><\/td>\n<\/tr>\n<\/tbody>\n<\/table>\n<p style=\"text-align: justify\"><span style=\"font-family: Bookman Old Style\"><span style=\"color: #000000\">Puedes encontrar aqu\u00ed los programas, orientaciones y materiales de las asignaturas que imparto en la Universidad de Castilla la Mancha, informaci\u00f3n relacionada con mi actividad investigadora , publicaciones, cursos y comunicaciones personales, as\u00ed como Revistas, monograf\u00edas, recensiones, blogs\u00a0 y p\u00e1ginas web, elaboradas por mis alumnos en la Facultad de Educaci\u00f3n de Toledo. <\/span><\/span><span style=\"font-family: Bookman Old Style\"><span style=\"color: #000000\">Tambi\u00e9n podr\u00e1s acceder a otras experiencias relacionadas con la Formaci\u00f3n Inicial de Maestros, revistas digitales en las que participo\u00a0 y\u00a0 documentos de car\u00e1cter general\u00a0 para consulta de alumnos y profesores del Centro.<br \/>\n<\/span><\/span><\/p>\n<blockquote>\n<blockquote><p><span style=\"font-family: Bookman Old Style\"><span style=\"color: #000000\">Blog personal con <a href=\"http:\/\/ticsmagto.blogspot.com\/\">reflexiones sobre educaci\u00f3n y TICS<\/a>.<\/span><\/span><\/p><\/blockquote>\n<\/blockquote>\n<table border=\"1\" width=\"534\">\n<tbody>\n<tr>\n<td><strong><span style=\"font-family: Bookman Old Style\"><span style=\"color: #000000\"><a href=\"http:\/\/www.uclm.es\/profesorado\/ricardo\/asignaturas.html\">DOCENCIA (ASIGNATURAS Y CURSOS)<\/a><\/span><\/span><\/strong><\/td>\n<td><strong><span style=\"font-family: Bookman Old Style\"><a href=\"http:\/\/www.uclm.es\/profesorado\/ricardo\/informacion_gral.html\">INFORMACI\u00d3N GENERAL<\/a><\/span><\/strong><\/td>\n<\/tr>\n<tr>\n<td><strong><span style=\"font-family: Bookman Old Style\"><span style=\"color: #000000\"><a href=\"http:\/\/www.uclm.es\/profesorado\/ricardo\/investigacion1.html\">ACTIVIDAD INVESTIGADORA<\/a><\/span><\/span><\/strong><\/td>\n<td><strong><span style=\"font-family: Bookman Old Style\"><span style=\"color: #000000\"><a href=\"http:\/\/www.uclm.es\/profesorado\/ricardo\/Profesores.html\">WEBS DE OTROS PROFESORES<\/a><\/span><\/span><\/strong><\/td>\n<\/tr>\n<tr>\n<td><strong><span style=\"font-family: Bookman Old Style\"><a href=\"http:\/\/www.uclm.es\/profesorado\/ricardo\/revistas.html\">REVISTAS DIGITALES<\/a><\/span><\/strong><\/td>\n<td><strong><span style=\"font-family: Bookman Old Style\"><span style=\"color: #000000\"><a href=\"http:\/\/www.uclm.es\/profesorado\/ricardo\/web_alumnos.html\">P\u00c1GINAS ELABORADAS POR MIS ALUMNOS<\/a><\/span><\/span><\/strong><\/td>\n<\/tr>\n<\/tbody>\n<\/table>\n<div><\/div>\n<div>\n<table border=\"1\" width=\"566\">\n<tbody>\n<tr bgcolor=\"#cccccc\">\n<td><\/td>\n<\/tr>\n<tr>\n<td>\n<p style=\"padding-left: 30px\"><span style=\"color: #000080\"><strong>ASIGNATURAS DE FORMACI\u00d3N B\u00c1SICA<\/strong><\/span><\/p>\n<pre style=\"padding-left: 30px\"><img loading=\"lazy\" decoding=\"async\" class=\"alignnone wp-image-3291\" src=\"https:\/\/blog.uclm.es\/ricardofdez\/wp-content\/uploads\/sites\/10\/2022\/10\/faviconV2.png\" alt=\"\" width=\"10\" height=\"10\" \/><a href=\"https:\/\/campusvirtual.uclm.es\/\">Educaci\u00f3n y Sociedad<\/a><\/pre>\n<pre style=\"padding-left: 30px\"><span style=\"font-family: Verdana\"><span style=\"color: #000066\"><span style=\"font-size: xx-small\"><img loading=\"lazy\" decoding=\"async\" class=\"alignnone wp-image-3291\" src=\"https:\/\/blog.uclm.es\/ricardofdez\/wp-content\/uploads\/sites\/10\/2022\/10\/faviconV2.png\" alt=\"\" width=\"10\" height=\"10\" \/><a href=\"https:\/\/campusvirtual.uclm.es\/\">Atenci\u00f3n Educativa a las Dificultades de Aprendizaje<\/a> \u00a0\u00a0\u00a0 <a title=\"Blog Dificultades de Aprendizaje\" href=\"http:\/\/basestoledo.blogspot.com\/\" target=\"_blank\" rel=\"noopener\">Blog\u00a0<\/a><\/span><\/span><\/span><\/pre>\n<\/td>\n<\/tr>\n<tr>\n<td>\n<p style=\"padding-left: 30px\">\n<p style=\"padding-left: 30px\"><span style=\"color: #000080\"><strong>MENCI\u00d3N TICE<\/strong> (Tecnolog\u00edas de la Informaci\u00f3n y la Comunicaci\u00f3n en Educaci\u00f3n)<\/span><\/p>\n<p style=\"padding-left: 30px\"><span style=\"font-family: Verdana;font-size: xx-small\"><span style=\"font-family: Verdana\"><span style=\"color: #000066\"><span style=\"font-size: xx-small\"><img loading=\"lazy\" decoding=\"async\" class=\"alignnone wp-image-3291\" src=\"https:\/\/blog.uclm.es\/ricardofdez\/wp-content\/uploads\/sites\/10\/2022\/10\/faviconV2.png\" alt=\"\" width=\"10\" height=\"10\" \/><\/span><\/span><\/span><a href=\"https:\/\/campusvirtual.uclm.es\/\">Cultura y Pedagog\u00eda Audiovisual<br \/>\n<\/a><\/span><\/p>\n<p style=\"padding-left: 30px\"><span style=\"font-family: Verdana\"><span style=\"color: #000066\"><span style=\"font-size: xx-small\"><img loading=\"lazy\" decoding=\"async\" class=\"alignnone wp-image-3291\" src=\"https:\/\/blog.uclm.es\/ricardofdez\/wp-content\/uploads\/sites\/10\/2022\/10\/faviconV2.png\" alt=\"\" width=\"10\" height=\"10\" \/><\/span><\/span><\/span><a title=\"Campus Virtual\" href=\"https:\/\/campusvirtual.uclm.es\/\">Organizaci\u00f3n y Gesti\u00f3n de las TIC en los Centros Escolares <\/a><\/p>\n<p style=\"padding-left: 30px\"><span style=\"font-family: Verdana\"><span style=\"color: #000066\"><span style=\"font-size: xx-small\"><img loading=\"lazy\" decoding=\"async\" class=\"alignnone wp-image-3291\" src=\"https:\/\/blog.uclm.es\/ricardofdez\/wp-content\/uploads\/sites\/10\/2022\/10\/faviconV2.png\" alt=\"\" width=\"10\" height=\"10\" \/><\/span><\/span><\/span><a title=\"Campus Virtual\" href=\"https:\/\/campusvirtual.uclm.es\/\">Comunidades Virtuales y Redes Sociales en Educaci\u00f3n\u00a0 <\/a><a title=\"Comunidades Virtuales\" href=\"http:\/\/redestice.blogspot.com.es\/\" target=\"_blank\" rel=\"noopener\">BLOG<\/a><\/p>\n<p style=\"padding-left: 30px\"><a title=\"Trabajos TICE\" href=\"http:\/\/magisterioto-trabajos.blogspot.com.es\/\" target=\"_blank\" rel=\"noopener\">\u00a0*\u00a0 BLOG de trabajos TIC de las asignaturas de la Menci\u00f3n<\/a><\/p>\n<p style=\"padding-left: 30px\">\n<\/td>\n<\/tr>\n<tr>\n<td>\n<p style=\"padding-left: 30px\">\n<p style=\"padding-left: 30px\"><span style=\"color: #000080\"><strong>PRACTICUM Y TUTOR\u00cdAS<\/strong><\/span><\/p>\n<p style=\"padding-left: 30px\"><span style=\"font-family: Verdana;font-size: xx-small\"> <span style=\"font-family: Verdana\"><span style=\"color: #000066\"><span style=\"font-size: xx-small\"><img loading=\"lazy\" decoding=\"async\" class=\"alignnone wp-image-3291\" src=\"https:\/\/blog.uclm.es\/ricardofdez\/wp-content\/uploads\/sites\/10\/2022\/10\/faviconV2.png\" alt=\"\" width=\"10\" height=\"10\" \/><\/span><\/span><\/span><a href=\"http:\/\/www.uclm.es\/profesorado\/ricardo\/practicum.html\">WEB Practicum\u00a0<\/a>\u00a0\u00a0\u00a0\u00a0 <span style=\"font-family: Verdana\"><span style=\"color: #000066\"><span style=\"font-size: xx-small\"><img loading=\"lazy\" decoding=\"async\" class=\"alignnone wp-image-3291\" src=\"https:\/\/blog.uclm.es\/ricardofdez\/wp-content\/uploads\/sites\/10\/2022\/10\/faviconV2.png\" alt=\"\" width=\"10\" height=\"10\" \/><\/span><\/span><\/span> <a title=\"Blog de PRACTICUM\" href=\"http:\/\/practicummagisterio.blogspot.com\/\" target=\"_blank\" rel=\"noopener\">Blog de Practicum<\/a> \u00a0 \u00a0 \u00a0\u00a0 (Tambi\u00e9n en Moodle)<\/span><\/p>\n<p style=\"padding-left: 30px\"><span style=\"font-family: Verdana\"><span style=\"color: #000066\"><span style=\"font-size: xx-small\"><img loading=\"lazy\" decoding=\"async\" class=\"alignnone wp-image-3291\" src=\"https:\/\/blog.uclm.es\/ricardofdez\/wp-content\/uploads\/sites\/10\/2022\/10\/faviconV2.png\" alt=\"\" width=\"10\" height=\"10\" \/><\/span><\/span><\/span><a href=\"http:\/\/www.uclm.es\/profesorado\/ricardo\/HORARI97.html\"> Atenci\u00f3n a Alumnos (Tutor\u00eda on-line)<\/a><\/p>\n<p><span style=\"font-family: Verdana;font-size: xx-small\"><a href=\"http:\/\/www.uclm.es\/profesorado\/ricardo\/practicum.html\">\u00a0<\/a><\/span><\/td>\n<\/tr>\n<tr>\n<td>\n<p style=\"padding-left: 30px\">\n<p style=\"padding-left: 30px\"><span style=\"color: #000080\"><strong>ASIGNATURAS DE DIPLOMATURA (MAGISTERIO)<\/strong><\/span><\/p>\n<p style=\"padding-left: 30px\"><span style=\"font-family: Verdana;color: #ffff00;font-size: xx-small\"><a href=\"http:\/\/www.uclm.es\/profesorado\/ricardo\/Docencia1.html\"><span style=\"font-family: Verdana\"><span style=\"color: #000066\"><span style=\"font-size: xx-small\"><img loading=\"lazy\" decoding=\"async\" class=\"alignnone wp-image-3291\" src=\"https:\/\/blog.uclm.es\/ricardofdez\/wp-content\/uploads\/sites\/10\/2022\/10\/faviconV2.png\" alt=\"\" width=\"10\" height=\"10\" \/><\/span><\/span><\/span>Nuevas Tecnolog\u00edas Aplicadas a la Educaci\u00f3n<\/a> <\/span><span style=\"font-family: Verdana;font-size: small\">(Hasta 2010\/2011)<\/span><\/p>\n<p style=\"padding-left: 30px\"><span style=\"font-family: Verdana;color: #ffffff;font-size: xx-small\"><span style=\"font-family: Verdana\"><span style=\"color: #000066\"><span style=\"font-size: xx-small\"><img loading=\"lazy\" decoding=\"async\" class=\"alignnone wp-image-3291\" src=\"https:\/\/blog.uclm.es\/ricardofdez\/wp-content\/uploads\/sites\/10\/2022\/10\/faviconV2.png\" alt=\"\" width=\"10\" height=\"10\" \/><\/span><\/span><\/span> <a href=\"http:\/\/www.uclm.es\/profesorado\/ricardo\/Docencia2.html\">Bases Pedag\u00f3gicas de la Educaci\u00f3n Especial<\/a> <\/span><span style=\"font-family: Verdana;font-size: small\">(Hasta 2008\/2009)<\/span><\/p>\n<p style=\"padding-left: 30px\"><span style=\"font-family: Verdana;font-size: xx-small\"><a href=\"http:\/\/www.uclm.es\/profesorado\/ricardo\/cursos.htm\"><span style=\"font-family: Verdana\"><span style=\"color: #000066\"><span style=\"font-size: xx-small\"><img loading=\"lazy\" decoding=\"async\" class=\"alignnone wp-image-3291\" src=\"https:\/\/blog.uclm.es\/ricardofdez\/wp-content\/uploads\/sites\/10\/2022\/10\/faviconV2.png\" alt=\"\" width=\"10\" height=\"10\" \/><\/span><\/span><\/span> Cursos, Jornadas y Seminarios<\/a><\/span><\/p>\n<p style=\"padding-left: 30px\">\n<\/td>\n<\/tr>\n<tr>\n<td><\/td>\n<\/tr>\n<tr>\n<td>\n<p style=\"padding-left: 30px\"><span style=\"font-family: Verdana;font-size: xx-small\"><a href=\"http:\/\/www.uclm.es\/profesorado\/ricardo\/MagisterioUCLM.htm\"><span style=\"font-family: Verdana\"><span style=\"color: #000066\"><span style=\"font-size: xx-small\"><img loading=\"lazy\" decoding=\"async\" class=\"alignnone wp-image-3291\" src=\"https:\/\/blog.uclm.es\/ricardofdez\/wp-content\/uploads\/sites\/10\/2022\/10\/faviconV2.png\" alt=\"\" width=\"10\" height=\"10\" \/><\/span><\/span><\/span> Facultades de Educaci\u00f3n en la UCLM<\/a><\/span><\/p>\n<p style=\"padding-left: 30px\"><span style=\"font-family: Verdana\"><span style=\"color: #000066\"><span style=\"font-size: xx-small\"><img loading=\"lazy\" decoding=\"async\" class=\"alignnone wp-image-3291\" src=\"https:\/\/blog.uclm.es\/ricardofdez\/wp-content\/uploads\/sites\/10\/2022\/10\/faviconV2.png\" alt=\"\" width=\"10\" height=\"10\" \/><\/span><\/span><\/span><span style=\"font-family: Verdana\"><span style=\"font-size: xx-small\"><a href=\"http:\/\/www.uclm.es\/Dep\/pedagogia\">\u00a0Departamento de Pedagog\u00eda de la UCLM<\/a><\/span><\/span><\/p>\n<p style=\"padding-left: 30px\"><strong><span style=\"font-family: Verdana;font-size: xx-small\">\u00a0<\/span><\/strong><\/p>\n<\/td>\n<\/tr>\n<tr>\n<td><a href=\"http:\/\/www.uclm.es\/organos\/vic_ceoacademica\/uice\/\"><img loading=\"lazy\" decoding=\"async\" src=\"http:\/\/www.uclm.es\/profesorado\/ricardo\/Titulo.jpg\" alt=\"Ir a Espacio Europeo de Ense\u00f1anza Superior de la UCLM\" width=\"521\" height=\"47\" align=\"middle\" \/><\/a><strong><a href=\"http:\/\/www.uclm.es\/profesorado\/ricardo\/Convergencia\/indice.htm\"> P\u00e1gina Personal EEES<\/a><\/strong><\/td>\n<\/tr>\n<\/tbody>\n<\/table>\n<\/div>\n<div><\/div>\n<div><\/div>\n<\/td>\n<\/tr>\n<\/tbody>\n<\/table>\n<table width=\"585\">\n<tbody>\n<tr>\n<td width=\"20%\"><a href=\"mailto:ricardo.fdez@uclm.es\"><img loading=\"lazy\" decoding=\"async\" class=\"alignnone wp-image-3282\" src=\"https:\/\/blog.uclm.es\/ricardofdez\/wp-content\/uploads\/sites\/10\/2022\/10\/mail_ico.png\" alt=\"Correo\" width=\"66\" height=\"35\" \/><\/a><strong><span style=\"font-family: Verdana\"><a href=\"http:\/\/www.uclm.es\/profesorado\/ricardo\/otros_enlaces.htm\">\u00bfQui\u00e9n nos enlaza?<\/a><\/span><\/strong><\/td>\n<td style=\"text-align: center\"><strong><span style=\"font-family: Verdana\"><span style=\"color: #333333\">\u00a9 1997 <\/span><\/span><\/strong><strong><span style=\"font-family: Verdana\"><span style=\"color: #333333\">Ricardo Fern\u00e1ndez Mu\u00f1oz<\/span><\/span><\/strong><strong><span style=\"font-family: Verdana\"><span style=\"color: #333333\">\u00a0\u00a0\u00a0\u00a0\u00a0\u00a0\u00a0\u00a0 <\/span><\/span><\/strong><br \/>\n<strong><span style=\"font-family: Verdana\"><span style=\"color: #333333\"><br \/>\n<\/span><\/span><\/strong><\/td>\n<td width=\"20%\">\n<div align=\"right\"><a href=\"http:\/\/www.uclm.es\/profesorado\/ricardo\/wwwricardo.html\"><img loading=\"lazy\" decoding=\"async\" src=\"http:\/\/www.uclm.es\/profesorado\/ricardo\/paginicial.jpg\" alt=\"Ir a p\u00e1gina inicial\" width=\"94\" height=\"38\" border=\"0\" \/><\/a><\/div>\n<\/td>\n<\/tr>\n<\/tbody>\n<\/table>\n","protected":false},"excerpt":{"rendered":"<p>DOCENCIA DE RICARDO FERN\u00c1NDEZ MU\u00d1OZ Puedes encontrar aqu\u00ed los programas, orientaciones y materiales de las asignaturas que imparto en la Universidad de Castilla la Mancha, informaci\u00f3n relacionada con mi actividad investigadora , publicaciones, cursos y comunicaciones personales, as\u00ed como Revistas, &hellip; <a href=\"https:\/\/blog.uclm.es\/ricardofdez\/docencia\/\">Sigue leyendo <span class=\"meta-nav\">&rarr;<\/span><\/a><\/p>\n","protected":false},"author":13,"featured_media":0,"parent":0,"menu_order":0,"comment_status":"open","ping_status":"open","template":"","meta":{"footnotes":""},"class_list":["post-3191","page","type-page","status-publish","hentry"],"_links":{"self":[{"href":"https:\/\/blog.uclm.es\/ricardofdez\/wp-json\/wp\/v2\/pages\/3191","targetHints":{"allow":["GET"]}}],"collection":[{"href":"https:\/\/blog.uclm.es\/ricardofdez\/wp-json\/wp\/v2\/pages"}],"about":[{"href":"https:\/\/blog.uclm.es\/ricardofdez\/wp-json\/wp\/v2\/types\/page"}],"author":[{"embeddable":true,"href":"https:\/\/blog.uclm.es\/ricardofdez\/wp-json\/wp\/v2\/users\/13"}],"replies":[{"embeddable":true,"href":"https:\/\/blog.uclm.es\/ricardofdez\/wp-json\/wp\/v2\/comments?post=3191"}],"version-history":[{"count":9,"href":"https:\/\/blog.uclm.es\/ricardofdez\/wp-json\/wp\/v2\/pages\/3191\/revisions"}],"predecessor-version":[{"id":3292,"href":"https:\/\/blog.uclm.es\/ricardofdez\/wp-json\/wp\/v2\/pages\/3191\/revisions\/3292"}],"wp:attachment":[{"href":"https:\/\/blog.uclm.es\/ricardofdez\/wp-json\/wp\/v2\/media?parent=3191"}],"curies":[{"name":"wp","href":"https:\/\/api.w.org\/{rel}","templated":true}]}}