{"id":31,"date":"2012-12-23T22:58:18","date_gmt":"2012-12-23T21:58:18","guid":{"rendered":"http:\/\/blog.uclm.es\/ricardofdez\/?page_id=31"},"modified":"2012-12-23T22:58:18","modified_gmt":"2012-12-23T21:58:18","slug":"investigacion","status":"publish","type":"page","link":"https:\/\/blog.uclm.es\/ricardofdez\/investigacion\/","title":{"rendered":"Investigaci\u00f3n"},"content":{"rendered":"<p><strong><span style=\"font-family: Book Antiqua\"><span style=\"color: #000099\"><span style=\"font-size: large\">Actividad Investigadora<\/span><\/span><\/span><\/strong><\/p>\n<hr width=\"100%\" \/>\n<p><span style=\"font-family: book antiqua,palatino\"><strong><span style=\"color: #000099\"><span style=\"font-size: small\">EN CURSO:<\/span><\/span><\/strong><\/span><\/p>\n<p><span style=\"font-family: book antiqua,palatino;text-decoration: underline\"><span style=\"color: #990000\">1.\u00a0 Coordinador en la Universidad de Castilla la Mancha de la Investigaci\u00f3n:<\/span><\/span><\/p>\n<p><span style=\"font-family: book antiqua,palatino\"><a title=\"Acceso a la informaci\u00f3n\" href=\"http:\/\/www.ite.educacion.es\/es\/inicio\/noticias-de-interes\/745-ique-opina-el-profesorado-sobre-el-programa-escuela-20\" target=\"_blank\" rel=\"noopener\"><span style=\"color: #000080\"><strong>\u00abLas pol\u00edticas de un ordenador por ni\u00f1o en Espa\u00f1a. Visiones y pr\u00e1cticas del profesorado ante el programa Escuela 2.0. <\/strong><\/span><\/a><\/span><\/p>\n<p><span style=\"font-family: book antiqua,palatino\"><a title=\"Acceso a la informaci\u00f3n\" href=\"http:\/\/www.ite.educacion.es\/es\/inicio\/noticias-de-interes\/745-ique-opina-el-profesorado-sobre-el-programa-escuela-20\" target=\"_blank\" rel=\"noopener\"><span style=\"color: #000080\"><strong>Un an\u00e1lisis comparado entre comunidades aut\u00f3nomas\u00bb.<\/strong> <\/span><\/a><\/span><\/p>\n<p><span style=\"font-family: book antiqua,palatino;color: #000080\"><strong>Convocatoria: <\/strong>Proyecto de invesgaci\u00f3n fundamental no orientada. Convocatoria 2010. <\/span><\/p>\n<p><span style=\"font-family: book antiqua,palatino;color: #000080\">Ministerio de Ciencia e Innovaci\u00f3n. Direcci\u00f3n General de Investigaci\u00f3n y Gesti\u00f3n del Plan Nacional I+D+I.<strong> <\/strong><\/span><\/p>\n<p><span style=\"font-family: book antiqua,palatino;color: #000080\"><strong>Referencia: <\/strong>EDU2010-17037 (Subprograma EDUC). Duranci\u00f3n: 3 a\u00f1os (2011-13).<\/span><\/p>\n<p><span style=\"font-family: book antiqua,palatino\"><span style=\"color: #800000\">2. Grupo de investigaci\u00f3n en <a title=\"Grupo consolidado de la UCLM\" href=\"http:\/\/www.uclm.es\/organos\/vic_investigacion\/GruposUCLM\/grupos.aspx?gr=291&amp;inf=per\" target=\"_blank\" rel=\"noopener\">COMUNICACI\u00d3N Y EDUCACI\u00d3N INTERACTIVA E INMERSIVA en UCLM<\/a><\/span> &#8211; <a title=\"Ciberimaginario UCLM\" href=\"http:\/\/www.ciberimaginario.es\/produccion-cientifica\/grupo-uclm\" target=\"_blank\" rel=\"noopener\">Ciberimaginario<\/a><\/span><\/p>\n<p><span style=\"font-family: book antiqua,palatino;text-decoration: underline\"><span style=\"color: #990000\">3.\u00a0 Miembro del grupo de trabajo en la Universidad de Castilla la Mancha de la Investigaci\u00f3n EDUOPEN:<\/span><\/span><\/p>\n<p><span style=\"font-family: book antiqua,palatino;color: #000080\">En el marco del Programa CONSOLIDER-Ingenio 2010 y del VI Plan Nacional de Investigaci\u00f3n Cient\u00edfica, Desarrollo e Innovaci\u00f3n Tecnol\u00f3gica 2008-2011, forma parte del grupo de trabajo de la UCLM en el equipo de investigaci\u00f3n EDUOPEN cuyo objetivo principal se centra en estudiar el rol de los organismos normalizadores y difusores de terminolog\u00eda cient\u00edfica en el marco de las revistas objeto de estudio en idioma espa\u00f1ol.<\/span><\/p>\n<p><span style=\"font-family: book antiqua,palatino\">\u00a0____________________________________________________<\/span><\/p>\n<p><span style=\"font-family: book antiqua,palatino\"><strong><span style=\"color: #000099\"><span style=\"font-size: small\">DESARROLLADA <\/span>(Ordenada cronol\u00f3gicamente):<\/span><\/strong><\/span><\/p>\n<p><span style=\"font-family: book antiqua,palatino;text-decoration: underline\"><span style=\"color: #990000\">1.\u00a0 Investigador en el Proyecto:<\/span><\/span><\/p>\n<p><span style=\"font-family: book antiqua,palatino\"><span style=\"color: #000099\">\u00a0<strong>\u00abLas Relaciones Sociales en el aula: An\u00e1lisis de su incidencia en el desarrollo actitudinal y en la tarea instructiva. Propuesta de un modelo de intervenci\u00f3n did\u00e1ctica\u00bb<\/strong>, Investigador principal: Dr. D. Antonio Medina Rivilla, Profesor de Did\u00e1ctica en la Facultad de Filosof\u00eda y Ciencias de la Educaci\u00f3n de la Universidad Complutense de Madrid (1986 &#8211; 1988).<\/span><\/span><\/p>\n<p><span style=\"font-family: book antiqua,palatino;text-decoration: underline\"><span style=\"color: #990000\">2.\u00a0 Trabajos de Investigaci\u00f3n in\u00e9ditos:<\/span><\/span><\/p>\n<p><span style=\"font-family: book antiqua,palatino\"><span style=\"color: #000099\">Dise\u00f1o y realizaci\u00f3n de estudios de campo con el tema : \u00bb El Aula en la Naturaleza \u00ab, investigaci\u00f3n acompa\u00f1ada de la elaboraci\u00f3n de un V\u00eddeo Did\u00e1ctico que se encuentra al p\u00fablico en la Videoteca de la E.U. de Magisterio \u00abFray Luis de Le\u00f3n\u00bb de Cuenca, 1986.<\/span><\/span><\/p>\n<p><span style=\"font-family: book antiqua,palatino\"><span style=\"color: #000099\">Investigaci\u00f3n : \u00bb <strong>Influencia y utilizaci\u00f3n Did\u00e1ctica de los Medios Audiovisuales en el Aula <\/strong>\u00ab, con muestras procedentes de colegios de distintos distritos de Madrid, 1987. Acompa\u00f1ada por la elaboraci\u00f3n de un V\u00eddeo Did\u00e1ctico dirigido a Educadores, Personal Docente de Centros y alumnos de Formaci\u00f3n del Profesorado y de Facultades de Ciencias de la Educaci\u00f3n.<\/span><\/span><\/p>\n<p><span style=\"font-family: book antiqua,palatino;text-decoration: underline\"><span style=\"color: #990000\">3.\u00a0 Investigador principal en el Proyecto:<\/span><\/span><\/p>\n<p><span style=\"font-family: book antiqua,palatino\"><strong><span style=\"color: #000099\">\u00ab<a href=\"http:\/\/www.uclm.es\/profesorado\/ricardo\/PONENCIAUNED.zip\">La calidad formativa de los Centros Asociados en la Universidad Nacional de Educaci\u00f3n a Distancia<\/a>\u00ab<\/span><\/strong><span style=\"color: #000099\">. Dicha investigaci\u00f3n fue presentada en el Congreso Internacional \u00abLa Educaci\u00f3n Superior a Distancia: perspectivas de futuro\u00bb celebrado en el C.A. a la U.N.E.D. de Valdepe\u00f1as del 1 al 3 de abril de 1993 incluye la validaci\u00f3n de una \u00ab<a href=\"http:\/\/www.uclm.es\/profesorado\/ricardo\/UNEDEVA.zip\">Escala Diagn\u00f3stica para la valoraci\u00f3n de la calidad de la oferta formativa de los Centros Asociados a la U.N.E.D<\/a>.\u00bb<\/span><\/span><\/p>\n<p><span style=\"font-family: book antiqua,palatino;text-decoration: underline\"><span style=\"color: #990000\">4.\u00a0 Investigador principal en el Proyecto D.P.D. (B.O.E. de 13 de junio de 1995):<\/span><\/span><\/p>\n<p><span style=\"font-family: book antiqua,palatino\"><strong><span style=\"color: #000099\">\u00ab<a href=\"http:\/\/www.uclm.es\/profesorado\/ricardo\/DPDCLM.zip\">El Desarrollo Profesional Docente (D.P.D.) en el estado de las autonom\u00edas: Descripci\u00f3n y Evaluaci\u00f3n<\/a>\u00ab<\/span><\/strong><span style=\"color: #000099\">. <\/span><\/span><\/p>\n<p><span style=\"font-family: book antiqua,palatino;color: #000099\">Siendo el investigador principal de la Comunidad de Castilla la Mancha desde octubre de 1997. <\/span><\/p>\n<p><span style=\"font-family: book antiqua,palatino;color: #000099\">Director de la Investigaci\u00f3n: Dr. D. Luis Miguel Villar Angulo, Director del Departamento de Did\u00e1ctica y Organizaci\u00f3n Escolar y M\u00e9todos de Investigaci\u00f3n y Diagn\u00f3stico en Educaci\u00f3n, en la Facultad de Ciencias de la Educaci\u00f3n de la Universidad de Sevilla.<\/span><\/p>\n<p><span style=\"font-family: book antiqua,palatino\"><span style=\"text-decoration: underline\"><span style=\"color: #990000\">5.\u00a0 Miembro del Equipo de Investigaci\u00f3n del Departamento de Did\u00e1ctica, Organizaci\u00f3n Escolar y Did\u00e1cticas Especiales de la UNED<\/span><\/span><span style=\"color: #000099\"> en el proyecto:<\/span><\/span><\/p>\n<p><span style=\"font-family: book antiqua,palatino\"><span style=\"color: #000099\"><strong>\u00bb Formaci\u00f3n Pr\u00e1ctica de los estudiantes de Pedagog\u00eda, Psicopedagog\u00eda y Educaci\u00f3n de la Universidad Nacional de Educaci\u00f3n a Distancia\u00bb<\/strong>.\u00a0 (Desde el d\u00eda 4 de octubre de 1997).<\/span><\/span><\/p>\n<p><span style=\"font-family: book antiqua,palatino\"><span style=\"text-decoration: underline\"><span style=\"color: #990000\">6.\u00a0 Miembro del Equipo de Investigaci\u00f3n\u00a0<\/span><\/span><span style=\"color: #000099\"> en el proyecto de investigaci\u00f3n en Biomedicina y Ciencias de la Salud:<\/span><\/span><\/p>\n<p><span style=\"font-family: book antiqua,palatino;color: #000099\"><strong>\u201cEficacia del correo electr\u00f3nico como adjunto a un programa para eliminar el tabaquismo\u201d<\/strong> <\/span><\/p>\n<p><span style=\"font-family: book antiqua,palatino;color: #000099\">Universidad de Castilla la Mancha. Duraci\u00f3n del proyecto tres a\u00f1os.<\/span><\/p>\n<p><span style=\"font-family: book antiqua,palatino\">\u00a0<\/span><\/p>\n<p><span style=\"font-family: book antiqua,palatino;text-decoration: underline\"><span style=\"color: #990000\">7.\u00a0 Coordinador en la Universidad de Castilla la Mancha de la Investigaci\u00f3n:<\/span><\/span><\/p>\n<p><span style=\"font-family: book antiqua,palatino\"><strong><span style=\"color: #000099\">\u00ab<a href=\"http:\/\/www.uclm.es\/profesorado\/ricardo\/archivos\/PROYECTO_NNTT_ECTS.doc\">Estudio sobre la viabilidad de las propuestas metodol\u00f3gicas derivadas de la aplicaci\u00f3n del cr\u00e9dito europeo (ECTS) por parte del profesorado de las universidades espa\u00f1olas vinculadas a la utilizaci\u00f3n de las TICS en la docencia y la investigaci\u00f3n\u00bb<\/a>.<\/span><\/strong><\/span><\/p>\n<p><span style=\"font-family: book antiqua,palatino\"><span style=\"color: #000099\">Cuestionario on-line en <a href=\"http:\/\/web.udg.es\/protec\">http:\/\/web.udg.es\/protec<\/a><\/span><\/span><\/p>\n<p><span style=\"font-family: book antiqua,palatino\"><span style=\"color: #000099\"><strong>Convocatoria: <\/strong>Programa de Estudios y An\u00e1lisis de la Direcci\u00f3n General de Universidades (23-12-2003).<\/span><\/span><\/p>\n<p><span style=\"font-family: book antiqua,palatino;color: #000099\"><strong>Referencia: <\/strong>EA2004-0042. Finalizaci\u00f3n del proyecto 28 de octubre de 2004.<\/span><\/p>\n<p><span style=\"font-family: book antiqua,palatino\"><span style=\"color: #000099\">El <strong>informe<\/strong> est\u00e1 disponible en la p\u00e1gina del MEC- Universidades- Becas y Ayudas- Estudios y An\u00e1lisis. <a href=\"http:\/\/www.mec.es\/univ\/jsp\/plantilla.jsp?id=2155\">http:\/\/www.mec.es\/univ\/jsp\/plantilla.jsp?id=2155<\/a><\/span><\/span><\/p>\n<p><span style=\"font-family: book antiqua,palatino\">\u00a0<span style=\"text-decoration: underline\"><span style=\"text-decoration: underline\"><span style=\"color: #990000\">8.\u00a0 Colaborador en la Universidad de Castilla la Mancha de la Investigaci\u00f3n:<\/span><\/span><\/span><\/span><\/p>\n<div><span style=\"font-family: book antiqua,palatino\">\u00a0<\/span><\/div>\n<div><span style=\"font-family: book antiqua,palatino\"><strong><span style=\"color: #000099\"><a href=\"http:\/\/www.mec.es\/univ\/proyectos2005\/EA2005-0073.pdf\">Dise\u00f1o y validaci\u00f3n de actividades de formaci\u00f3n e implicaci\u00f3n de estudiantes y empleados en la implantaci\u00f3n del EEES.<\/a><\/span><\/strong><\/span><\/div>\n<p><span style=\"font-family: book antiqua,palatino\"><span style=\"color: #000099\"><strong>Convocatoria: <\/strong>Programa de Estudios y An\u00e1lisis de la Direcci\u00f3n General de Universidades .<\/span><\/span><\/p>\n<p><span style=\"font-family: book antiqua,palatino;color: #000099\"><strong>Referencia: <\/strong>EA2005-0073.\u00a0<\/span><\/p>\n<div><span style=\"font-family: book antiqua,palatino\"><span style=\"color: #000099\">El <strong>informe<\/strong> est\u00e1 disponible en la p\u00e1gina del MEC- Universidades- Becas y Ayudas- Estudios y An\u00e1lisis.<br \/>\n<a href=\"http:\/\/www.mec.es\/univ\/proyectos2005\/EA2005-0073.pdf\">http:\/\/www.mec.es\/univ\/proyectos2005\/EA2005-0073.pdf<\/a><br \/>\n<\/span><\/span><\/div>\n<p><span style=\"font-family: book antiqua,palatino;text-decoration: underline\"><span style=\"color: #990000\">9.\u00a0 Coordinador en la Universidad de Castilla la Mancha de la Investigaci\u00f3n:<\/span><\/span><\/p>\n<p><span style=\"font-family: book antiqua,palatino;color: #000099\"><strong><a href=\"http:\/\/www.uam.es\/personal_pdi\/stmaria\/megome\/pizarra\/\">La Pizarra Digital <\/a>en el aula de clase: actuaciones en el \u00e1mbito universitario<\/strong> (2003\/2006). <\/span><\/p>\n<p><span style=\"font-family: book antiqua,palatino;color: #000099\">Director de la Investigaci\u00f3n Dr. D. Pere Marqu\u00e9s Graells, Universidad Aut\u00f3noma de Barcelona.<\/span><\/p>\n<p><span style=\"font-family: book antiqua,palatino\">\u00a0<span style=\"text-decoration: underline\"><span style=\"color: #990000\">10.\u00a0 Tesis Doctoral:<\/span><\/span><\/span><\/p>\n<p><span style=\"font-family: book antiqua,palatino\"><span style=\"color: #000080\">\u201cLas Tecnolog\u00edas de la Informaci\u00f3n y la Comunicaci\u00f3n aplicadas a la formaci\u00f3n pr\u00e1ctica de los futuros maestros de la UCLM en Toledo\u201d, <\/span><span style=\"color: #000099\">bajo la direcci\u00f3n del Dr. D. Antonio Medina Rivilla, Director del Departamento de Did\u00e1ctica, Organizaci\u00f3n Escolar y Did\u00e1cticas Especiales de la U.N.E.D. UNED- Madrid. (22 de septiembre de 2010).<\/span><\/span><\/p>\n<p><span style=\"font-family: book antiqua,palatino\"><span style=\"color: #800000\">11.\u00a0\u00a0<span style=\"text-decoration: underline\">Miembro del proyecto de innovaci\u00f3n docente: \u201cAulaCiencia<\/span><\/span>, <a title=\"Acceso al entorno\" href=\"http:\/\/aulaciencia.wikispaces.com\/Inicio\" target=\"_blank\" rel=\"noopener\">wiki como espacio de trabajo com\u00fan de las Facultades de Educaci\u00f3n<\/a> <span style=\"color: #000080\">de la Universidad de Castilla-La Mancha junto con la Facultad de Educaci\u00f3n de la Pontificia Universidad Cat\u00f3lica de Chile, en el \u00e1rea de la did\u00e1ctica de las ciencias experimentales.\u201d.\u00a0<\/span><\/span><\/p>\n<hr width=\"100%\" \/>\n<p><strong><span style=\"color: #000099\">\u00a0\u00a0\u00a0\u00a0\u00a0\u00a0\u00a0\u00a0\u00a0\u00a0\u00a0\u00a0\u00a0\u00a0\u00a0\u00a0\u00a0\u00a0\u00a0\u00a0\u00a0\u00a0\u00a0\u00a0\u00a0\u00a0\u00a0\u00a0\u00a0\u00a0\u00a0\u00a0\u00a0\u00a0\u00a0\u00a0\u00a0\u00a0\u00a0\u00a0\u00a0\u00a0\u00a0\u00a0\u00a0\u00a0\u00a0\u00a0\u00a0\u00a0\u00a0\u00a0\u00a0\u00a0\u00a0\u00a0\u00a0\u00a0\u00a0\u00a0 \u00daltima actualizaci\u00f3n\u00a09 de\u00a0enero de 2013<\/span><\/strong><\/p>\n","protected":false},"excerpt":{"rendered":"<p>Actividad Investigadora EN CURSO: 1.\u00a0 Coordinador en la Universidad de Castilla la Mancha de la Investigaci\u00f3n: \u00abLas pol\u00edticas de un ordenador por ni\u00f1o en Espa\u00f1a. Visiones y pr\u00e1cticas del profesorado ante el programa Escuela 2.0. Un an\u00e1lisis comparado entre comunidades &hellip; <a href=\"https:\/\/blog.uclm.es\/ricardofdez\/investigacion\/\">Sigue leyendo <span class=\"meta-nav\">&rarr;<\/span><\/a><\/p>\n","protected":false},"author":13,"featured_media":0,"parent":0,"menu_order":0,"comment_status":"closed","ping_status":"open","template":"","meta":{"footnotes":""},"class_list":["post-31","page","type-page","status-publish","hentry"],"_links":{"self":[{"href":"https:\/\/blog.uclm.es\/ricardofdez\/wp-json\/wp\/v2\/pages\/31","targetHints":{"allow":["GET"]}}],"collection":[{"href":"https:\/\/blog.uclm.es\/ricardofdez\/wp-json\/wp\/v2\/pages"}],"about":[{"href":"https:\/\/blog.uclm.es\/ricardofdez\/wp-json\/wp\/v2\/types\/page"}],"author":[{"embeddable":true,"href":"https:\/\/blog.uclm.es\/ricardofdez\/wp-json\/wp\/v2\/users\/13"}],"replies":[{"embeddable":true,"href":"https:\/\/blog.uclm.es\/ricardofdez\/wp-json\/wp\/v2\/comments?post=31"}],"version-history":[{"count":0,"href":"https:\/\/blog.uclm.es\/ricardofdez\/wp-json\/wp\/v2\/pages\/31\/revisions"}],"wp:attachment":[{"href":"https:\/\/blog.uclm.es\/ricardofdez\/wp-json\/wp\/v2\/media?parent=31"}],"curies":[{"name":"wp","href":"https:\/\/api.w.org\/{rel}","templated":true}]}}