{"id":99,"date":"2018-09-24T19:38:19","date_gmt":"2018-09-24T18:38:19","guid":{"rendered":"http:\/\/blog.uclm.es\/repmult\/?page_id=99"},"modified":"2023-02-10T10:55:27","modified_gmt":"2023-02-10T09:55:27","slug":"proximas-actividades","status":"publish","type":"page","link":"https:\/\/blog.uclm.es\/repmult\/proximas-actividades\/","title":{"rendered":"Pr\u00f3ximas actividades"},"content":{"rendered":"<h3><strong>Pr\u00f3ximas actividades<\/strong><\/h3>\n<h4 class=\"entry-title\"><a href=\"https:\/\/blog.uclm.es\/repmult\/2022\/06\/23\/congreso-cumplimiento-normartivo-y-responsabilidad-penal-de-empresas-multinacionales\/\">CONGRESO CUMPLIMIENTO NORMARTIVO Y RESPONSABILIDAD PENAL DE EMPRESAS MULTINACIONALES<\/a><\/h4>\n<p>Los d\u00edas 14 y 15 de julio de 2022 se celebrar\u00e1 en la Facultad de Derecho y Ciencias Sociales de Ciudad Real de la Universidad de Castilla la Mancha el congreso CONGRESO CUMPLIMIENTO NORMARTIVO Y RESPONSABILIDAD PENAL DE EMPRESAS MULTINACIONALES, en el marco del Proyecto de Investigaci\u00f3n \u00abRESPONSABILIDAD PENAL DE LAS EMPRESAS MULTINACIONALES POR VIOLACIONES DE DERECHOS HUMANOS Y AL MEDIO AMBIENTE\u00bb (MINECO\/AIE\/FEDER DER2017-85144-C2).<\/p>\n","protected":false},"excerpt":{"rendered":"<p>Pr\u00f3ximas actividades CONGRESO CUMPLIMIENTO NORMARTIVO Y RESPONSABILIDAD PENAL DE EMPRESAS MULTINACIONALES Los d\u00edas 14 y 15 de julio de 2022 se celebrar\u00e1 en la Facultad de Derecho y Ciencias Sociales de Ciudad Real de la Universidad de Castilla la Mancha el congreso CONGRESO CUMPLIMIENTO NORMARTIVO Y RESPONSABILIDAD PENAL DE EMPRESAS MULTINACIONALES, en el marco del [&hellip;]<\/p>\n","protected":false},"author":269,"featured_media":0,"parent":0,"menu_order":0,"comment_status":"closed","ping_status":"closed","template":"","meta":{"footnotes":""},"class_list":["post-99","page","type-page","status-publish","hentry"],"_links":{"self":[{"href":"https:\/\/blog.uclm.es\/repmult\/wp-json\/wp\/v2\/pages\/99","targetHints":{"allow":["GET"]}}],"collection":[{"href":"https:\/\/blog.uclm.es\/repmult\/wp-json\/wp\/v2\/pages"}],"about":[{"href":"https:\/\/blog.uclm.es\/repmult\/wp-json\/wp\/v2\/types\/page"}],"author":[{"embeddable":true,"href":"https:\/\/blog.uclm.es\/repmult\/wp-json\/wp\/v2\/users\/269"}],"replies":[{"embeddable":true,"href":"https:\/\/blog.uclm.es\/repmult\/wp-json\/wp\/v2\/comments?post=99"}],"version-history":[{"count":1,"href":"https:\/\/blog.uclm.es\/repmult\/wp-json\/wp\/v2\/pages\/99\/revisions"}],"predecessor-version":[{"id":1172,"href":"https:\/\/blog.uclm.es\/repmult\/wp-json\/wp\/v2\/pages\/99\/revisions\/1172"}],"wp:attachment":[{"href":"https:\/\/blog.uclm.es\/repmult\/wp-json\/wp\/v2\/media?parent=99"}],"curies":[{"name":"wp","href":"https:\/\/api.w.org\/{rel}","templated":true}]}}