{"id":97,"date":"2018-09-24T19:37:57","date_gmt":"2018-09-24T18:37:57","guid":{"rendered":"http:\/\/blog.uclm.es\/repmult\/?page_id=97"},"modified":"2023-02-10T10:54:32","modified_gmt":"2023-02-10T09:54:32","slug":"eventos-realizados","status":"publish","type":"page","link":"https:\/\/blog.uclm.es\/repmult\/eventos-realizados\/","title":{"rendered":"Eventos realizados"},"content":{"rendered":"\n<h4 class=\"wp-block-heading\"><a href=\"https:\/\/blog.uclm.es\/repmult\/2021\/11\/26\/nuevo-marco-de-diligencia-debida-de-terceros\/\">Nuevo marco de diligencia debida de terceros<\/a><br><strong>martes 30 de noviembre a las 10:00h<\/strong><\/h4>\n\n\n\n<h4 class=\"wp-block-heading\"><a href=\"https:\/\/blog.uclm.es\/repmult\/2021\/09\/21\/hacer-negocios-en-el-infierno\/\">Hacer negocios en el infierno: responsabilidad penal de empresas multinacionales en las dictaduras latinoamericanas<\/a><br>Jueves 30 de septiembre y viernes 1 de octubre &#8211; de 16:00\u00a0 a 18:00 hora espa\u00f1ola<\/h4>\n\n\n\n<h4 class=\"wp-block-heading\"><a href=\"https:\/\/blog.uclm.es\/repmult\/2021\/09\/27\/seminario-ii-repmult\/\">Seminario II REPMULT. Viernes 17 de septiembre de 2021<\/a><\/h4>\n\n\n\n<h4 class=\"wp-block-heading\"><a href=\"https:\/\/blog.uclm.es\/repmult\/2021\/06\/08\/el-expolio-de-riquezas-como-crimen-internacional\/\">Seminario Web:<\/a><br><a href=\"https:\/\/blog.uclm.es\/repmult\/2021\/06\/08\/el-expolio-de-riquezas-como-crimen-internacional\/\">El expolio de riquezas como crimen internacional. Lunes 5 de julio de 2021 a las 16:00 horas<\/a><\/h4>\n\n\n\n<p>Curso Web:<\/p>\n\n\n\n<h4 class=\"wp-block-heading\"><a href=\"https:\/\/blog.uclm.es\/repmult\/2021\/07\/21\/compliance-en-derechos-humanos-y-responsabilidad-penal-empresarial\/\">Compliance en Derechos Humanos y responsabilidad penal empresarial<\/a><\/h4>\n\n\n\n<p>12, 13, 19 y 20 de mayo de 2021<\/p>\n\n\n\n<p>Seminario Web:<\/p>\n\n\n\n<h4 class=\"wp-block-heading\"><a href=\"https:\/\/blog.uclm.es\/repmult\/2021\/05\/05\/diritti-umani-e-imprese-multinazionali-fra-diritto-penale-internazionale-e-diritto-penale-economico\/\">Diritti umani e imprese multinazionali: fra diritto penale internazionale e diritto penale economico. 6, 13, 19 Y 27 de mayo de 2021<\/a><\/h4>\n\n\n\n<h4 class=\"wp-block-heading\"><a href=\"http:\/\/blog.uclm.es\/repmult\/2021\/01\/18\/hacia-un-modelo-de-justicia-restaurativa-empresarial\/\">Seminario web: Hacia un modelo de justicia restaurativa empresarial. 29 de enero y 5 de febrero de 2021<\/a><\/h4>\n\n\n\n<h4 class=\"wp-block-heading\"><a href=\"https:\/\/blog.uclm.es\/idp\/2020\/06\/11\/curso-intensivo-de-compliance\/\">Curso web: Curso intensivo de Seminario Justicia Restaurativa<br>20 de mayo de 2019, Ciudad RealCOMPLIANCE orientado \u00e0 atividade funcional do Minist\u00e9rio P\u00fablico. 23 de junio a 29 de julio de 2020<\/a><\/h4>\n\n\n\n<h4 class=\"wp-block-heading\"><a href=\"http:\/\/blog.uclm.es\/repmult\/2020\/02\/19\/seminario-sanciones-restaurativas\/\">Seminario Sanciones Restaurativas<br>10 de febrero de 2020, Toledo<\/a><\/h4>\n\n\n\n<h4 class=\"wp-block-heading\"><a href=\"http:\/\/blog.uclm.es\/repmult\/2020\/02\/19\/hacia-un-derecho-internacional-del-medio-ambiente-del-pacto-global-al-delito-de-ecocidio\/\">Hacia un Derecho Internacional del Medio Ambiente: del Pacto Global al Delito de Ecocidio<br>4 de diciembre de 2019, Madrid<\/a><\/h4>\n\n\n\n<h4 class=\"wp-block-heading\"><a href=\"http:\/\/blog.uclm.es\/repmult\/2020\/02\/19\/congreso-internacional-sobre-responsabilidad-penal-de-empresas-multinacionales-por-violaciones-de-derechos-humanos\/\">Congreso Internacional sobre Responsabilidad Penal de Empresas Multinacionales por Violaciones de Derechos Humanos<\/a><br>13-14 de Junio de 2019, Madrid<\/h4>\n\n\n\n<h4 class=\"wp-block-heading\"><a href=\"http:\/\/blog.uclm.es\/repmult\/2020\/02\/19\/responsabilidad-penal-de-empresas-multinacionales-a-la-busqueda-de-un-modelo\/\">Responsabilidad Penal de Empresas Multinacionales: a la B\u00fasqueda de un Modelo<br>12 de junio de 2019, Madrid<\/a><\/h4>\n\n\n\n<h4 class=\"wp-block-heading\"><a href=\"http:\/\/blog.uclm.es\/repmult\/2020\/03\/02\/seminario-justicia-restaurativa\/\">Seminario Justicia Restaurativa<br>20 de mayo de 2019, Ciudad Real<\/a><\/h4>\n\n\n\n<h4 class=\"wp-block-heading\"><a href=\"http:\/\/blog.uclm.es\/repmult\/2020\/02\/19\/taller-sobre-estrategias-para-fortalecer-la-cooperacion-internacional-en-la-lucha-contra-la-corrupcion-en-america-latina\/\">Taller sobre Estrategias para Fortalecer la cooperaci\u00f3n internacional en la lucha contra la corrupci\u00f3n en Am\u00e9rica Latina<br>5 y 6 de marzo de 2018, Madrid<\/a><\/h4>\n\n\n\n<h4 class=\"wp-block-heading\"><a href=\"http:\/\/blog.uclm.es\/repmult\/2020\/02\/19\/jornada-sobre-informacion-no-financiera-empresas-multinacionales-y-derechos-humanos\/\">Jornada sobre Informaci\u00f3n no Financiera, Empresas Multinacionales y Derechos Humanos<br>26 de octubre de 2018, Madrid<\/a><\/h4>\n","protected":false},"excerpt":{"rendered":"<p>Nuevo marco de diligencia debida de tercerosmartes 30 de noviembre a las 10:00h Hacer negocios en el infierno: responsabilidad penal de empresas multinacionales en las dictaduras latinoamericanasJueves 30 de septiembre y viernes 1 de octubre &#8211; de 16:00\u00a0 a 18:00 hora espa\u00f1ola Seminario II REPMULT. Viernes 17 de septiembre de 2021 Seminario Web:El expolio de [&hellip;]<\/p>\n","protected":false},"author":269,"featured_media":0,"parent":0,"menu_order":0,"comment_status":"closed","ping_status":"closed","template":"","meta":{"footnotes":""},"class_list":["post-97","page","type-page","status-publish","hentry"],"_links":{"self":[{"href":"https:\/\/blog.uclm.es\/repmult\/wp-json\/wp\/v2\/pages\/97","targetHints":{"allow":["GET"]}}],"collection":[{"href":"https:\/\/blog.uclm.es\/repmult\/wp-json\/wp\/v2\/pages"}],"about":[{"href":"https:\/\/blog.uclm.es\/repmult\/wp-json\/wp\/v2\/types\/page"}],"author":[{"embeddable":true,"href":"https:\/\/blog.uclm.es\/repmult\/wp-json\/wp\/v2\/users\/269"}],"replies":[{"embeddable":true,"href":"https:\/\/blog.uclm.es\/repmult\/wp-json\/wp\/v2\/comments?post=97"}],"version-history":[{"count":3,"href":"https:\/\/blog.uclm.es\/repmult\/wp-json\/wp\/v2\/pages\/97\/revisions"}],"predecessor-version":[{"id":1171,"href":"https:\/\/blog.uclm.es\/repmult\/wp-json\/wp\/v2\/pages\/97\/revisions\/1171"}],"wp:attachment":[{"href":"https:\/\/blog.uclm.es\/repmult\/wp-json\/wp\/v2\/media?parent=97"}],"curies":[{"name":"wp","href":"https:\/\/api.w.org\/{rel}","templated":true}]}}