{"id":87,"date":"2018-09-24T19:36:29","date_gmt":"2018-09-24T18:36:29","guid":{"rendered":"http:\/\/blog.uclm.es\/repmult\/?page_id=87"},"modified":"2023-02-03T15:24:02","modified_gmt":"2023-02-03T14:24:02","slug":"lineas-tematicas","status":"publish","type":"page","link":"https:\/\/blog.uclm.es\/repmult\/lineas-tematicas\/","title":{"rendered":"L\u00edneas tem\u00e1ticas"},"content":{"rendered":"<h2>L\u00edneas Tem\u00e1ticas<\/h2>\n<p style=\"text-align: justify\"><span style=\"font-family: Roboto;font-weight: normal;font-size: medium\"><span style=\"text-decoration: underline\">Primera<\/span>. El Proyecto aborda los problemas de la investigaci\u00f3n, enjuiciamiento y\u00a0<\/span><span style=\"font-family: Roboto;font-weight: normal;font-size: medium\">sanci\u00f3n (penal o de otro tipo) de las violaciones de derechos humanos producidas por\u00a0<\/span><span style=\"font-family: Roboto;font-weight: normal;font-size: medium\">la actuaci\u00f3n transnacional de empresas, desde un primer punto de vista: las\u00a0<\/span><span style=\"font-family: Roboto;font-weight: normal;font-size: medium\">obligaciones de <em>compliance<\/em> de la persona jur\u00eddica para la detecci\u00f3n y prevenci\u00f3n de\u00a0<\/span><span style=\"font-family: Roboto;font-weight: normal;font-size: medium\">violaciones de derechos humanos en el extranjero (incluyendo las exigencias \u2013de <em>lege\u00a0<\/em><\/span><span style=\"font-family: Roboto;font-weight: normal;font-size: medium\"><em>lata<\/em> y de <em>lege ferenda<\/em>&#8211; en relaci\u00f3n con subcontratistas en el extranjero).<\/span><\/p>\n<p style=\"text-align: justify\"><span style=\"font-family: Roboto;font-weight: normal;font-size: medium\"> En esta l\u00ednea, el proyecto desarrollar\u00e1 programas de cumplimiento normativo\u00a0<\/span><span style=\"font-family: Roboto;font-weight: normal;font-size: medium\">empresarial en materia de derechos humanos. Las obligaciones de diligencia debida en\u00a0<\/span><span style=\"font-family: Roboto;font-weight: normal;font-size: medium\">materia de derechos humanos que se establecen por los Principios de Naciones Unidas\u00a0<\/span><span style=\"font-family: Roboto;font-weight: normal;font-size: medium\">se acomodan mejor al enfoque del cumplimiento normativo, que al enfoque\u00a0<\/span><span style=\"font-family: Roboto;font-weight: normal;font-size: medium\">actualmente existente basado en la RSC. Dado que en los \u00faltimos a\u00f1os los programas\u00a0<\/span><span style=\"font-family: Roboto;font-weight: normal;font-size: medium\">de cumplimiento han estado ligados a la introducci\u00f3n de la responsabilidad penal de la\u00a0<\/span><span style=\"font-family: Roboto;font-weight: normal;font-size: medium\">persona jur\u00eddica, parece coherente construir un sistema de responsabilidad penal en\u00a0<\/span><span style=\"font-family: Roboto;font-weight: normal;font-size: medium\">materia de derechos humanos basado en la culpabilidad de organizaci\u00f3n. En este\u00a0<\/span><span style=\"font-family: Roboto;font-weight: normal;font-size: medium\">marco, se presta especial atenci\u00f3n, a la responsabilidad por las actividades de filiales,\u00a0<\/span><span style=\"font-family: Roboto;font-weight: normal;font-size: medium\">proveedores y subcontratistas e igualmente al dise\u00f1o de sanciones restaurativas\u00a0<\/span><span style=\"font-family: Roboto;font-weight: normal;font-size: medium\">apropiadas para grandes empresas. Se prestar\u00e1 atenci\u00f3n tambi\u00e9n a los espec\u00edficos\u00a0<\/span><span style=\"font-family: Roboto;font-weight: normal;font-size: medium\">problemas que se plantean en el terreno de las sanciones a las personas jur\u00eddicas que\u00a0<\/span><span style=\"font-family: Roboto;font-weight: normal;font-size: medium\">siendo justas y \u00fatiles, sean a la vez viables; etc.<\/span><\/p>\n<p style=\"text-align: justify\"><span style=\"font-family: Roboto;font-weight: normal;font-size: medium\"><span style=\"text-decoration: underline\"> Segunda<\/span>. La responsabilidad de las empresas multinacional por violaciones de\u00a0<\/span><span style=\"font-family: Roboto;font-weight: normal;font-size: medium\">derechos humanos y del medio ambiente ofrece tambi\u00e9n problemas y nuevos campos\u00a0<\/span><span style=\"font-family: Roboto;font-weight: normal;font-size: medium\">de investigaci\u00f3n en otro aspecto del derecho penal sustantivo: bases de la atribuci\u00f3n\u00a0<\/span><span style=\"font-family: Roboto;font-weight: normal;font-size: medium\">individual a personas f\u00edsicas o jur\u00eddicas (responsabilidad penal de la persona jur\u00eddica\u00a0<\/span><span style=\"font-family: Roboto;font-weight: normal;font-size: medium\">cuando el <em>hecho de la persona jur\u00eddica<\/em> tiene lugar en un pa\u00eds la ejecuci\u00f3n del delito en\u00a0<\/span><span style=\"font-family: Roboto;font-weight: normal;font-size: medium\">otro; posici\u00f3n de garante del empresario y sus delegados en supuestos de\u00a0<\/span><span style=\"font-family: Roboto;font-weight: normal;font-size: medium\">trasnacionalidad); El proyecto se centrar\u00e1 en solventar los problemas de\u00a0<\/span><span style=\"font-family: Roboto;font-weight: normal;font-size: medium\">responsabilidad individual de administradores y directivos, en establecer los criterios\u00a0<\/span><span style=\"font-family: Roboto;font-weight: normal;font-size: medium\">que determinen la competencia de cada ordenamiento y establecer un sistema eficaz\u00a0<\/span><span style=\"font-family: Roboto;font-weight: normal;font-size: medium\">de cooperaci\u00f3n judicial.<\/span><\/p>\n<p style=\"text-align: justify\"><span style=\"font-family: Roboto;font-weight: normal;font-size: medium\"><span style=\"text-decoration: underline\">Tercera<\/span>. No obstante, los objetivos del proyecto no son exclusivamente punitivos.\u00a0<\/span><span style=\"font-family: Roboto;font-weight: normal;font-size: medium\">Nuestra intenci\u00f3n es suministrar al mismo tiempo a las empresas espa\u00f1olas est\u00e1ndares\u00a0<\/span><span style=\"font-family: Roboto;font-weight: normal;font-size: medium\">de cumplimiento normativo que le ayuden a desarrollar una cultura de la legalidad en\u00a0<\/span><span style=\"font-family: Roboto;font-weight: normal;font-size: medium\">lo m\u00e1s b\u00e1sico: el respeto a los derechos humanos. El proyecto tiene como tarea\u00a0<\/span><span style=\"font-family: Roboto;font-weight: normal;font-size: medium\">igualmente establecer modelos de reporte y de auditoria en esta materia, que ayuden\u00a0<\/span><span style=\"font-family: Roboto;font-weight: normal;font-size: medium\">a cumplir los deberes de informaci\u00f3n que se derivan de la normativa europea (vid.\u00a0<\/span><span style=\"font-family: Roboto;font-weight: normal;font-size: medium\">infra). A estos efectos, un aspecto particularmente importante es el desarrollo de lo\u00a0<\/span><span style=\"font-family: Roboto;font-weight: normal;font-size: medium\">que la Directiva 2014\/95 denomina los estados no financieros, documento que debe\u00a0<\/span><span style=\"font-family: Roboto;font-weight: normal;font-size: medium\">informar del programa de cumplimento de la empresa en materia de derechos\u00a0<\/span><span style=\"font-family: Roboto;font-weight: normal;font-size: medium\">humanos. El proyecto aborda la posibilidad de sancionar las falsedades en el balance\u00a0<\/span><span style=\"font-family: Roboto;font-weight: normal;font-size: medium\">no financiero. Por esta raz\u00f3n, se han integrado en nuestro equipo de manea destaca\u00a0<\/span><span style=\"font-family: Roboto;font-weight: normal;font-size: medium\">investigadores provenientes de la auditoria y de la contabilidad, del derecho de\u00a0<\/span><span style=\"font-family: Roboto;font-weight: normal;font-size: medium\">sociedades y del derecho del trabajo. El proyecto toma como punto de partida el\u00a0<\/span><span style=\"font-family: Roboto;font-weight: normal;font-size: medium\">car\u00e1cter socialmente responsable de las empresas. Sus resultados, finalmente,\u00a0<\/span><span style=\"font-family: Roboto;font-weight: normal;font-size: medium\">pretenden ser de utilidad para que el gobierno espa\u00f1ol pueda ser l\u00edder en este asunto\u00a0<\/span><span style=\"font-family: Roboto;font-weight: normal;font-size: medium\">en foros y organizaciones internacionales, y puedan incorporarse a su pol\u00edtica de\u00a0<\/span><span style=\"font-family: Roboto;font-weight: normal;font-size: medium\">derechos humanos.<\/span><\/p>\n","protected":false},"excerpt":{"rendered":"<p>L\u00edneas Tem\u00e1ticas Primera. El Proyecto aborda los problemas de la investigaci\u00f3n, enjuiciamiento y\u00a0sanci\u00f3n (penal o de otro tipo) de las violaciones de derechos humanos producidas por\u00a0la actuaci\u00f3n transnacional de empresas, desde un primer punto de vista: las\u00a0obligaciones de compliance de la persona jur\u00eddica para la detecci\u00f3n y prevenci\u00f3n de\u00a0violaciones de derechos humanos en el extranjero [&hellip;]<\/p>\n","protected":false},"author":269,"featured_media":0,"parent":0,"menu_order":0,"comment_status":"closed","ping_status":"closed","template":"","meta":{"footnotes":""},"class_list":["post-87","page","type-page","status-publish","hentry"],"_links":{"self":[{"href":"https:\/\/blog.uclm.es\/repmult\/wp-json\/wp\/v2\/pages\/87","targetHints":{"allow":["GET"]}}],"collection":[{"href":"https:\/\/blog.uclm.es\/repmult\/wp-json\/wp\/v2\/pages"}],"about":[{"href":"https:\/\/blog.uclm.es\/repmult\/wp-json\/wp\/v2\/types\/page"}],"author":[{"embeddable":true,"href":"https:\/\/blog.uclm.es\/repmult\/wp-json\/wp\/v2\/users\/269"}],"replies":[{"embeddable":true,"href":"https:\/\/blog.uclm.es\/repmult\/wp-json\/wp\/v2\/comments?post=87"}],"version-history":[{"count":1,"href":"https:\/\/blog.uclm.es\/repmult\/wp-json\/wp\/v2\/pages\/87\/revisions"}],"predecessor-version":[{"id":1152,"href":"https:\/\/blog.uclm.es\/repmult\/wp-json\/wp\/v2\/pages\/87\/revisions\/1152"}],"wp:attachment":[{"href":"https:\/\/blog.uclm.es\/repmult\/wp-json\/wp\/v2\/media?parent=87"}],"curies":[{"name":"wp","href":"https:\/\/api.w.org\/{rel}","templated":true}]}}