{"id":85,"date":"2018-09-24T19:36:12","date_gmt":"2018-09-24T18:36:12","guid":{"rendered":"http:\/\/blog.uclm.es\/repmult\/?page_id=85"},"modified":"2023-02-03T15:23:41","modified_gmt":"2023-02-03T14:23:41","slug":"eje-del-proyecto-principios-rectores-de-nnuu-sobre-empresas","status":"publish","type":"page","link":"https:\/\/blog.uclm.es\/repmult\/eje-del-proyecto-principios-rectores-de-nnuu-sobre-empresas\/","title":{"rendered":"Eje del proyecto: Principios rectores de NNUU sobre empresas"},"content":{"rendered":"<h2>Eje del proyecto: Principios rectores de NNUU sobre empresas multinacionales y derechos humanos<\/h2>\n<p style=\"text-align: justify\"><span style=\"font-family: Roboto;font-weight: normal;font-size: medium\">Las relaciones entre empresas multinacionales y los derechos humanos est\u00e1n en la\u00a0<\/span><span style=\"font-family: Roboto;font-weight: normal;font-size: medium\">agenda de las organizaciones internacionales y, especialmente, de Naciones Unidas,\u00a0<\/span><span style=\"font-family: Roboto;font-weight: normal;font-size: medium\">desde los a\u00f1os 70 del pasado siglo. Los Principios Rectores de Naciones Unidas sobre\u00a0<\/span><span style=\"font-family: Roboto;font-weight: normal;font-size: medium\">empresas y derechos humanos publicados en 2011 contienen una soluci\u00f3n de\u00a0<\/span><span style=\"font-family: Roboto;font-weight: normal;font-size: medium\">consenso, sobre el que Estados y empresas deben empezar a trabajar. Los puntos en\u00a0<\/span><span style=\"font-family: Roboto;font-weight: normal;font-size: medium\">los que dichos principios se basan son los siguientes:<\/span><\/p>\n<ul>\n<li style=\"text-align: justify\"><span style=\"font-family: Roboto;font-weight: normal;font-size: medium\">En primer lugar, los destinatarios de las obligaciones que se derivan de los\u00a0<\/span><span style=\"font-family: Roboto;font-weight: normal;font-size: medium\">derechos humanos desde el punto de vista del derecho internacional son los\u00a0<\/span><span style=\"font-family: Roboto;font-weight: normal;font-size: medium\">Estados. Estos tienen, de un lado, una <strong>obligaci\u00f3n negativa<\/strong> y b\u00e1sica que les\u00a0<\/span><span style=\"font-family: Roboto;font-weight: normal;font-size: medium\">constri\u00f1e a no violarlos con su comportamiento y el de los agentes estatales\u00a0<\/span><span style=\"font-family: Roboto;font-weight: normal;font-size: medium\">(respetar), pero tambi\u00e9n una <strong>obligaci\u00f3n positiva<\/strong>, que les obliga a adoptar las\u00a0<\/span><span style=\"font-family: Roboto;font-weight: normal;font-size: medium\">medidas necesarias para protegerlos (proteger).<\/span><\/li>\n<li style=\"text-align: justify\"><span style=\"font-family: Roboto;font-weight: normal;font-size: medium\">La obligaci\u00f3n de proteger implica la obligaci\u00f3n de adoptar las medidas\u00a0<\/span><span style=\"font-family: Roboto;font-weight: normal;font-size: medium\">apropiadas para prevenir, investigar, castigar y reparar estos abusos mediante\u00a0<\/span><span style=\"font-family: Roboto;font-weight: normal;font-size: medium\">pol\u00edticas adecuadas. Esta <strong>obligaci\u00f3n positiva<\/strong> requiere de los Estados adoptar\u00a0<\/span><span style=\"font-family: Roboto;font-weight: normal;font-size: medium\">medidas eficaces para prevenir, investigar y sancionar las violaciones de\u00a0<\/span><span style=\"font-family: Roboto;font-weight: normal;font-size: medium\">derechos humanos cometidas por empresas multinacionales.<\/span><\/li>\n<li style=\"text-align: justify\"><span style=\"font-family: Roboto;font-weight: normal;font-size: medium\">Como puede apreciarse, de esta doctrina se desprende una <strong>doble\u00a0<\/strong><\/span><span style=\"font-family: Roboto;font-weight: normal;font-size: medium\"><strong>responsabilidad<\/strong>. Una responsabilidad directa de los Estados que proviene del\u00a0<\/span><span style=\"font-family: Roboto;font-weight: normal;font-size: medium\">derecho internacional de los derechos humanos, que se traduce a su vez en\u00a0<\/span><span style=\"font-family: Roboto;font-weight: normal;font-size: medium\">que los Estados miembros deben establecer las medidas internas legislativas\u00a0<\/span><span style=\"font-family: Roboto;font-weight: normal;font-size: medium\">para que las empresas multinacionales respondan de sus violaciones a los\u00a0<\/span><span style=\"font-family: Roboto;font-weight: normal;font-size: medium\">derechos humanos. Esta es la conocida como \u201cdoctrina Ruggi\u201d.<\/span><\/li>\n<\/ul>\n<p><span style=\"font-family: Roboto;font-weight: normal;font-size: medium\">Las Principios Rectores dejan libertad de medios (margen de apreciaci\u00f3n nacional) para\u00a0<\/span><span style=\"font-family: Roboto;font-weight: normal;font-size: medium\">que los Estados cumplan con esta obligaci\u00f3n, pero de varios de sus pasajes traslucen\u00a0<\/span><span style=\"font-family: Roboto;font-weight: normal;font-size: medium\">cuatro aspectos que resultan de peculiar importancia:<\/span><\/p>\n<ul>\n<li style=\"text-align: justify\"><span style=\"font-family: Roboto;font-weight: normal;font-size: medium\">En primer lugar, que la prevenci\u00f3n de la empresa de las agresiones a los\u00a0<\/span><span style=\"font-family: Roboto;font-weight: normal;font-size: medium\">derechos humanos debe basarse en la implantaci\u00f3n de medidas de\u00a0<\/span><span style=\"font-family: Roboto;font-weight: normal;font-size: medium\">autorregulaci\u00f3n interna basadas en la <strong>diligencia debida en materia de\u00a0<\/strong><\/span><span style=\"font-family: Roboto;font-weight: normal;font-size: medium\"><strong>derechos humanos<\/strong>. Los \u00f3rganos de direcci\u00f3n de las empresas deben adoptar\u00a0<\/span><span style=\"font-family: Roboto;font-weight: normal;font-size: medium\">una pol\u00edtica de empresa en la que muestren su compromiso con los derechos\u00a0<\/span><span style=\"font-family: Roboto;font-weight: normal;font-size: medium\">humanos, evaluar qu\u00e9 actividades de las que realizan pueden lesionarlos, y a\u00a0<\/span><span style=\"font-family: Roboto;font-weight: normal;font-size: medium\">partir de aqu\u00ed, establecer las medidas necesarias para prevenir, mitigar y rendir\u00a0<\/span><span style=\"font-family: Roboto;font-weight: normal;font-size: medium\">cuentas acerca de c\u00f3mo abordan su impacto sobre los derechos humanos.<\/span><\/li>\n<li style=\"text-align: justify\"><span style=\"font-family: Roboto;font-weight: normal;font-size: medium\">En segundo lugar, los Estados deben garantizar que las empresas implanten de\u00a0<\/span><span style=\"font-family: Roboto;font-weight: normal;font-size: medium\">manera correcta y eficaz estas medidas de autorregulaci\u00f3n interna. Para ello las\u00a0<\/span><span style=\"font-family: Roboto;font-weight: normal;font-size: medium\">directrices marcan dos caminos, no necesariamente excluyentes. El primero es\u00a0<\/span><span style=\"font-family: Roboto;font-weight: normal;font-size: medium\">el del reporte o la informaci\u00f3n peri\u00f3dica. Las empresas <strong>deben informar\u00a0<\/strong><\/span><span style=\"font-size: medium\"><strong><span style=\"font-family: Roboto\">peri\u00f3dicamente a la sociedad de sus pol\u00edticas en materia de derechos\u00a0<\/span><\/strong><\/span><span style=\"font-family: Roboto;font-weight: normal;font-size: medium\"><strong>humanos<\/strong>. Para ello se han ido preparando varios modelos de reporte, el m\u00e1s\u00a0<\/span><span style=\"font-family: Roboto;font-weight: normal;font-size: medium\">importante de los cuales -auspiciado por las propias naciones unidas- es el <em>UN\u00a0<\/em><\/span><span style=\"font-family: Roboto;font-weight: normal;font-size: medium\"><em>Guiding Principles Reporting Framework<\/em>. El segundo es el <strong>establecimiento de\u00a0<\/strong><\/span><span style=\"font-family: Roboto;font-weight: normal;font-size: medium\"><strong>sanciones penales<\/strong> para las empresas multinacionales.<\/span><\/li>\n<li style=\"text-align: justify\"><span style=\"font-family: Roboto;font-weight: normal;font-size: medium\">En tercer lugar, los Principios rectores subrayan la importancia de la <strong>reparaci\u00f3n\u00a0<\/strong><\/span><span style=\"font-family: Roboto;font-weight: normal;font-size: medium\">como uno de los ejes vertebradores de las pol\u00edticas en materia de derechos\u00a0<\/span><span style=\"font-family: Roboto;font-weight: normal;font-size: medium\">humanos, reparaci\u00f3n que incluye el <strong>acceso a mecanismos de reparaci\u00f3n\u00a0<\/strong><\/span><span style=\"font-family: Roboto;font-weight: normal;font-size: medium\"><strong>eficaces<\/strong>.<\/span><\/li>\n<\/ul>\n<p style=\"text-align: justify\"><span style=\"font-family: Roboto;font-weight: normal;font-size: medium\">Dentro de este margen de apreciaci\u00f3n, los Estados necesitan dotarse de un<strong> marco\u00a0<\/strong><\/span><span style=\"font-family: Roboto;font-weight: normal;font-size: medium\"><strong>normativo que asegure el cumplimiento de las obligaciones<\/strong> derivadas de los\u00a0<\/span><span style=\"font-family: Roboto;font-weight: normal;font-size: medium\">Principios rectores. Las medidas de pol\u00edtica legislativa y de cualquier otra \u00edndole deben estar plasmada en los <strong>Planes nacionales de derechos humanos<\/strong>. El <strong>Plan Nacional del\u00a0<\/strong><\/span><span style=\"font-family: Roboto;font-weight: normal;font-size: medium\"><strong>Gobierno de Espa\u00f1a para el periodo 2014-2017<\/strong> no ha pasado de ser un borrador, que\u00a0<\/span><span style=\"font-family: Roboto;font-weight: normal;font-size: medium\">naci\u00f3 adem\u00e1s fuertemente condicionado por las dificultades presupuestarias de la X\u00a0<\/span><span style=\"font-family: Roboto;font-weight: normal;font-size: medium\">Legislatura. En la Legislatura actual, (la XII, comenzada en 2016) no ha existido ninguna\u00a0<\/span><span style=\"font-family: Roboto;font-weight: normal;font-size: medium\">iniciativa al respecto por parte del Gobierno que, en respuesta a una pregunta escrita\u00a0<\/span><span style=\"font-family: Roboto;font-weight: normal;font-size: medium\">en el Congreso, ha indicado que sigue en tr\u00e1mite de elaboraci\u00f3n. En el borrador de\u00a0<\/span><span style=\"font-family: Roboto;font-weight: normal;font-size: medium\">2014 se apelaba a revisar la legislaci\u00f3n espa\u00f1ola con el fin de detectar las lagunas\u00a0<\/span><span style=\"font-family: Roboto;font-weight: normal;font-size: medium\">existentes, identificaci\u00f3n de los mecanismos de diligencia debida. No obstante, en el\u00a0<\/span><span style=\"font-family: Roboto;font-weight: normal;font-size: medium\">apartado del borrador dedicado a desarrollar la \u201cResponsabilidad de las empresas de\u00a0<\/span><span style=\"font-family: Roboto;font-weight: normal;font-size: medium\">respetar los derechos humanos\u201d, el Plan Nacional repet\u00eda literalmente lo indicado en\u00a0<\/span><span style=\"font-family: Roboto;font-weight: normal;font-size: medium\">los principios, sin aportar ning\u00fan tipo de iniciativa en concreto. A la hora de buscar\u00a0<\/span><span style=\"font-family: Roboto;font-weight: normal;font-size: medium\">mecanismos que alentasen la implantaci\u00f3n en las empresas de medidas de diligencia\u00a0<\/span><span style=\"font-family: Roboto;font-weight: normal;font-size: medium\">debida, el borrador contiene est\u00edmulos positivos muy vagos, y que en modo alguno\u00a0<\/span><span style=\"font-family: Roboto;font-weight: normal;font-size: medium\">conten\u00edan medidas sancionadoras. M\u00e1s bien se trataba de un sistema de incentivos de\u00a0<\/span><span style=\"font-family: Roboto;font-weight: normal;font-size: medium\">muy diversa \u00edndole con el fin de premiar a las empresas que establecieran pol\u00edticas en\u00a0<\/span><span style=\"font-family: Roboto;font-weight: normal;font-size: medium\">materia de derechos humanos. El resultado de esta no pol\u00edtica es que la mayor\u00eda de las\u00a0<\/span><span style=\"font-family: Roboto;font-weight: normal;font-size: medium\">grandes empresas de nuestro pa\u00eds carecen de una pol\u00edtica en esta materia y cuando\u00a0<\/span><span style=\"font-family: Roboto;font-weight: normal;font-size: medium\">existe, est\u00e1 diluida entre sus medidas de responsabilidad social, con poca o ninguna\u00a0<\/span><span style=\"font-family: Roboto;font-weight: normal;font-size: medium\">visibilidad y contribuyendo a la confusi\u00f3n entre ambos aspectos (planes de derechos\u00a0<\/span><span style=\"font-family: Roboto;font-weight: normal;font-size: medium\">humanos y RSE).<\/span><\/p>\n<p style=\"text-align: justify\"><span style=\"font-family: Roboto;font-weight: normal;font-size: medium\"> La situaci\u00f3n existente en nuestro pa\u00eds no ha sido remedida por el impacto que las\u00a0<\/span><span style=\"font-family: Roboto;font-weight: normal;font-size: medium\">normas o programas de la UE. La <strong>UE<\/strong> elabor\u00f3 una <strong>Estrategia para 2011-2014 sobre\u00a0<\/strong><\/span><span style=\"font-family: Roboto;font-weight: normal;font-size: medium\"><strong>responsabilidad social de las empresas<\/strong> fruto de la cual fue la <strong>Directiva 2014\/95\/UE<\/strong>\u00a0<\/span><span style=\"font-family: Roboto;font-weight: normal;font-size: medium\">sobre divulgaci\u00f3n de informaci\u00f3n no financiera e informaci\u00f3n sobre diversidad por\u00a0<\/span><span style=\"font-family: Roboto;font-weight: normal;font-size: medium\">parte de determinadas grandes empresas y determinados grupos. Esta Directiva se\u00a0<\/span><span style=\"font-family: Roboto;font-weight: normal;font-size: medium\">centra en desarrollar el deber de divulgar la informaci\u00f3n sobre las pol\u00edticas\u00a0<\/span><span style=\"font-family: Roboto;font-weight: normal;font-size: medium\">empresariales en materia de derechos humanos asentada en los principios rectores.\u00a0<\/span><span style=\"font-family: Roboto;font-weight: normal;font-size: medium\">Con este fin, se obliga a las empresas de m\u00e1s de 500 trabajadores a publicar los\u00a0<\/span><span style=\"font-family: Roboto;font-weight: normal;font-size: medium\">\u201cestados no financieros\u201d a partir de los modelos de reporte existentes en esta materia.\u00a0<\/span><span style=\"font-family: Roboto;font-weight: normal;font-size: medium\">Esta obligaci\u00f3n se ha incorporado al art. 19 bis y 29 bis (balances consolidados) de la\u00a0<\/span><span style=\"font-family: Roboto;font-weight: normal;font-size: medium\">Directiva 2013\/34 sobre estados financieros anules, cuyo art. 51 recuerda a los Estados\u00a0<\/span><span style=\"font-family: Roboto;font-weight: normal;font-size: medium\">la necesidad de establecer sanciones proporcionales, disuasivas y adecuadas en caso\u00a0<\/span><span style=\"font-family: Roboto;font-weight: normal;font-size: medium\">de que sus disposiciones no sean respetadas. Espa\u00f1a no ha cumplido con el plazo de\u00a0<\/span><span style=\"font-family: Roboto;font-weight: normal;font-size: medium\">transposici\u00f3n de la Directiva, que finalizaba en diciembre de 2016.<\/span><\/p>\n<p style=\"text-align: justify\">\n<p style=\"text-align: justify\"><span style=\"font-family: Roboto;font-weight: normal;font-size: medium\"> La situaci\u00f3n en Espa\u00f1a contrasta con la de otros pa\u00edses de la UE, que han realizado\u00a0<\/span><span style=\"font-family: Roboto;font-weight: normal;font-size: medium\">avances significativos en esta materia. En los \u00faltimos meses ha tenido especial\u00a0<\/span><span style=\"font-family: Roboto;font-weight: normal;font-size: medium\">resonancia la <strong>Ley de Vigilancia empresarial<\/strong> (ley 2017\/399, de 27 de marzo) aprobada\u00a0<\/span><span style=\"font-family: Roboto;font-weight: normal;font-size: medium\">por el Asamblea legislativa francesa que obliga a las grandes empresas francesas a\u00a0<\/span><span style=\"font-family: Roboto;font-weight: normal;font-size: medium\">poner en marcha un plan de vigilancia empresarial. La finalidad de este plan es\u00a0<\/span><span style=\"font-family: Roboto;font-weight: normal;font-size: medium\">\u201cestablecer medidas de vigilancia razonables con el fin de identificar los riesgos y de\u00a0<\/span><span style=\"font-family: Roboto;font-weight: normal;font-size: medium\">prevenir los ataques graves a los derechos humanos y libertades fundamentales, a la\u00a0<\/span><span style=\"font-family: Roboto;font-weight: normal;font-size: medium\">salud y la seguridad de las personas as\u00ed como del medioambiente que resulten de las\u00a0<\/span><span style=\"font-family: Roboto;font-weight: normal;font-size: medium\">actividades de las actividades de la sociedad y de aquellas sociedades controladas por\u00a0<\/span><span style=\"font-family: Roboto;font-weight: normal;font-size: medium\">ella directa o indirectamente, as\u00ed como de las actividades de sus proveedores o\u00a0<\/span><span style=\"font-family: Roboto;font-weight: normal;font-size: medium\">subcontratistas con los que la empresa tiene una relaci\u00f3n comercial estable\u201d. La no realizaci\u00f3n del Plan de Vigilancia puede suponer la imposci\u00f3n de multas de hasta 10\u00a0<\/span><span style=\"font-family: Roboto;font-weight: normal;font-size: medium\">millones de euros que se grad\u00faan en funci\u00f3n de la gravedad del incumplimiento. Sin\u00a0<\/span><span style=\"font-family: Roboto;font-weight: normal;font-size: medium\">embargo, el Consejo Constitucional, aun considerando conforme a la Constituci\u00f3n el\u00a0<\/span><span style=\"font-family: Roboto;font-weight: normal;font-size: medium\">conjunto de la ley (obligatoriedad del plan de vigilancia, la vigilancia y los\u00a0<\/span><span style=\"font-family: Roboto;font-weight: normal;font-size: medium\">requerimientos que puede imponer el Juez &#8211; no la Administraci\u00f3n -, etc.), declar\u00f3\u00a0<\/span><span style=\"font-family: Roboto;font-weight: normal;font-size: medium\">inconstitucionales las multas civiles, por imprecisiones en la tipificaci\u00f3n de las\u00a0<\/span><span style=\"font-family: Roboto;font-weight: normal;font-size: medium\">infracciones y del objeto mismo de la ley (Decisi\u00f3n n\u00ba 2017-750, de 23 de marzo). Ello\u00a0<\/span><span style=\"font-family: Roboto;font-weight: normal;font-size: medium\">pone de manifiesto el largo camino que a\u00fan queda por recorrer en este tipo de planes\u00a0<\/span><span style=\"font-family: Roboto;font-weight: normal;font-size: medium\">de vigilancia o de cumplimiento en materia de derechos humanos e igualmente las\u00a0<\/span><span style=\"font-family: Roboto;font-weight: normal;font-size: medium\">dificultades que puede encontrar el dise\u00f1o de un sistema de responsabilidad penal de\u00a0<\/span><span style=\"font-family: Roboto;font-weight: normal;font-size: medium\">la empresa compatible con principios constitucionales.<\/span><\/p>\n","protected":false},"excerpt":{"rendered":"<p>Eje del proyecto: Principios rectores de NNUU sobre empresas multinacionales y derechos humanos Las relaciones entre empresas multinacionales y los derechos humanos est\u00e1n en la\u00a0agenda de las organizaciones internacionales y, especialmente, de Naciones Unidas,\u00a0desde los a\u00f1os 70 del pasado siglo. Los Principios Rectores de Naciones Unidas sobre\u00a0empresas y derechos humanos publicados en 2011 contienen una [&hellip;]<\/p>\n","protected":false},"author":269,"featured_media":0,"parent":0,"menu_order":0,"comment_status":"closed","ping_status":"closed","template":"","meta":{"footnotes":""},"class_list":["post-85","page","type-page","status-publish","hentry"],"_links":{"self":[{"href":"https:\/\/blog.uclm.es\/repmult\/wp-json\/wp\/v2\/pages\/85","targetHints":{"allow":["GET"]}}],"collection":[{"href":"https:\/\/blog.uclm.es\/repmult\/wp-json\/wp\/v2\/pages"}],"about":[{"href":"https:\/\/blog.uclm.es\/repmult\/wp-json\/wp\/v2\/types\/page"}],"author":[{"embeddable":true,"href":"https:\/\/blog.uclm.es\/repmult\/wp-json\/wp\/v2\/users\/269"}],"replies":[{"embeddable":true,"href":"https:\/\/blog.uclm.es\/repmult\/wp-json\/wp\/v2\/comments?post=85"}],"version-history":[{"count":1,"href":"https:\/\/blog.uclm.es\/repmult\/wp-json\/wp\/v2\/pages\/85\/revisions"}],"predecessor-version":[{"id":1151,"href":"https:\/\/blog.uclm.es\/repmult\/wp-json\/wp\/v2\/pages\/85\/revisions\/1151"}],"wp:attachment":[{"href":"https:\/\/blog.uclm.es\/repmult\/wp-json\/wp\/v2\/media?parent=85"}],"curies":[{"name":"wp","href":"https:\/\/api.w.org\/{rel}","templated":true}]}}