{"id":83,"date":"2018-09-24T19:35:41","date_gmt":"2018-09-24T18:35:41","guid":{"rendered":"http:\/\/blog.uclm.es\/repmult\/?page_id=83"},"modified":"2023-02-03T15:23:11","modified_gmt":"2023-02-03T14:23:11","slug":"introduccion-antecedentes","status":"publish","type":"page","link":"https:\/\/blog.uclm.es\/repmult\/introduccion-antecedentes\/","title":{"rendered":"Introducci\u00f3n. Antecedentes"},"content":{"rendered":"<h2 style=\"text-align: justify\">Introducci\u00f3n. Antecedentes<\/h2>\n<p style=\"text-align: justify\"><span style=\"font-weight: normal;font-size: medium\">En los pa\u00edses de la Uni\u00f3n Europea la responsabilidad penal de las empresas\u00a0<\/span><span style=\"font-weight: normal;font-size: medium\">multinacionales por violaciones de derechos humanos y del medio ambiente apenas s\u00ed\u00a0<\/span><span style=\"font-weight: normal;font-size: medium\">ha sido objeto de investigaci\u00f3n, pese al desarrollo que en los \u00faltimos a\u00f1os han tenido\u00a0<\/span><span style=\"font-weight: normal;font-size: medium\">cuestiones cercanas como la responsabilidad penal de las personas jur\u00eddicas o los\u00a0<\/span><span style=\"font-weight: normal;font-size: medium\">programas de cumplimiento. El escaso desarrollo del aspecto penal contrasta con la\u00a0<\/span><span style=\"font-weight: normal;font-size: medium\">atenci\u00f3n que se le ha dado a la relaci\u00f3n entre multinacionales y derechos humanos en\u00a0<\/span><span style=\"font-weight: normal;font-size: medium\">otros sectores del derecho y por las organizaciones internacionales. La importancia del\u00a0<\/span><span style=\"font-weight: normal;font-size: medium\">tema se pone, sin embargo, de manifiesto porque la Asociaci\u00f3n Internacional de\u00a0<\/span><span style=\"font-weight: normal;font-size: medium\">Derecho Penal ha elegido un tem\u00e1tica similar para su XX Congreso mundial \u201cCriminal\u00a0<\/span><span style=\"font-weight: normal;font-size: medium\">Justice and Coportate Bussines\u201d, aunque centrada de manera m\u00e1s general en la\u00a0<\/span><span style=\"font-weight: normal;font-size: medium\">responsabilidad de empresas multinacionales. Dentro de nuestro pa\u00eds, el grupo de\u00a0<\/span><span style=\"font-weight: normal;font-size: medium\">investigaci\u00f3n que integra este proyecto ha sido l\u00edder en el desarrollo de la\u00a0<\/span><span style=\"font-weight: normal;font-size: medium\">responsabilidad penal de personas jur\u00eddicas y programas de cumplimiento, e\u00a0<\/span><span style=\"font-weight: normal;font-size: medium\">igualmente ha abordado materias relacionadas con los derechos humanos y la\u00a0<\/span><span style=\"font-weight: normal;font-size: medium\">corrupci\u00f3n.<\/span><\/p>\n<p style=\"text-align: justify\"><span style=\"font-weight: normal;font-size: medium\"> El problema que nos ocupa se remonta a los juicios de N\u00fcremberg, donde ya se\u00a0<\/span><span style=\"font-weight: normal;font-size: medium\">pretendi\u00f3 juzgar a algunas empresas y directivos por su colaboraci\u00f3n en el holocausto.\u00a0<\/span><span style=\"font-weight: normal;font-size: medium\">El Tribunal de N\u00fcremberg determin\u00f3 que el <em>societas delinquere non potest<\/em> reg\u00eda en el\u00a0<\/span><span style=\"font-weight: normal;font-size: medium\">derecho penal internacional. D\u00e9cadas m\u00e1s tarde el Tribunal Supremo de los Estados\u00a0<\/span><span style=\"font-weight: normal;font-size: medium\">Unidos ha vuelto a mantener una posici\u00f3n similar en el asunto Kiobel (2013), en el que\u00a0<\/span><span style=\"font-weight: normal;font-size: medium\">se juzgaban los abusos a los derechos humanos de Dutch Petrolium. Esta sentencia ha\u00a0<\/span><span style=\"font-weight: normal;font-size: medium\">limitado el campo de actuaci\u00f3n de la <em>Alien Tort Claim Act<\/em> que, aunque contemplaba sanciones civiles de contenido punitivo, supon\u00eda la pieza legislativa clave en esta<\/span><span style=\"font-weight: normal;font-size: medium\">\u00a0materia.<\/span><\/p>\n<p style=\"text-align: justify\"><span style=\"font-weight: normal;font-size: medium\"> La situaci\u00f3n de impunidad de las multinacionales por violaciones a los derechos\u00a0<\/span><span style=\"font-weight: normal;font-size: medium\">humanos resulta, sin embargo, dif\u00edcilmente explicable en un mundo globalizado, en el\u00a0<\/span><span style=\"font-weight: normal;font-size: medium\">que la actividad transnacional directa o indirecta de las empresas (con fen\u00f3menos\u00a0<\/span><span style=\"font-weight: normal;font-size: medium\">como la deslocalizaci\u00f3n o el <em>outsourcing<\/em>) se expande a una velocidad muy superior a la\u00a0<\/span><span style=\"font-weight: normal;font-size: medium\">de los cambios legales y la cooperaci\u00f3n judicial internacional. La dificultad de investigar\u00a0<\/span><span style=\"font-weight: normal;font-size: medium\">y perseguir este tipo de violaciones de derechos humanos deriva no solo de los\u00a0<\/span><span style=\"font-weight: normal;font-size: medium\">problemas inherentes a la transnacionalidad en sentido formal (competencia para el\u00a0<\/span><span style=\"font-weight: normal;font-size: medium\">enjuiciamiento, prueba, cooperaci\u00f3n judicial, diferencias entre los ordenamientos\u00a0<\/span><span style=\"font-weight: normal;font-size: medium\">penales materiales de ambos pa\u00edses, etc.). La transnacionalidad establece una\u00a0<\/span><span style=\"font-weight: normal;font-size: medium\">distancia entre los \u00f3rganos de gobierno de la empresa \u2013garantes \u00faltimos porque la\u00a0<\/span><span style=\"font-weight: normal;font-size: medium\">actividad empresarial no da\u00f1e a terceros- y las actuaciones delictivas que deben\u00a0<\/span><span style=\"font-weight: normal;font-size: medium\">supervisar y prevenir; distancia que puede aumentarse en grado extremo mediante la\u00a0<\/span><span style=\"font-weight: normal;font-size: medium\">subcontrataci\u00f3n de empresas locales.\u00a0<\/span><\/p>\n<p style=\"text-align: justify\">\n<p style=\"text-align: justify\"><span style=\"font-weight: normal;font-size: medium\">Las m\u00e1s modernas iniciativas de organismos internacionales y legisladores nacionales\u00a0<\/span><span style=\"font-weight: normal;font-size: medium\">buscan responsabilizar a las empresas transnacionales por las vulneraciones de\u00a0<\/span><span style=\"font-weight: normal;font-size: medium\">derechos humanos que se puedan derivar de su actuaci\u00f3n directa o indirecta en otros\u00a0<\/span><span style=\"font-weight: normal;font-size: medium\">pa\u00edses; intentando evitar que expedientes como la subcontrataci\u00f3n o el <em>outsourcing\u00a0<\/em><\/span><span style=\"font-weight: normal;font-size: medium\">puedan convertirse en salvoconductos para la elusi\u00f3n de responsabilidad.<\/span><\/p>\n<p style=\"text-align: justify\"><span style=\"font-weight: normal;font-size: medium\"> Una de las claves fundamentales en este punto es la de fijar <em>est\u00e1ndares de diligencia\u00a0<\/em><\/span><span style=\"font-weight: normal;font-size: medium\"><em>debida<\/em> para la detecci\u00f3n y prevenci\u00f3n de este tipo de violaciones: una clave cuyos\u00a0<\/span><span style=\"font-weight: normal;font-size: medium\">antecedentes m\u00e1s relevantes se encuentran en el \u00e1mbito del <em>soft law (Principios\u00a0<\/em><\/span><span style=\"font-weight: normal;font-size: medium\"><em>Rectores sobre empresas y Derechos Humanos<\/em> de Naciones Unidas), y que en los\u00a0<\/span><span style=\"font-weight: normal;font-size: medium\">\u00faltimos tiempos se ha desarrollado m\u00e1s en el \u00e1mbito de las obligaciones de\u00a0<\/span><span style=\"font-weight: normal;font-size: medium\">cumplimiento normativo, incluso con interesantes desarrollos espec\u00edficos en el plano\u00a0<\/span><span style=\"font-weight: normal;font-size: medium\">legislativo (Ley francesa de Vigilancia de Empresas Matrices de 27 de marzo de 2017).\u00a0<\/span><span style=\"font-weight: normal;font-size: medium\">Este tipo de est\u00e1ndares son una base que permite hablar de infracciones sancionables\u00a0<\/span><span style=\"font-weight: normal;font-size: medium\">por parte de la empresa: <em>infracciones que pueden ser la simple no adopci\u00f3n del\u00a0<\/em><\/span><span style=\"font-weight: normal;font-size: medium\"><em>est\u00e1ndar<\/em> (infracci\u00f3n para la que la citada Ley francesa preve\u00eda sanciones que\u00a0<\/span><span style=\"font-weight: normal;font-size: medium\">recient\u00edsimamente el Consejo Constitucional ha anulado), o una <em>infracci\u00f3n de los\u00a0<\/em><\/span><span style=\"font-weight: normal;font-size: medium\"><em>deberes de supervisi\u00f3n, vigilancia y control<\/em> que permita atribuir a la persona jur\u00eddica el\u00a0<\/span><span style=\"font-weight: normal;font-size: medium\">delito en cuesti\u00f3n<\/span>.<\/p>\n","protected":false},"excerpt":{"rendered":"<p>Introducci\u00f3n. Antecedentes En los pa\u00edses de la Uni\u00f3n Europea la responsabilidad penal de las empresas\u00a0multinacionales por violaciones de derechos humanos y del medio ambiente apenas s\u00ed\u00a0ha sido objeto de investigaci\u00f3n, pese al desarrollo que en los \u00faltimos a\u00f1os han tenido\u00a0cuestiones cercanas como la responsabilidad penal de las personas jur\u00eddicas o los\u00a0programas de cumplimiento. El escaso [&hellip;]<\/p>\n","protected":false},"author":269,"featured_media":0,"parent":0,"menu_order":0,"comment_status":"closed","ping_status":"closed","template":"","meta":{"footnotes":""},"class_list":["post-83","page","type-page","status-publish","hentry"],"_links":{"self":[{"href":"https:\/\/blog.uclm.es\/repmult\/wp-json\/wp\/v2\/pages\/83","targetHints":{"allow":["GET"]}}],"collection":[{"href":"https:\/\/blog.uclm.es\/repmult\/wp-json\/wp\/v2\/pages"}],"about":[{"href":"https:\/\/blog.uclm.es\/repmult\/wp-json\/wp\/v2\/types\/page"}],"author":[{"embeddable":true,"href":"https:\/\/blog.uclm.es\/repmult\/wp-json\/wp\/v2\/users\/269"}],"replies":[{"embeddable":true,"href":"https:\/\/blog.uclm.es\/repmult\/wp-json\/wp\/v2\/comments?post=83"}],"version-history":[{"count":1,"href":"https:\/\/blog.uclm.es\/repmult\/wp-json\/wp\/v2\/pages\/83\/revisions"}],"predecessor-version":[{"id":1150,"href":"https:\/\/blog.uclm.es\/repmult\/wp-json\/wp\/v2\/pages\/83\/revisions\/1150"}],"wp:attachment":[{"href":"https:\/\/blog.uclm.es\/repmult\/wp-json\/wp\/v2\/media?parent=83"}],"curies":[{"name":"wp","href":"https:\/\/api.w.org\/{rel}","templated":true}]}}