{"id":81,"date":"2018-09-24T19:35:09","date_gmt":"2018-09-24T18:35:09","guid":{"rendered":"http:\/\/blog.uclm.es\/repmult\/?page_id=81"},"modified":"2023-02-03T15:22:51","modified_gmt":"2023-02-03T14:22:51","slug":"resumen","status":"publish","type":"page","link":"https:\/\/blog.uclm.es\/repmult\/resumen\/","title":{"rendered":"Resumen"},"content":{"rendered":"<h2>RESUMEN<\/h2>\n<p style=\"text-align: justify\"><span style=\"font-family: Roboto\"><span style=\"font-weight: normal;font-size: medium\">La relaci\u00f3n entre las empresas multinacionales y los derechos humanos ha estado\u00a0<\/span><span style=\"font-weight: normal;font-size: medium\">presente en la agenda de las organizaciones internacionales desde los a\u00f1os setenta y,\u00a0<\/span><span style=\"font-weight: normal;font-size: medium\">especialmente, en la de Naciones Unidas. En la actualidad los Principios Rectores de\u00a0<\/span><span style=\"font-weight: normal;font-size: medium\">Naciones Unidas sobre las Empresas y los Derechos Humanos de 2011 toman como\u00a0<\/span><span style=\"font-weight: normal;font-size: medium\">punto de partida la obligaci\u00f3n que tienen los Estados de adoptar medidas eficaces con\u00a0<\/span><span style=\"font-weight: normal;font-size: medium\">el fin de que las empresas multinacionales con sede o domicilio social en dicho pa\u00eds, no\u00a0<\/span><span style=\"font-weight: normal;font-size: medium\">violen los derechos humanos, reparen a las v\u00edctimas y estas tengan adem\u00e1s acceso a la\u00a0<\/span><span style=\"font-weight: normal;font-size: medium\">justicia. Esta obligaci\u00f3n supone, al menos en los casos m\u00e1s graves, una llamada al\u00a0<\/span><span style=\"font-weight: normal;font-size: medium\">derecho penal; un derecho penal que tiene como protagonista un sujeto tan complejo\u00a0<\/span><span style=\"font-weight: normal;font-size: medium\">como son las empresas multinacionales.<\/span><\/span><\/p>\n<p style=\"text-align: justify\">\n<p style=\"text-align: justify\"><span style=\"font-family: Roboto\"><span style=\"font-weight: normal;font-size: medium\"> El objetivo de nuestro proyecto de investigaci\u00f3n es sentar las bases para una respuesta\u00a0<\/span><span style=\"font-weight: normal;font-size: medium\">penal a las m\u00e1s graves violaciones de los derechos humanos cometidas por las\u00a0<\/span><span style=\"font-weight: normal;font-size: medium\">empresas multinacionales. Esta respuesta se orienta no solo a la sanci\u00f3n, sino tambi\u00e9n\u00a0<\/span><span style=\"font-weight: normal;font-size: medium\">a la prevenci\u00f3n y a la reparaci\u00f3n del da\u00f1o, en conformidad con lo indicado en los\u00a0<\/span><span style=\"font-weight: normal;font-size: medium\">principios rectores y tomando como base la responsabilidad social empresarial y la\u00a0<\/span><span style=\"font-weight: normal;font-size: medium\">capacidad de autorregulaci\u00f3n de estas organizaciones.<\/span><\/span><\/p>\n","protected":false},"excerpt":{"rendered":"<p>RESUMEN La relaci\u00f3n entre las empresas multinacionales y los derechos humanos ha estado\u00a0presente en la agenda de las organizaciones internacionales desde los a\u00f1os setenta y,\u00a0especialmente, en la de Naciones Unidas. En la actualidad los Principios Rectores de\u00a0Naciones Unidas sobre las Empresas y los Derechos Humanos de 2011 toman como\u00a0punto de partida la obligaci\u00f3n que tienen [&hellip;]<\/p>\n","protected":false},"author":269,"featured_media":0,"parent":0,"menu_order":0,"comment_status":"closed","ping_status":"closed","template":"","meta":{"footnotes":""},"class_list":["post-81","page","type-page","status-publish","hentry"],"_links":{"self":[{"href":"https:\/\/blog.uclm.es\/repmult\/wp-json\/wp\/v2\/pages\/81","targetHints":{"allow":["GET"]}}],"collection":[{"href":"https:\/\/blog.uclm.es\/repmult\/wp-json\/wp\/v2\/pages"}],"about":[{"href":"https:\/\/blog.uclm.es\/repmult\/wp-json\/wp\/v2\/types\/page"}],"author":[{"embeddable":true,"href":"https:\/\/blog.uclm.es\/repmult\/wp-json\/wp\/v2\/users\/269"}],"replies":[{"embeddable":true,"href":"https:\/\/blog.uclm.es\/repmult\/wp-json\/wp\/v2\/comments?post=81"}],"version-history":[{"count":1,"href":"https:\/\/blog.uclm.es\/repmult\/wp-json\/wp\/v2\/pages\/81\/revisions"}],"predecessor-version":[{"id":1149,"href":"https:\/\/blog.uclm.es\/repmult\/wp-json\/wp\/v2\/pages\/81\/revisions\/1149"}],"wp:attachment":[{"href":"https:\/\/blog.uclm.es\/repmult\/wp-json\/wp\/v2\/media?parent=81"}],"curies":[{"name":"wp","href":"https:\/\/api.w.org\/{rel}","templated":true}]}}