{"id":30,"date":"2018-09-02T10:56:54","date_gmt":"2018-09-02T09:56:54","guid":{"rendered":"http:\/\/blog.uclm.es\/repmult\/?page_id=30"},"modified":"2023-01-01T14:11:23","modified_gmt":"2023-01-01T13:11:23","slug":"publicaciones-2","status":"publish","type":"page","link":"https:\/\/blog.uclm.es\/repmult\/publicaciones-2\/","title":{"rendered":"Publicaciones"},"content":{"rendered":"<p><strong><a href=\"http:\/\/www.lalegislazionepenale.eu\/wp-content\/uploads\/2021\/03\/Nieto-Martin-forum-ecocidio-1.pdf\">A. Nieto Mart\u00edn, \u00abJusticia empresarial restaurativa y v\u00edctimas corporativas\u00bb, <em>La legislazione penale, 17.3.2021,\u00a0<\/em>pp. 1 &#8211; 32<\/a><\/strong><\/p>\n<p><strong><a href=\"https:\/\/www.nomos-elibrary.de\/10.5771\/2193-5505-2021-1-6\/towards-a-european-economic-criminal-law-of-human-rights-volume-11-2021-issue-1?page=1\">A. Nieto Mart\u00edn, \u00abTowards a European Economic Criminal Law of Human Rights\u00bb, <em>EuCLR, Volume 11 (2021), Issue 1,<\/em> pp. 6 &#8211; 35<\/a><\/strong><\/p>\n<p><a href=\"https:\/\/blog.uclm.es\/repmult\/wp-content\/uploads\/sites\/189\/2021\/01\/A.-Nieto-Martin_Cambio-climatico-y-Derecho-penal-internacional-del-medio-ambiente.pdf\"><strong>A. Nieto Mart\u00edn, \u00abCambio clim\u00e1tico y Derecho penal internacional del medio ambiente\u00bb, <em>Jueces para la Democracia<\/em>, julio 2020, pp. 61-70<\/strong><\/a><\/p>\n<p><strong><a href=\"https:\/\/indret.com\/hacia-un-derecho-penal-economico-europeo-de-los-derechos-humanos\/\">A. Nieto Mart\u00edn, \u00abHacia un Derecho penal econ\u00f3mico de los Derechos humanos\u00bb,\u00a0<em>InDret Penal, N\u00ba4 &#8211; 2020 &#8211; ISSN 1698-739X<\/em><\/a><\/strong><\/p>\n<p><a href=\"https:\/\/blog.uclm.es\/repmult\/wp-content\/uploads\/sites\/189\/2021\/01\/A.-Nieto-Martin-La-responsabilidad-penal-de-empresas-multinacionales-y-la-seguridad-alimentaria.pdf\"><strong>A. Nieto Mart\u00edn, \u00abLa responsabilidad penal de empresas multinacionales y la seguridad alimentaria\u00bb, en E. Demetrio Crespo y A. Nieto Mart\u00edn (Dir.)\u00a0<em>Derecho penal econ\u00f3mico y Derechos Humanos,<\/em> Tiranto lo Blanch, 2018, pp. 279-306<\/strong><\/a><\/p>\n<p><strong><a href=\"http:\/\/politcrim.com\/wp-content\/uploads\/2020\/12\/Vol15N30A14.pdf\">M. Mu\u00f1oz de Morales Romero, \u00abV\u00edas para la responsabilidad de las multinacionales por violaciones graves de Derechos humano\u00bb,<em> Pol\u00edt. Crim. Vol. 15, N\u00ba 30 (Diciembre 2020), Art. 14, pp. 948-992<\/em><\/a><\/strong><\/p>\n<p><strong><a href=\"https:\/\/blog.uclm.es\/repmult\/wp-content\/uploads\/sites\/189\/2021\/01\/COLACURCI-Tribunale-Monsanto.pdf\">M. Colacurci, \u00ab\u201cIl \u201ctribunale monsanto\u201d: le imprese transnazionali dinanzi alla responsabilit\u00e0 per ecocidio?\u201d, <em>JUS, 1 (2018), 145-166<\/em><\/a><\/strong><\/p>\n<p><a href=\"https:\/\/blog.uclm.es\/repmult\/wp-content\/uploads\/sites\/189\/2021\/01\/Expolio-de-recursos-naturales-y-DPI-del-Medio-Ambiente.pdf\"><strong>A. De Pablo Serrano, \u00abEl expolio de recursos naturales. De la green criminology a un nuevo derecho penal internacional del medio ambiente\u00bb, <em>Revista General de Derecho Penal, n\u00ba 33, 2020, pp. 1- 77<\/em><\/strong><\/a><\/p>\n<p><a href=\"https:\/\/blog.uclm.es\/repmult\/wp-content\/uploads\/sites\/189\/2021\/01\/Estado-de-Derecho-Medioambiental-y-DPIMA.pdf\"><strong>A. De Pablo Serrano, \u00abEstado de Derecho ambiental y Derecho penal internacional del medio ambiente\u00bb, <em>Foro FICP, 2020-1, pp. 28-44<\/em><\/strong><\/a><\/p>\n<p><a href=\"https:\/\/dialnet.unirioja.es\/servlet\/articulo?codigo=7698332\"><strong>J.J. Gonz\u00e1lez L\u00f3pez, \u00ab<span class=\"titulo\">Consideraciones acerca de la responsabilidad penal de las empresas matrices en relaci\u00f3n con la actuaci\u00f3n de sus filiales\u00bb,<em>\u00a0Revista de estudios europeos,\u00a0N\u00ba. 77 (enero-junio), 2021,\u00a0<abbr title=\"p\u00e1ginas\">pp.<\/abbr>\u00a022-48<\/em><\/span><\/strong><\/a><\/p>\n<p><strong><a href=\"https:\/\/www.nomos-elibrary.de\/10.5771\/2193-5505-2021-1-73\/a-proposal-for-criminal-liability-for-breach-of-due-diligence-obligations-the-european-conflict-minerals-regulation-as-an-example-volume-11-2021-issue-1?page=1\">L.M. Vioque Galiana, \u00abA Proposal for Criminal Liability for Breach of Due Diligence Obligations: the European Conflict Minerals Regulation as an Example\u00bb,\u00a0 <em>EuCLR, Volume 11 (2021), Issue 1,<\/em> pp. 73 &#8211; 87<\/a><\/strong><\/p>\n<p><a href=\"http:\/\/www.lalegislazionepenale.eu\/wp-content\/uploads\/2021\/03\/Fronza_LP.pdf\"><strong>E. Fronza, \u00abSancire Senza Sanzionare? Problemi e Prospettive del nuovo crimine internazionale di ecocidio\u00bb, <em>La legislazione penale, 17.3.2021<\/em><\/strong><\/a><\/p>\n<p><strong><a href=\"https:\/\/e-revistas.uc3m.es\/index.php\/EUNOM\/article\/view\/6812\">A. Cote\u00f1o Mu\u00f1oz, \u00abLa complicidad empresarial en cr\u00edmenes internacionales a la luz del Estatuto de Roma (a prop\u00f3sito del Caso Lafarge)\u00bb, <em>EUNOM\u00cdA. Revista en Cultura de la Legalidad<\/em>, n\u00fam. 22 (2022)<\/a><\/strong><\/p>\n<p><strong><a href=\"https:\/\/e-revistas.uc3m.es\/index.php\/EUNOM\/article\/view\/6813\/5367\">T. Garc\u00eda Sedano, \u00abDiligencia debida y modelos de pol\u00edtica criminal en la lucha contra las formas contempor\u00e1neas de esclavitud\u00bb, <em>EUNOM\u00cdA. Revista en Cultura de la Legalidad<\/em>, n\u00fam. 22 (2022)<\/a><\/strong><\/p>\n<p><strong><a href=\"https:\/\/blog.uclm.es\/repmult\/wp-content\/uploads\/sites\/189\/2019\/12\/2019_ECOCIDIO_final_PUBLICACION.pdf\">HACIA UN DERECHO PENAL INTERNACIONAL DEL MEDIO AMBIENTE<\/a><\/strong><\/p>\n<p><strong><a href=\"http:\/\/blog.uclm.es\/repmult\/files\/2019\/12\/01_PROYECTO-DE-CONVENCI%C3%93N-CONTRA-LA-CRIMINALIDAD-MEDIOAMBIENTAL.pdf\">PROYECTO DE CONVENCI\u00d3N CONTRA LA CRIMINALIDAD MEDIOAMBIENTAL \/ <\/a><a href=\"https:\/\/blog.uclm.es\/repmult\/wp-content\/uploads\/sites\/189\/2019\/12\/01_DRAFT-CONVENTION-AGAINST-ENVIRONMENTAL-CRIME.pdf\">DRAFT CONVENTION AGAINST ENVIRONMENTAL CRIME \/ <\/a><a href=\"http:\/\/blog.uclm.es\/repmult\/files\/2019\/12\/01_PROJET-DE-CONVENTION-CONTRE-LA-CRIMINALIT%C3%89-ENVIRONNEMENTALE.pdf\">PROJET DE CONVENTION CONTRE LA CRIMINALIT\u00c9 ENVIRONNEMENTALE<\/a><\/strong><\/p>\n<p><strong><a href=\"http:\/\/blog.uclm.es\/repmult\/files\/2019\/12\/02_PROPUESTA-DE-CONVENCI%C3%93N-INTERNANCIONAL-CONTRA-EL-ECOCIDIO.pdf\">PROPUESTA DE CONVENCI\u00d3N INTERNANCIONAL CONTRA EL ECOCIDIO \/ <\/a><a href=\"https:\/\/blog.uclm.es\/repmult\/wp-content\/uploads\/sites\/189\/2019\/12\/02_DRAFT-CONVENTION-AGAINST-ECOCIDE.pdf\">DRAFT CONVENTION AGAINST ECOCIDE \/ <\/a><a href=\"http:\/\/blog.uclm.es\/repmult\/files\/2019\/12\/02_PROJET-DE-CONVENTION-CONTRE-L%E2%80%99%C3%89COCIDE.pdf\">PROJET DE CONVENTION CONTRE L\u2019\u00c9COCIDE<\/a><\/strong><\/p>\n<p><strong>PODCAST<\/strong><\/p>\n<p><strong><a href=\"https:\/\/www.cmmedia.es\/listas-de-reproduccion\/informacion\/podcasts\/1_3u87zrjk\/\">Ecocidio: \u00bfCrimen contra la humanidad? Investiga que no es poco<\/a><br \/>Luis Arroyo Zapatero &#8211; Ad\u00e1n Nieto Mart\u00edn<\/strong><\/p>\n<table width=\"640\">\n<tbody>\n<tr>\n<td width=\"605\">\n<p><strong>Alberto Mu\u00f1oz; Montserrat N\u00fa\u00f1ez; Inmaculada Alonso; Domingo Nevado; Elena Merino Madrid,<\/strong> <em>Informaci\u00f3n no financiera y programas de cumplimiento<\/em>,\u00a0 AECA: Revista de la Asociaci\u00f3n Espa\u00f1ola de Contabilidad y Administraci\u00f3n de Empresas, ISSN 1577-2403, N\u00ba 135 (septiembre), 2021, p\u00e1gs. 58-60.<\/p>\n<p>\u00a0<\/p>\n<\/td>\n<\/tr>\n<tr>\n<td width=\"605\">\n<p><strong>Marta Mu\u00f1oz de Morales Romero, <\/strong>V\u00edas para la responsabilidad de las multinacionales por violaciones graves de Derechos humanos, \u00a0Pol\u00edtica Criminal: Revista Electr\u00f3nica Semestral de Pol\u00edticas P\u00fablicas en Materias Penales, ISSN-e 0718-3399, Vol. 15, N\u00ba. 30, 2020.<\/p>\n<\/td>\n<\/tr>\n<tr>\n<td width=\"605\">\n<p><strong>Alejandro de Pablo Serrano, <\/strong>\u00a0Por una convenci\u00f3n internacional contra los ecocr\u00edmenes y un tribunal internacional del medioambiente, Revista penal M\u00e9xico, ISSN 2007-4700, N\u00ba. 21, 2022, p\u00e1gs. 63-79<\/p>\n<\/td>\n<\/tr>\n<tr>\n<td width=\"605\">\n<p><strong>Alejandro de Pablo Serrano, <\/strong>El expolio de recursos naturales. De la green criminology a un nuevo y necesario derecho penal internacional del medio ambiente, Revista General de Derecho Penal, ISSN-e 1698-1189, N\u00ba. 33, 2020.<\/p>\n<\/td>\n<\/tr>\n<tr>\n<td width=\"605\">\n<p><strong>Ad\u00e1n Nieto Mart\u00edn, J<\/strong>usticia empresarial restaurativa y v\u00edctimas corporativas, \u00a0La legislazione penale ISSN: 2421-552X, 22-14, 2020.<\/p>\n<\/td>\n<\/tr>\n<tr>\n<td width=\"605\">\n<p><strong>Ad\u00e1n Nieto Mart\u00edn,<\/strong> Towards a European Economic Criminal Law of Human Rights, \u00a0EuCLR European Criminal Law Review 11 (1) 2020, 6-35, \u00a0ISSN print: 2191-7442.<\/p>\n<\/td>\n<\/tr>\n<tr>\n<td width=\"605\">\n<p><strong>A. Nieto Mart\u00edn, <\/strong>Cambio clim\u00e1tico y Derecho penal internacional del medio ambiente, Jueces para la Democracia, julio 2020, pp. 61-70<\/p>\n<\/td>\n<\/tr>\n<tr>\n<td width=\"605\">\n<p><strong>A. Nieto Mart\u00edn, <\/strong>\u201cHacia un Derecho penal econ\u00f3mico de los Derechos humanos\u201d, InDret Penal, N\u00ba4 \u2013 2020 \u2013 ISSN 1698-739X<\/p>\n<\/td>\n<\/tr>\n<tr>\n<td width=\"605\">\n<p><strong>A. Nieto Mart\u00edn, <\/strong>\u201cResponsabilidad penal de la persona jur\u00eddica y programas de cumplimiento<\/p>\n<p>de la gesti\u00f3n de la legalidad a la legitimidad\u201d, La Ley compliance penal, ISSN-e 2660-7948, N\u00ba. 4, 2021<\/p>\n<\/td>\n<\/tr>\n<tr>\n<td width=\"605\">\n<p><strong>M. Mu\u00f1oz de Morales Romero, <\/strong>\u201cV\u00edas para la responsabilidad de las multinacionales por violaciones graves de Derechos humano\u201d, Pol\u00edt. Crim. Vol. 15, N\u00ba 30 (Diciembre 2020), Art. 14, pp. 948-992<\/p>\n<\/td>\n<\/tr>\n<tr>\n<td width=\"605\">\n<p><strong>M. Colacurci, <\/strong>\u201cIl \u201ctribunale monsanto\u201d: le imprese transnazionali dinanzi alla responsabilit\u00e0 per ecocidio?\u201d, JUS, 1 (2018), 145-166<\/p>\n<\/td>\n<\/tr>\n<tr>\n<td width=\"605\">\n<p><strong>Luis Miguel Vioque Galiana, <\/strong>\u00a0A Proposal for Criminal Liability for Breach of Due Diligence Obligations: the European Conflict Minerals Regulation as an Example, \u00a0EuCLR European Criminal Law Review 11 (1) 2020, 73-87. \u00a0ISSN impreso: 2191-7442<\/p>\n<\/td>\n<\/tr>\n<tr>\n<td width=\"605\">\n<p><strong>A. De Pablo Serrano, <\/strong>\u201cEstado de Derecho ambiental y Derecho penal internacional del medio ambiente\u201d, Foro FICP, 2020-1, pp. 28-44<\/p>\n<\/td>\n<\/tr>\n<tr>\n<td width=\"605\">\n<p><strong>E. Fronza, <\/strong>\u201cSancire Senza Sanzionare? Problemi e Prospettive del nuovo crimine internazionale di ecocidio\u201d, La legislazione penale, 17.3.2021<\/p>\n<table width=\"640\">\n<tbody>\n<tr>\n<td width=\"605\">\n<p><strong>Luis Miguel Vioque Galiana, <\/strong>\u00a0De las Directrices de Naciones Unidas al Reglamento de la Uni\u00f3n Europea: la diligencia debida en las cadenas de suministro de minerales de conflicto, SPCS Documento de trabajo 2020\/8, ISSN-e 1988-1118, N\u00ba. 15, 2020.<\/p>\n<table width=\"640\">\n<tbody>\n<tr>\n<td width=\"605\">\n<p><strong>A. Nieto Mart\u00edn, <\/strong>\u201cLa responsabilidad penal de empresas multinacionales y la seguridad alimentaria\u201d, en E. Demetrio Crespo\/A. Nieto Mart\u00edn (Dir.) Derecho penal econ\u00f3mico y Derechos Humanos, Tiranto lo Blanch, 2018, pp. 279-306<\/p>\n<\/td>\n<\/tr>\n<tr>\n<td width=\"605\">\n<p><strong>A. Nieto Mart\u00edn, \u201c<\/strong>Justicia empresarial restaurativa y v\u00edctimas corporativas\u201d en J. Dopico G\u00f3mez Aller\/M. Mu\u00f1oz de Morales Romero\/A. Nieto Mart\u00edn, Responsabilidad penal de empresas multinacionales por violaciones a Derechos humanos. Bolet\u00edn Oficial del Estado. 2023<\/p>\n<\/td>\n<\/tr>\n<tr>\n<td width=\"605\">\n<p><strong>A. Nieto Mart\u00edn, \u201c<\/strong>No mires arriba: las respuestas del derecho penal a la crisis clim\u00e1tica\u201d en J. Dopico G\u00f3mez Aller\/M. Mu\u00f1oz de Morales Romero\/A. Nieto Mart\u00edn, Responsabilidad penal de empresas multinacionales por violaciones a Derechos humanos. Bolet\u00edn Oficial del Estado. 2023<\/p>\n<\/td>\n<\/tr>\n<tr>\n<td width=\"605\">\n<p><strong>J.A. Lascura\u00edn S\u00e1nchez\/A.B. Valverde Cano<\/strong>, \u201c\u00c1mbito de jurisdicci\u00f3n: \u00bfcu\u00e1ndo son perseguibles en Espa\u00f1a los delitos de las personas jur\u00eddicas?\u201d en J. Dopico G\u00f3mez Aller\/M. Mu\u00f1oz de Morales Romero\/A. Nieto Mart\u00edn, Responsabilidad penal de empresas multinacionales por violaciones a Derechos humanos. Bolet\u00edn Oficial del Estado. 2023<\/p>\n<\/td>\n<\/tr>\n<tr>\n<td width=\"605\">\n<p><strong>A. De Pablo Serrano<\/strong>, \u201cSLAPPS (strategic lawsuits against public participation): la soga de las empresas sobre la libertad de expresi\u00f3n. La propuesta de Directiva europea\u201d en J. Dopico G\u00f3mez Aller\/M. Mu\u00f1oz de Morales Romero\/A. Nieto Mart\u00edn, Responsabilidad penal de empresas multinacionales por violaciones a Derechos humanos. Bolet\u00edn Oficial del Estado. 2023<\/p>\n<\/td>\n<\/tr>\n<tr>\n<td width=\"605\">\n<p><strong>J. Pierre Matus\/M.\u00aa Cecilia Ram\u00edrez, <\/strong>\u201cEmpresas durante la dictadura: el caso chileno 1973-1989\u201d en J. Dopico G\u00f3mez Aller\/M. Mu\u00f1oz de Morales Romero\/A. Nieto Mart\u00edn, Responsabilidad penal de empresas multinacionales por violaciones a Derechos humanos. Bolet\u00edn Oficial del Estado. 2023<\/p>\n<\/td>\n<\/tr>\n<tr>\n<td width=\"605\">\n<p><strong>Mat\u00edas Bailone, <\/strong>\u201cSobre empresas y tumbas. Informe sobre empresarios genocidas en el caso argentino\u201d en J. Dopico G\u00f3mez Aller\/M. Mu\u00f1oz de Morales Romero\/A. Nieto Mart\u00edn, Responsabilidad penal de empresas multinacionales por violaciones a Derechos humanos. Bolet\u00edn Oficial del Estado. 2023 <strong>\u00a0<\/strong><\/p>\n<\/td>\n<\/tr>\n<tr>\n<td width=\"605\">\n<p><strong>E. Saad-Diniz, <\/strong>\u201cJUSTICIA DE TRANSICI\u00d3N CORPORATIVA: la nueva generaci\u00f3n de estudios transicionales\u201d en J. Dopico G\u00f3mez Aller\/M. Mu\u00f1oz de Morales Romero\/A. Nieto Mart\u00edn, Responsabilidad penal de empresas multinacionales por violaciones a Derechos humanos. Bolet\u00edn Oficial del Estado. 2023<\/p>\n<\/td>\n<\/tr>\n<tr>\n<td width=\"605\">\n<p><strong>R. Calvo Soler, <\/strong>\u201cJusticia restaurativa y derechos humanos\u201d en J. Dopico G\u00f3mez Aller\/M. Mu\u00f1oz de Morales Romero\/A. Nieto Mart\u00edn, Responsabilidad penal de empresas multinacionales por violaciones a Derechos humanos. Bolet\u00edn Oficial del Estado. 2023<\/p>\n<\/td>\n<\/tr>\n<tr>\n<td width=\"605\">\n<p><strong>B. L\u00f3pez Lorca, <\/strong>\u201cEmpresas militares y de seguridad privada. sin responsabilidad penal pero \u00bfsin accountability en materia de derechos humanos? en J. Dopico G\u00f3mez Aller\/M. Mu\u00f1oz de Morales Romero\/A. Nieto Mart\u00edn, Responsabilidad penal de empresas multinacionales por violaciones a Derechos humanos. Bolet\u00edn Oficial del Estado. 2023<\/p>\n<\/td>\n<\/tr>\n<tr>\n<td width=\"605\">\n<p><strong>L.M. Vioque Galiana, <\/strong>\u201cPrincipios b\u00e1sicos del cumplimiento normativo en derechos humanos\u201d en J. Dopico G\u00f3mez Aller\/M. Mu\u00f1oz de Morales Romero\/A. Nieto Mart\u00edn, Responsabilidad penal de empresas multinacionales por violaciones a Derechos humanos. Bolet\u00edn Oficial del Estado. 2023\u00a0<\/p>\n<\/td>\n<\/tr>\n<\/tbody>\n<\/table>\n<p>\u00a0<\/p>\n<\/td>\n<\/tr>\n<\/tbody>\n<\/table>\n<\/td>\n<\/tr>\n<\/tbody>\n<\/table>\n\n\n<figure class=\"wp-block-table\"><table><tbody><tr><td><\/td><\/tr><\/tbody><\/table><\/figure>\n","protected":false},"excerpt":{"rendered":"<p>A. Nieto Mart\u00edn, \u00abJusticia empresarial restaurativa y v\u00edctimas corporativas\u00bb, La legislazione penale, 17.3.2021,\u00a0pp. 1 &#8211; 32 A. Nieto Mart\u00edn, \u00abTowards a European Economic Criminal Law of Human Rights\u00bb, EuCLR, Volume 11 (2021), Issue 1, pp. 6 &#8211; 35 A. Nieto Mart\u00edn, \u00abCambio clim\u00e1tico y Derecho penal internacional del medio ambiente\u00bb, Jueces para la Democracia, julio [&hellip;]<\/p>\n","protected":false},"author":269,"featured_media":0,"parent":0,"menu_order":0,"comment_status":"closed","ping_status":"closed","template":"","meta":{"footnotes":""},"class_list":["post-30","page","type-page","status-publish","hentry"],"_links":{"self":[{"href":"https:\/\/blog.uclm.es\/repmult\/wp-json\/wp\/v2\/pages\/30","targetHints":{"allow":["GET"]}}],"collection":[{"href":"https:\/\/blog.uclm.es\/repmult\/wp-json\/wp\/v2\/pages"}],"about":[{"href":"https:\/\/blog.uclm.es\/repmult\/wp-json\/wp\/v2\/types\/page"}],"author":[{"embeddable":true,"href":"https:\/\/blog.uclm.es\/repmult\/wp-json\/wp\/v2\/users\/269"}],"replies":[{"embeddable":true,"href":"https:\/\/blog.uclm.es\/repmult\/wp-json\/wp\/v2\/comments?post=30"}],"version-history":[{"count":3,"href":"https:\/\/blog.uclm.es\/repmult\/wp-json\/wp\/v2\/pages\/30\/revisions"}],"predecessor-version":[{"id":1137,"href":"https:\/\/blog.uclm.es\/repmult\/wp-json\/wp\/v2\/pages\/30\/revisions\/1137"}],"wp:attachment":[{"href":"https:\/\/blog.uclm.es\/repmult\/wp-json\/wp\/v2\/media?parent=30"}],"curies":[{"name":"wp","href":"https:\/\/api.w.org\/{rel}","templated":true}]}}