{"id":20,"date":"2018-09-02T10:48:43","date_gmt":"2018-09-02T09:48:43","guid":{"rendered":"http:\/\/blog.uclm.es\/repmult\/?page_id=20"},"modified":"2023-01-01T14:14:46","modified_gmt":"2023-01-01T13:14:46","slug":"contactanos","status":"publish","type":"page","link":"https:\/\/blog.uclm.es\/repmult\/contactanos\/","title":{"rendered":"Cont\u00e1ctanos"},"content":{"rendered":"<h2>Cont\u00e1ctanos<\/h2>\n<p><span style=\"font-family: Roboto;font-weight: normal;font-size: medium\"><strong>Ad\u00e1n Nieto Mart\u00edn:<\/strong> adan.nieto@uclm.es<\/span><\/p>\n<p><span style=\"font-family: Roboto;font-weight: normal;font-size: medium\"><strong>Jacobo Dopico G\u00f3mez-Aller:<\/strong> jdopico@der-pu.uc3m.es<\/span><\/p>\n<p><span style=\"font-family: Roboto;font-weight: normal;font-size: medium\"><strong>Marta Mu\u00f1oz de Morales Romero:<\/strong> marta.mmorales@uclm.es<\/span><\/p>\n<p><span style=\"font-family: Roboto;font-weight: normal;font-size: medium\"><strong>Alejandro Luis de Pablo Serrano:<\/strong> alejandro.pablo@uclm.es<\/span><\/p>\n","protected":false},"excerpt":{"rendered":"<p>Cont\u00e1ctanos Ad\u00e1n Nieto Mart\u00edn: adan.nieto@uclm.es Jacobo Dopico G\u00f3mez-Aller: jdopico@der-pu.uc3m.es Marta Mu\u00f1oz de Morales Romero: marta.mmorales@uclm.es Alejandro Luis de Pablo Serrano: alejandro.pablo@uclm.es<\/p>\n","protected":false},"author":269,"featured_media":0,"parent":0,"menu_order":0,"comment_status":"closed","ping_status":"closed","template":"","meta":{"footnotes":""},"class_list":["post-20","page","type-page","status-publish","hentry"],"_links":{"self":[{"href":"https:\/\/blog.uclm.es\/repmult\/wp-json\/wp\/v2\/pages\/20","targetHints":{"allow":["GET"]}}],"collection":[{"href":"https:\/\/blog.uclm.es\/repmult\/wp-json\/wp\/v2\/pages"}],"about":[{"href":"https:\/\/blog.uclm.es\/repmult\/wp-json\/wp\/v2\/types\/page"}],"author":[{"embeddable":true,"href":"https:\/\/blog.uclm.es\/repmult\/wp-json\/wp\/v2\/users\/269"}],"replies":[{"embeddable":true,"href":"https:\/\/blog.uclm.es\/repmult\/wp-json\/wp\/v2\/comments?post=20"}],"version-history":[{"count":1,"href":"https:\/\/blog.uclm.es\/repmult\/wp-json\/wp\/v2\/pages\/20\/revisions"}],"predecessor-version":[{"id":1140,"href":"https:\/\/blog.uclm.es\/repmult\/wp-json\/wp\/v2\/pages\/20\/revisions\/1140"}],"wp:attachment":[{"href":"https:\/\/blog.uclm.es\/repmult\/wp-json\/wp\/v2\/media?parent=20"}],"curies":[{"name":"wp","href":"https:\/\/api.w.org\/{rel}","templated":true}]}}