{"id":1092,"date":"2022-12-31T11:50:44","date_gmt":"2022-12-31T10:50:44","guid":{"rendered":"https:\/\/blog.uclm.es\/repmult\/?page_id=1092"},"modified":"2022-12-31T12:30:50","modified_gmt":"2022-12-31T11:30:50","slug":"mooc-esponsabilidad-penal-de-empresas-multinacionales-por-violaciones-de-derechos-humanos","status":"publish","type":"page","link":"https:\/\/blog.uclm.es\/repmult\/mooc-esponsabilidad-penal-de-empresas-multinacionales-por-violaciones-de-derechos-humanos\/","title":{"rendered":"MOOC ESPONSABILIDAD PENAL DE EMPRESAS MULTINACIONALES POR VIOLACIONES DE DERECHOS HUMANOS"},"content":{"rendered":"\n<p><strong>MOOC ESPONSABILIDAD PENAL DE EMPRESAS MULTINACIONALES POR VIOLACIONES DE DERECHOS HUMANOS<\/strong><\/p>\n\n\n\n<p>A lo largo del curso se explicar\u00e1n las cuestiones m\u00e1s importantes relativas a la relaci\u00f3n entre los derechos humanos y las empresas multinacionales. En el primer m\u00f3dulo se expone la casu\u00edstica reciente y se introduce la proyecci\u00f3n que ha adquirido el tema en el Derecho internacional para dar respuesta a las agresiones de DDHH cometidas por empresas. En el segundo m\u00f3dulo se profundiza en los conceptos de diligencia debida y cumplimiento normativo en DDHH. El tercer m\u00f3dulo se dedica a explicar la relaci\u00f3n entre las empresas multinacionales y el Derecho penal internacional. Por \u00faltimo, el cuarto m\u00f3dulo de dedica a reflexionar sobre el papel del Derecho internacional penal econ\u00f3mico y la posibilidad de establecer sanciones basadas en la justicia restaurativa corporativa.<\/p>\n\n\n\n<ul class=\"wp-block-list\">\n<li><strong><a href=\"https:\/\/blog.uclm.es\/repmult\/2022\/12\/31\/modulo-0-introduccion\/\">M\u00d3DULO 0. INTRODUCCI\u00d3N<\/a><\/strong><\/li>\n\n\n\n<li><strong><a href=\"https:\/\/blog.uclm.es\/repmult\/2022\/12\/31\/modulo-1-empresas-multinacionales-y-violaciones-derechos-humanos\/\">M\u00d3DULO 1. EMPRESAS MULTINACIONALES Y VIOLACIONES DERECHOS HUMANOS.<\/a><\/strong><\/li>\n\n\n\n<li><strong><a href=\"https:\/\/blog.uclm.es\/repmult\/2022\/12\/31\/modulo-2-diligencia-debida-y-cumplimiento-normativo-en-derechos-humanos\/\">M\u00d3DULO 2. DILIGENCIA DEBIDA Y CUMPLIMIENTO NORMATIVO EN DERECHOS HUMANOS.<\/a><\/strong><\/li>\n\n\n\n<li><strong><a href=\"https:\/\/blog.uclm.es\/repmult\/2022\/12\/31\/modulo-3-empresas-multinacionales-y-derecho-penal-internacional\/\">M\u00d3DULO 3. EMPRESAS MULTINACIONALES Y DERECHO PENAL INTERNACIONAL.<\/a><\/strong><\/li>\n\n\n\n<li><strong><a href=\"https:\/\/blog.uclm.es\/repmult\/2022\/12\/31\/modulo-4-derecho-internacional-penal-economico\/\">M\u00d3DULO 4.\u00a0 DERECHO INTERNACIONAL PENAL ECON\u00d3MICO.<\/a><\/strong><\/li>\n<\/ul>\n\n\n\n<figure class=\"wp-block-image size-full\"><img loading=\"lazy\" decoding=\"async\" width=\"700\" height=\"569\" src=\"https:\/\/blog.uclm.es\/repmult\/wp-content\/uploads\/sites\/189\/2020\/02\/ecocidio-e1581963595211.png\" alt=\"\" class=\"wp-image-550\" srcset=\"https:\/\/blog.uclm.es\/repmult\/wp-content\/uploads\/sites\/189\/2020\/02\/ecocidio-e1581963595211.png 700w, https:\/\/blog.uclm.es\/repmult\/wp-content\/uploads\/sites\/189\/2020\/02\/ecocidio-e1581963595211-300x244.png 300w\" sizes=\"auto, (max-width: 700px) 100vw, 700px\" \/><\/figure>\n","protected":false},"excerpt":{"rendered":"<p>MOOC ESPONSABILIDAD PENAL DE EMPRESAS MULTINACIONALES POR VIOLACIONES DE DERECHOS HUMANOS A lo largo del curso se explicar\u00e1n las cuestiones m\u00e1s importantes relativas a la relaci\u00f3n entre los derechos humanos y las empresas multinacionales. En el primer m\u00f3dulo se expone la casu\u00edstica reciente y se introduce la proyecci\u00f3n que ha adquirido el tema en el [&hellip;]<\/p>\n","protected":false},"author":272,"featured_media":550,"parent":0,"menu_order":0,"comment_status":"closed","ping_status":"closed","template":"","meta":{"footnotes":""},"class_list":["post-1092","page","type-page","status-publish","has-post-thumbnail","hentry"],"_links":{"self":[{"href":"https:\/\/blog.uclm.es\/repmult\/wp-json\/wp\/v2\/pages\/1092","targetHints":{"allow":["GET"]}}],"collection":[{"href":"https:\/\/blog.uclm.es\/repmult\/wp-json\/wp\/v2\/pages"}],"about":[{"href":"https:\/\/blog.uclm.es\/repmult\/wp-json\/wp\/v2\/types\/page"}],"author":[{"embeddable":true,"href":"https:\/\/blog.uclm.es\/repmult\/wp-json\/wp\/v2\/users\/272"}],"replies":[{"embeddable":true,"href":"https:\/\/blog.uclm.es\/repmult\/wp-json\/wp\/v2\/comments?post=1092"}],"version-history":[{"count":7,"href":"https:\/\/blog.uclm.es\/repmult\/wp-json\/wp\/v2\/pages\/1092\/revisions"}],"predecessor-version":[{"id":1114,"href":"https:\/\/blog.uclm.es\/repmult\/wp-json\/wp\/v2\/pages\/1092\/revisions\/1114"}],"wp:featuredmedia":[{"embeddable":true,"href":"https:\/\/blog.uclm.es\/repmult\/wp-json\/wp\/v2\/media\/550"}],"wp:attachment":[{"href":"https:\/\/blog.uclm.es\/repmult\/wp-json\/wp\/v2\/media?parent=1092"}],"curies":[{"name":"wp","href":"https:\/\/api.w.org\/{rel}","templated":true}]}}