{"id":626,"date":"2022-11-30T14:28:25","date_gmt":"2022-11-30T14:28:25","guid":{"rendered":"https:\/\/blog.uclm.es\/raulmmartin\/?page_id=626"},"modified":"2022-11-30T14:28:25","modified_gmt":"2022-11-30T14:28:25","slug":"congresos-y-conferencias","status":"publish","type":"page","link":"https:\/\/blog.uclm.es\/raulmmartin\/congresos-y-conferencias\/","title":{"rendered":"Congresos y conferencias."},"content":{"rendered":"\n<hr class=\"wp-block-separator has-alpha-channel-opacity\" \/>\n\n\n\n<p><strong>Autores<\/strong>: L\u00f3pez-Fidalgo J.,\u00a0 Mart\u00edn-Mart\u00edn, R. y Rodr\u00edguez-Hern\u00e1ndez, M.<br><strong>T\u00edtulo<\/strong>:\u00a0The EM algorithm and optimal designs for mixtures of distributions<br><strong>Tipo de participaci\u00f3n<\/strong>: Ponencia y Libro de Res\u00famenes.<br><strong>Congreso<\/strong>: ERCIM.<br><strong>Publicaci\u00f3n<\/strong>:<br><strong>Lugar celebraci\u00f3n<\/strong>: Londres<br><strong>Fecha<\/strong>: 12\/2010<\/p>\n\n\n\n<hr class=\"wp-block-separator has-alpha-channel-opacity\" \/>\n\n\n\n<p><strong>Autores<\/strong>: Fern\u00e1ndez Guerrero, M., Mart\u00edn Mart\u00edn Ra\u00fal and Rodr\u00edguez Arag\u00f3n, Licesio<br><strong>T\u00edtulo<\/strong>: Primer Dise\u00f1o D-\u00f3ptimo para reacciones enzim\u00e1ticas competitivas.<br><strong>Tipo de participaci\u00f3n<\/strong>: Ponencia y Libro de Res\u00famenes.<br><strong>Congreso<\/strong>: Primer Congreso de J\u00f3venes Investigadores en Estad\u00edstica: Dise\u00f1o de Experimentos y Bioestad\u00edstica<br><strong>Publicaci\u00f3n<\/strong>: Primer Congreso de J\u00f3venes Investigadores en Estad\u00edstica<br><strong>Lugar celebraci\u00f3n<\/strong>: Toledo<br><strong>Fecha<\/strong>: 11\/2010<\/p>\n\n\n\n<hr class=\"wp-block-separator has-alpha-channel-opacity\" \/>\n\n\n\n<p><strong>Autores<\/strong>: Mart\u00edn Mart\u00edn Ra\u00fal and Rodr\u00edguez Arag\u00f3n, Licesio<br><strong>T\u00edtulo<\/strong>: Dise\u00f1os D-\u00f3ptimos para medidas pVT<br><strong>Tipo de participaci\u00f3n<\/strong>: Ponencia y Libro de Res\u00famenes.<br><strong>Congreso<\/strong>: Primer Congreso de J\u00f3venes Investigadores en Estad\u00edstica: Dise\u00f1o de Experimentos y Bioestad\u00edstica.<br><strong>Publicaci\u00f3n<\/strong>: Primer Congreso de J\u00f3venes Investigadores en Estad\u00edstica<br><strong>Lugar celebraci\u00f3n<\/strong>: Toledo<br><strong>Fecha<\/strong>: 11\/2010<\/p>\n\n\n\n<hr class=\"wp-block-separator has-alpha-channel-opacity\" \/>\n\n\n\n<p><strong>Autores<\/strong>: Mart\u00edn Mart\u00edn Ra\u00fal, Dorta-Guerra, Roberto. y Torsney, Ben.<br><strong>T\u00edtulo<\/strong>: Dise\u00f1os \u00f3ptimos para discriminar entre dos modelos mediante el algoritmo multiplicativo<br><strong>Tipo de participaci\u00f3n<\/strong>: Ponencia y Libro de Res\u00famenes.<br><strong>Congreso<\/strong>: Primer Congreso de J\u00f3venes Investigadores en Estad\u00edstica: Dise\u00f1o de Experimentos y Bioestad\u00edstica.<br><strong>Publicaci\u00f3n<\/strong>: Primer Congreso de J\u00f3venes Investigadores en Estad\u00edstica<br><strong>Lugar celebraci\u00f3n<\/strong>: Toledo<br><strong>Fecha<\/strong>: 11\/2010<\/p>\n\n\n\n<hr class=\"wp-block-separator has-alpha-channel-opacity\" \/>\n\n\n\n<p><strong>Autores<\/strong>: Rodr\u00edguez-Hern\u00e1ndez, M., L\u00f3pez-Fidalgo J. y Mart\u00edn-Mart\u00edn, R.<br><strong>T\u00edtulo<\/strong>: Algoritmo EM y modelos de mezcla de distribuciones.<br><strong>Tipo de participaci\u00f3n<\/strong>: Ponencia y Libro de Res\u00famenes.<br><strong>Congreso<\/strong>: Primer Congreso de J\u00f3venes Investigadores en Estad\u00edstica: Dise\u00f1o de Experimentos y Bioestad\u00edstica.<br><strong>Publicaci\u00f3n<\/strong>: Primer Congreso de J\u00f3venes Investigadores en Estad\u00edstica<br><strong>Lugar celebraci\u00f3n<\/strong>: Toledo<br><strong>Fecha<\/strong>: 11\/2010<\/p>\n\n\n\n<hr class=\"wp-block-separator has-alpha-channel-opacity\" \/>\n\n\n\n<p><strong>Autores<\/strong>: L\u00f3pez-Fidalgo J.,\u00a0 Mart\u00edn-Mart\u00edn, R. y Rodr\u00edguez-Hern\u00e1ndez, M.<br><strong>T\u00edtulo<\/strong>: The EM algorithm and optimal designs for mixtures of distributions<br><strong>Tipo de participaci\u00f3n<\/strong>: Ponencia y Libro de Res\u00famenes.<br><strong>Congreso<\/strong>: International Congress of Mathematicians, 2010<br><strong>Publicaci\u00f3n<\/strong>:<br><strong>Lugar celebraci\u00f3n<\/strong>: Hyderabad (India)<br><strong>Fecha<\/strong>: 08\/2010<\/p>\n\n\n\n<hr class=\"wp-block-separator has-alpha-channel-opacity\" \/>\n\n\n\n<p><strong>Autores<\/strong>: Mart\u00edn Mart\u00edn Ra\u00fal and Rodr\u00edguez Arag\u00f3n, Licesio<br><strong>T\u00edtulo<\/strong>: D-optimal designs for pVT measurements<br><strong>Tipo de participaci\u00f3n<\/strong>: Ponencia.<br><strong>Congreso<\/strong>: mODA9- Advances in Model-Oriented Design and Analysis.<br><strong>Publicaci\u00f3n<\/strong>:<br><strong>Lugar celebraci\u00f3n<\/strong>: Bertinoro (Italia)<br><strong>Fecha<\/strong>: 06\/2010<\/p>\n\n\n\n<hr class=\"wp-block-separator has-alpha-channel-opacity\" \/>\n\n\n\n<p><strong>Autores<\/strong>: L\u00f3pez-Fidalgo, J., Mart\u00edn Mart\u00edn R. y Rodr\u00edguez Hern\u00e1ndez, M.<br><strong>T\u00edtulo<\/strong>: Optimal designs for mixtures of discrete distributions.<br><strong>Tipo de participaci\u00f3n<\/strong>: Ponencia<br><strong>Congreso<\/strong>: XXXII Congreso Nacional de Estad\u00edstica e Investigaci\u00f3n Operativa<br><strong>Publicaci\u00f3n<\/strong>: XXXII Congreso Nacional de Estad\u00edstica e Investigaci\u00f3n Operativa, Libro de Res\u00famenes<br><strong>Lugar celebraci\u00f3n<\/strong>: A Coru\u00f1a, Spain<br><strong>Fecha<\/strong>: 09\/2010<\/p>\n\n\n\n<hr class=\"wp-block-separator has-alpha-channel-opacity\" \/>\n\n\n\n<p><strong>Autores<\/strong>: Fern\u00e1ndez-Guerrero, M., Mart\u00edn Mart\u00edn R. y Rodr\u00edguez Arag\u00f3n, L.<br><strong>T\u00edtulo<\/strong>: Dise\u00f1os \u00d3ptimos para Cin\u00e9ticas Enzim\u00e1ticas.<br><strong>Tipo de participaci\u00f3n<\/strong>: Ponencia<br><strong>Congreso<\/strong>: XXXII Congreso Nacional de Estad\u00edstica e Investigaci\u00f3n Operativa<br><strong>Publicaci\u00f3n<\/strong>: XXXII Congreso Nacional de Estad\u00edstica e Investigaci\u00f3n Operativa, Libro de Res\u00famenes<br><strong>Lugar celebraci\u00f3n<\/strong>: A Coru\u00f1a, Spain<br><strong>Fecha<\/strong>: 09\/2010<\/p>\n\n\n\n<hr class=\"wp-block-separator has-alpha-channel-opacity\" \/>\n\n\n\n<p><strong>Autores<\/strong>: Mart\u00edn Mart\u00edn Ra\u00fal and Rodr\u00edguez Arag\u00f3n, Licesio<br><strong>T\u00edtulo<\/strong>: Algoritmo Multiplicativo: Dise\u00f1os \u00f3ptimos para modelos de dos factores.<br><strong>Tipo de participaci\u00f3n<\/strong>: Ponencia y Libro de Res\u00famenes.<br><strong>Congreso<\/strong>: Primer Simposio Iberoamericano en Dise\u00f1o de Experimentos, SIDE\u201909<br><strong>Publicaci\u00f3n<\/strong>: Simposio Iberoamericano en Dise\u00f1o de Experimentos<br><strong>Lugar celebraci\u00f3n<\/strong>: Guanajuato (M\u00e9xico)<br><strong>Fecha<\/strong>: 11\/2009<\/p>\n\n\n\n<hr class=\"wp-block-separator has-alpha-channel-opacity\" \/>\n\n\n\n<p><strong>Autores<\/strong>: Mart\u00edn Mart\u00edn R. y Rodr\u00edguez Arag\u00f3n L.<br><strong>T\u00edtulo<\/strong>: Multiplicative Algorithms: A method used in optimal experimental design for two factor models.<br><strong>Tipo de participaci\u00f3n<\/strong>: Ponencia invitada y Libro de Res\u00famenes.<br><strong>Congreso<\/strong>: INTERNATIONAL CHINESE STATISTICAL ASSOCIATION 2009, Applied Statistics Symposium<br><strong>Publicaci\u00f3n<\/strong>: 2009, International Chinese Statistical Association Abstracts<br><strong>Lugar celebraci\u00f3n<\/strong>: San Francisco (EEUU)<br><strong>Fecha<\/strong>: 06\/2009<\/p>\n\n\n\n<hr class=\"wp-block-separator has-alpha-channel-opacity\" \/>\n\n\n\n<p><strong>Autores<\/strong>: Mart\u00edn Mart\u00edn R. y Rodr\u00edguez Arag\u00f3n L.<br><strong>T\u00edtulo<\/strong>: Dise\u00f1o \u00f3ptimo de experimentos para la ecuaci\u00f3n de Tait y medidas pVT.<br><strong>Tipo de participaci\u00f3n<\/strong>: Ponencia<br><strong>Congreso<\/strong>: XXXI Congreso Nacional de Estad\u00edstica e Investigaci\u00f3n Operativa<br><strong>Publicaci\u00f3n<\/strong>: XXXI Congreso Nacional de Estad\u00edstica e Investigaci\u00f3n Operativa, Libro de Res\u00famenes<br><strong>Lugar celebraci\u00f3n<\/strong>: Murcia, Spain<br><strong>Fecha<\/strong>: 2009<\/p>\n\n\n\n<hr class=\"wp-block-separator has-alpha-channel-opacity\" \/>\n\n\n\n<p><strong>Autores<\/strong>: Mart\u00edn Mart\u00edn R., Dorta Guerra, R. y Torsney, B.<br><strong>T\u00edtulo<\/strong>: Multiplicative algorithms for the construction of optimum designs of experiments for discriminating between two rival models.<br><strong>Tipo de participaci\u00f3n<\/strong>: Ponencia<br><strong>Congreso<\/strong>: The Pyreness International Workshop on Statistics, Probability and Operation Research, SPO 2009<br><strong>Publicaci\u00f3n<\/strong>: Programas y Res\u00famenes<br><strong>Lugar <\/strong>celebraci\u00f3n: Jaca, Spain<br><strong>Fecha<\/strong>: 2009<\/p>\n\n\n\n<hr class=\"wp-block-separator has-alpha-channel-opacity\" \/>\n\n\n\n<p><strong>Autores<\/strong>: Mart\u00edn Mart\u00edn R. and Rodr\u00edguez Arag\u00f3n L.<\/p>\n\n\n\n<p><strong>T\u00edtulo<\/strong>: Optimum Designs for PVT measurements<br><strong>Tipo de participaci\u00f3n<\/strong>: Ponencia<br><strong>Congreso<\/strong>: Tenth International Conference Zaragoza-Pau on Applied Mathematics and Statistics<br><strong>Publicaci\u00f3n<\/strong>: Tenth International Conference Zaragoza-Pau on Applied Mathematics and Statistics, Programas y Res\u00famenes.<br><strong>Lugar celebraci\u00f3n<\/strong>: Jaca, Spain<br><strong>Fecha<\/strong>: 09\/2008<\/p>\n\n\n\n<hr class=\"wp-block-separator has-alpha-channel-opacity\" \/>\n\n\n\n<p><strong>Autores<\/strong>: Torsney B. and Mart\u00edn Mart\u00edn R.<br><strong>T\u00edtulo<\/strong>: Design, Construction and Optimality<br><strong>Tipo de participaci\u00f3n<\/strong>: Ponencia<br><strong>Congreso<\/strong>: DEMA 2008<br><strong>Lugar celebraci\u00f3n<\/strong>: Cambridge, United Kingdom<br><strong>Fecha<\/strong>: 2008<\/p>\n\n\n\n<hr class=\"wp-block-separator has-alpha-channel-opacity\" \/>\n\n\n\n<p><strong>Autores<\/strong>: L\u00f3pez Fidalgo J, Mart\u00edn Mart\u00edn R. and Sthel\u00edk M.<br><strong>T\u00edtulo<\/strong>: Construction of marginally restricted D-optimal designs for correlated observations<br><strong>Tipo de participaci\u00f3n<\/strong>: Ponencia y Libro de Res\u00famenes.<br><strong>Congreso<\/strong>: 8th Model Oriented Design and Analysis International Workshop<br><strong>Publicaci\u00f3n<\/strong>: 8th Model Oriented Design and Analysis International Workshop Programme and Abstracts<br><strong>Lugar celebraci\u00f3n<\/strong>: Almagro, Spain<br><strong>Fecha<\/strong>: 06\/2007<\/p>\n\n\n\n<hr class=\"wp-block-separator has-alpha-channel-opacity\" \/>\n\n\n\n<p><strong>Autores<\/strong>: Mart\u00edn Mart\u00edn R. , L\u00f3pez Fidalgo J. and Wiens P.<br><strong>T\u00edtulo<\/strong>: Sequential Marginally Restricted Designs<br><strong>Tipo de participaci\u00f3n<\/strong>: Ponencia<br><strong>Congreso<\/strong>: 1st Spanish-British Workshop on Optimal Design<br><strong>Lugar celebraci\u00f3n<\/strong>: Salamanca, Spain<br><strong>Fecha<\/strong>: 2007<\/p>\n\n\n\n<hr class=\"wp-block-separator has-alpha-channel-opacity\" \/>\n\n\n\n<p><strong>Autores<\/strong>: L\u00f3pez Fidalgo J, Mart\u00edn Mart\u00edn R. and Sthel\u00edk M.<br><strong>T\u00edtulo<\/strong>: Dise\u00f1os D-\u00f3ptimos con observaciones correladas para modelos con variables no controlables<br><strong>Tipo de participaci\u00f3n<\/strong>: Ponencia<br><strong>Congreso<\/strong>: XXX Congreso Nacional de Estasd\u00edstica e Investigaci\u00f3n Operativa<br><strong>Publicaci\u00f3n<\/strong>: XXX Congreso Nacional de Estad\u00edstica e Investigaci\u00f3n Operativa, Libro de Res\u00famenes<br><strong>Lugar celebraci\u00f3n<\/strong>: Valladolid, Spain<br><strong>Fecha<\/strong>: 2007<\/p>\n\n\n\n<hr class=\"wp-block-separator has-alpha-channel-opacity\" \/>\n\n\n\n<p><strong>Autores<\/strong>: Garcet Rodr\u00edguez S., L\u00f3pez-Fidalgo J. and Mart\u00edn Mart\u00edn R.<br><strong>T\u00edtulo<\/strong>: Some complexity in optimal designs introduced by real life examples<br><strong>Tipo de participaci\u00f3n<\/strong>: Ponencia invitada<br><strong>Congreso<\/strong>: 5th International Conference Probastat\u00a0 2006<br><strong>Publicaci\u00f3n<\/strong>: Tatra Mountains Mathematical Publications<br><strong>Lugar celebraci\u00f3n<\/strong>: Smolenice, Eslovaquia<br><strong>Fecha<\/strong>: 2006<\/p>\n\n\n\n<hr class=\"wp-block-separator has-alpha-channel-opacity\" \/>\n\n\n\n<p><strong>Autores<\/strong>: L\u00f3pez Fidalgo J, Mart\u00edn Mart\u00edn R. and Torsney B.<br><strong>T\u00edtulo<\/strong>: Construction of marginally and conditionally restricted designs in uranium production<br><strong>Tipo de participaci\u00f3n<\/strong>: Ponencia<br><strong>Congreso<\/strong>: Designed experiments: Recent advances in methods and applications DEMA2006<br><strong>Lugar celebraci\u00f3n<\/strong>: Southampton, Reino Unido<br><strong>Fecha<\/strong>: 2006<\/p>\n\n\n\n<p><strong>Autores<\/strong>: Mart\u00edn Mart\u00edn R. y L\u00f3pez-Fidalgo J.<br><strong>T\u00edtulo<\/strong>: Marginally Restricted D-Optimal Designs\u00a0 for Linear Regression Models.<br><strong>Tipo de participaci\u00f3n<\/strong>: Contributed lecture<br><strong>Congreso<\/strong>: 25th European Meeting of Statisticians<br><strong>Publicaci\u00f3n<\/strong>: Actas<br><strong>Lugar celebraci\u00f3n<\/strong>: Oslo<br><strong>Fecha<\/strong>: 07\/2005<\/p>\n\n\n\n<hr class=\"wp-block-separator has-alpha-channel-opacity\" \/>\n\n\n\n<p><strong>Autores<\/strong>: Ignacio Ballesteros, Jes\u00fas L\u00f3pez Fidalgo, Ra\u00fal Mart\u00edn-Mart\u00edn y Ben Torsney<br><strong>T\u00edtulo<\/strong>: Construction of Marginally and Conditionally Restricted Designs in Uranium Production<br><strong>Tipo de participaci\u00f3n<\/strong>: Oral.<br><strong>Congreso<\/strong>: For the Fifth Annual ENBIS Conference.<br><strong>Lugar celebraci\u00f3n<\/strong>: New Castle<br><strong>Fecha<\/strong>: 2005<\/p>\n\n\n\n<hr class=\"wp-block-separator has-alpha-channel-opacity\" \/>\n\n\n\n<p><strong>Autores<\/strong>: Mart\u00edn Mart\u00edn Ra\u00fal<br><strong>T\u00edtulo<\/strong>: Dise\u00f1o Marginal y Condicionalmente Restringidos con Datos Perdidos<br><strong>Tipo de participaci\u00f3n<\/strong>: Comunicaci\u00f3n Oral<br><strong>Congreso<\/strong>: I Workshop Nacional sobre Dise\u00f1o \u00d3ptimo de Experimentos<br><strong>Lugar celebraci\u00f3n<\/strong>: Almer\u00eda<br><strong>Fecha<\/strong>: 02\/2004<\/p>\n\n\n\n<hr class=\"wp-block-separator has-alpha-channel-opacity\" \/>\n\n\n\n<p><strong>Autores<\/strong>:\u00a0 Chamorro A. J., Fraile E., Garc\u00eda J., Revuelta I., Marcos M., S\u00e1nchez J.C., Mart\u00edn Mart\u00edn R., Luna G., y Garc\u00eda J.E.<br><strong>T\u00edtulo<\/strong>: Retrospective Study of Pseudomonas Aeruginosa Bacterimia in 54 patients.<br><strong>Tipo de participaci\u00f3n<\/strong>: P\u00f3ster<br><strong>Congreso<\/strong>: 27th World Congress of Internal Medicine<br><strong>Lugar celebraci\u00f3n<\/strong>: Granada<br><strong>Fecha<\/strong>: 2004<\/p>\n\n\n\n<hr class=\"wp-block-separator has-alpha-channel-opacity\" \/>\n\n\n\n<p><strong>Autores<\/strong>: Chamorro A.J., Marcos M., Revuelta I., Garc\u00eda J., Del Valle M., Piedra I., Mart\u00edn R., Mor\u00ed\u00f1igo J.L., Luna G. y Pastor I.<br><strong>T\u00edtulo<\/strong>: Role of Miocardial Proteins and C-Reactive Protein in Determinaing Severity and Prognosis of Acute Congestive Herat Failure Patients.<br><strong>Tipo de participaci\u00f3n<\/strong>: P\u00f3ster<br><strong>Congreso<\/strong>: 27th World Congress of Internal Medicine<br><strong>Lugar celebraci\u00f3n<\/strong>: Granada<br><strong>Fecha<\/strong>: 2004<\/p>\n\n\n\n<hr class=\"wp-block-separator has-alpha-channel-opacity\" \/>\n\n\n\n<p><strong>Autores<\/strong>: Mart\u00edn Mart\u00edn R. y L\u00f3pez-Fidalgo J.<br><strong>T\u00edtulo<\/strong>: Dise\u00f1os D-\u00f3ptimos Marginalmente Restringidos en modelos de regresi\u00f3n lineal.<br><strong>Tipo de participaci\u00f3n<\/strong>: Comunicaci\u00f3n oral<br><strong>Congreso<\/strong>: XXX Congreso Nacional de Estasd\u00edstica e Investigaci\u00f3n Operativa<br><strong>Publicaci\u00f3n<\/strong>: XXX Congreso Nacional de Estad\u00edstica e Investigaci\u00f3n Operativa, Libro de Res\u00famenes<br><strong>Lugar celebraci\u00f3n<\/strong>: C\u00e1diz, Spain<br><strong>Fecha<\/strong>: 2004<\/p>\n","protected":false},"excerpt":{"rendered":"<p>Autores: L\u00f3pez-Fidalgo J.,\u00a0 Mart\u00edn-Mart\u00edn, R. y Rodr\u00edguez-Hern\u00e1ndez, M.T\u00edtulo:\u00a0The EM algorithm and optimal designs for mixtures of distributionsTipo de participaci\u00f3n: Ponencia y Libro de Res\u00famenes.Congreso: ERCIM.Publicaci\u00f3n:Lugar celebraci\u00f3n: LondresFecha: 12\/2010 Autores: Fern\u00e1ndez Guerrero, M., Mart\u00edn Mart\u00edn Ra\u00fal and Rodr\u00edguez Arag\u00f3n, LicesioT\u00edtulo: Primer Dise\u00f1o D-\u00f3ptimo para reacciones enzim\u00e1ticas competitivas.Tipo de participaci\u00f3n: Ponencia y Libro de Res\u00famenes.Congreso: Primer Congreso &hellip; <a href=\"https:\/\/blog.uclm.es\/raulmmartin\/congresos-y-conferencias\/\" class=\"more-link\">Sigue leyendo <span class=\"screen-reader-text\">Congresos y conferencias.<\/span><\/a><\/p>\n","protected":false},"author":163,"featured_media":0,"parent":0,"menu_order":0,"comment_status":"closed","ping_status":"closed","template":"","meta":{"footnotes":""},"class_list":["post-626","page","type-page","status-publish","hentry"],"_links":{"self":[{"href":"https:\/\/blog.uclm.es\/raulmmartin\/wp-json\/wp\/v2\/pages\/626","targetHints":{"allow":["GET"]}}],"collection":[{"href":"https:\/\/blog.uclm.es\/raulmmartin\/wp-json\/wp\/v2\/pages"}],"about":[{"href":"https:\/\/blog.uclm.es\/raulmmartin\/wp-json\/wp\/v2\/types\/page"}],"author":[{"embeddable":true,"href":"https:\/\/blog.uclm.es\/raulmmartin\/wp-json\/wp\/v2\/users\/163"}],"replies":[{"embeddable":true,"href":"https:\/\/blog.uclm.es\/raulmmartin\/wp-json\/wp\/v2\/comments?post=626"}],"version-history":[{"count":2,"href":"https:\/\/blog.uclm.es\/raulmmartin\/wp-json\/wp\/v2\/pages\/626\/revisions"}],"predecessor-version":[{"id":628,"href":"https:\/\/blog.uclm.es\/raulmmartin\/wp-json\/wp\/v2\/pages\/626\/revisions\/628"}],"wp:attachment":[{"href":"https:\/\/blog.uclm.es\/raulmmartin\/wp-json\/wp\/v2\/media?parent=626"}],"curies":[{"name":"wp","href":"https:\/\/api.w.org\/{rel}","templated":true}]}}