{"id":621,"date":"2022-11-30T13:54:21","date_gmt":"2022-11-30T13:54:21","guid":{"rendered":"https:\/\/blog.uclm.es\/raulmmartin\/?page_id=621"},"modified":"2022-11-30T14:05:18","modified_gmt":"2022-11-30T14:05:18","slug":"proyectos-de-investigacion","status":"publish","type":"page","link":"https:\/\/blog.uclm.es\/raulmmartin\/proyectos-de-investigacion\/","title":{"rendered":"Proyectos de investigaci\u00f3n"},"content":{"rendered":"\n<hr class=\"wp-block-separator has-alpha-channel-opacity\" \/>\n\n\n\n<p><strong>Title<\/strong>: Dise\u00f1o \u00f3ptimo de experimentos aplicado a la industria agroalimentaria, farmac\u00e9utica y metalmec\u00e1nica.<br><strong>Principal Investigator:<\/strong>&nbsp;Dr. Ra\u00fal Mart\u00edn Mart\u00edn (UCLM) y&nbsp;Dr. Mariano Amo Salas (UCLM).<br><strong>Funding Agency:<\/strong>&nbsp;Junta de Comunidades de Castilla-La Mancha.<br><strong>Period:&nbsp;<\/strong>2018-2021.<\/p>\n\n\n\n<hr class=\"wp-block-separator has-alpha-channel-opacity\" \/>\n\n\n\n<p><strong>Title<\/strong>: Dise\u00f1o \u00f3ptimo de experimentos aplicado a la salud y a la investigaci\u00f3n en seguridad.<br><strong>Principal Investigator:<\/strong>&nbsp;Dr. Ra\u00fal Mart\u00edn Mart\u00edn (UCLM) y&nbsp;Dr. Mariano Amo Salas (UCLM).<br><strong>Funding Agency:<\/strong>&nbsp;Ministerio de Econom\u00eda y Competitividad.<br><strong>Period:&nbsp;<\/strong>2017-2020.<\/p>\n\n\n\n<hr class=\"wp-block-separator has-alpha-channel-opacity\" \/>\n\n\n\n<p><strong>Title<\/strong>: Dise\u00f1os experimentales para modelos no lineales de las ciencias experimentales y de la ingenier\u00eda.<br><strong>Principal Investigator:<\/strong>&nbsp;Prof. Jes\u00fas L\u00f3pez Fidalgo (UCLM).<br><strong>Funding Agency:<\/strong>&nbsp;Ministerio de Econom\u00eda y Competitividad.<br><strong>Period:&nbsp;<\/strong>2014-2017.<\/p>\n\n\n\n<hr class=\"wp-block-separator has-alpha-channel-opacity\" \/>\n\n\n\n<p><strong>Title<\/strong>: Dise\u00f1o \u00f3ptimo de experimentos para modelos no lineales con aplicaciones a la bioestad\u00edstica, medioambiente, biocin\u00e9tica, ingenier\u00eda, ciencias agrarias y ciencias sociales.<br><strong>Principal Investigator<\/strong>: Prof. Jes\u00fas L\u00f3pez-Fidalgo (UCLM) and Dr. Isabel Ort\u00edz Rodr\u00edguez (UAL).<br><strong>Funding Agency<\/strong>: Ministerio de Educaci\u00f3n y Ciencia.<br><strong>Period<\/strong>: 2011-2013.<\/p>\n\n\n\n<hr class=\"wp-block-separator has-alpha-channel-opacity\" \/>\n\n\n\n<p><strong>Title<\/strong>: Construcci\u00f3n de dise\u00f1os \u00f3ptimos de experimentos para modelos no lineales.<br><strong>Principal Investigator<\/strong>: Prof. Jes\u00fas L\u00f3pez Fidalgo.<br><strong>Funding Agency<\/strong>: Junta de Comunidades de Castilla-La Mancha.<br><strong>Period<\/strong>: 2010-2013.<\/p>\n\n\n\n<hr class=\"wp-block-separator has-alpha-channel-opacity\" \/>\n\n\n\n<p><strong>T\u00edtulo del proyecto<\/strong>: Dise\u00f1os Experimentales para modelos no lineales de las ciencias experimentales y de la ingenier\u00eda.<br><strong>REFERENCIA<\/strong>: MTM2010-20774-C03-01<br><strong>Entidad financiadora<\/strong>: Ministerio de Ciencia e Innovaci\u00f3n<br><strong>Investigador responsable<\/strong>: Dr. Jes\u00fas L\u00f3pez Fidalgo<\/p>\n\n\n\n<hr class=\"wp-block-separator has-alpha-channel-opacity\" \/>\n\n\n\n<p><strong>T\u00edtulo del proyecto<\/strong>: Medici\u00f3n de aprendizaje matem\u00e1tico de los alumnos de 2\u00ba y3\u00ba de educaci\u00f3n infantil y 1\u00ba y 2\u00ba de primaria. An\u00e1lisis de los factores que influyen en su conocimiento. (Proyecto de cooperaci\u00f3n en materia de innovaci\u00f3n e investigaci\u00f3n.<br><strong>Entidad financiadora<\/strong>: Junta de Comunidades de Castilla \u2013 La Mancha<br><strong>Investigador responsable<\/strong>: Dr. Ra\u00fal Mart\u00edn-Mart\u00edn<\/p>\n\n\n\n<hr class=\"wp-block-separator has-alpha-channel-opacity\" \/>\n\n\n\n<p><strong>T\u00edtulo del proyecto<\/strong>: Construcci\u00f3n de Dise\u00f1os \u00d3ptimos de Experimentos para modelos no\u00a0 lineales.<br><strong>Entidad financiadora<\/strong>: Junta de Comunidades de Castilla \u2013 La Mancha<br><strong>Investigador responsable<\/strong>: Dr. Jes\u00fas L\u00f3pez Fidalgo<\/p>\n\n\n\n<hr class=\"wp-block-separator has-alpha-channel-opacity\" \/>\n\n\n\n<p><strong>T\u00edtulo del proyecto<\/strong>: Primer Congreso de J\u00f3venes Investigadores en Estad\u00edstica. Dise\u00f1o de Experimentos (Acci\u00f3n Especial)<br><strong>Entidad financiadora<\/strong>: Junta de Comunidades de Castilla-La Mancha<br><strong>Investigador responsable<\/strong>: Dr. Ra\u00fal Mart\u00edn-Mart\u00edn<\/p>\n\n\n\n<hr class=\"wp-block-separator has-alpha-channel-opacity\" \/>\n\n\n\n<p><strong>T\u00edtulo del proyecto<\/strong>: Aplicaciones del Dise\u00f1o \u00d3ptimo de Experimentos.<br><strong>Entidad financiadora<\/strong>: Universidad de Castilla-La Mancha<br><strong>Investigador responsable<\/strong>: Dr. Licesio J. Rodr\u00edguez-Arag\u00f3n<\/p>\n\n\n\n<hr class=\"wp-block-separator has-alpha-channel-opacity\" \/>\n\n\n\n<p><strong>T\u00edtulo del proyecto<\/strong>: Dise\u00f1o \u00f3ptimo de experimentos para modelos no lineales con aplicaciones a la bioestad\u00edstica, medioambiente, biocin\u00e9tica, ingenier\u00eda, ciencias agrarias y ciencias sociales.<br><strong>Entidad financiadora<\/strong>: Ministerio de Educaci\u00f3n y Ciencia<br><strong>Investigador responsable<\/strong>: Dr. Jes\u00fas L\u00f3pez Fidalgo<\/p>\n\n\n\n<hr class=\"wp-block-separator has-alpha-channel-opacity\" \/>\n\n\n\n<p><strong>T\u00edtulo del proyecto<\/strong>: Algoritmos para la construcci\u00f3n de dise\u00f1os \u00f3ptimos de experimentos con y sin restricciones<br><strong>Entidad financiadora<\/strong>: Universidad de Castilla-La Mancha<br><strong>Investigador responsable<\/strong>: Dr. Ra\u00fal Mart\u00edn Mart\u00edn<\/p>\n\n\n\n<hr class=\"wp-block-separator has-alpha-channel-opacity\" \/>\n\n\n\n<p><strong>T\u00edtulo del proyecto<\/strong>: Construcci\u00f3n de Dise\u00f1os \u00d3ptimos de Experimentos para modelos no\u00a0 lineales<br><strong>Entidad financiadora<\/strong>: Junta de Comunidades de Castilla \u2013 La Mancha<br><strong>Investigador responsable<\/strong>: Dr. Jes\u00fas L\u00f3pez Fidalgo<\/p>\n\n\n\n<hr class=\"wp-block-separator has-alpha-channel-opacity\" \/>\n\n\n\n<p><strong>T\u00edtulo del proyecto<\/strong>: Model Oriented Design and Analysi<br><strong>Entidad financiadora<\/strong>: Ministerio de Educaci\u00f3n y Ciencia (Acci\u00f3n Complementaria)<br><strong>Investigador responsable<\/strong>: Dr. Jes\u00fas L\u00f3pez Fidalgo<\/p>\n\n\n\n<hr class=\"wp-block-separator has-alpha-channel-opacity\" \/>\n\n\n\n<p><strong>T\u00edtulo del proyecto<\/strong>: VIII Model Oriented Design and Analysis<br><strong>Entidad financiadora<\/strong>: Junta de Comunidades de Castilla-La Mancha (Acci\u00f3n Especial)<br><strong>Investigador responsable<\/strong>: Dr. Jes\u00fas L\u00f3pez Fidalgo<\/p>\n\n\n\n<hr class=\"wp-block-separator has-alpha-channel-opacity\" \/>\n\n\n\n<p><strong>T\u00edtulo del proyecto<\/strong>: Planificaci\u00f3n ECTS en primero de las tres ingenier\u00edas en inform\u00e1tica y en cuarto de la ingenier\u00eda superior<br><strong>Entidad financiadora<\/strong>: Universidad de Castilla-La Mancha<br><strong>Investigador responsable<\/strong>: Dr. Eduardo Fern\u00e1ndez-Medina Pat\u00f3n<\/p>\n\n\n\n<hr class=\"wp-block-separator has-alpha-channel-opacity\" \/>\n\n\n\n<p><strong>T\u00edtulo del proyecto<\/strong>: Ingenio Mathematica (i-math)<br><strong>Entidad financiadora<\/strong>: Ministerio de Educaci\u00f3n y Ciencia (CSD2006-32.)<br><strong>Investigador responsable<\/strong>: Dr. Enrique Zuazua Iriondo, J.L. Fidalgo (+243 grupos de investigaci\u00f3n)<\/p>\n\n\n\n<hr class=\"wp-block-separator has-alpha-channel-opacity\" \/>\n\n\n\n<p><strong>T\u00edtulo del proyecto<\/strong>: Procesamiento Autom\u00e1tico y controlado en trastornos asociados al estr\u00e9s<br><strong>Entidad financiadora<\/strong>: Universidad Pontificia de Salamanca<br><strong>Investigador responsable<\/strong>: Dr. Alfonso Salgado Ru\u00edz<\/p>\n\n\n\n<hr class=\"wp-block-separator has-alpha-channel-opacity\" \/>\n\n\n\n<p><strong>T\u00edtulo del proyecto<\/strong>: Condicionamiento cl\u00e1sico y bulimia nerviosa: Desarrollo y evaluaci\u00f3n de un protocolo de intervenci\u00f3n sobre la reactividad emocional ante las clases asociadas al atrac\u00f3n.<br><strong>Entidad financiadora<\/strong>: Junta de Castilla y Le\u00f3n<br><strong>Investigador responsable<\/strong>: Jos\u00e9 Ram\u00f3n Yela Bernab\u00e9<\/p>\n\n\n\n<hr class=\"wp-block-separator has-alpha-channel-opacity\" \/>\n\n\n\n<p><strong>T\u00edtulo del proyecto<\/strong>: Abordaje psicol\u00f3gico de los trastornos de la conducta alimentaria con episodios de atrac\u00f3n: condicionamientos cl\u00e1sico y exposici\u00f3n a claves contextuales<br><strong>Entidad financiadora<\/strong>: Universidad Pontificia de Salamanca<br><strong>Investigador responsable<\/strong>: Jos\u00e9 Ram\u00f3n Yela Bernab\u00e9<\/p>\n\n\n\n<hr class=\"wp-block-separator has-alpha-channel-opacity\" \/>\n\n\n\n<p><strong>T\u00edtulo del proyecto<\/strong>: Algorithms for computing experimental design for uncontrolled independent variables<br><strong>Entidad financiadora<\/strong>: Ministerio de Ciencia y Tecnolog\u00eda (HU 2003-0026) (Acci\u00f3n Integrada)<br><strong>Investigador responsable<\/strong>: Jes\u00fas L\u00f3pez Fidalgo (ip espa\u00f1ol ); Werner M\u00fcller (ip austriaco)<\/p>\n\n\n\n<hr class=\"wp-block-separator has-alpha-channel-opacity\" \/>\n\n\n\n<p><strong>T\u00edtulo del proyecto<\/strong>: Proyecto Rice II<br><strong>Entidad financiadora<\/strong>: Ministerio de Educaci\u00f3n y Ciencia<\/p>\n","protected":false},"excerpt":{"rendered":"<p>Title: Dise\u00f1o \u00f3ptimo de experimentos aplicado a la industria agroalimentaria, farmac\u00e9utica y metalmec\u00e1nica.Principal Investigator:&nbsp;Dr. Ra\u00fal Mart\u00edn Mart\u00edn (UCLM) y&nbsp;Dr. Mariano Amo Salas (UCLM).Funding Agency:&nbsp;Junta de Comunidades de Castilla-La Mancha.Period:&nbsp;2018-2021. Title: Dise\u00f1o \u00f3ptimo de experimentos aplicado a la salud y a la investigaci\u00f3n en seguridad.Principal Investigator:&nbsp;Dr. Ra\u00fal Mart\u00edn Mart\u00edn (UCLM) y&nbsp;Dr. Mariano Amo Salas (UCLM).Funding Agency:&nbsp;Ministerio &hellip; <a href=\"https:\/\/blog.uclm.es\/raulmmartin\/proyectos-de-investigacion\/\" class=\"more-link\">Sigue leyendo <span class=\"screen-reader-text\">Proyectos de investigaci\u00f3n<\/span><\/a><\/p>\n","protected":false},"author":163,"featured_media":0,"parent":0,"menu_order":0,"comment_status":"closed","ping_status":"closed","template":"","meta":{"footnotes":""},"class_list":["post-621","page","type-page","status-publish","hentry"],"_links":{"self":[{"href":"https:\/\/blog.uclm.es\/raulmmartin\/wp-json\/wp\/v2\/pages\/621","targetHints":{"allow":["GET"]}}],"collection":[{"href":"https:\/\/blog.uclm.es\/raulmmartin\/wp-json\/wp\/v2\/pages"}],"about":[{"href":"https:\/\/blog.uclm.es\/raulmmartin\/wp-json\/wp\/v2\/types\/page"}],"author":[{"embeddable":true,"href":"https:\/\/blog.uclm.es\/raulmmartin\/wp-json\/wp\/v2\/users\/163"}],"replies":[{"embeddable":true,"href":"https:\/\/blog.uclm.es\/raulmmartin\/wp-json\/wp\/v2\/comments?post=621"}],"version-history":[{"count":4,"href":"https:\/\/blog.uclm.es\/raulmmartin\/wp-json\/wp\/v2\/pages\/621\/revisions"}],"predecessor-version":[{"id":623,"href":"https:\/\/blog.uclm.es\/raulmmartin\/wp-json\/wp\/v2\/pages\/621\/revisions\/623"}],"wp:attachment":[{"href":"https:\/\/blog.uclm.es\/raulmmartin\/wp-json\/wp\/v2\/media?parent=621"}],"curies":[{"name":"wp","href":"https:\/\/api.w.org\/{rel}","templated":true}]}}