{"id":614,"date":"2022-11-30T13:48:00","date_gmt":"2022-11-30T13:48:00","guid":{"rendered":"https:\/\/blog.uclm.es\/raulmmartin\/?page_id=614"},"modified":"2022-11-30T15:50:01","modified_gmt":"2022-11-30T15:50:01","slug":"publicaciones","status":"publish","type":"page","link":"https:\/\/blog.uclm.es\/raulmmartin\/publicaciones\/","title":{"rendered":"Publicaciones (Revistas y Libros)"},"content":{"rendered":"\n<hr class=\"wp-block-separator has-alpha-channel-opacity\" \/>\n\n\n\n<p>J. L\u00d3PEZ-FIDALGO, R. MARTIN, M. RODR\u00cdGUEZ-HERN\u00c1NDEZ (2019).&nbsp;Estimators and D-optimal experimental designs for mixtures of binary responses.&nbsp;<em>Communication in Statistics \u2013 Simulation and Computation.<\/em><\/p>\n\n\n\n<p class=\"has-dark-gray-color has-text-color\">(<a href=\"https:\/\/www.tandfonline.com\/doi\/full\/10.1080\/03610918.2019.1672738\" target=\"_blank\" rel=\"noreferrer noopener\">doi link<\/a>).<\/p>\n\n\n\n<hr class=\"wp-block-separator has-alpha-channel-opacity\" \/>\n\n\n\n<p>I. YUSTRES, J. SANTOS DEL CERRO, R. MART\u00cdN, F. GONZ\u00c1LEZ-MOH\u00cdNO, O. LOGAN, J.M. GONZ\u00c1LEZ-RAV\u00c9. (2019).&nbsp;Influence of early specialization in world-ranked swimmers and general patterns to success.<em>PLoS ONE<\/em>14(6): e0218601.<\/p>\n\n\n\n<p>(<a href=\"https:\/\/journals.plos.org\/plosone\/article?id=10.1371\/journal.pone.0218601\" target=\"_blank\" rel=\"noreferrer noopener\">doi link<\/a>).<\/p>\n\n\n\n<hr class=\"wp-block-separator has-alpha-channel-opacity\" \/>\n\n\n\n<p>R. MART\u00cdN, I. GARC\u00cdA CAMACHA, B. TORSNEY (2019).&nbsp;Efficient algorithms for constructing D- and&nbsp;I-optimal exact designs for linear and non-linear models in mixture experiments.&nbsp;<em>Statistics and Operations Research Transactions (SORT)&nbsp;<\/em>43 (1), 163-190.<\/p>\n\n\n\n<p>(<a href=\"https:\/\/www.idescat.cat\/sort\/sort431\/43.1.8.martin-etal.pdf\" target=\"_blank\" rel=\"noreferrer noopener\">doi link<\/a>).<\/p>\n\n\n\n<hr class=\"wp-block-separator has-alpha-channel-opacity\" \/>\n\n\n\n<p>F.A. FERN\u00c1NDEZ, R. MART\u00cdN-MART\u00cdN, I. GARC\u00cdA-CAMACHA, D. JU\u00c1REZ, P. FIDEL, J.M. GONZ\u00c1LEZ-RAV\u00c9 (2019). Medium term effects of physical conditioning on breath-hold diving performance.&nbsp;<em>Respiratory Physiology &amp; Neurobiology.<\/em><\/p>\n\n\n\n<p>(<a href=\"https:\/\/www.sciencedirect.com\/science\/article\/abs\/pii\/S1569904818301393?via%3Dihub\" target=\"_blank\" rel=\"noreferrer noopener\">doi link<\/a>).<\/p>\n\n\n\n<hr class=\"wp-block-separator has-alpha-channel-opacity\" \/>\n\n\n\n<p>F. G. M. MAYORALES, R. MART\u00cdN-MART\u00cdN, D. JU\u00c1REZ, J. M. GONZ\u00c1LEZ-RAVE (2018).&nbsp;Effects of High-intensity Warm-ups on Running Performance.&nbsp;<em>International Journal of Sports Medicine&nbsp;<\/em>39 (6)1 426-432.<\/p>\n\n\n\n<p>(<a href=\"https:\/\/www.thieme-connect.de\/products\/ejournals\/abstract\/10.1055\/a-0635-3413\" target=\"_blank\" rel=\"noreferrer noopener\">doi link<\/a>).<\/p>\n\n\n\n<hr class=\"wp-block-separator has-alpha-channel-opacity\" \/>\n\n\n\n<p>B.RODR\u00cdGUEZ-MART\u00cdN, R. MART\u00cdN-MART\u00cdN, R. SUHONEN (2018). Individualized Care Scale-patient: A Spanish validation study.&nbsp;<em>Nursing Ethics.<\/em><\/p>\n\n\n\n<p>(<a href=\"https:\/\/journals.sagepub.com\/doi\/10.1177\/0969733018769351\" target=\"_blank\" rel=\"noreferrer noopener\">doi link<\/a>).<\/p>\n\n\n\n<hr class=\"wp-block-separator has-alpha-channel-opacity\" \/>\n\n\n\n<p>B. RUIZ-APILANEZ, K. KARIMI, I. G.C. GUTI\u00c9RREZ, R. MART\u00cdN-MART\u00cdN (2017).&nbsp;Shared space streets: Design, user perception and performance.&nbsp;<em>URBAN DESIGN<\/em>&nbsp;<em>International&nbsp;<\/em>22 (3), 267-284.<\/p>\n\n\n\n<p>(<a href=\"https:\/\/link.springer.com\/article\/10.1057\/s41289-016-0036-2\" target=\"_blank\" rel=\"noreferrer noopener\">doi link<\/a>).<\/p>\n\n\n\n<hr class=\"wp-block-separator has-alpha-channel-opacity\" \/>\n\n\n\n<p>I. YUSTRES, R. MART\u00cdN-MART\u00cdN, L. FERN\u00c1NDEZ, J. M. GONZ\u00c1LEZ-RAVE.&nbsp;Swimming championship finalist positions on success in international swimming competitions.&nbsp;<em>PLoS ONE<\/em>&nbsp;12 (11): e0187462.<\/p>\n\n\n\n<p>(<a href=\"https:\/\/journals.plos.org\/plosone\/article?id=10.1371\/journal.pone.0187462\" target=\"_blank\" rel=\"noreferrer noopener\">doi link<\/a>).<\/p>\n\n\n\n<hr class=\"wp-block-separator has-alpha-channel-opacity\" \/>\n\n\n\n<p>TOMMASI, R. MART\u00cdN MART\u00cdN, J. L\u00d3PEZ-FIDALGO (2015). Max\u2013min optimal discriminating designs for several statistical models.<em>Stat. Comput.<\/em><\/p>\n\n\n\n<p>(<a href=\"http:\/\/dx.doi.org\/10.1007\/s11222-015-9606-1\" target=\"_blank\" rel=\"noreferrer noopener\">doi link<\/a>).<\/p>\n\n\n\n<hr class=\"wp-block-separator has-alpha-channel-opacity\" \/>\n\n\n\n<p><em>MART\u00cdN MART\u00cdN, I. GARC\u00cdA CAMACHA GUTI\u00c9RREZ (2015). Combined algorithm to compute D-optimal designs. Journal of Computational and Applied Mathematics, 278: 248\u2013257.<\/em><\/p>\n\n\n\n<p><em>(<a href=\"http:\/\/dx.doi.org\/10.1016\/j.cam.2014.10.010\" target=\"_blank\" rel=\"noreferrer noopener\">doi link<\/a>).<\/em><\/p>\n\n\n\n<hr class=\"wp-block-separator has-alpha-channel-opacity\" \/>\n\n\n\n<p><em>MART\u00cdN MART\u00cdN, R. DORTA-GUERRA, B. TORSNEY (2014). Multiplicative algorithm for discriminating between Arrhenius and non-Arrhenius behaviour. Chemometrics and Intelligent Laboratory Systems, 139: 146\u2013155.<\/em><\/p>\n\n\n\n<p><em>(<a href=\"http:\/\/dx.doi.org\/10.1016\/j.chemolab.2014.10.001\" target=\"_blank\" rel=\"noreferrer noopener\">doi link<\/a>).<\/em><\/p>\n\n\n\n<hr class=\"wp-block-separator has-alpha-channel-opacity\" \/>\n\n\n\n<p><em>AMO SALAS, R. MART\u00cdN MART\u00cdN, L. RODR\u00cdGUEZ-ARAG\u00d3N (2014). Design of experiments for zeroth and first-order reaction rates. Biometrical Journal 56 (5), 792\u2013807.<\/em><\/p>\n\n\n\n<p><em>(<a href=\"http:\/\/dx.doi.org\/10.1002\/bimj.201300210\" target=\"_blank\" rel=\"noreferrer noopener\">doi link<\/a>).<\/em><\/p>\n\n\n\n<hr class=\"wp-block-separator has-alpha-channel-opacity\" \/>\n\n\n\n<p><em>GARC\u00cdA CAMACHA GUTI\u00c9RREZ,R. MART\u00cdN MART\u00cdN,&nbsp; (2014). The Construction of Locally D-Optimal Designs by Canonical Forms to an Extension for the Logistic Model. Applied Mathematics,&nbsp;Vol.5&nbsp;No.5(2014), Article ID:44068,8 pages<\/em><\/p>\n\n\n\n<p><em>(<a href=\"https:\/\/www.scirp.org\/html\/4-7402020_44068.htm\" target=\"_blank\" rel=\"noreferrer noopener\">doi link<\/a>).<\/em><\/p>\n\n\n\n<hr class=\"wp-block-separator has-alpha-channel-opacity\" \/>\n\n\n\n<p><em>FEO BRITO, A.M. ALONSO, J. CARN\u00c9S, R. MART\u00cdN MART\u00cdN, E. FERN\u00c1NDEZ-CALDAS, P. A. GALINDO, T. ALFAYA, M. AMO-SALAS (2012). Correlation Between Atl a 1 Levels and Clinical Symptoms in Alternaria alternata \u2013 Monosensitized Patiens. Journal of Investigational Allergology and Clinical Immunology 22(3): 154-159.<\/em><\/p>\n\n\n\n<p><em>(<a rel=\"noreferrer noopener\" href=\"http:\/\/www.jiaci.org\/issues\/vol22issue3\/1.pdf\" target=\"_blank\">link<\/a>)<\/em><\/p>\n\n\n\n<hr class=\"wp-block-separator has-alpha-channel-opacity\" \/>\n\n\n\n<p><strong>Autores (p.o. de firma)<\/strong>: Francisco Feo Brito, Pilar Mur Gimeno, Jer\u00f3nimo Carn\u00e9s, Ra\u00fal Mart\u00edn, et al.<br><strong>T\u00edtulo<\/strong>:\u00a0Olea europaea pollen counts and aeroallergen levels predict clinical symptoms in patients allergic to olive pollen.<br><strong>Revista<\/strong>:\u00a0Annals of Allergy, Asthma &amp; Immunology<br><strong>Volumen<\/strong>: \u00a0\/ <strong>P\u00e1ginas, inicial<\/strong>: \u2013 <strong>final<\/strong>:<br><strong>Fecha<\/strong>: 2011<br><strong>ISSN<\/strong>: 0570-7358<br><strong>JCR 2009 Science Edition<\/strong>: Impact Factor 2.457, Rank 10 de 21 (Allergy)<br><strong>DOI<\/strong>: 10.1016\/j.anai.2010.11.003<\/p>\n\n\n\n<hr class=\"wp-block-separator has-alpha-channel-opacity\" \/>\n\n\n\n<p><strong>Autores (p.o. de firma)<\/strong>: Francisco Campos, Miguel Miranda and Ra\u00fal Mart\u00edn-Mart\u00edn<br><strong>T\u00edtulo<\/strong>:\u00a0Importance of Orthoptera in the nestling diet of southern grey shrikes in agricultural areas<br><strong>Revista<\/strong>: Ardeola<br><strong>Volumen<\/strong>: 57(2) \/ <strong>P\u00e1ginas, inicial<\/strong>: \u00a0\u2013 <strong>final<\/strong>:<br><strong>Fecha<\/strong>: 2010<br><strong>ISSN<\/strong>:\u00a00570-7358<br><strong>JCR 2009 Science Edition<\/strong>: Impact Factor 0.8, Rank 12 de 18 (Ornithology)<\/p>\n\n\n\n<hr class=\"wp-block-separator has-alpha-channel-opacity\" \/>\n\n\n\n<p><strong>Autores (p.o. de firma)<\/strong>: Francisco Campos and Ra\u00fal Mart\u00edn-Mart\u00edn<br><strong>T\u00edtulo<\/strong>: Spatial and temporal distribution of Southern Grey Shrikes Lanius meridionalis in agricultural areas<br><strong>Revista<\/strong>: Bird Study \u2013 FORMCHECKBOX\u00a0\u00a0\u00a0Libro<br><strong>Volumen<\/strong>: 57 \/ <strong>P\u00e1ginas, inicial<\/strong>: 84 \u2013 <strong>final<\/strong>: 88<br><strong>Fecha<\/strong>: 2010<br><strong>ISSN<\/strong>: 0006-3657<br><strong>JCR 2009 Science Edition<\/strong>: Impact Factor 0.966, Rank 7 de 18 (Ornithology)<\/p>\n\n\n\n<hr class=\"wp-block-separator has-alpha-channel-opacity\" \/>\n\n\n\n<p><strong>Autores (p.o. de firma)<\/strong>: Ben Torsney\u00a0 and Ra\u00fal Mart\u00edn-Mart\u00edn<br><strong>T\u00edtulo<\/strong>: Multiplicative Algorithms for Computing Optimal Designs<br><strong>Revista<\/strong>: Journal of Sta.\u00a0Plann. And Inference<br><strong>Volumen<\/strong>: 139 \/ <strong>P\u00e1ginas, inicial<\/strong>: 3947 \u2013 <strong>final<\/strong>: 3961<br><strong>Fecha<\/strong>: 2009<br><strong>ISSN<\/strong>: 0378-3758<br><strong>JCR 2009 Science Edition<\/strong>: Impact Factor 0.765, Rank 67 de 100 (Statistics and Probability)<\/p>\n\n\n\n<hr class=\"wp-block-separator has-alpha-channel-opacity\" \/>\n\n\n\n<p><strong>Autores (p.o. de firma)<\/strong>: Mariano Amo Salas, Ra\u00fal Mart\u00edn-Mart\u00edn y Licesio Rodr\u00edguez Arag\u00f3n<br><strong>T\u00edtulo<\/strong>: Simposio Iberoamericano en Dise\u00f1o de Experimentos. Programa y Res\u00famenes.<br><strong>P\u00e1ginas, inicial<\/strong>: 1 \u2013 <strong>final<\/strong>: 39<br><strong>Fecha<\/strong>: 2009<br><strong>Lugar de publicaci\u00f3n<\/strong>: Ciudad Real<br><strong>ISBN<\/strong>: 978-84-692-9746-9<\/p>\n\n\n\n<hr class=\"wp-block-separator has-alpha-channel-opacity\" \/>\n\n\n\n<p><strong>Autores (p.o. de firma)<\/strong>: Jes\u00fas L\u00f3pez-Fidalgo, Ra\u00fal Mart\u00edn-Mart\u00edn and Milan Sthel\u00edk<br><strong>T\u00edtulo<\/strong>: Marginally Restricted D-Optimal Designs for Correlated Observations<br><strong>Revista<\/strong>: Journal of Applied Statistics<br><strong>Volumen<\/strong>: 35 \/ <strong>P\u00e1ginas, inicial<\/strong>: 617 \u2013 <strong>final<\/strong>: 632<br><strong>Fecha<\/strong>: 2008<br><strong>ISSN<\/strong>: 0266-4763<br><strong>JCR 2009 Science Edition<\/strong>: Impact Factor 0.407, Rank 87 de 100 (Statistics and Probability)<\/p>\n\n\n\n<hr class=\"wp-block-separator has-alpha-channel-opacity\" \/>\n\n\n\n<p><strong>Autores (p.o. de firma)<\/strong>: Jes\u00fas L\u00f3pez-Fidalgo, Ra\u00fal Mart\u00edn-Mart\u00edn and D.P. Wiens<br><strong>T\u00edtulo<\/strong>: Marginally Restricted Sequential D-optimal designs<br><strong>Revista<\/strong>: Canadian Journal of Statistics \u2013 Revue Canadienne de statistique<br><strong>Volumen<\/strong>: 36 \/ <strong>P\u00e1ginas, inicial<\/strong>: 397 \u2013 <strong>final<\/strong>: 410<br><strong>Fecha<\/strong>: 2008<br><strong>ISSN<\/strong>: 0319-5724<br><strong>JCR 2009 Science Edition<\/strong>: Impact Factor 0.905, Rank 52 de 100 (Statistics and Probability)<\/p>\n\n\n\n<hr class=\"wp-block-separator has-alpha-channel-opacity\" \/>\n\n\n\n<p><strong>Autores (p.o. de firma)<\/strong>: Sandra Garcet-Rodr\u00edguez, Jes\u00fas L\u00f3pez-Fidalgo y Ra\u00fal Mart\u00edn-Mart\u00edn<br><strong>T\u00edtulo<\/strong>: Some Complexities in Optimal Experimental Designs Introduced by Real Life Problems<br><strong>Revista<\/strong>: Tatra Mountain Mathematical Publication<br><strong>Volumen<\/strong>: 39 \/ <strong>P\u00e1ginas, inicial<\/strong>: 135 \u2013 <strong>final<\/strong>: 143<br><strong>Fecha<\/strong>: 2008<br><strong>ISSN<\/strong>: 1210-3195<br>Referenciada\u00a0en Zentralblatt MATH, Mathematical Reviews and Science Citation Index<\/p>\n\n\n\n<hr class=\"wp-block-separator has-alpha-channel-opacity\" \/>\n\n\n\n<p><strong>Autores (p.o. de firma)<\/strong>: Ra\u00fal Mart\u00edn Mart\u00edn, Jes\u00fas L\u00f3pez Fidalgo and Ben Torsney<br><strong>T\u00edtulo<\/strong>: Construction of marginally and conditionally restricted design using multiplicative algorithms<br><strong>Revista<\/strong>: Computational Statistics &amp; Data Analysis<br><strong>Volumen<\/strong>: 51\u00a0\/ <strong>P\u00e1ginas, inicial<\/strong>: 5547 \u2013 <strong>final<\/strong>: 5561<br><strong>Fecha<\/strong>: 2007<br><strong>ISSN<\/strong>: 0167-9573<br><strong>JCR 2009 Science Edition<\/strong>: Impact Factor 1.228, Rank 36 de 100 (Statistics and Probability)<\/p>\n\n\n\n<hr class=\"wp-block-separator has-alpha-channel-opacity\" \/>\n\n\n\n<p><strong>Autores (p.o. de firma)<\/strong>:Mercedes Fern\u00e1ndez Guerrero y\u00a0 Ra\u00fal Mart\u00edn-Mart\u00edn<br><strong>T\u00edtulo<\/strong>: Manual de Estad\u00edstica<br><strong>P\u00e1ginas, inicial<\/strong>: 1 \u2013 <strong>final<\/strong>: 212<br><strong>Fecha<\/strong>: 2007<br><strong>Editorial (si libro)<\/strong>: Casa Ru\u00edz Morote<br><strong>Lugar de publicaci\u00f3n<\/strong>: Ciudad Real<br><strong>ISBN<\/strong>: 978-84-934398-2-8<\/p>\n\n\n\n<hr class=\"wp-block-separator has-alpha-channel-opacity\" \/>\n\n\n\n<p><strong>Autores (p.o. de firma)<\/strong>: Ra\u00fal Mart\u00edn-Mart\u00edn y Roberto de Miguel Garc\u00eda<br><strong>T\u00edtulo<\/strong>: Iniciaci\u00f3n a la Inform\u00e1tica<br><strong>P\u00e1ginas, inicial<\/strong>: 1 \u2013 <strong>final<\/strong>: 258<br><strong>Fecha<\/strong>: 2007<br><strong>ISBN<\/strong>: 978-84-690-7341-4<\/p>\n\n\n\n<hr class=\"wp-block-separator has-alpha-channel-opacity\" \/>\n\n\n\n<p><strong>Autores (p.o. de firma)<\/strong>: Mariano Amo Salas, Ra\u00fal Mart\u00edn-Mart\u00edn y Licesio Rodr\u00edguez Arag\u00f3n<br><strong>T\u00edtulo<\/strong>: Proyecto: 8th Model Oriented Design and Analysis Workshop<br><strong>P\u00e1ginas, inicial<\/strong>: 1 \u2013 <strong>final<\/strong>: 84<br><strong>Fecha<\/strong>: 2007<br><strong>Lugar de publicaci\u00f3n<\/strong>: Ciudad Real<br><strong>ISBN<\/strong>: 978-84-690-6294-4<\/p>\n\n\n\n<hr class=\"wp-block-separator has-alpha-channel-opacity\" \/>\n\n\n\n<p><strong>Autores (p.o. de firma)<\/strong>: Ra\u00fal Mart\u00edn-Mart\u00edn<br><strong>T\u00edtulo<\/strong>: Construcci\u00f3n de dise\u00f1os \u00f3ptimos para modelos con variables no controlables<br><strong>P\u00e1ginas, inicial<\/strong>: 1 \u2013 \u00a0<strong>final<\/strong>: 195<br><strong>Fecha<\/strong>: 2007<br><strong>Editorial (si libro)<\/strong>: E-Libro<br><strong>Lugar de publicaci\u00f3n<\/strong>: Universidad de Castilla-La Mancha<br><strong>ISBN<\/strong>: 978-84-8427-562-6<\/p>\n","protected":false},"excerpt":{"rendered":"<p>J. L\u00d3PEZ-FIDALGO, R. MARTIN, M. RODR\u00cdGUEZ-HERN\u00c1NDEZ (2019).&nbsp;Estimators and D-optimal experimental designs for mixtures of binary responses.&nbsp;Communication in Statistics \u2013 Simulation and Computation. (doi link). I. YUSTRES, J. SANTOS DEL CERRO, R. MART\u00cdN, F. GONZ\u00c1LEZ-MOH\u00cdNO, O. LOGAN, J.M. GONZ\u00c1LEZ-RAV\u00c9. (2019).&nbsp;Influence of early specialization in world-ranked swimmers and general patterns to success.PLoS ONE14(6): e0218601. (doi link). R. &hellip; <a href=\"https:\/\/blog.uclm.es\/raulmmartin\/publicaciones\/\" class=\"more-link\">Sigue leyendo <span class=\"screen-reader-text\">Publicaciones (Revistas y Libros)<\/span><\/a><\/p>\n","protected":false},"author":163,"featured_media":0,"parent":0,"menu_order":0,"comment_status":"closed","ping_status":"closed","template":"","meta":{"footnotes":""},"class_list":["post-614","page","type-page","status-publish","hentry"],"_links":{"self":[{"href":"https:\/\/blog.uclm.es\/raulmmartin\/wp-json\/wp\/v2\/pages\/614","targetHints":{"allow":["GET"]}}],"collection":[{"href":"https:\/\/blog.uclm.es\/raulmmartin\/wp-json\/wp\/v2\/pages"}],"about":[{"href":"https:\/\/blog.uclm.es\/raulmmartin\/wp-json\/wp\/v2\/types\/page"}],"author":[{"embeddable":true,"href":"https:\/\/blog.uclm.es\/raulmmartin\/wp-json\/wp\/v2\/users\/163"}],"replies":[{"embeddable":true,"href":"https:\/\/blog.uclm.es\/raulmmartin\/wp-json\/wp\/v2\/comments?post=614"}],"version-history":[{"count":7,"href":"https:\/\/blog.uclm.es\/raulmmartin\/wp-json\/wp\/v2\/pages\/614\/revisions"}],"predecessor-version":[{"id":636,"href":"https:\/\/blog.uclm.es\/raulmmartin\/wp-json\/wp\/v2\/pages\/614\/revisions\/636"}],"wp:attachment":[{"href":"https:\/\/blog.uclm.es\/raulmmartin\/wp-json\/wp\/v2\/media?parent=614"}],"curies":[{"name":"wp","href":"https:\/\/api.w.org\/{rel}","templated":true}]}}