{"id":608,"date":"2022-11-30T13:43:36","date_gmt":"2022-11-30T13:43:36","guid":{"rendered":"https:\/\/blog.uclm.es\/raulmmartin\/?page_id=608"},"modified":"2025-08-27T17:56:49","modified_gmt":"2025-08-27T17:56:49","slug":"cursos-pasados","status":"publish","type":"page","link":"https:\/\/blog.uclm.es\/raulmmartin\/cursos-pasados\/","title":{"rendered":"Cursos Pasados"},"content":{"rendered":"\n<h2 class=\"wp-block-heading has-text-color\" style=\"color:#fd0000\"><strong>Docencia Cursos Pasados<\/strong><\/h2>\n\n\n\n<p><strong>FACULTAD DE CIENCIAS AMBIENTALES Y BIOQU\u00cdMICA (UCLM)<br><\/strong>Sostenibilidad ambiental (M\u00e1ster en Sostenibilidad Ambiental en el Desarrollo Territorial)<br>Gesti\u00f3n sostenible del patrimonio natural ( \u00cddem)<\/p>\n\n\n\n<p><strong>FACULTAD DE TERAPIA OCUPACIONAL, LOGOPEDIA Y ENFERMER\u00cdA (UCLM)<br><\/strong>Estad\u00edstica para Ciencias de la Salud<\/p>\n\n\n\n<p><strong>MASTER UNIVERSITARIO EN F\u00cdSICA Y MATEM\u00c1TICAS (UCLM)<br><\/strong>Modelizaci\u00f3n, an\u00e1lisis estad\u00edstico y procesos estoc\u00e1sticos<\/p>\n\n\n\n<p><strong>CURSO CERO (UCLM)<br><\/strong><a href=\"https:\/\/blog.uclm.es\/raulmmartin\/wp-content\/uploads\/sites\/155\/2020\/05\/curso0_det.pdf\" target=\"_blank\" rel=\"noreferrer noopener\">Problemas<\/a><\/p>\n\n\n\n<p><strong>INGENIER\u00cdA T\u00c9CNICA SUPERIOR DE INGENIER\u00cdA INDUSTRIAL (UCLM)<br><\/strong>M\u00e9todos Estad\u00edsticos en Ingenier\u00eda<br><\/p>\n\n\n\n<p><strong>INGENIER\u00cdA T\u00c9CNICA EN INFORM\u00c1TICA DE SISTEMAS (UCLM)<br><\/strong><a href=\"http:\/\/blog.uclm.es\/raulmmartin\/calculo\/\">C\u00e1lculo<\/a><\/p>\n\n\n\n<p><strong>INGENIER\u00cdA T\u00c9CNICA EN INFORM\u00c1TICA DE GESTI\u00d3N (UCLM)<br><\/strong><a href=\"http:\/\/blog.uclm.es\/raulmmartin\/estadistica\/\">Estad\u00edstica<\/a><\/p>\n\n\n\n<p><strong>INGENIER\u00cdA EN INFORM\u00c1TICA (UCLM)<br><\/strong><a href=\"http:\/\/blog.uclm.es\/raulmmartin\/estadistica\/\">Estad\u00edstica<\/a><\/p>\n\n\n\n<p><strong>INGENIER\u00cdA T\u00c9CNICA EN INFORM\u00c1TICA DE GESTI\u00d3N (UPSA)<br><\/strong><a href=\"http:\/\/blog.uclm.es\/raulmmartin\/legislacioninformatica\/\">Legislaci\u00f3n Inform\u00e1tica<\/a><br><a href=\"http:\/\/blog.uclm.es\/raulmmartin\/docencia\/fundamentos-i\/\">Fundamentos Matem\u00e1ticos de la Inform\u00e1tica I<\/a><br><a href=\"http:\/\/blog.uclm.es\/raulmmartin\/docencia\/fundamentos-ii\/\">Fundamentos Matem\u00e1ticos de la Inform\u00e1tica II<\/a><\/p>\n\n\n\n<p><strong>INGENIER\u00cdA T\u00c9CNICA EN INFORM\u00c1TICA DE SISTEMAS (UPSA)<br><\/strong><a href=\"http:\/\/blog.uclm.es\/raulmmartin\/legislacioninformatica\/\">Legislaci\u00f3n Inform\u00e1tica<\/a><br><a href=\"http:\/\/blog.uclm.es\/raulmmartin\/docencia\/fundamentos-i\/\">Fundamentos Matem\u00e1ticos de la Inform\u00e1tica I<\/a><br><a href=\"http:\/\/blog.uclm.es\/raulmmartin\/docencia\/fundamentos-ii\/\">Fundamentos Matem\u00e1ticos de la Inform\u00e1tica II<\/a><\/p>\n\n\n\n<p><strong>INGENIER\u00cdA EN INFORM\u00c1TICA (UPSA)<br><\/strong><a href=\"http:\/\/blog.uclm.es\/raulmmartin\/docencia\/ampliacion-matematicas\/\">Ampliaci\u00f3n de Matem\u00e1ticas<\/a><\/p>\n\n\n\n<p><strong>LICENCIATURA EN PERIODISMO (UPSA)<br><\/strong><a href=\"http:\/\/blog.uclm.es\/raulmmartin\/docencia\/estadisticacomunicacion\/\">Estad\u00edstica y Metodolog\u00eda de la Investigaci\u00f3n<\/a><\/p>\n\n\n\n<p><strong>LICENCIATURA EN COMUNICACI\u00d3N AUDIOVISUAL (UPSA)<br><\/strong><a href=\"http:\/\/blog.uclm.es\/raulmmartin\/docencia\/estadisticacomunicacion\/\">Estad\u00edstica y Metodolog\u00eda de la Investigaci\u00f3n<\/a><\/p>\n\n\n\n<p><strong>LICENCIATURA EN PUBLICIDAD Y RELACIONES P\u00daBLICAS<\/strong> <strong>(UPSA)<\/strong><br><a href=\"http:\/\/blog.uclm.es\/raulmmartin\/docencia\/estadisticacomunicacion\/\">Estad\u00edstica y Metodolog\u00eda de la Investigaci\u00f3n<\/a><\/p>\n\n\n\n<p><strong>ASIGNATURAS DE LIBRE CONFIGURACI\u00d3N (UPSA)<br><\/strong><a href=\"http:\/\/blog.uclm.es\/raulmmartin\/docencia\/internetmetodonegocios\/\">Internet un nuevo m\u00e9todo para los negocios<\/a><br><a href=\"http:\/\/blog.uclm.es\/raulmmartin\/docencia\/estadisticaspss\/\">Estad\u00edstica con SPSS<\/a><br><a href=\"http:\/\/blog.uclm.es\/raulmmartin\/docencia\/ofimatica\/\">Introducci\u00f3n a la inform\u00e1tica y a la ofim\u00e1tic<\/a><\/p>\n","protected":false},"excerpt":{"rendered":"<p>Docencia Cursos Pasados FACULTAD DE CIENCIAS AMBIENTALES Y BIOQU\u00cdMICA (UCLM)Sostenibilidad ambiental (M\u00e1ster en Sostenibilidad Ambiental en el Desarrollo Territorial)Gesti\u00f3n sostenible del patrimonio natural ( \u00cddem) FACULTAD DE TERAPIA OCUPACIONAL, LOGOPEDIA Y ENFERMER\u00cdA (UCLM)Estad\u00edstica para Ciencias de la Salud MASTER UNIVERSITARIO EN F\u00cdSICA Y MATEM\u00c1TICAS (UCLM)Modelizaci\u00f3n, an\u00e1lisis estad\u00edstico y procesos estoc\u00e1sticos CURSO CERO (UCLM)Problemas INGENIER\u00cdA T\u00c9CNICA &hellip; <a href=\"https:\/\/blog.uclm.es\/raulmmartin\/cursos-pasados\/\" class=\"more-link\">Sigue leyendo <span class=\"screen-reader-text\">Cursos Pasados<\/span><\/a><\/p>\n","protected":false},"author":163,"featured_media":0,"parent":0,"menu_order":0,"comment_status":"closed","ping_status":"closed","template":"","meta":{"footnotes":""},"class_list":["post-608","page","type-page","status-publish","hentry"],"_links":{"self":[{"href":"https:\/\/blog.uclm.es\/raulmmartin\/wp-json\/wp\/v2\/pages\/608","targetHints":{"allow":["GET"]}}],"collection":[{"href":"https:\/\/blog.uclm.es\/raulmmartin\/wp-json\/wp\/v2\/pages"}],"about":[{"href":"https:\/\/blog.uclm.es\/raulmmartin\/wp-json\/wp\/v2\/types\/page"}],"author":[{"embeddable":true,"href":"https:\/\/blog.uclm.es\/raulmmartin\/wp-json\/wp\/v2\/users\/163"}],"replies":[{"embeddable":true,"href":"https:\/\/blog.uclm.es\/raulmmartin\/wp-json\/wp\/v2\/comments?post=608"}],"version-history":[{"count":4,"href":"https:\/\/blog.uclm.es\/raulmmartin\/wp-json\/wp\/v2\/pages\/608\/revisions"}],"predecessor-version":[{"id":676,"href":"https:\/\/blog.uclm.es\/raulmmartin\/wp-json\/wp\/v2\/pages\/608\/revisions\/676"}],"wp:attachment":[{"href":"https:\/\/blog.uclm.es\/raulmmartin\/wp-json\/wp\/v2\/media?parent=608"}],"curies":[{"name":"wp","href":"https:\/\/api.w.org\/{rel}","templated":true}]}}