{"id":606,"date":"2022-11-30T13:42:46","date_gmt":"2022-11-30T13:42:46","guid":{"rendered":"https:\/\/blog.uclm.es\/raulmmartin\/?page_id=606"},"modified":"2022-11-30T13:42:46","modified_gmt":"2022-11-30T13:42:46","slug":"curso-actual","status":"publish","type":"page","link":"https:\/\/blog.uclm.es\/raulmmartin\/curso-actual\/","title":{"rendered":"Curso Actual"},"content":{"rendered":"\n<h2 class=\"has-text-color wp-block-heading\" style=\"color:#f90707\"><strong>Docencia Curso Actual<\/strong><\/h2>\n\n\n\n<p><strong><a href=\"https:\/\/www.uclm.es\/es\/toledo\/Arquitectura\" target=\"_blank\" rel=\"noreferrer noopener\">ESCUELA DE ARQUITECTURA<\/a><br><\/strong><a href=\"https:\/\/guiae.uclm.es\/vistaGuia\/378\/11300\/2019-20\" target=\"_blank\" rel=\"noreferrer noopener\">Fundamentos Matem\u00e1ticos<\/a>. (<a href=\"https:\/\/www.uclm.es\/toledo\/Arquitectura\" target=\"_blank\" rel=\"noreferrer noopener\">Grado en Arquitectura<\/a>)<\/p>\n\n\n\n<p><strong><a href=\"https:\/\/www.uclm.es\/es\/toledo\/Arquitectura\" target=\"_blank\" rel=\"noreferrer noopener\">ESCUELA DE ARQUITECTURA<\/a><br><\/strong><a href=\"https:\/\/guiae.uclm.es\/vistaPrevia\/19231\/999\" target=\"_blank\" rel=\"noreferrer noopener\">Geometr\u00eda<\/a>. (<a href=\"https:\/\/www.uclm.es\/toledo\/Arquitectura\" target=\"_blank\" rel=\"noreferrer noopener\">Grado en Arquitectura<\/a>)<\/p>\n\n\n\n<p><a href=\"https:\/\/www.uclm.es\/toledo\/fafeto\" target=\"_blank\" rel=\"noreferrer noopener\"><strong>FACULTAD DE FISIOTERAPIA y ENFERMER\u00cdA<\/strong><\/a><br><a href=\"https:\/\/guiae.uclm.es\/vistaGuia\/387\/15304\/2019-20\" target=\"_blank\" rel=\"noreferrer noopener\">Estad\u00edstica para Ciencias de la Salud<\/a>&nbsp;(<a href=\"https:\/\/www.uclm.es\/toledo\/fafeto\/estudios\/gradoenfermeria\" target=\"_blank\" rel=\"noreferrer noopener\">Grado en Enfermer\u00eda<\/a>)<\/p>\n\n\n\n<p><a href=\"https:\/\/www.uclm.es\/toledo\/cdeporte\" target=\"_blank\" rel=\"noreferrer noopener\"><strong>FACULTAD DE CIENCIAS DEL DEPORTE<\/strong><\/a><br><a href=\"https:\/\/guiae.uclm.es\/vistaGuia\/2323\/310492\" target=\"_blank\" rel=\"noreferrer noopener\">An\u00e1lisis de Datos Multivariante aplicado a las CC Actividad F\u00edsica<\/a>&nbsp;(<a href=\"https:\/\/www.uclm.es\/Estudios\/masteres\/master-investigacion-ciencias-deporte\" target=\"_blank\" rel=\"noreferrer noopener\">M\u00e1ster Investigaci\u00f3n<\/a>)<\/p>\n","protected":false},"excerpt":{"rendered":"<p>Docencia Curso Actual ESCUELA DE ARQUITECTURAFundamentos Matem\u00e1ticos. (Grado en Arquitectura) ESCUELA DE ARQUITECTURAGeometr\u00eda. (Grado en Arquitectura) FACULTAD DE FISIOTERAPIA y ENFERMER\u00cdAEstad\u00edstica para Ciencias de la Salud&nbsp;(Grado en Enfermer\u00eda) FACULTAD DE CIENCIAS DEL DEPORTEAn\u00e1lisis de Datos Multivariante aplicado a las CC Actividad F\u00edsica&nbsp;(M\u00e1ster Investigaci\u00f3n)<\/p>\n","protected":false},"author":163,"featured_media":0,"parent":0,"menu_order":0,"comment_status":"closed","ping_status":"closed","template":"","meta":{"footnotes":""},"class_list":["post-606","page","type-page","status-publish","hentry"],"_links":{"self":[{"href":"https:\/\/blog.uclm.es\/raulmmartin\/wp-json\/wp\/v2\/pages\/606","targetHints":{"allow":["GET"]}}],"collection":[{"href":"https:\/\/blog.uclm.es\/raulmmartin\/wp-json\/wp\/v2\/pages"}],"about":[{"href":"https:\/\/blog.uclm.es\/raulmmartin\/wp-json\/wp\/v2\/types\/page"}],"author":[{"embeddable":true,"href":"https:\/\/blog.uclm.es\/raulmmartin\/wp-json\/wp\/v2\/users\/163"}],"replies":[{"embeddable":true,"href":"https:\/\/blog.uclm.es\/raulmmartin\/wp-json\/wp\/v2\/comments?post=606"}],"version-history":[{"count":1,"href":"https:\/\/blog.uclm.es\/raulmmartin\/wp-json\/wp\/v2\/pages\/606\/revisions"}],"predecessor-version":[{"id":607,"href":"https:\/\/blog.uclm.es\/raulmmartin\/wp-json\/wp\/v2\/pages\/606\/revisions\/607"}],"wp:attachment":[{"href":"https:\/\/blog.uclm.es\/raulmmartin\/wp-json\/wp\/v2\/media?parent=606"}],"curies":[{"name":"wp","href":"https:\/\/api.w.org\/{rel}","templated":true}]}}