{"id":537,"date":"2020-05-22T11:54:48","date_gmt":"2020-05-22T10:54:48","guid":{"rendered":"http:\/\/blog.uclm.es\/raulmmartin\/?page_id=25"},"modified":"2024-09-06T16:05:50","modified_gmt":"2024-09-06T16:05:50","slug":"personal","status":"publish","type":"page","link":"https:\/\/blog.uclm.es\/raulmmartin\/personal\/","title":{"rendered":"Personal"},"content":{"rendered":"<p><span lang=\"es\"><strong>Prof. Ra\u00fal Mart\u00edn Mart\u00edn<\/strong><\/span><br \/><span lang=\"es\">Facultad de Ciencias Ambientales y Bioqu\u00edmica de Toledo<\/span><br \/><span lang=\"es\">Edificio 21<\/span><br \/><span lang=\"es\">Departamento de Matem\u00e1ticas<\/span><br \/><span lang=\"es\">\u00c1rea de Estad\u00edstica e Investigaci\u00f3n Operativa<\/span><br \/><span lang=\"es\">Avenida Carlos III, s\/n<\/span><br \/><span lang=\"es\">45071 Toledo<\/span><\/p>\n<p><span lang=\"es\">Despacho Ciencias B\u00e1sicas <\/span><br \/><span lang=\"es\">e-mail: <a href=\"mailto:Raul.MMartin@uclm.es\">Raul.MMartin@uclm.es<\/a><\/span><br \/><span lang=\"es\">Tlfno. +34 925 288800 Ext. 5375<\/span><\/p>\n\n\n<figure class=\"wp-block-gallery has-nested-images columns-default is-cropped wp-block-gallery-1 is-layout-flex wp-block-gallery-is-layout-flex\">\n<figure class=\"wp-block-image size-large\"><img loading=\"lazy\" decoding=\"async\" width=\"216\" height=\"162\" data-id=\"12\" src=\"https:\/\/blog.uclm.es\/raulmmartin\/wp-content\/uploads\/sites\/155\/2020\/05\/f2.jpg\" alt=\"Foto Personal\" class=\"wp-image-12\" \/><\/figure>\n\n\n\n<figure class=\"wp-block-image size-large\"><img loading=\"lazy\" decoding=\"async\" width=\"216\" height=\"162\" data-id=\"11\" src=\"https:\/\/blog.uclm.es\/raulmmartin\/wp-content\/uploads\/sites\/155\/2020\/05\/f1.jpg\" alt=\"Foto Personal\" class=\"wp-image-11\" \/><\/figure>\n\n\n\n<figure class=\"wp-block-image size-large\"><img loading=\"lazy\" decoding=\"async\" width=\"216\" height=\"162\" data-id=\"342\" src=\"https:\/\/blog.uclm.es\/raulmmartin\/wp-content\/uploads\/sites\/155\/2020\/05\/f3.jpg\" alt=\"Foto Personal\" class=\"wp-image-342\" \/><\/figure>\n\n\n\n<figure class=\"wp-block-image size-large\"><img loading=\"lazy\" decoding=\"async\" width=\"216\" height=\"162\" data-id=\"345\" src=\"https:\/\/blog.uclm.es\/raulmmartin\/wp-content\/uploads\/sites\/155\/2020\/05\/f7.jpg\" alt=\"Foto Personal\" class=\"wp-image-345\" \/><\/figure>\n\n\n\n<figure class=\"wp-block-image size-large\"><img loading=\"lazy\" decoding=\"async\" width=\"216\" height=\"162\" data-id=\"344\" src=\"https:\/\/blog.uclm.es\/raulmmartin\/wp-content\/uploads\/sites\/155\/2020\/05\/f6.jpg\" alt=\"Foto Personal\" class=\"wp-image-344\" \/><\/figure>\n\n\n\n<figure class=\"wp-block-image size-large\"><img loading=\"lazy\" decoding=\"async\" width=\"216\" height=\"162\" data-id=\"343\" src=\"https:\/\/blog.uclm.es\/raulmmartin\/wp-content\/uploads\/sites\/155\/2020\/05\/f4.jpg\" alt=\"Foto Personal\" class=\"wp-image-343\" \/><\/figure>\n<\/figure>\n","protected":false},"excerpt":{"rendered":"<p>Prof. Ra\u00fal Mart\u00edn Mart\u00ednFacultad de Ciencias Ambientales y Bioqu\u00edmica de ToledoEdificio 21Departamento de Matem\u00e1ticas\u00c1rea de Estad\u00edstica e Investigaci\u00f3n OperativaAvenida Carlos III, s\/n45071 Toledo Despacho Ciencias B\u00e1sicas e-mail: Raul.MMartin@uclm.esTlfno. +34 925 288800 Ext. 5375<\/p>\n","protected":false},"author":37,"featured_media":0,"parent":0,"menu_order":0,"comment_status":"closed","ping_status":"closed","template":"","meta":{"footnotes":""},"class_list":["post-537","page","type-page","status-publish","hentry"],"_links":{"self":[{"href":"https:\/\/blog.uclm.es\/raulmmartin\/wp-json\/wp\/v2\/pages\/537","targetHints":{"allow":["GET"]}}],"collection":[{"href":"https:\/\/blog.uclm.es\/raulmmartin\/wp-json\/wp\/v2\/pages"}],"about":[{"href":"https:\/\/blog.uclm.es\/raulmmartin\/wp-json\/wp\/v2\/types\/page"}],"author":[{"embeddable":true,"href":"https:\/\/blog.uclm.es\/raulmmartin\/wp-json\/wp\/v2\/users\/37"}],"replies":[{"embeddable":true,"href":"https:\/\/blog.uclm.es\/raulmmartin\/wp-json\/wp\/v2\/comments?post=537"}],"version-history":[{"count":3,"href":"https:\/\/blog.uclm.es\/raulmmartin\/wp-json\/wp\/v2\/pages\/537\/revisions"}],"predecessor-version":[{"id":643,"href":"https:\/\/blog.uclm.es\/raulmmartin\/wp-json\/wp\/v2\/pages\/537\/revisions\/643"}],"wp:attachment":[{"href":"https:\/\/blog.uclm.es\/raulmmartin\/wp-json\/wp\/v2\/media?parent=537"}],"curies":[{"name":"wp","href":"https:\/\/api.w.org\/{rel}","templated":true}]}}