{"id":437,"date":"2020-05-26T08:16:26","date_gmt":"2020-05-26T07:16:26","guid":{"rendered":"http:\/\/blog.uclm.es\/raulmmartin\/?page_id=437"},"modified":"2022-11-29T19:03:00","modified_gmt":"2022-11-29T19:03:00","slug":"internetmetodonegocios","status":"publish","type":"page","link":"https:\/\/blog.uclm.es\/raulmmartin\/docencia-2\/internetmetodonegocios\/","title":{"rendered":"Internet, un nuevo m\u00e9todo para los negocios"},"content":{"rendered":"<h2><span style=\"color: #ff0000\"><strong>Profesores<\/strong><\/span><\/h2>\n<ul>\n<li><b>Ra\u00fal Mart\u00edn Mart\u00edn<\/b><\/li>\n<\/ul>\n<h2><strong><span style=\"color: #ff0000\">Temario<\/span><\/strong><\/h2>\n<p style=\"font-weight: 400\">Tema 1. \u00a0<strong>Internet: conceptos b\u00e1sicos.<\/strong>\u00a0 \u00bfQu\u00e9 es internet? Or\u00edgenes y aplicaciones de internet. Recursos: WWW, correo electr\u00f3nico, grupos de noticias, transferencia de archivos (ftp), telnet, conversaciones y conferencias. Buscadores. Canales. Gopher. El futuro de internet.<\/p>\n<p style=\"font-weight: 400\">Tema 2. \u00a0<strong>Funcionamiento de Internet.<\/strong>\u00a0Arquitectura Cliente-Servidor. El modelo TCP\/IP. Direcciones IP. Servidores DNS. Proveedor de servicios de internet (ISP).<\/p>\n<p style=\"font-weight: 400\">Tema 3. \u00a0<strong>Acceso a Internet.<\/strong>\u00a0Proveedores de acceso. Formas de acceder al proveedor de acceso.<\/p>\n<p style=\"font-weight: 400\">Tema 4. \u00a0<strong>Empezando a navegar.<\/strong>\u00a0Servicios de internet. La world wide web. Los buscadores.<\/p>\n<p style=\"font-weight: 400\">Tema 5. \u00a0<strong>Comercio electr\u00f3nio.<\/strong>\u00a0E-business. An\u00e1lisis del e-business desde diferentes puntos de vista. Niveles del e-business en el \u00e1mbito empresarial. Fases o etapas en la implementaci\u00f3n de una estrategia basada en el e-business.<\/p>\n<p style=\"font-weight: 400\">Tema 6. \u00a0<strong>Wireless LAN.<\/strong>\u00a0Introducci\u00f3n. Tecnolog\u00eda. Configuraciones. Ventajas e\u00a0\u00a0inconvenientes. Utilidades.<\/p>\n<h2><strong><span style=\"color: #ff0000\">Material Docente<\/span><\/strong><\/h2>\n<p style=\"font-weight: 400\"><a href=\"https:\/\/blog.uclm.es\/raulmmartin\/wp-content\/uploads\/sites\/155\/2020\/05\/InternetMetodoNegocios_Tema1.pdf\" target=\"_blank\" rel=\"noopener noreferrer\">Tema 1. \u00a0Internet: conceptos b\u00e1sicos<\/a>.<br \/>\n<a href=\"https:\/\/blog.uclm.es\/raulmmartin\/wp-content\/uploads\/sites\/155\/2020\/05\/InternetMetodoNegocios_Tema2.pdf\" target=\"_blank\" rel=\"noopener noreferrer\">Tema 2. \u00a0Funcionamiento de Internet<\/a><br \/>\n<a href=\"https:\/\/blog.uclm.es\/raulmmartin\/wp-content\/uploads\/sites\/155\/2020\/05\/InternetMetodoNegocios_Tema3.pdf\" target=\"_blank\" rel=\"noopener noreferrer\">Tema 3. \u00a0Acceso a Internet<\/a>.<br \/>\n<a href=\"https:\/\/blog.uclm.es\/raulmmartin\/wp-content\/uploads\/sites\/155\/2020\/05\/InternetMetodoNegocios_Tema4.pdf\" target=\"_blank\" rel=\"noopener noreferrer\">Tema 4. \u00a0Empezando a navegar<\/a>.<br \/>\n<a href=\"https:\/\/blog.uclm.es\/raulmmartin\/wp-content\/uploads\/sites\/155\/2020\/05\/InternetMetodoNegocios_Tema5.pdf\" target=\"_blank\" rel=\"noopener noreferrer\">Tema 5. \u00a0Comercio electr\u00f3nico<\/a>.<br \/>\n<a href=\"https:\/\/blog.uclm.es\/raulmmartin\/wp-content\/uploads\/sites\/155\/2020\/05\/InternetMetodoNegocios_Tema6.pdf\" target=\"_blank\" rel=\"noopener noreferrer\">Tema 6. \u00a0Wireless LAN<\/a>.<\/p>\n","protected":false},"excerpt":{"rendered":"<p>Profesores Ra\u00fal Mart\u00edn Mart\u00edn Temario Tema 1. \u00a0Internet: conceptos b\u00e1sicos.\u00a0 \u00bfQu\u00e9 es internet? Or\u00edgenes y aplicaciones de internet. Recursos: WWW, correo electr\u00f3nico, grupos de noticias, transferencia de archivos (ftp), telnet, conversaciones y conferencias. Buscadores. Canales. Gopher. El futuro de internet. Tema 2. \u00a0Funcionamiento de Internet.\u00a0Arquitectura Cliente-Servidor. El modelo TCP\/IP. Direcciones IP. Servidores DNS. Proveedor de &hellip; <a href=\"https:\/\/blog.uclm.es\/raulmmartin\/docencia-2\/internetmetodonegocios\/\" class=\"more-link\">Sigue leyendo <span class=\"screen-reader-text\">Internet, un nuevo m\u00e9todo para los negocios<\/span><\/a><\/p>\n","protected":false},"author":37,"featured_media":0,"parent":27,"menu_order":0,"comment_status":"closed","ping_status":"closed","template":"","meta":{"footnotes":""},"class_list":["post-437","page","type-page","status-publish","hentry"],"_links":{"self":[{"href":"https:\/\/blog.uclm.es\/raulmmartin\/wp-json\/wp\/v2\/pages\/437","targetHints":{"allow":["GET"]}}],"collection":[{"href":"https:\/\/blog.uclm.es\/raulmmartin\/wp-json\/wp\/v2\/pages"}],"about":[{"href":"https:\/\/blog.uclm.es\/raulmmartin\/wp-json\/wp\/v2\/types\/page"}],"author":[{"embeddable":true,"href":"https:\/\/blog.uclm.es\/raulmmartin\/wp-json\/wp\/v2\/users\/37"}],"replies":[{"embeddable":true,"href":"https:\/\/blog.uclm.es\/raulmmartin\/wp-json\/wp\/v2\/comments?post=437"}],"version-history":[{"count":1,"href":"https:\/\/blog.uclm.es\/raulmmartin\/wp-json\/wp\/v2\/pages\/437\/revisions"}],"predecessor-version":[{"id":583,"href":"https:\/\/blog.uclm.es\/raulmmartin\/wp-json\/wp\/v2\/pages\/437\/revisions\/583"}],"up":[{"embeddable":true,"href":"https:\/\/blog.uclm.es\/raulmmartin\/wp-json\/wp\/v2\/pages\/27"}],"wp:attachment":[{"href":"https:\/\/blog.uclm.es\/raulmmartin\/wp-json\/wp\/v2\/media?parent=437"}],"curies":[{"name":"wp","href":"https:\/\/api.w.org\/{rel}","templated":true}]}}