{"id":433,"date":"2020-05-26T08:15:36","date_gmt":"2020-05-26T07:15:36","guid":{"rendered":"http:\/\/blog.uclm.es\/raulmmartin\/?page_id=433"},"modified":"2022-11-29T19:02:02","modified_gmt":"2022-11-29T19:02:02","slug":"estadisticaspss","status":"publish","type":"page","link":"https:\/\/blog.uclm.es\/raulmmartin\/docencia-2\/estadisticaspss\/","title":{"rendered":"Estad\u00edstica con SPSS"},"content":{"rendered":"<h2><span style=\"color: #ff0000\"><strong>Profesores<\/strong><\/span><\/h2>\n<ul>\n<li><b>Ra\u00fal Mart\u00edn Mart\u00edn<\/b><\/li>\n<\/ul>\n<h2><span style=\"color: #ff0000\"><strong>Temario<\/strong><\/span><\/h2>\n<p style=\"font-weight: 400\"><strong>Tema 1. Introducci\u00f3n Hist\u00f3rica<\/strong>.<\/p>\n<ul>\n<li style=\"font-weight: 400;list-style-type: none\">1.1. La Estad\u00edstica como ciencia.<\/li>\n<li style=\"font-weight: 400;list-style-type: none\">1.2. Algunos problemas que resuelve la\u00a0Estad\u00edstica.<\/li>\n<\/ul>\n<p><strong>Tema 2. Introducci\u00f3n a la Estad\u00edstica.<\/strong><\/p>\n<ul>\n<li style=\"list-style-type: none\">2.1. Concepto y Objetivo de la Estad\u00edstica.\n<ul>\n<li style=\"list-style-type: none\">2.1.1. Campo de Actuaci\u00f3n.<\/li>\n<li style=\"list-style-type: none\">2.1.2. Forma de Actuaci\u00f3n.<\/li>\n<\/ul>\n<\/li>\n<\/ul>\n<ul>\n<li style=\"list-style-type: none\">2.2. Las Ciencias Estad\u00edsticas.\n<ul>\n<li style=\"list-style-type: none\">2.2.1. Estudio Estad\u00edstico.<\/li>\n<\/ul>\n<\/li>\n<\/ul>\n<p style=\"font-weight: 400\"><strong>Tema 3. Generalidades sobre la Estad\u00edstica Descriptiva.<\/strong><\/p>\n<ul>\n<li style=\"list-style-type: none\">3.1. Introducci\u00f3n.<\/li>\n<li style=\"list-style-type: none\">3.2. Terminolog\u00eda estad\u00edstica.<\/li>\n<li style=\"list-style-type: none\">3.3. Distribuciones de frecuencias.\n<ul>\n<li style=\"list-style-type: none\">3.3.1. Tablas Estad\u00edsticas.<\/li>\n<\/ul>\n<\/li>\n<\/ul>\n<ul>\n<li style=\"list-style-type: none\">3.4. Gr\u00e1ficos Estad\u00edsticos.\n<ul>\n<li style=\"list-style-type: none\">3.4.1. Gr\u00e1ficos para variables cualitativas o atributos.<\/li>\n<li style=\"list-style-type: none\">3.4.2. Gr\u00e1ficos para variables cuantitativas.<\/li>\n<\/ul>\n<\/li>\n<\/ul>\n<p style=\"font-weight: 400\"><strong>Tema 4. Medidas de centralizaci\u00f3n, dispersi\u00f3n, posici\u00f3n y forma.<\/strong><\/p>\n<ul>\n<li style=\"list-style-type: none\">4.1. Medidas de centralizaci\u00f3n.<\/li>\n<li style=\"list-style-type: none\">4.2. Medidas de dispersi\u00f3n.\n<ul>\n<li style=\"list-style-type: none\">4.2.1. Medidas de dispersi\u00f3n absolutas no\u00a0referentes a promedios.<\/li>\n<li style=\"list-style-type: none\">4.2.2. Medidas de dispersi\u00f3n relativas no\u00a0referentes a promedios.<\/li>\n<li style=\"list-style-type: none\">4.2.3. Medidas de dispersi\u00f3n absolutas referentes\u00a0a promedios.<\/li>\n<li style=\"list-style-type: none\">4.2.4. Medidas de dispersi\u00f3n relativas referentes a promedios.<\/li>\n<\/ul>\n<\/li>\n<\/ul>\n<ul>\n<li style=\"list-style-type: none\">4.3. Par\u00e1metros de posici\u00f3n.<\/li>\n<li style=\"list-style-type: none\">4.4. Medidas de forma. Coeficientes de asimetr\u00eda<\/li>\n<\/ul>\n<p style=\"font-weight: 400\"><strong>Tema 6. An\u00e1lisis Exploratorio de Datos.<\/strong><\/p>\n<ul>\n<li style=\"font-weight: 400\"><a href=\"https:\/\/blog.uclm.es\/raulmmartin\/wp-content\/uploads\/sites\/155\/2020\/05\/EstadisticaSPSS_AnalisisExploratorioDatos.pdf\" target=\"_blank\" rel=\"noopener noreferrer\">Una introducci\u00f3n<\/a>.<\/li>\n<\/ul>\n<h2><span style=\"color: #ff0000\"><strong>Material Docente<\/strong><\/span><\/h2>\n<p style=\"font-weight: 400\"><a href=\"https:\/\/blog.uclm.es\/raulmmartin\/wp-content\/uploads\/sites\/155\/2020\/05\/EstadisticaSPSS_NotasClaseyPracticas.pdf\" target=\"_blank\" rel=\"noopener noreferrer\">Notas de Clase y Pr\u00e1cticas<\/a>.<\/p>\n","protected":false},"excerpt":{"rendered":"<p>Profesores Ra\u00fal Mart\u00edn Mart\u00edn Temario Tema 1. Introducci\u00f3n Hist\u00f3rica. 1.1. La Estad\u00edstica como ciencia. 1.2. Algunos problemas que resuelve la\u00a0Estad\u00edstica. Tema 2. Introducci\u00f3n a la Estad\u00edstica. 2.1. Concepto y Objetivo de la Estad\u00edstica. 2.1.1. Campo de Actuaci\u00f3n. 2.1.2. Forma de Actuaci\u00f3n. 2.2. Las Ciencias Estad\u00edsticas. 2.2.1. Estudio Estad\u00edstico. Tema 3. Generalidades sobre la Estad\u00edstica Descriptiva. &hellip; <a href=\"https:\/\/blog.uclm.es\/raulmmartin\/docencia-2\/estadisticaspss\/\" class=\"more-link\">Sigue leyendo <span class=\"screen-reader-text\">Estad\u00edstica con SPSS<\/span><\/a><\/p>\n","protected":false},"author":37,"featured_media":0,"parent":27,"menu_order":0,"comment_status":"closed","ping_status":"closed","template":"","meta":{"footnotes":""},"class_list":["post-433","page","type-page","status-publish","hentry"],"_links":{"self":[{"href":"https:\/\/blog.uclm.es\/raulmmartin\/wp-json\/wp\/v2\/pages\/433","targetHints":{"allow":["GET"]}}],"collection":[{"href":"https:\/\/blog.uclm.es\/raulmmartin\/wp-json\/wp\/v2\/pages"}],"about":[{"href":"https:\/\/blog.uclm.es\/raulmmartin\/wp-json\/wp\/v2\/types\/page"}],"author":[{"embeddable":true,"href":"https:\/\/blog.uclm.es\/raulmmartin\/wp-json\/wp\/v2\/users\/37"}],"replies":[{"embeddable":true,"href":"https:\/\/blog.uclm.es\/raulmmartin\/wp-json\/wp\/v2\/comments?post=433"}],"version-history":[{"count":1,"href":"https:\/\/blog.uclm.es\/raulmmartin\/wp-json\/wp\/v2\/pages\/433\/revisions"}],"predecessor-version":[{"id":582,"href":"https:\/\/blog.uclm.es\/raulmmartin\/wp-json\/wp\/v2\/pages\/433\/revisions\/582"}],"up":[{"embeddable":true,"href":"https:\/\/blog.uclm.es\/raulmmartin\/wp-json\/wp\/v2\/pages\/27"}],"wp:attachment":[{"href":"https:\/\/blog.uclm.es\/raulmmartin\/wp-json\/wp\/v2\/media?parent=433"}],"curies":[{"name":"wp","href":"https:\/\/api.w.org\/{rel}","templated":true}]}}