{"id":417,"date":"2020-05-26T07:39:34","date_gmt":"2020-05-26T06:39:34","guid":{"rendered":"http:\/\/blog.uclm.es\/raulmmartin\/?page_id=417"},"modified":"2022-11-29T19:04:07","modified_gmt":"2022-11-29T19:04:07","slug":"estadisticacomunicacion","status":"publish","type":"page","link":"https:\/\/blog.uclm.es\/raulmmartin\/docencia-2\/estadisticacomunicacion\/","title":{"rendered":"Estad\u00edstica y Metodolog\u00eda de la Investigaci\u00f3n"},"content":{"rendered":"<h2><span style=\"color: #ff0000\"><strong>Profesores<\/strong><\/span><\/h2>\n<ul>\n<li><b>Ra\u00fal Mart\u00edn Mart\u00edn<\/b><\/li>\n<\/ul>\n<h2><span style=\"color: #ff0000\"><strong>Temario<\/strong><\/span><\/h2>\n<p style=\"font-weight: 400\"><strong>M\u00f3dulo I: METODOLOG\u00cdA DE LA INVESTIGACI\u00d3N.<\/strong><\/p>\n<p style=\"font-weight: 400\"><strong><em>Notas de clase<\/em>:<\/strong><\/p>\n<ul>\n<li style=\"font-weight: 400\"><a href=\"https:\/\/blog.uclm.es\/raulmmartin\/wp-content\/uploads\/sites\/155\/2020\/05\/Estadistica_Comunicacion_M1_0_Metodologia-de-la-Investigacion1.pdf\" target=\"_blank\" rel=\"noopener noreferrer\">Metodolog\u00eda de la Investigaci\u00f3n I<\/a><\/li>\n<li style=\"font-weight: 400\"><a href=\"https:\/\/blog.uclm.es\/raulmmartin\/wp-content\/uploads\/sites\/155\/2020\/05\/Estadistica_Comunicacion_M1_0_Metodolog\u0e01a-de-la-Investigacion2.pdf\" target=\"_blank\" rel=\"noopener noreferrer\">Metodolog\u00eda de la Investigaci\u00f3n II<\/a>.<\/li>\n<\/ul>\n<p>Tema 1.\u00a0<strong>Fundamentos de la investigaci\u00f3n y metodolog\u00eda cient\u00edfica.<\/strong>\u00a0 Investigaci\u00f3n en los medios de comunicaci\u00f3n. El m\u00e9todo cient\u00edfico. Caracter\u00edsticas. Fases. Metodolog\u00eda cient\u00edfica. Clasificaci\u00f3n.<\/p>\n<p>Tema 2.\u00a0<strong>Metodolog\u00eda Experimental.<\/strong>\u00a0Dise\u00f1o Experimental. Aspectos esenciales de los dise\u00f1os experimentales. Tipos de variables. Validez externa e interna.<\/p>\n<p>Tema 3.\u00a0<strong>Metodolog\u00eda Cualitativa.<\/strong>\u00a0Conceptos b\u00e1sicos. M\u00e9todos cualitativos: Observaci\u00f3n directa, grupo de discusi\u00f3n y estudios de caso.<\/p>\n<p>Tema 4. <strong>Metodolog\u00eda Cuantitativa.<\/strong>\u00a0Conceptos b\u00e1sicos. M\u00e9todos cuantitativos: La encuesta sociol\u00f3gica y <a href=\"https:\/\/blog.uclm.es\/raulmmartin\/wp-content\/uploads\/sites\/155\/2020\/05\/Estadistica_Comunicacion_M1_4_analisis-de-contenidos-2.pdf\" target=\"_blank\" rel=\"noopener noreferrer\">el an\u00e1lisis de contenidos<\/a><\/p>\n<p>Tema 5.\u00a0<strong>Investigaci\u00f3n aplicada.<\/strong>\u00a0Investigaci\u00f3n sobre los medios impresos. Investigaci\u00f3n sobre los medios audiovisuales. Investigaci\u00f3n sobre publicidad y relaciones p\u00fablicas. Investigaci\u00f3n sobre los efectos de los medios.<\/p>\n<p><strong>M\u00f3dulo II: ESTAD\u00cdSTICA DESCRIPTIVA.<\/strong><\/p>\n<p><strong><em>Notas de clase:<\/em><\/strong><\/p>\n<ul>\n<li><a href=\"https:\/\/blog.uclm.es\/raulmmartin\/wp-content\/uploads\/sites\/155\/2020\/05\/Estadistica_Comunicacion_M2_0_Introduccion.pdf\" target=\"_blank\" rel=\"noopener noreferrer\">Introducci\u00f3n<\/a>.<\/li>\n<\/ul>\n<p>Tema 6.\u00a0<strong>Distribuciones de frecuencias.<\/strong>\u00a0Objeto de la Estad\u00edstica Descriptiva. Tablas de frecuencias. Representaciones gr\u00e1ficas. <a href=\"https:\/\/blog.uclm.es\/raulmmartin\/wp-content\/uploads\/sites\/155\/2020\/05\/Estadistica_Comunicacion_M2_6_Problemas_EjemplosDescriptiva.pdf\" target=\"_blank\" rel=\"noopener noreferrer\">Problemas<\/a>.<\/p>\n<p>Tema 7.\u00a0<strong>Medidas de Posici\u00f3n, Dispersi\u00f3n<\/strong>. Media aritm\u00e9tica y medias ponderadas. Moda. Mediana. Cuantiles. Recorrido. Varianza y desviaci\u00f3n t\u00edpica; cuasivarianza. Coeficiente de variaci\u00f3n.<\/p>\n<p>Tema 8.\u00a0<strong>Medidas Forma y Concentraci\u00f3n.\u00a0<\/strong>Coeficientes de asim\u00e9trica. Curva de concentraci\u00f3n o de Lorenz. \u00cdndice de concentraci\u00f3n de Gini.<\/p>\n<p>Tema\u00a09.\u00a0<strong>Distribuciones Estad\u00edsticas Bidimensionales<\/strong>. Tablas estad\u00edsticas. Distribuciones marginales y condicionales.<\/p>\n<p>Tema 10. <strong>Regresi\u00f3n y Correlaci\u00f3n<\/strong>. Recta de regresi\u00f3n. Coeficiente de correlaci\u00f3n lineal. Otras medidas de correlaci\u00f3n.<\/p>\n<p>Tema 11. <strong><a href=\"https:\/\/blog.uclm.es\/raulmmartin\/wp-content\/uploads\/sites\/155\/2020\/05\/Estadistica_Comunicacion_M2_11_Numeros-Indice.pdf\" target=\"_blank\" rel=\"noopener noreferrer\">N\u00fameros \u00cdndice<\/a>.<\/strong>\u00a0\u00cdndice elemental. Propiedades. \u00cdndices sint\u00e9ticos: Laspeyres, Paasche y Fisher. \u00cdndices de precios.<\/p>\n<p><strong>M\u00f3dulo III: ESTAD\u00cdSTICA INFERENCIAL<\/strong><\/p>\n<p>Tema 12. <strong>Introducci\u00f3n a la Probabilidad<\/strong>.\u00a0Fen\u00f3menos aleatorios y sucesos. Principios Elementales de la Probabilidad. Conceptos m\u00e1s notables. Teorema de Bayes. Distribuciones de Probabilidad. La Distribuci\u00f3n Normal.<\/p>\n<p>Tema 13.\u00a0<strong>Estimaci\u00f3n Estad\u00edstica.\u00a0<\/strong>Poblaciones y Muestras. Tipos de <a href=\"https:\/\/blog.uclm.es\/raulmmartin\/wp-content\/uploads\/sites\/155\/2020\/05\/Estadistica_Comunicacion_M3_13_Muestreo.pdf\" target=\"_blank\" rel=\"noopener noreferrer\">Muestreo<\/a>. Propiedades \u201cdeseables\u201d de un estimador. Estimaci\u00f3n puntual de medias, varianzas y proporciones. Intervalo de confianza para una media y para una proporci\u00f3n.<\/p>\n<p>Tema 14.\u00a0<strong>Contrastes de Hip\u00f3tesis<\/strong>. Introducci\u00f3n y conceptos b\u00e1sicos. Metodolog\u00eda. Errores en la decisi\u00f3n. Potencia de un contraste. Tipos de Contraste.<\/p>\n<h2><strong><span style=\"color: #ff0000\">Material Docente<\/span><\/strong><\/h2>\n<p><a href=\"https:\/\/blog.uclm.es\/raulmmartin\/wp-content\/uploads\/sites\/155\/2020\/05\/Estadistica_Comunicacion_MD_Presentacion-de-la-Asignatura.pdf\" target=\"_blank\" rel=\"noopener noreferrer\">Presentaci\u00f3n de la Asignatura<\/a>.<\/p>\n","protected":false},"excerpt":{"rendered":"<p>Profesores Ra\u00fal Mart\u00edn Mart\u00edn Temario M\u00f3dulo I: METODOLOG\u00cdA DE LA INVESTIGACI\u00d3N. Notas de clase: Metodolog\u00eda de la Investigaci\u00f3n I Metodolog\u00eda de la Investigaci\u00f3n II. Tema 1.\u00a0Fundamentos de la investigaci\u00f3n y metodolog\u00eda cient\u00edfica.\u00a0 Investigaci\u00f3n en los medios de comunicaci\u00f3n. El m\u00e9todo cient\u00edfico. Caracter\u00edsticas. Fases. Metodolog\u00eda cient\u00edfica. Clasificaci\u00f3n. Tema 2.\u00a0Metodolog\u00eda Experimental.\u00a0Dise\u00f1o Experimental. Aspectos esenciales de los dise\u00f1os &hellip; <a href=\"https:\/\/blog.uclm.es\/raulmmartin\/docencia-2\/estadisticacomunicacion\/\" class=\"more-link\">Sigue leyendo <span class=\"screen-reader-text\">Estad\u00edstica y Metodolog\u00eda de la Investigaci\u00f3n<\/span><\/a><\/p>\n","protected":false},"author":37,"featured_media":0,"parent":27,"menu_order":0,"comment_status":"closed","ping_status":"closed","template":"","meta":{"footnotes":""},"class_list":["post-417","page","type-page","status-publish","hentry"],"_links":{"self":[{"href":"https:\/\/blog.uclm.es\/raulmmartin\/wp-json\/wp\/v2\/pages\/417","targetHints":{"allow":["GET"]}}],"collection":[{"href":"https:\/\/blog.uclm.es\/raulmmartin\/wp-json\/wp\/v2\/pages"}],"about":[{"href":"https:\/\/blog.uclm.es\/raulmmartin\/wp-json\/wp\/v2\/types\/page"}],"author":[{"embeddable":true,"href":"https:\/\/blog.uclm.es\/raulmmartin\/wp-json\/wp\/v2\/users\/37"}],"replies":[{"embeddable":true,"href":"https:\/\/blog.uclm.es\/raulmmartin\/wp-json\/wp\/v2\/comments?post=417"}],"version-history":[{"count":2,"href":"https:\/\/blog.uclm.es\/raulmmartin\/wp-json\/wp\/v2\/pages\/417\/revisions"}],"predecessor-version":[{"id":585,"href":"https:\/\/blog.uclm.es\/raulmmartin\/wp-json\/wp\/v2\/pages\/417\/revisions\/585"}],"up":[{"embeddable":true,"href":"https:\/\/blog.uclm.es\/raulmmartin\/wp-json\/wp\/v2\/pages\/27"}],"wp:attachment":[{"href":"https:\/\/blog.uclm.es\/raulmmartin\/wp-json\/wp\/v2\/media?parent=417"}],"curies":[{"name":"wp","href":"https:\/\/api.w.org\/{rel}","templated":true}]}}