{"id":291,"date":"2020-05-25T09:09:56","date_gmt":"2020-05-25T08:09:56","guid":{"rendered":"http:\/\/blog.uclm.es\/raulmmartin\/?page_id=291"},"modified":"2022-11-29T19:10:44","modified_gmt":"2022-11-29T19:10:44","slug":"estadistica","status":"publish","type":"page","link":"https:\/\/blog.uclm.es\/raulmmartin\/docencia-2\/estadistica\/","title":{"rendered":"Estad\u00edstica"},"content":{"rendered":"<h2><span style=\"color: #ff0000\"><strong>Profesores<\/strong><\/span><\/h2>\n<ul>\n<li style=\"font-weight: 400\"><b>Ra\u00fal Mart\u00edn Mart\u00edn<\/b><\/li>\n<li style=\"font-weight: 400\"><b>Mercedes Fern\u00e1ndez Guerrero<\/b><\/li>\n<\/ul>\n<h2><strong><span style=\"color: #ff0000\">Temario<\/span><\/strong><\/h2>\n<p><strong>Tema 1. Introducci\u00f3n<\/strong><\/p>\n<ol>\n<li style=\"font-weight: 400;list-style-type: none\">1.1. Inter\u00e9s del curso<\/li>\n<li style=\"font-weight: 400;list-style-type: none\">1.2. Definici\u00f3n de Estad\u00edstica<\/li>\n<li style=\"font-weight: 400;list-style-type: none\">1.3. Clasificaci\u00f3n de la Estad\u00edstica<\/li>\n<li style=\"font-weight: 400;list-style-type: none\">1.4. Conceptos b\u00e1sicos<\/li>\n<li style=\"font-weight: 400;list-style-type: none\">1.5. Organizaci\u00f3n y descripci\u00f3n de los datos<\/li>\n<li style=\"font-weight: 400;list-style-type: none\">1.6. Clasificaci\u00f3n de variables<\/li>\n<\/ol>\n<p><strong>Tema 2. Estad\u00edstica descriptiva unidimensional<\/strong><\/p>\n<ol>\n<li style=\"font-weight: 400;list-style-type: none\">2.1. Distribuci\u00f3n de frecuencias<\/li>\n<li style=\"font-weight: 400;list-style-type: none\">2.2. Representaciones gr\u00e1ficas<\/li>\n<li style=\"font-weight: 400;list-style-type: none\">2.3. Medidas de centralizaci\u00f3n y de posici\u00f3n<\/li>\n<li style=\"font-weight: 400;list-style-type: none\">2.4. Medidas de dispersi\u00f3n y de forma<\/li>\n<\/ol>\n<p><strong>Tema 3. Estad\u00edstica descriptiva bidimensional<\/strong><\/p>\n<ol>\n<li style=\"font-weight: 400;list-style-type: none\">3.1. Distribuci\u00f3n conjunta de dos variables<\/li>\n<li style=\"font-weight: 400;list-style-type: none\">3.2. Representaci\u00f3n gr\u00e1fica conjunta de dos variables<\/li>\n<li style=\"font-weight: 400;list-style-type: none\">3.3. Relaci\u00f3n entre variables cualitativas y ordinales<\/li>\n<li style=\"font-weight: 400;list-style-type: none\">3.4. Relaci\u00f3n entre variables cuantitativas<\/li>\n<li style=\"font-weight: 400;list-style-type: none\">3.5. Regresi\u00f3n lineal y predicci\u00f3n<\/li>\n<\/ol>\n<p><strong>Tema 4. Introducci\u00f3n a la Probabilidad<\/strong><\/p>\n<ol>\n<li style=\"font-weight: 400;list-style-type: none\">4.1. Experimentos y sucesos aleatorios<\/li>\n<li style=\"font-weight: 400;list-style-type: none\">4.2. Definiciones de probabilidad<\/li>\n<li style=\"font-weight: 400;list-style-type: none\">4.3. Probabilidad condicionada e independencia de sucesos<\/li>\n<li style=\"font-weight: 400;list-style-type: none\">4.4. Teoremas fundamentales de la probabilidad<\/li>\n<\/ol>\n<p><strong>Tema 5. Variables aleatorias y distribuciones de probabilidad<\/strong><\/p>\n<ol>\n<li style=\"font-weight: 400;list-style-type: none\">5.1. Definiciones<\/li>\n<li style=\"font-weight: 400;list-style-type: none\">5.2. Funciones de probabilidad y de distribuci\u00f3n de una variable aleatoria<\/li>\n<li style=\"font-weight: 400;list-style-type: none\">5.3. Momentos de una variable aleatoria<\/li>\n<li style=\"font-weight: 400;list-style-type: none\">5.4. Algunas distribuciones de variables aleatorias discretas<\/li>\n<li style=\"font-weight: 400;list-style-type: none\">5.5. Algunas distribuciones de variables aleatorias continuas<\/li>\n<li style=\"font-weight: 400;list-style-type: none\">5.6. Distribuciones conjuntas de variables aleatorias<\/li>\n<\/ol>\n<p><strong>Tema 6. Muestreo y Estimaci\u00f3n<\/strong><\/p>\n<ol>\n<li style=\"font-weight: 400;list-style-type: none\">6.1. Conceptos fundamentales en el muestreo<\/li>\n<li style=\"font-weight: 400;list-style-type: none\">6.2. Tipos de muestreo<\/li>\n<li style=\"font-weight: 400;list-style-type: none\">6.3. Estad\u00edsticos y estimadores. Propiedades<\/li>\n<li style=\"font-weight: 400;list-style-type: none\">6.4. M\u00e9todos de obtenci\u00f3n de estimadores<\/li>\n<li style=\"font-weight: 400;list-style-type: none\">6.5. istribuciones muestrales<\/li>\n<li style=\"font-weight: 400;list-style-type: none\">6.6. Estimaci\u00f3n por intervalos de confianza<\/li>\n<li style=\"font-weight: 400;list-style-type: none\">6.7. M\u00e9todos bayesianos de estimaci\u00f3n<\/li>\n<\/ol>\n<p><strong>Tema 7. Contraste de hip\u00f3tesis<\/strong><\/p>\n<ol>\n<li style=\"font-weight: 400;list-style-type: none\">7.1. Definiciones<\/li>\n<li style=\"font-weight: 400;list-style-type: none\">7.2. Contrastes param\u00e9tricos para una y dos muestras<\/li>\n<li style=\"font-weight: 400;list-style-type: none\">7.3. Introducci\u00f3n al an\u00e1lisis de varianza<\/li>\n<li style=\"font-weight: 400;list-style-type: none\">7.4. Contrastes no param\u00e9tricos<\/li>\n<\/ol>\n<p><strong>Tema 8. Introducci\u00f3n al control estad\u00edstico de calidad en Ingenier\u00eda<\/strong><\/p>\n<ol>\n<li style=\"font-weight: 400;list-style-type: none\">8.1. Introducci\u00f3n<\/li>\n<li style=\"font-weight: 400;list-style-type: none\">8.2. Gr\u00e1ficas de control para variables<\/li>\n<li style=\"font-weight: 400;list-style-type: none\">8.3. Gr\u00e1ficas de control para atributos<\/li>\n<li style=\"font-weight: 400;list-style-type: none\">8.4. Gr\u00e1ficas de control de cusum<\/li>\n<\/ol>\n<h2><span style=\"color: #ff0000\"><strong>Material Docente<\/strong><\/span><\/h2>\n<p><b>Relaciones de problemas<\/b><\/p>\n<ol>\n<li><a href=\"https:\/\/blog.uclm.es\/raulmmartin\/wp-content\/uploads\/sites\/155\/2020\/05\/Estadistica_Problemas_1_Problemas-de-Estadistica-Descriptiva-Unidimensional.pdf\" target=\"_blank\" rel=\"noopener noreferrer\">Problemas de Estad\u00edstica Descriptiva Unidimensional<\/a>.<\/li>\n<li><a href=\"https:\/\/blog.uclm.es\/raulmmartin\/wp-content\/uploads\/sites\/155\/2020\/05\/Estadistica_Problemas_2_Problemas-de-Estadistica-Descriptiva-Bidimensional.pdf\" target=\"_blank\" rel=\"noopener noreferrer\">Problemas de Estad\u00edstica Descriptiva Bidimensional<\/a>.<\/li>\n<li><a href=\"https:\/\/blog.uclm.es\/raulmmartin\/wp-content\/uploads\/sites\/155\/2020\/05\/Estadistica_Problemas_3_Problemas-de-Probabilidad.pdf\" target=\"_blank\" rel=\"noopener noreferrer\">Problemas de Probabilidad<\/a>.<\/li>\n<li><a href=\"https:\/\/blog.uclm.es\/raulmmartin\/wp-content\/uploads\/sites\/155\/2020\/05\/Estadistica_Problemas_4_Problemas-de-Variables-Aleatorias-y-Distribuciones-de-Probabilidad.pdf\" target=\"_blank\" rel=\"noopener noreferrer\">Problemas de Variables Aleatorias y Distribuciones de Probabilidad<\/a>.<\/li>\n<li><a href=\"https:\/\/blog.uclm.es\/raulmmartin\/wp-content\/uploads\/sites\/155\/2020\/05\/Estadistica_Problemas_5_Problemas-de-Muestreo-y-Estimacion.pdf\" target=\"_blank\" rel=\"noopener noreferrer\">Problemas de Muestreo y Estimaci\u00f3n<\/a>.<\/li>\n<\/ol>\n<p><b>Pr\u00e1cticas con SPSS<\/b><\/p>\n<ol>\n<li><a href=\"https:\/\/blog.uclm.es\/raulmmartin\/wp-content\/uploads\/sites\/155\/2020\/05\/Estadistica_SPSS_1_Mi-primera-sesion-con-SPSS.pdf\" target=\"_blank\" rel=\"noopener noreferrer\">Mi primera sesi\u00f3n con SPSS<\/a>.<\/li>\n<li><a href=\"https:\/\/blog.uclm.es\/raulmmartin\/wp-content\/uploads\/sites\/155\/2020\/05\/Estadistica_SPSS_2_Trabajando-con-archivos-de-datos.pdf\" target=\"_blank\" rel=\"noopener noreferrer\">Trabajando con archivos de datos<\/a>. <a href=\"http:\/\/blog.uclm.es\/raulmmartin\/files\/2020\/05\/Estadistica_SPSS_2_Trabajando-con-archivos-de-datos.-Pr\u00e1ctica-1..pdf\" target=\"_blank\" rel=\"noopener noreferrer\">Pr\u00e1ctica 1<\/a>.<\/li>\n<li><a href=\"https:\/\/blog.uclm.es\/raulmmartin\/wp-content\/uploads\/sites\/155\/2020\/05\/Estadistica_SPSS_3_Analisis-descriptivo-con-SPSS.pdf\" target=\"_blank\" rel=\"noopener noreferrer\">An\u00e1lisis descriptivo con SPSS<\/a>.<\/li>\n<li><a href=\"https:\/\/blog.uclm.es\/raulmmartin\/wp-content\/uploads\/sites\/155\/2020\/05\/Estadistica_SPSS_4_Correlacion-con-SPSS.pdf\" target=\"_blank\" rel=\"noopener noreferrer\">Correlaci\u00f3n con SPSS<\/a>.<\/li>\n<li><a href=\"https:\/\/blog.uclm.es\/raulmmartin\/wp-content\/uploads\/sites\/155\/2020\/05\/Estadistica_SPSS_5_Regresion-usando-el-SPSS.pdf\" target=\"_blank\" rel=\"noopener noreferrer\">Regresi\u00f3n usando el SPSS<\/a>.<\/li>\n<li><a href=\"https:\/\/blog.uclm.es\/raulmmartin\/wp-content\/uploads\/sites\/155\/2020\/05\/Estadistica_SPSS_6_Supuestos-del-modelo-de-regresion-lineal.pdf\" target=\"_blank\" rel=\"noopener noreferrer\">Supuestos del modelo de regresi\u00f3n lineal<\/a>.<\/li>\n<li><a href=\"http:\/\/blog.uclm.es\/raulmmartin\/files\/2020\/05\/Estadistica_SPSS_7_Contrastes-de-hip\u00f3tesis..pdf\" target=\"_blank\" rel=\"noopener noreferrer\">Contrastes de hip\u00f3tesis<\/a>.<\/li>\n<li><a href=\"https:\/\/blog.uclm.es\/raulmmartin\/wp-content\/uploads\/sites\/155\/2020\/05\/Estadistica_SPSS_8_Comparacion-de-medias.pdf\" target=\"_blank\" rel=\"noopener noreferrer\">Comparaci\u00f3n de medias<\/a>.<\/li>\n<li><a href=\"https:\/\/blog.uclm.es\/raulmmartin\/wp-content\/uploads\/sites\/155\/2020\/05\/Estadistica_SPSS_9_Resumen-de-contrastes.pdf\" target=\"_blank\" rel=\"noopener noreferrer\">Resumen de contrastes<\/a>.<\/li>\n<li><a href=\"http:\/\/blog.uclm.es\/raulmmartin\/files\/2020\/05\/Estadistica_SPSS_10_An\u00e1lisis-de-la-varianza..pdf\" target=\"_blank\" rel=\"noopener noreferrer\">An\u00e1lisis de la varianza<\/a>.<\/li>\n<\/ol>\n<h2><strong><span style=\"color: #ff0000\">Bibliograf\u00eda<\/span><\/strong><\/h2>\n<p><strong>Fern\u00e1ndez Mercedes \/ Mart\u00edn Ra\u00fal\u00a0<\/strong> \u00abManual de Estad\u00edstica para Ingenieros\u00bb. Editorial: Ru\u00edz Morote.<\/p>\n<p><strong>P\u00e9rez, C\u00e9sar\u00a0<\/strong> \u00abEstad\u00edstica. Problemas resueltos y aplicaciones\u00bb. Editorial: Pearson Prentice Hall.<\/p>\n<p><strong>G\u00e1mez Mellado, Antonio \/ Mar\u00edn, T., Luis<\/strong>\u00a0 \u00abProbabilidad y Estad\u00edstica para Ingenieros T\u00e9cnicos\u00bb. Editorial: Universidad de C\u00e1diz.<\/p>\n<p><strong>P\u00e9rez, C\u00e9sar<\/strong>\u00a0 \u00abT\u00e9cnicas Estad\u00edsticas con SPSS12\u00bb.\u00a0 Editorial: Pearson Prentice Hall.<\/p>\n<p><strong>Mendenhall, Willians \/ Sincich, Terry<\/strong>\u00a0 \u00abProbabilidad y Estad\u00edstica para Ingenier\u00eda y Ciencias\u00bb. Editorial: Pearson Prentice Hall.<\/p>\n<p><strong>Walpole, Ronald \/ Mayers, Raymon H. \/ Mayers,Sharon<\/strong>\u00a0 \u00abProbabilidad y Estad\u00edstica para Ingenieros\u00bb. Editorial: Pearson Prentice Hall.<\/p>\n<p><strong>Pe\u00f1a,D. \/ Romo, J.\u00a0<\/strong> \u00abIntroducci\u00f3n a la Estad\u00edstica para las C.C. Sociales\u00bb. Editorial: McGraw-Hill.<\/p>\n<p><strong>L\u00f3pez Cachero, M.\u00a0<\/strong> \u00abFundamentos y M\u00e9todos de Estad\u00edstica\u00bb. Editorial: Pir\u00e1mide.<\/p>\n<p><strong>Canovos, G.\u00a0<\/strong> \u00abProbabilidad y Estad\u00edstica\u00bb. Editorial: McGraw-Hill.<\/p>\n<p><strong>Carot Alonso, Vicente\u00a0<\/strong> \u00abControl Estad\u00edstico de Calidad\u00bb. Editorial: Universidad Polit\u00e9cnica de Valencia.<\/p>\n<p><strong>C\u00e9sar P\u00e9rez\u00a0<\/strong> \u00abControl Estad\u00edstico de la Calidad\u00bb. .Editorial: Rama.<\/p>\n<p><strong>Pardo\u00a0<\/strong> \u00abAn\u00e1lisis de Datos con SPSS13 Base\u00bb.\u00a0 Editorial: McGraw-Hill.<\/p>\n","protected":false},"excerpt":{"rendered":"<p>Profesores Ra\u00fal Mart\u00edn Mart\u00edn Mercedes Fern\u00e1ndez Guerrero Temario Tema 1. Introducci\u00f3n 1.1. Inter\u00e9s del curso 1.2. Definici\u00f3n de Estad\u00edstica 1.3. Clasificaci\u00f3n de la Estad\u00edstica 1.4. Conceptos b\u00e1sicos 1.5. Organizaci\u00f3n y descripci\u00f3n de los datos 1.6. Clasificaci\u00f3n de variables Tema 2. Estad\u00edstica descriptiva unidimensional 2.1. Distribuci\u00f3n de frecuencias 2.2. Representaciones gr\u00e1ficas 2.3. Medidas de centralizaci\u00f3n y &hellip; <a href=\"https:\/\/blog.uclm.es\/raulmmartin\/docencia-2\/estadistica\/\" class=\"more-link\">Sigue leyendo <span class=\"screen-reader-text\">Estad\u00edstica<\/span><\/a><\/p>\n","protected":false},"author":37,"featured_media":0,"parent":27,"menu_order":0,"comment_status":"closed","ping_status":"closed","template":"","meta":{"footnotes":""},"class_list":["post-291","page","type-page","status-publish","hentry"],"_links":{"self":[{"href":"https:\/\/blog.uclm.es\/raulmmartin\/wp-json\/wp\/v2\/pages\/291","targetHints":{"allow":["GET"]}}],"collection":[{"href":"https:\/\/blog.uclm.es\/raulmmartin\/wp-json\/wp\/v2\/pages"}],"about":[{"href":"https:\/\/blog.uclm.es\/raulmmartin\/wp-json\/wp\/v2\/types\/page"}],"author":[{"embeddable":true,"href":"https:\/\/blog.uclm.es\/raulmmartin\/wp-json\/wp\/v2\/users\/37"}],"replies":[{"embeddable":true,"href":"https:\/\/blog.uclm.es\/raulmmartin\/wp-json\/wp\/v2\/comments?post=291"}],"version-history":[{"count":2,"href":"https:\/\/blog.uclm.es\/raulmmartin\/wp-json\/wp\/v2\/pages\/291\/revisions"}],"predecessor-version":[{"id":595,"href":"https:\/\/blog.uclm.es\/raulmmartin\/wp-json\/wp\/v2\/pages\/291\/revisions\/595"}],"up":[{"embeddable":true,"href":"https:\/\/blog.uclm.es\/raulmmartin\/wp-json\/wp\/v2\/pages\/27"}],"wp:attachment":[{"href":"https:\/\/blog.uclm.es\/raulmmartin\/wp-json\/wp\/v2\/media?parent=291"}],"curies":[{"name":"wp","href":"https:\/\/api.w.org\/{rel}","templated":true}]}}