{"id":29,"date":"2020-05-22T11:54:48","date_gmt":"2020-05-22T10:54:48","guid":{"rendered":"http:\/\/blog.uclm.es\/raulmmartin\/?page_id=29"},"modified":"2022-11-30T16:07:15","modified_gmt":"2022-11-30T16:07:15","slug":"vinculos","status":"publish","type":"page","link":"https:\/\/blog.uclm.es\/raulmmartin\/vinculos\/","title":{"rendered":"V\u00ednculos"},"content":{"rendered":"<h2 style=\"text-align: center\"><a href=\"https:\/\/www.uclm.es\/grupos\/oed\/oed-uclm\" target=\"_blank\" rel=\"noopener noreferrer\">Grupo de Dise\u00f1o \u00d3ptimo de Experimentos<\/a><\/h2>\n<h2 style=\"text-align: center\"><a href=\"http:\/\/matematicas.uclm.es\/depmate\/index.php\" target=\"_blank\" rel=\"noopener noreferrer\">Departamento de Matem\u00e1ticas de la UCLM<\/a><\/h2>\n<h2 style=\"text-align: center\"><\/h2>\n<h2 style=\"text-align: center\"><a href=\"http:\/\/areaestadistica.uclm.es\/\" target=\"_blank\" rel=\"noopener noreferrer\">\u00c1rea de Estad\u00edstica de la UCLM<\/a><\/h2>\n<h2 style=\"text-align: center\"><a href=\"http:\/\/areaestadistica.uclm.es\/asesoramiento\/\" target=\"_blank\" rel=\"noopener noreferrer\">Asesoramiento Estad\u00edstico<\/a><\/h2>\n<h2 style=\"text-align: center\"><a href=\"http:\/\/imaci.uclm.es\/\" target=\"_blank\" rel=\"noopener noreferrer\">Instituto de Matem\u00e1tica Aplicada a la Ciencia y a la Ingenier\u00eda (IMACI)<\/a><\/h2>\n<h2 style=\"text-align: center\"><\/h2>\n","protected":false},"excerpt":{"rendered":"<p>Grupo de Dise\u00f1o \u00d3ptimo de Experimentos Departamento de Matem\u00e1ticas de la UCLM \u00c1rea de Estad\u00edstica de la UCLM Asesoramiento Estad\u00edstico Instituto de Matem\u00e1tica Aplicada a la Ciencia y a la Ingenier\u00eda (IMACI)<\/p>\n","protected":false},"author":37,"featured_media":0,"parent":0,"menu_order":0,"comment_status":"closed","ping_status":"closed","template":"","meta":{"footnotes":""},"class_list":["post-29","page","type-page","status-publish","hentry"],"_links":{"self":[{"href":"https:\/\/blog.uclm.es\/raulmmartin\/wp-json\/wp\/v2\/pages\/29","targetHints":{"allow":["GET"]}}],"collection":[{"href":"https:\/\/blog.uclm.es\/raulmmartin\/wp-json\/wp\/v2\/pages"}],"about":[{"href":"https:\/\/blog.uclm.es\/raulmmartin\/wp-json\/wp\/v2\/types\/page"}],"author":[{"embeddable":true,"href":"https:\/\/blog.uclm.es\/raulmmartin\/wp-json\/wp\/v2\/users\/37"}],"replies":[{"embeddable":true,"href":"https:\/\/blog.uclm.es\/raulmmartin\/wp-json\/wp\/v2\/comments?post=29"}],"version-history":[{"count":3,"href":"https:\/\/blog.uclm.es\/raulmmartin\/wp-json\/wp\/v2\/pages\/29\/revisions"}],"predecessor-version":[{"id":639,"href":"https:\/\/blog.uclm.es\/raulmmartin\/wp-json\/wp\/v2\/pages\/29\/revisions\/639"}],"wp:attachment":[{"href":"https:\/\/blog.uclm.es\/raulmmartin\/wp-json\/wp\/v2\/media?parent=29"}],"curies":[{"name":"wp","href":"https:\/\/api.w.org\/{rel}","templated":true}]}}