{"id":27,"date":"2020-05-22T11:54:48","date_gmt":"2020-05-22T10:54:48","guid":{"rendered":"http:\/\/blog.uclm.es\/raulmmartin\/?page_id=27"},"modified":"2024-09-06T16:11:55","modified_gmt":"2024-09-06T16:11:55","slug":"docencia-2","status":"publish","type":"page","link":"https:\/\/blog.uclm.es\/raulmmartin\/docencia-2\/","title":{"rendered":"Docencia"},"content":{"rendered":"<h2><strong><span style=\"color: #ff0000\">Docencia Curso Actual<\/span><\/strong><\/h2>\n<p><span style=\"color: #333333\"><strong>FACULTAD DE CIENCIAS AMBIENTALES Y BIOQU\u00cdMICA<br \/>\n<\/strong><\/span><span style=\"color: #333333\"><a style=\"color: #333333\" href=\"https:\/\/planea.apps.uclm.es\/web\/guia\/340\/37311\" target=\"_blank\" rel=\"noopener noreferrer\">Estad\u00edstica Aplicada<\/a>. (<span style=\"color: #0000ff\"><a style=\"color: #0000ff\" href=\"https:\/\/www.uclm.es\/toledo\/MAmbiente\/Titulaciones\/Amb\" target=\"_blank\" rel=\"noopener noreferrer\">Grado en Ciencias Ambientales<\/a><\/span>)<br \/>\n<a style=\"color: #333333\" href=\"https:\/\/planea.apps.uclm.es\/web\/guia\/424\/37512\" target=\"_blank\" rel=\"noopener noreferrer\">M\u00e9todos Matem\u00e1ticos II<\/a>. (<span style=\"color: #0000ff\"><a style=\"color: #0000ff\" href=\"https:\/\/www.uclm.es\/toledo\/MAmbiente\/Titulaciones\/FIS\" target=\"_blank\" rel=\"noopener noreferrer\">Grado en F\u00edsica<\/a><\/span>)<br \/>\n<\/span><\/p>\n<h2><strong><span style=\"color: #ff0000\">Docencia Cursos Pasados<\/span><\/strong><\/h2>\n<p><span style=\"color: #333333\"><strong><a style=\"color: #333333\" href=\"https:\/\/www.uclm.es\/es\/toledo\/Arquitectura\" target=\"_blank\" rel=\"noopener noreferrer\">ESCUELA DE ARQUITECTURA<\/a><br \/>\n<\/strong><\/span><span style=\"color: #333333\"><a style=\"color: #333333\" href=\"https:\/\/guiae.uclm.es\/vistaGuia\/378\/11300\/2019-20\" target=\"_blank\" rel=\"noopener noreferrer\">Fundamentos Matem\u00e1ticos<\/a>. (<span style=\"color: #0000ff\"><a style=\"color: #0000ff\" href=\"https:\/\/www.uclm.es\/toledo\/Arquitectura\" target=\"_blank\" rel=\"noopener noreferrer\">Grado en Arquitectura<\/a><\/span>)<\/span><\/p>\n<p><span style=\"color: #333333\"><strong><a style=\"color: #333333\" href=\"https:\/\/www.uclm.es\/es\/toledo\/Arquitectura\" target=\"_blank\" rel=\"noopener noreferrer\">ESCUELA DE ARQUITECTURA<\/a><br \/>\n<\/strong><\/span><span style=\"color: #333333\"><a style=\"color: #333333\" href=\"https:\/\/guiae.uclm.es\/vistaPrevia\/19231\/999\" target=\"_blank\" rel=\"noopener noreferrer\">Geometr\u00eda<\/a>. (<span style=\"color: #0000ff\"><a style=\"color: #0000ff\" href=\"https:\/\/www.uclm.es\/toledo\/Arquitectura\" target=\"_blank\" rel=\"noopener noreferrer\">Grado en Arquitectura<\/a><\/span>)<\/span><\/p>\n<p><span style=\"color: #333333\"><a style=\"color: #333333\" href=\"https:\/\/www.uclm.es\/toledo\/fafeto\" target=\"_blank\" rel=\"noopener noreferrer\"><strong>FACULTAD DE FISIOTERAPIA y ENFERMER\u00cdA<\/strong><\/a><br \/>\n<\/span><span style=\"color: #333333\"><a style=\"color: #333333\" href=\"https:\/\/guiae.uclm.es\/vistaGuia\/387\/15304\/2019-20\" target=\"_blank\" rel=\"noopener noreferrer\">Estad\u00edstica para Ciencias de la Salud<\/a> (<span style=\"color: #0000ff\"><a style=\"color: #0000ff\" href=\"https:\/\/www.uclm.es\/toledo\/fafeto\/estudios\/gradoenfermeria\" target=\"_blank\" rel=\"noopener noreferrer\">Grado en Enfermer\u00eda<\/a><\/span>)<\/span><\/p>\n<p><span style=\"color: #333333\"><a style=\"color: #333333\" href=\"https:\/\/www.uclm.es\/toledo\/cdeporte\" target=\"_blank\" rel=\"noopener noreferrer\"><strong>FACULTAD DE CIENCIAS DEL DEPORTE<\/strong><\/a><br \/>\n<\/span><span style=\"color: #333333\"><a style=\"color: #333333\" href=\"https:\/\/guiae.uclm.es\/vistaGuia\/2323\/310492\" target=\"_blank\" rel=\"noopener noreferrer\">An\u00e1lisis de Datos Multivariante aplicado a las CC Actividad F\u00edsica<\/a> (<span style=\"color: #0000ff\"><a style=\"color: #0000ff\" href=\"https:\/\/www.uclm.es\/Estudios\/masteres\/master-investigacion-ciencias-deporte\" target=\"_blank\" rel=\"noopener noreferrer\">M\u00e1ster Investigaci\u00f3n<\/a><\/span>)<\/span><\/p>\n<p><span style=\"color: #333333\"><strong>FACULTAD DE CIENCIAS AMBIENTALES Y BIOQU\u00cdMICA<br \/>\n<\/strong><\/span><span style=\"color: #333333\">Sostenibilidad ambiental (M\u00e1ster en Sostenibilidad Ambiental en el Desarrollo Territorial)<br \/>\n<\/span><span style=\"color: #333333\">Gesti\u00f3n sostenible del patrimonio natural ( \u00cddem)<\/span><\/p>\n<p><span style=\"color: #333333\"><strong>FACULTAD DE TERAPIA OCUPACIONAL, LOGOPEDIA Y ENFERMER\u00cdA<br \/>\n<\/strong><\/span><span style=\"color: #333333\">Estad\u00edstica para Ciencias de la Salud<\/span><\/p>\n<p><span style=\"color: #333333\"><strong>MASTER UNIVERSITARIO EN F\u00cdSICA Y MATEM\u00c1TICAS<br \/>\n<\/strong><\/span><span style=\"color: #333333\">Modelizaci\u00f3n, an\u00e1lisis estad\u00edstico y procesos estoc\u00e1sticos<\/span><\/p>\n<p><span style=\"color: #333333\"><strong>CURSO CERO.<br \/>\n<\/strong><\/span><a href=\"https:\/\/blog.uclm.es\/raulmmartin\/wp-content\/uploads\/sites\/155\/2020\/05\/curso0_det.pdf\" target=\"_blank\" rel=\"noopener noreferrer\">Problemas<\/a><\/p>\n<p><span style=\"color: #333333\"><strong>INGENIER\u00cdA T\u00c9CNICA EN INFORM\u00c1TICA DE SISTEMAS<br \/>\n<\/strong><\/span><span style=\"color: #333333\"><a href=\"http:\/\/blog.uclm.es\/raulmmartin\/calculo\/\">C\u00e1lculo<\/a><\/span><\/p>\n<p><span style=\"color: #333333\"><strong>INGENIER\u00cdA T\u00c9CNICA EN INFORM\u00c1TICA DE GESTI\u00d3N<br \/>\n<\/strong><\/span><a href=\"http:\/\/blog.uclm.es\/raulmmartin\/estadistica\/\">Estad\u00edstica<\/a><\/p>\n<p><span style=\"color: #333333\"><strong>INGENIER\u00cdA EN INFORM\u00c1TICA<br \/>\n<\/strong><\/span><a href=\"http:\/\/blog.uclm.es\/raulmmartin\/estadistica\/\">Estad\u00edstica<\/a><\/p>\n<p><span style=\"color: #333333\"><strong>INGENIER\u00cdA T\u00c9CNICA EN INFORM\u00c1TICA DE GESTI\u00d3N<br \/>\n<\/strong><\/span><a href=\"http:\/\/blog.uclm.es\/raulmmartin\/legislacioninformatica\/\">Legislaci\u00f3n Inform\u00e1tica<\/a><br \/>\n<a href=\"http:\/\/blog.uclm.es\/raulmmartin\/docencia\/fundamentos-i\/\">Fundamentos Matem\u00e1ticos de la Inform\u00e1tica I<\/a><br \/>\n<a href=\"http:\/\/blog.uclm.es\/raulmmartin\/docencia\/fundamentos-ii\/\">Fundamentos Matem\u00e1ticos de la Inform\u00e1tica II<\/a><\/p>\n<p><span style=\"color: #333333\"><strong>INGENIER\u00cdA T\u00c9CNICA EN INFORM\u00c1TICA DE SISTEMAS<br \/>\n<\/strong><\/span><a href=\"http:\/\/blog.uclm.es\/raulmmartin\/legislacioninformatica\/\">Legislaci\u00f3n Inform\u00e1tica<\/a><br \/>\n<a href=\"http:\/\/blog.uclm.es\/raulmmartin\/docencia\/fundamentos-i\/\">Fundamentos Matem\u00e1ticos de la Inform\u00e1tica I<\/a><br \/>\n<a href=\"http:\/\/blog.uclm.es\/raulmmartin\/docencia\/fundamentos-ii\/\">Fundamentos Matem\u00e1ticos de la Inform\u00e1tica II<\/a><\/p>\n<p><span style=\"color: #333333\"><strong>INGENIER\u00cdA EN INFORM\u00c1TICA<br \/>\n<\/strong><\/span><a href=\"http:\/\/blog.uclm.es\/raulmmartin\/docencia\/ampliacion-matematicas\/\">Ampliaci\u00f3n de Matem\u00e1ticas<\/a><\/p>\n<p><span style=\"color: #333333\"><strong>LICENCIATURA EN PERIODISMO<br \/>\n<\/strong><\/span><a href=\"http:\/\/blog.uclm.es\/raulmmartin\/docencia\/estadisticacomunicacion\/\">Estad\u00edstica y Metodolog\u00eda de la Investigaci\u00f3n<\/a><\/p>\n<p><span style=\"color: #333333\"><strong>LICENCIATURA EN COMUNICACI\u00d3N AUDIOVISUAL<br \/>\n<\/strong><\/span><a href=\"http:\/\/blog.uclm.es\/raulmmartin\/docencia\/estadisticacomunicacion\/\">Estad\u00edstica y Metodolog\u00eda de la Investigaci\u00f3n<\/a><\/p>\n<p><span style=\"color: #333333\"><strong>LICENCIATURA EN PUBLICIDAD Y RELACIONES P\u00daBLICAS<\/strong><br \/>\n<\/span><a href=\"http:\/\/blog.uclm.es\/raulmmartin\/docencia\/estadisticacomunicacion\/\">Estad\u00edstica y Metodolog\u00eda de la Investigaci\u00f3n<\/a><\/p>\n<p><span style=\"color: #333333\"><strong>ASIGNATURAS DE LIBRE CONFIGURACI\u00d3N<br \/>\n<\/strong><\/span><a href=\"http:\/\/blog.uclm.es\/raulmmartin\/docencia\/internetmetodonegocios\/\">Internet un nuevo m\u00e9todo para los negocios<\/a><br \/>\n<a href=\"http:\/\/blog.uclm.es\/raulmmartin\/docencia\/estadisticaspss\/\">Estad\u00edstica con SPSS<\/a><br \/>\n<a href=\"http:\/\/blog.uclm.es\/raulmmartin\/docencia\/ofimatica\/\">Introducci\u00f3n a la inform\u00e1tica y a la ofim\u00e1tica<\/a><\/p>\n","protected":false},"excerpt":{"rendered":"<p>Docencia Curso Actual FACULTAD DE CIENCIAS AMBIENTALES Y BIOQU\u00cdMICA Estad\u00edstica Aplicada. (Grado en Ciencias Ambientales) M\u00e9todos Matem\u00e1ticos II. (Grado en F\u00edsica) Docencia Cursos Pasados ESCUELA DE ARQUITECTURA Fundamentos Matem\u00e1ticos. (Grado en Arquitectura) ESCUELA DE ARQUITECTURA Geometr\u00eda. (Grado en Arquitectura) FACULTAD DE FISIOTERAPIA y ENFERMER\u00cdA Estad\u00edstica para Ciencias de la Salud (Grado en Enfermer\u00eda) FACULTAD DE &hellip; <a href=\"https:\/\/blog.uclm.es\/raulmmartin\/docencia-2\/\" class=\"more-link\">Sigue leyendo <span class=\"screen-reader-text\">Docencia<\/span><\/a><\/p>\n","protected":false},"author":37,"featured_media":0,"parent":0,"menu_order":0,"comment_status":"closed","ping_status":"closed","template":"","meta":{"footnotes":""},"class_list":["post-27","page","type-page","status-publish","hentry"],"_links":{"self":[{"href":"https:\/\/blog.uclm.es\/raulmmartin\/wp-json\/wp\/v2\/pages\/27","targetHints":{"allow":["GET"]}}],"collection":[{"href":"https:\/\/blog.uclm.es\/raulmmartin\/wp-json\/wp\/v2\/pages"}],"about":[{"href":"https:\/\/blog.uclm.es\/raulmmartin\/wp-json\/wp\/v2\/types\/page"}],"author":[{"embeddable":true,"href":"https:\/\/blog.uclm.es\/raulmmartin\/wp-json\/wp\/v2\/users\/37"}],"replies":[{"embeddable":true,"href":"https:\/\/blog.uclm.es\/raulmmartin\/wp-json\/wp\/v2\/comments?post=27"}],"version-history":[{"count":5,"href":"https:\/\/blog.uclm.es\/raulmmartin\/wp-json\/wp\/v2\/pages\/27\/revisions"}],"predecessor-version":[{"id":678,"href":"https:\/\/blog.uclm.es\/raulmmartin\/wp-json\/wp\/v2\/pages\/27\/revisions\/678"}],"wp:attachment":[{"href":"https:\/\/blog.uclm.es\/raulmmartin\/wp-json\/wp\/v2\/media?parent=27"}],"curies":[{"name":"wp","href":"https:\/\/api.w.org\/{rel}","templated":true}]}}