{"id":257,"date":"2020-05-25T08:11:19","date_gmt":"2020-05-25T07:11:19","guid":{"rendered":"http:\/\/blog.uclm.es\/raulmmartin\/?page_id=257"},"modified":"2022-11-29T19:18:32","modified_gmt":"2022-11-29T19:18:32","slug":"calculo","status":"publish","type":"page","link":"https:\/\/blog.uclm.es\/raulmmartin\/docencia-2\/calculo\/","title":{"rendered":"C\u00e1lculo"},"content":{"rendered":"<h2><strong><span style=\"color: #ff0000\">Profesores<\/span><\/strong><\/h2>\n<ul>\n<li><b>Ra\u00fal\u00a0Martin Martin<\/b><\/li>\n<li><strong>Mar\u00eda Luz L\u00f3pez Garc\u00eda<\/strong><\/li>\n<\/ul>\n<h2><strong><span style=\"color: #ff0000\">Temario<\/span><\/strong><\/h2>\n<p>Tema 1. \u00a0N\u00fameros reales. N\u00fameros complejos. <a href=\"https:\/\/blog.uclm.es\/raulmmartin\/wp-content\/uploads\/sites\/155\/2020\/05\/Calculo_Tema-1_.pdf\" target=\"_blank\" rel=\"noopener noreferrer\">Transparencias 1<\/a>. Problemas 1: <a href=\"https:\/\/blog.uclm.es\/raulmmartin\/wp-content\/uploads\/sites\/155\/2020\/05\/Calculo_Tema-1_NumerosReales.pdf\" target=\"_blank\" rel=\"noopener noreferrer\">N\u00fameros Reales<\/a>. <a href=\"https:\/\/blog.uclm.es\/raulmmartin\/wp-content\/uploads\/sites\/155\/2020\/05\/Calculo_Tema-1_NumerosComplejos.pdf\" target=\"_blank\" rel=\"noopener noreferrer\">N\u00fameros Complejos<\/a>.<\/p>\n<p>Tema 2. \u00a0Sucesiones de n\u00fameros reales y complejos.<a href=\"https:\/\/blog.uclm.es\/raulmmartin\/wp-content\/uploads\/sites\/155\/2020\/05\/Calculo_Tema2.pdf\" target=\"_blank\" rel=\"noopener noreferrer\">Transparencias 2<\/a>. <a href=\"https:\/\/blog.uclm.es\/raulmmartin\/wp-content\/uploads\/sites\/155\/2020\/05\/Calculo_Tema2_Problemas.pdf\" target=\"_blank\" rel=\"noopener noreferrer\">Problemas 2<\/a>.<\/p>\n<p>Tema 3. \u00a0Series num\u00e9ricas. <a href=\"https:\/\/blog.uclm.es\/raulmmartin\/wp-content\/uploads\/sites\/155\/2020\/05\/Calculo_Tema3.pdf\" target=\"_blank\" rel=\"noopener noreferrer\">Transparencias 3<\/a>. <a href=\"https:\/\/blog.uclm.es\/raulmmartin\/wp-content\/uploads\/sites\/155\/2020\/05\/Calculo_Tema3_Problemas.pdf\" target=\"_blank\" rel=\"noopener noreferrer\">Problemas 3<\/a>.<\/p>\n<p>Tema 4. \u00a0Funciones reales de variable real. L\u00edmites. <a href=\"https:\/\/blog.uclm.es\/raulmmartin\/wp-content\/uploads\/sites\/155\/2020\/05\/Calculo_Tema4.pdf\" target=\"_blank\" rel=\"noopener noreferrer\">Transparencias 4<\/a>. <a href=\"https:\/\/blog.uclm.es\/raulmmartin\/wp-content\/uploads\/sites\/155\/2020\/05\/Calculo_Tema4_Protema4.pdf\" target=\"_blank\" rel=\"noopener noreferrer\">Problemas 4<\/a>.<\/p>\n<p>Tema 5. \u00a0Funciones derivables. Teorema de Taylor. <a href=\"https:\/\/blog.uclm.es\/raulmmartin\/wp-content\/uploads\/sites\/155\/2020\/05\/Calculo_Tema5.pdf\" target=\"_blank\" rel=\"noopener noreferrer\">Transparencias 5<\/a>. <a href=\"https:\/\/blog.uclm.es\/raulmmartin\/wp-content\/uploads\/sites\/155\/2020\/05\/Calculo_Tema5_Problemas.pdf\" target=\"_blank\" rel=\"noopener noreferrer\">Problemas 5<\/a>.<\/p>\n<p>Tema 6. \u00a0Integral de Riemann. Integrales impropias. <a href=\"https:\/\/blog.uclm.es\/raulmmartin\/wp-content\/uploads\/sites\/155\/2020\/05\/Calculo_Tema6.pdf\" target=\"_blank\" rel=\"noopener noreferrer\">Transparencias 6<\/a>. <a href=\"https:\/\/blog.uclm.es\/raulmmartin\/wp-content\/uploads\/sites\/155\/2020\/05\/Calculo_Tema6_Problemas.pdf\" target=\"_blank\" rel=\"noopener noreferrer\">Problemas 6<\/a>.<\/p>\n<h2><span style=\"color: #ff0000\"><strong>Material Docente<\/strong><\/span><\/h2>\n<p><a href=\"https:\/\/blog.uclm.es\/raulmmartin\/wp-content\/uploads\/sites\/155\/2020\/05\/Calculo_SintesisProblemas.pdf\" target=\"_blank\" rel=\"noopener noreferrer\">S\u00edntesis de problemas de los temas del 4 al 6.<\/a><\/p>\n<h2><span style=\"color: #ff0000\"><b>Bibliografia<\/b><\/span><\/h2>\n<p><b>Aparicio del Prado,C.y Paya Albert, R.<\/b>\u00a0\u00a0<i>\u00abAn\u00e1lisis Matem\u00e1tico I\u00bb<\/i>.\u00a0Espa\u00f1a.\u00a0Editorial: Universidad de Granada.\u00a0ISBN: 84-338-0274-7<\/p>\n<p><b>Spivak, M.<\/b>\u00a0\u00a0<i>\u00abCalculus\u00bb<\/i>.\u00a0Espa\u00f1a.\u00a0Editorial: Revert\u00e9.\u00a0ISBN: 84291-5136-2<\/p>\n<p><b>Manjabacas Tendero, G. y otros<\/b>\u00a0\u00a0<i>\u00abEjercicios de C\u00e1lculo I\u00bb<\/i>.\u00a0Espa\u00f1a.\u00a0Editorial: Popular libros.\u00a0ISBN: 84-932789-0-4<\/p>\n<p><b>Apostol,T.M.<\/b>\u00a0\u00a0<i>\u00abCalculus\u00bb<\/i>.\u00a0Espa\u00f1a.\u00a0Editorial: Revert\u00e9.\u00a0ISBN: 84-291-5001-3<\/p>\n<p><b>Burgos,J.<\/b>\u00a0\u00a0<i>\u00abC\u00e1lculo infinitesimal de una variable\u00bb<\/i>. Espa\u00f1a. Editorial: McGraw-Hill. ISBN: 84-481-1899-5<\/p>\n","protected":false},"excerpt":{"rendered":"<p>Profesores Ra\u00fal\u00a0Martin Martin Mar\u00eda Luz L\u00f3pez Garc\u00eda Temario Tema 1. \u00a0N\u00fameros reales. N\u00fameros complejos. Transparencias 1. Problemas 1: N\u00fameros Reales. N\u00fameros Complejos. Tema 2. \u00a0Sucesiones de n\u00fameros reales y complejos.Transparencias 2. Problemas 2. Tema 3. \u00a0Series num\u00e9ricas. Transparencias 3. Problemas 3. Tema 4. \u00a0Funciones reales de variable real. L\u00edmites. Transparencias 4. Problemas 4. Tema 5. &hellip; <a href=\"https:\/\/blog.uclm.es\/raulmmartin\/docencia-2\/calculo\/\" class=\"more-link\">Sigue leyendo <span class=\"screen-reader-text\">C\u00e1lculo<\/span><\/a><\/p>\n","protected":false},"author":37,"featured_media":0,"parent":27,"menu_order":0,"comment_status":"closed","ping_status":"closed","template":"","meta":{"footnotes":""},"class_list":["post-257","page","type-page","status-publish","hentry"],"_links":{"self":[{"href":"https:\/\/blog.uclm.es\/raulmmartin\/wp-json\/wp\/v2\/pages\/257","targetHints":{"allow":["GET"]}}],"collection":[{"href":"https:\/\/blog.uclm.es\/raulmmartin\/wp-json\/wp\/v2\/pages"}],"about":[{"href":"https:\/\/blog.uclm.es\/raulmmartin\/wp-json\/wp\/v2\/types\/page"}],"author":[{"embeddable":true,"href":"https:\/\/blog.uclm.es\/raulmmartin\/wp-json\/wp\/v2\/users\/37"}],"replies":[{"embeddable":true,"href":"https:\/\/blog.uclm.es\/raulmmartin\/wp-json\/wp\/v2\/comments?post=257"}],"version-history":[{"count":3,"href":"https:\/\/blog.uclm.es\/raulmmartin\/wp-json\/wp\/v2\/pages\/257\/revisions"}],"predecessor-version":[{"id":597,"href":"https:\/\/blog.uclm.es\/raulmmartin\/wp-json\/wp\/v2\/pages\/257\/revisions\/597"}],"up":[{"embeddable":true,"href":"https:\/\/blog.uclm.es\/raulmmartin\/wp-json\/wp\/v2\/pages\/27"}],"wp:attachment":[{"href":"https:\/\/blog.uclm.es\/raulmmartin\/wp-json\/wp\/v2\/media?parent=257"}],"curies":[{"name":"wp","href":"https:\/\/api.w.org\/{rel}","templated":true}]}}