{"id":24,"date":"2020-05-22T11:54:48","date_gmt":"2020-05-22T10:54:48","guid":{"rendered":"http:\/\/blog.uclm.es\/raulmmartin\/?page_id=24"},"modified":"2024-09-06T17:30:44","modified_gmt":"2024-09-06T17:30:44","slug":"home","status":"publish","type":"page","link":"https:\/\/blog.uclm.es\/raulmmartin\/","title":{"rendered":"Bienvenido, Welcome, Willkommen"},"content":{"rendered":"\n<div class=\"wp-block-columns is-layout-flex wp-container-core-columns-is-layout-9d6595d7 wp-block-columns-is-layout-flex\">\n<div class=\"wp-block-column is-layout-flow wp-block-column-is-layout-flow\" style=\"flex-basis:33.33%\">\n<div class=\"wp-block-columns is-layout-flex wp-container-core-columns-is-layout-9d6595d7 wp-block-columns-is-layout-flex\">\n<div class=\"wp-block-column is-layout-flow wp-block-column-is-layout-flow\" style=\"flex-basis:100%\">\n<figure class=\"wp-block-gallery has-nested-images columns-default is-cropped wp-block-gallery-1 is-layout-flex wp-block-gallery-is-layout-flex\">\n<figure class=\"wp-block-image size-large\"><a href=\"https:\/\/blog.uclm.es\/raulmmartin\/wp-content\/uploads\/sites\/155\/2020\/05\/IMG_7935-scaled-1-1024x768.jpg\" target=\"_blank\" rel=\"noreferrer noopener\"><img loading=\"lazy\" decoding=\"async\" width=\"1024\" height=\"768\" data-id=\"535\" src=\"https:\/\/blog.uclm.es\/raulmmartin\/wp-content\/uploads\/sites\/155\/2020\/05\/IMG_7935-scaled-1-1024x768.jpg\" alt=\"\" class=\"wp-image-535\" srcset=\"https:\/\/blog.uclm.es\/raulmmartin\/wp-content\/uploads\/sites\/155\/2020\/05\/IMG_7935-scaled-1-1024x768.jpg 1024w, https:\/\/blog.uclm.es\/raulmmartin\/wp-content\/uploads\/sites\/155\/2020\/05\/IMG_7935-scaled-1-300x225.jpg 300w, https:\/\/blog.uclm.es\/raulmmartin\/wp-content\/uploads\/sites\/155\/2020\/05\/IMG_7935-scaled-1-768x576.jpg 768w, https:\/\/blog.uclm.es\/raulmmartin\/wp-content\/uploads\/sites\/155\/2020\/05\/IMG_7935-scaled-1-1536x1152.jpg 1536w, https:\/\/blog.uclm.es\/raulmmartin\/wp-content\/uploads\/sites\/155\/2020\/05\/IMG_7935-scaled-1-2048x1536.jpg 2048w\" sizes=\"auto, (max-width: 1024px) 100vw, 1024px\" \/><\/a><\/figure>\n\n\n\n<figure class=\"wp-block-image size-large\"><a href=\"https:\/\/blog.uclm.es\/raulmmartin\/wp-content\/uploads\/sites\/155\/2024\/09\/PHOTO-2024-02-26-19-06-39-1024x768.jpg\"><img loading=\"lazy\" decoding=\"async\" width=\"1024\" height=\"768\" data-id=\"646\" src=\"https:\/\/blog.uclm.es\/raulmmartin\/wp-content\/uploads\/sites\/155\/2024\/09\/PHOTO-2024-02-26-19-06-39-1024x768.jpg\" alt=\"\" class=\"wp-image-646\" srcset=\"https:\/\/blog.uclm.es\/raulmmartin\/wp-content\/uploads\/sites\/155\/2024\/09\/PHOTO-2024-02-26-19-06-39-1024x768.jpg 1024w, https:\/\/blog.uclm.es\/raulmmartin\/wp-content\/uploads\/sites\/155\/2024\/09\/PHOTO-2024-02-26-19-06-39-300x225.jpg 300w, https:\/\/blog.uclm.es\/raulmmartin\/wp-content\/uploads\/sites\/155\/2024\/09\/PHOTO-2024-02-26-19-06-39-768x576.jpg 768w, https:\/\/blog.uclm.es\/raulmmartin\/wp-content\/uploads\/sites\/155\/2024\/09\/PHOTO-2024-02-26-19-06-39-1536x1152.jpg 1536w, https:\/\/blog.uclm.es\/raulmmartin\/wp-content\/uploads\/sites\/155\/2024\/09\/PHOTO-2024-02-26-19-06-39-2048x1536.jpg 2048w\" sizes=\"auto, (max-width: 1024px) 100vw, 1024px\" \/><\/a><\/figure>\n\n\n\n<figure class=\"wp-block-image size-large\"><a href=\"https:\/\/blog.uclm.es\/raulmmartin\/wp-content\/uploads\/sites\/155\/2020\/05\/678757db-c2db-4618-a9da-b7675e5a4fca-1024x768.jpg\" target=\"_blank\" rel=\"noreferrer noopener\"><img loading=\"lazy\" decoding=\"async\" width=\"1024\" height=\"768\" data-id=\"528\" src=\"https:\/\/blog.uclm.es\/raulmmartin\/wp-content\/uploads\/sites\/155\/2020\/05\/678757db-c2db-4618-a9da-b7675e5a4fca-1024x768.jpg\" alt=\"\" class=\"wp-image-528\" srcset=\"https:\/\/blog.uclm.es\/raulmmartin\/wp-content\/uploads\/sites\/155\/2020\/05\/678757db-c2db-4618-a9da-b7675e5a4fca-1024x768.jpg 1024w, https:\/\/blog.uclm.es\/raulmmartin\/wp-content\/uploads\/sites\/155\/2020\/05\/678757db-c2db-4618-a9da-b7675e5a4fca-300x225.jpg 300w, https:\/\/blog.uclm.es\/raulmmartin\/wp-content\/uploads\/sites\/155\/2020\/05\/678757db-c2db-4618-a9da-b7675e5a4fca-768x576.jpg 768w, https:\/\/blog.uclm.es\/raulmmartin\/wp-content\/uploads\/sites\/155\/2020\/05\/678757db-c2db-4618-a9da-b7675e5a4fca-1536x1153.jpg 1536w, https:\/\/blog.uclm.es\/raulmmartin\/wp-content\/uploads\/sites\/155\/2020\/05\/678757db-c2db-4618-a9da-b7675e5a4fca.jpg 1599w\" sizes=\"auto, (max-width: 1024px) 100vw, 1024px\" \/><\/a><\/figure>\n\n\n\n<figure class=\"wp-block-image size-large\"><a href=\"https:\/\/blog.uclm.es\/raulmmartin\/wp-content\/uploads\/sites\/155\/2020\/05\/Galeria6-scaled-1-1024x768.jpg\" target=\"_blank\" rel=\"noreferrer noopener\"><img loading=\"lazy\" decoding=\"async\" width=\"1024\" height=\"768\" data-id=\"515\" src=\"https:\/\/blog.uclm.es\/raulmmartin\/wp-content\/uploads\/sites\/155\/2020\/05\/Galeria6-scaled-1-1024x768.jpg\" alt=\"\" class=\"wp-image-515\" srcset=\"https:\/\/blog.uclm.es\/raulmmartin\/wp-content\/uploads\/sites\/155\/2020\/05\/Galeria6-scaled-1-1024x768.jpg 1024w, https:\/\/blog.uclm.es\/raulmmartin\/wp-content\/uploads\/sites\/155\/2020\/05\/Galeria6-scaled-1-300x225.jpg 300w, https:\/\/blog.uclm.es\/raulmmartin\/wp-content\/uploads\/sites\/155\/2020\/05\/Galeria6-scaled-1-768x576.jpg 768w, https:\/\/blog.uclm.es\/raulmmartin\/wp-content\/uploads\/sites\/155\/2020\/05\/Galeria6-scaled-1-1536x1152.jpg 1536w, https:\/\/blog.uclm.es\/raulmmartin\/wp-content\/uploads\/sites\/155\/2020\/05\/Galeria6-scaled-1-2048x1536.jpg 2048w\" sizes=\"auto, (max-width: 1024px) 100vw, 1024px\" \/><\/a><\/figure>\n\n\n\n<figure class=\"wp-block-image size-large\"><a href=\"https:\/\/blog.uclm.es\/raulmmartin\/wp-content\/uploads\/sites\/155\/2020\/05\/Galeria2.jpg\" target=\"_blank\" rel=\"noreferrer noopener\"><img loading=\"lazy\" decoding=\"async\" width=\"827\" height=\"591\" data-id=\"511\" src=\"https:\/\/blog.uclm.es\/raulmmartin\/wp-content\/uploads\/sites\/155\/2020\/05\/Galeria2.jpg\" alt=\"\" class=\"wp-image-511\" srcset=\"https:\/\/blog.uclm.es\/raulmmartin\/wp-content\/uploads\/sites\/155\/2020\/05\/Galeria2.jpg 827w, https:\/\/blog.uclm.es\/raulmmartin\/wp-content\/uploads\/sites\/155\/2020\/05\/Galeria2-300x214.jpg 300w, https:\/\/blog.uclm.es\/raulmmartin\/wp-content\/uploads\/sites\/155\/2020\/05\/Galeria2-768x549.jpg 768w\" sizes=\"auto, (max-width: 827px) 100vw, 827px\" \/><\/a><\/figure>\n\n\n\n<figure class=\"wp-block-image size-large\"><a href=\"https:\/\/blog.uclm.es\/raulmmartin\/wp-content\/uploads\/sites\/155\/2020\/05\/Galeria4-768x1024.jpg\" target=\"_blank\" rel=\"noreferrer noopener\"><img loading=\"lazy\" decoding=\"async\" width=\"768\" height=\"1024\" data-id=\"513\" src=\"https:\/\/blog.uclm.es\/raulmmartin\/wp-content\/uploads\/sites\/155\/2020\/05\/Galeria4-768x1024.jpg\" alt=\"\" class=\"wp-image-513\" srcset=\"https:\/\/blog.uclm.es\/raulmmartin\/wp-content\/uploads\/sites\/155\/2020\/05\/Galeria4-768x1024.jpg 768w, https:\/\/blog.uclm.es\/raulmmartin\/wp-content\/uploads\/sites\/155\/2020\/05\/Galeria4-225x300.jpg 225w, https:\/\/blog.uclm.es\/raulmmartin\/wp-content\/uploads\/sites\/155\/2020\/05\/Galeria4-1152x1536.jpg 1152w, https:\/\/blog.uclm.es\/raulmmartin\/wp-content\/uploads\/sites\/155\/2020\/05\/Galeria4.jpg 1200w\" sizes=\"auto, (max-width: 768px) 100vw, 768px\" \/><\/a><\/figure>\n\n\n\n<figure class=\"wp-block-image size-large\"><a href=\"https:\/\/blog.uclm.es\/raulmmartin\/wp-content\/uploads\/sites\/155\/2020\/05\/Galeria1-768x1024.jpg\" target=\"_blank\" rel=\"noreferrer noopener\"><img loading=\"lazy\" decoding=\"async\" width=\"768\" height=\"1024\" data-id=\"510\" src=\"https:\/\/blog.uclm.es\/raulmmartin\/wp-content\/uploads\/sites\/155\/2020\/05\/Galeria1-768x1024.jpg\" alt=\"\" class=\"wp-image-510\" srcset=\"https:\/\/blog.uclm.es\/raulmmartin\/wp-content\/uploads\/sites\/155\/2020\/05\/Galeria1-768x1024.jpg 768w, https:\/\/blog.uclm.es\/raulmmartin\/wp-content\/uploads\/sites\/155\/2020\/05\/Galeria1-225x300.jpg 225w, https:\/\/blog.uclm.es\/raulmmartin\/wp-content\/uploads\/sites\/155\/2020\/05\/Galeria1-1152x1536.jpg 1152w, https:\/\/blog.uclm.es\/raulmmartin\/wp-content\/uploads\/sites\/155\/2020\/05\/Galeria1.jpg 1200w\" sizes=\"auto, (max-width: 768px) 100vw, 768px\" \/><\/a><\/figure>\n\n\n\n<figure class=\"wp-block-image size-large\"><a href=\"https:\/\/blog.uclm.es\/raulmmartin\/wp-content\/uploads\/sites\/155\/2020\/05\/Galeria3-scaled-1-1024x768.jpg\" target=\"_blank\" rel=\"noreferrer noopener\"><img loading=\"lazy\" decoding=\"async\" width=\"1024\" height=\"768\" data-id=\"512\" src=\"https:\/\/blog.uclm.es\/raulmmartin\/wp-content\/uploads\/sites\/155\/2020\/05\/Galeria3-scaled-1-1024x768.jpg\" alt=\"\" class=\"wp-image-512\" srcset=\"https:\/\/blog.uclm.es\/raulmmartin\/wp-content\/uploads\/sites\/155\/2020\/05\/Galeria3-scaled-1-1024x768.jpg 1024w, https:\/\/blog.uclm.es\/raulmmartin\/wp-content\/uploads\/sites\/155\/2020\/05\/Galeria3-scaled-1-300x225.jpg 300w, https:\/\/blog.uclm.es\/raulmmartin\/wp-content\/uploads\/sites\/155\/2020\/05\/Galeria3-scaled-1-768x576.jpg 768w, https:\/\/blog.uclm.es\/raulmmartin\/wp-content\/uploads\/sites\/155\/2020\/05\/Galeria3-scaled-1-1536x1152.jpg 1536w, https:\/\/blog.uclm.es\/raulmmartin\/wp-content\/uploads\/sites\/155\/2020\/05\/Galeria3-scaled-1-2048x1536.jpg 2048w\" sizes=\"auto, (max-width: 1024px) 100vw, 1024px\" \/><\/a><\/figure>\n<\/figure>\n<\/div>\n<\/div>\n\n\n\n<figure class=\"wp-block-gallery has-nested-images columns-default is-cropped wp-block-gallery-2 is-layout-flex wp-block-gallery-is-layout-flex\"><\/figure>\n<\/div>\n\n\n\n<div class=\"wp-block-column is-layout-flow wp-block-column-is-layout-flow\" style=\"flex-basis:66.66%\">\n<p class=\"has-small-font-size\"><strong>Prof. Ra\u00fal Mart\u00edn Mart\u00edn<\/strong>&nbsp;<br>Facultad de Ciencias Ambientales y Bioqu\u00edmica de Toledo<br>Departamento de Matem\u00e1ticas<br>\u00c1rea de Estad\u00edstica e Investigaci\u00f3n Operativa<br>Avenida Carlos III, s\/n<br>45071 Toledo<br>Despacho Ciencias B\u00e1sicas<br>e-mail: <a href=\"mailto:Raul.MMartin@uclm.es\">Raul.MMartin@uclm.es<\/a><br>Tlfno. +34 925 288800 Ext. 5375<\/p>\n<\/div>\n<\/div>\n\n\n\n<p><\/p>\n","protected":false},"excerpt":{"rendered":"<p>Prof. Ra\u00fal Mart\u00edn Mart\u00edn&nbsp;Facultad de Ciencias Ambientales y Bioqu\u00edmica de ToledoDepartamento de Matem\u00e1ticas\u00c1rea de Estad\u00edstica e Investigaci\u00f3n OperativaAvenida Carlos III, s\/n45071 ToledoDespacho Ciencias B\u00e1sicase-mail: Raul.MMartin@uclm.esTlfno. +34 925 288800 Ext. 5375<\/p>\n","protected":false},"author":37,"featured_media":0,"parent":0,"menu_order":0,"comment_status":"closed","ping_status":"closed","template":"","meta":{"footnotes":""},"class_list":["post-24","page","type-page","status-publish","hentry"],"_links":{"self":[{"href":"https:\/\/blog.uclm.es\/raulmmartin\/wp-json\/wp\/v2\/pages\/24","targetHints":{"allow":["GET"]}}],"collection":[{"href":"https:\/\/blog.uclm.es\/raulmmartin\/wp-json\/wp\/v2\/pages"}],"about":[{"href":"https:\/\/blog.uclm.es\/raulmmartin\/wp-json\/wp\/v2\/types\/page"}],"author":[{"embeddable":true,"href":"https:\/\/blog.uclm.es\/raulmmartin\/wp-json\/wp\/v2\/users\/37"}],"replies":[{"embeddable":true,"href":"https:\/\/blog.uclm.es\/raulmmartin\/wp-json\/wp\/v2\/comments?post=24"}],"version-history":[{"count":6,"href":"https:\/\/blog.uclm.es\/raulmmartin\/wp-json\/wp\/v2\/pages\/24\/revisions"}],"predecessor-version":[{"id":651,"href":"https:\/\/blog.uclm.es\/raulmmartin\/wp-json\/wp\/v2\/pages\/24\/revisions\/651"}],"wp:attachment":[{"href":"https:\/\/blog.uclm.es\/raulmmartin\/wp-json\/wp\/v2\/media?parent=24"}],"curies":[{"name":"wp","href":"https:\/\/api.w.org\/{rel}","templated":true}]}}