{"id":44,"date":"2014-09-19T21:49:58","date_gmt":"2014-09-19T20:49:58","guid":{"rendered":"http:\/\/blog.uclm.es\/raulalcaraz\/?page_id=44"},"modified":"2014-09-19T21:49:58","modified_gmt":"2014-09-19T20:49:58","slug":"student","status":"publish","type":"page","link":"https:\/\/blog.uclm.es\/raulalcaraz\/student\/","title":{"rendered":"Students"},"content":{"rendered":"<p><strong>GRADUATTED Ph.D. STUDENTS <\/strong><br \/>\nArturo Mart\u00ednez &#8212; <em>Characterization of the temporal and morphological P-wave features in the early prediction of paroxysmal atrial fibrillation<\/em>, Ph.D., 2013<\/p>\n<p><strong>CURRENT Ph.D. STUDENTS <\/strong><br \/>\nAntonio Hern\u00e1ndez &#8212; <em>Development of new signal analysis methods as preoperative predictors of the Cox-Maze procedure outcome in atrial fibrillation<\/em>, Ph. D., 2012-Present<br \/>\nMatilde Juli\u00e1n &#8212; <em>Study on the nonlinear metrics contribution to estimate atrial fibrillation organization from the surface electrocardiogram<\/em>, Ph. D. , 2012-Present<\/p>\n<p><strong>GRADUATED M.Sc STUDENTS<\/strong><br \/>\nArturo Mart\u00ednez (2010), Elisa Valeriano (2012), Josep Mart\u00ednez Gomar (2012).<\/p>\n<p><strong>GRADUATED M.ENG STUDENTS<\/strong><br \/>\nJos\u00e9 Mar\u00eda Abell\u00e1n, Sergio Ortega, Francisco Chust, Diego Garc\u00eda, Juan Carlos Navarro, Pedr\u00f3 Jos\u00e9 Garrido, Luis Javier Puerta, Roberto Segura, Ana Mar\u00eda Jim\u00e9nez, Daniel Rihuete, Pablo Calvo, Beatriz Ni\u00f1o, \u00c1ngel Navarro, Roberto Segura Sala, David Aparicio, David Mariscal, Alvaro Huerta, Beatriz Lozano, Eduardo L\u00f3pez, Daniel Pastor, Jos\u00e9 Miguel L\u00f3pez, Jos\u00e9 Vicente Jurado.<\/p>\n<p><strong>CURRENT M.ENG STUDENTS<\/strong><br \/>\nJuan Luis Cebri\u00e1n, Zaida de Isidro, Raquel Reynolds, Carlos Barreiro.<\/p>\n","protected":false},"excerpt":{"rendered":"<p>GRADUATTED Ph.D. STUDENTS Arturo Mart\u00ednez &#8212; Characterization of the temporal and morphological P-wave features in the early prediction of paroxysmal atrial fibrillation, Ph.D., 2013 CURRENT Ph.D. STUDENTS Antonio Hern\u00e1ndez &#8212; Development of new signal analysis methods as preoperative predictors of the Cox-Maze procedure outcome in atrial fibrillation, Ph. D., 2012-Present Matilde Juli\u00e1n &#8212; Study on [&hellip;]<\/p>\n","protected":false},"author":56,"featured_media":0,"parent":0,"menu_order":5,"comment_status":"closed","ping_status":"open","template":"","meta":{"footnotes":""},"class_list":["post-44","page","type-page","status-publish","hentry"],"_links":{"self":[{"href":"https:\/\/blog.uclm.es\/raulalcaraz\/wp-json\/wp\/v2\/pages\/44","targetHints":{"allow":["GET"]}}],"collection":[{"href":"https:\/\/blog.uclm.es\/raulalcaraz\/wp-json\/wp\/v2\/pages"}],"about":[{"href":"https:\/\/blog.uclm.es\/raulalcaraz\/wp-json\/wp\/v2\/types\/page"}],"author":[{"embeddable":true,"href":"https:\/\/blog.uclm.es\/raulalcaraz\/wp-json\/wp\/v2\/users\/56"}],"replies":[{"embeddable":true,"href":"https:\/\/blog.uclm.es\/raulalcaraz\/wp-json\/wp\/v2\/comments?post=44"}],"version-history":[{"count":0,"href":"https:\/\/blog.uclm.es\/raulalcaraz\/wp-json\/wp\/v2\/pages\/44\/revisions"}],"wp:attachment":[{"href":"https:\/\/blog.uclm.es\/raulalcaraz\/wp-json\/wp\/v2\/media?parent=44"}],"curies":[{"name":"wp","href":"https:\/\/api.w.org\/{rel}","templated":true}]}}