{"id":40,"date":"2014-09-19T21:47:54","date_gmt":"2014-09-19T20:47:54","guid":{"rendered":"http:\/\/blog.uclm.es\/raulalcaraz\/?page_id=40"},"modified":"2024-02-11T20:02:41","modified_gmt":"2024-02-11T20:02:41","slug":"publications","status":"publish","type":"page","link":"https:\/\/blog.uclm.es\/raulalcaraz\/publications\/","title":{"rendered":"Publications"},"content":{"rendered":"<p><strong>BOOK CHAPTERS<\/strong><br \/><em><strong>1.<\/strong><\/em> C. Sanchez, JJ. Rieta, F. Castells, R. Alcaraz, J. Millet, \u201cWavelet Domain Blind Signal Separation to Analyze Supraventricular Arrhythmias from Holter Registers\u201d, <em>Lecture Notes in Computer Science (Springer-Verlag Berlin Heidelberg)<\/em>, vol. 3195, pp. 1111-1117, 2004.<br \/><em><strong>2<\/strong><\/em>. R. Alcaraz, JJ. Rieta \u201c<a href=\"http:\/\/cdn.intechopen.com\/pdfs-wm\/43378.pdf\" target=\"_blank\" rel=\"noopener\">The contribution of nonlinear methods in the understanding of atrial fibrillation<\/a>\u201d in<em> Atrial Fibrillation \u2014 Mechanisms and Treatment<\/em>, Tong Liu (Ed.), chap. 8, InTech Open Science, 2013.<br \/><em><strong>3.<\/strong><\/em> J J. Rieta, R. Alcaraz, \u201c<a href=\"http:\/\/cdn.intechopen.com\/pdfs-wm\/43382.pdf\" target=\"_blank\" rel=\"noopener\">Application of signal analysis to atrial fibrillation<\/a>\u201d in <em>Atrial Fibrillation \u2014 Mechanisms and Treatment<\/em>, L. S\u00f6rnmo (Ed.), chap. 6, InTech Open Science, 2013.<br \/><em><strong>4.<\/strong><\/em> L. S\u00f6rnmo, R. Alcaraz, P. Laguna, JJ. Rieta, \u201c<a href=\"https:\/\/link.springer.com\/chapter\/10.1007\/978-3-319-68515-1_6\" target=\"_blank\" rel=\"noopener\">Characterization of f waves<\/a>\u201d, In: S\u00f6rnmo, L. (Eds) Atrial Fibrillation from an Engineering Perspective. Series in BioEngineering. Springer, Cham. https:\/\/doi.org\/10.1007\/978-3-319-68515-1_6.<br \/><em><strong>5.<\/strong><\/em> R. Alcaraz, JJ. Rieta, \u201c<a href=\"https:\/\/link.springer.com\/chapter\/10.1007\/978-981-10-5092-3_17\" target=\"_blank\" rel=\"noopener\">Analysis in atrial fibrillation<\/a>\u201d, In: Golemati, S., Nikita, K. (eds) Cardiovascular Computing\u2014Methodologies and Clinical Applications. Series in BioEngineering. Springer, Singapore. https:\/\/doi.org\/10.1007\/978-981-10-5092-3_17<\/p>\n<p><strong>SELECTED INTERNATIONAL JOURNALS (FROM MORE THAN 80 PUBLICATIONS)<br \/><em>1.\u00a0<\/em><\/strong>M. Garc\u00eda, M. Mart\u00ednez-Iniesta, J. R\u00f3denas, JJ. Rieta, R. Alcaraz, \u00ab<a href=\"https:\/\/hdl.handle.net\/10578\/33755\">A novel wavelet-based filtering strategy to remove powerline interference from electrocardiograms with atrial fibrillation<\/a>\u00ab, Physiological Measurement, vol.\u00a039, no. 11, pp. 115006, 2018.<br \/><em><strong>2.<\/strong><\/em> A. Martinez-Rodrigo, B. Garcia-Martinez, R. Alcaraz, P. Gonz\u00e1lez, A. Fernandez-Caballero, \u00ab<a href=\"https:\/\/hdl.handle.net\/10578\/35270\">Multiscale entropy analysis for recognition of visually elicited negative stress from EEG recordings<\/a>\u00ab, International Journal of Neural Systems, vol. 29, no. 2, pp. 1850038, 2019.<br \/><em><strong>3.<\/strong><\/em> M. Mart\u00ednez-Iniesta, J. R\u00f3denas, JJ. Rieta, R. Alcaraz, \u00ab<a href=\"https:\/\/hdl.handle.net\/10578\/33756\">The stationary wavelet transform as an efficient reductor of powerline interference for atrial bipolar electrocardiograms in cardiac electrophysiology<\/a>\u00ab, Physiological Measurement, vol. 40, no. 7, pp. 075003, 2019.<br \/><span style=\"font-size: revert\"><em><strong>4.<\/strong> <\/em>A <\/span><span style=\"font-size: revert\">Marti\u0301nez-Rodrigo, B. Garci\u0301a-Marti\u0301nez, L. Zunino, R. Alcaraz, A. Ferna\u0301ndez-Caballero, \u00ab<a href=\"https:\/\/hdl.handle.net\/10578\/35506\">Multi-Lag Analysis of Symbolic Entropies on EEG Recordings for Distress Recognition<\/a>\u00ab, \u00a0Front. Neuroinform., vol. 13, pp. 40, 2021.\u00a0<br \/><\/span><em><strong>5.<\/strong><\/em> A. Huerta, A. Martinez-Rodrigo, V. Bertomeu-Gonz\u00e1lez, A. Quesada, JJ. Rieta, R. Alcaraz, \u00ab<a href=\"https:\/\/www.mdpi.com\/1099-4300\/22\/7\/733\">A deep learning approach for featureless robust quality assessment of intermittent atrial fibrillation recordings from portable and wearable devices<\/a>\u00ab, Entropy, vol. 22, no.7, pp. 733, 2020.<br \/><em><strong>6.<\/strong><\/em> R. Alcaraz, A. Martinez-Rodrigo, R. Zangroniz, JJ. Rieta, \u00ab<a href=\"https:\/\/hdl.handle.net\/10578\/35128\">Blending inverted lectures and laboratory experiments to improve learning in an introductory course in digital systems<\/a>\u00ab, IEEE Transactions on Education, vol. 63, no. 3, pp. 144-154, 2020.<br \/><em><strong>7.<\/strong><\/em> SB. Chen, F. Rajaee, A. Yousefpour, R. Alcaraz, YM. Chu, JF. G\u00f3mez-Aguilar, S. Bekiros, AA. Aly, H. Jahanshahi, \u00ab<a href=\"https:\/\/pdf.sciencedirectassets.com\/270704\/1-s2.0-S1110016820X00081\/1-s2.0-S1110016820305913\/main.pdf?X-Amz-Security-Token=IQoJb3JpZ2luX2VjEBQaCXVzLWVhc3QtMSJHMEUCIB50koQjQ2Qsjdubj9biT3d10iTkM%2B7bgHAv%2FcBrUCckAiEAi5MUYHGv7CBFDGtGmw0ZOdHQGA2BBSAvQDHrhWo1gbYqvAUI3P%2F%2F%2F%2F%2F%2F%2F%2F%2F%2FARAFGgwwNTkwMDM1NDY4NjUiDPlynLAKt511syDlyiqQBdBsUJYL3RTEKuM%2BbRODEfHTLtJXZZy27gpxx5vxe2%2FSNlOeYiuZsMsKZ%2BvYtH%2FCQ77xjqcfJQlyLSD5UdKNOjKqlO%2BgVXi1tUVOMdITWdNhST%2Fl%2BvEBgb015gp3lirgBlcY1aF2dPjJ4mJMX6DSVsNcEY%2FgshfYH8UfUO%2BYv9%2Bfe7qOXSOA5h9LymygGyzSG4%2BxieMyNNTYufdRBOXsXk%2FlCB76mIxdVJtzGiRF3YRYDhcCu5cRbrB2U06zaRRxabX8ovZUuBQ%2F78tNcJT4Uz4F8yFnpd08%2Fqo0%2B4CXGmR1mNxoUR7qvNdg491CBjmY3Pfzrh%2BLlHPcOcXBOuw2YC%2B2Qk%2BNUroC%2BfW5QjsJa5oJjK6kbnttBfj8%2FJjaM1iuaBrY1d%2FVu0C1msqKMsRO4ivkpvhMcNhWUhE7Y%2FMGNbkXiY8sneKDwhgfXf%2F1ODbTE5xrfLnf7bqkyAmYj46Z1q2Jrcj%2BUnnZxRJ6HhoNqq3JWr3JVpaT9W7RXbqI9XAx1K4dfaPNfpa8uEsG%2Bqk9BMAzVb41MlWys0ErKU8JU6VqPoLTTdi72lGxRSKCbvvSFd3mO4zTbJDVjgkHp%2FjXwnpivxuF%2F1ol75Z5WGJIsVW4OLQwypl2YKJ0HiUz8sSAWFJk0gdkvE2tr1cdOAjUghD25dB77yB%2BmkSILqv1yRxJdH01bYHFD21LxyqkAGzZQZC9C5Bdx%2BX54TRSRq0cgyGRsVRA6tmLF4zJJ01q36rJLNF2YNJUOuPLqowhf9xKi7FmbF6dZ5rdSZWZu%2FrQWnbiqqSF%2FYtuD0gtAbVlznWOwqyiQcUz61NbJS16%2BIQ74us7Zt6fFpF3ro69yS1vVJT4t3OQ%2FivZWHoQwXgd%2FrSSMPioj64GOrEB3cnnYPIJ2FrB5fKf17oPko8Rcgav9x3JAWe5reJqWjwzVx%2FDVDSH3ZLtZmsleS9x3c8J4Ci2thb59VT5ZFH%2F5%2FQ4iFKnLz4Ej7TY%2FawTay7DM0YeLwAjmgJnbxIA2G0Ujt1sopsdBgrhRvR6KpBfxmLSCc%2BWuJN1gUgW5iiQfRs1MvxAY0vwBXnLJR4A6Rp%2F%2FosN4TuUx%2F44hE%2FU4EcjDE0Hack74IoX%2FZjTMT7zNKoo&amp;X-Amz-Algorithm=AWS4-HMAC-SHA256&amp;X-Amz-Date=20240207T203336Z&amp;X-Amz-SignedHeaders=host&amp;X-Amz-Expires=300&amp;X-Amz-Credential=ASIAQ3PHCVTYSF4J7WGK%2F20240207%2Fus-east-1%2Fs3%2Faws4_request&amp;X-Amz-Signature=b1634999e6f3659c337098df8c3701e358506a236d8e316c954e2f3891272e58&amp;hash=e1b0b153852ab69607409d5a81c97d67a1b5f3d1bd6873d7f3f21c320e692925&amp;host=68042c943591013ac2b2430a89b270f6af2c76d8dfd086a07176afe7c76c2c61&amp;pii=S1110016820305913&amp;tid=spdf-cad92bb4-6a04-4b21-ad63-68fb2943a689&amp;sid=ac77e18253cf0147257bda995918f601a733gxrqb&amp;type=client&amp;tsoh=d3d3LnNjaWVuY2VkaXJlY3QuY29t&amp;ua=1f155a535204565a030156&amp;rr=851e68ac1e492f95&amp;cc=es\">Antiretroviral therapy of HIV infection using a novel optimal type-2 fuzzy control strategy<\/a>\u00ab, Alexandria Engineering Jornal, vol. 60, no. 1, pp. 1545-1555, 2021.<br \/><em><strong>8.<\/strong><\/em> PY. Xiong, H. Jahanshahi, R. Alcaraz, YM. Chu, JF. G\u00f3mez-Aguilar, FE. Alsaadi, \u00ab<a href=\"https:\/\/hdl.handle.net\/10578\/35317\">Spectral entropy analysis and synchronization of multi-stable fractional-order chaotic system using a novel neural network-based chattering-free sliding mode technique<\/a>\u00ab, Chaos, Solitons &amp; Fractals, vol. 144, pp. 110576, 2021.<br \/><em><strong>9.<\/strong><\/em> B. Garcia-Martinez, A. Martinez-Rodrigo, R. Alcaraz, A. Fernandez-Caballero, \u00ab<a href=\"https:\/\/hdl.handle.net\/10578\/35314\">A review o nonlinear methods using electroencephalographic recordings for emotion recognition<\/a>\u00ab, IEEE Transaction on Affective Computing, vol. 12, no. 3, pp. 801-820, 2021.<br \/><em><strong>10.<\/strong><\/em> R. Alcaraz, A. Martinez-Rodrigo, R. Zangroniz, JJ. Rieta, \u00ab<a href=\"https:\/\/hdl.handle.net\/10578\/35129\">Early prediction of students at risk of failing a face-to-face course in power electronic systems<\/a>\u00ab, IEEE Transactions on Learning Technologies, vol 14, no. 5, pp. 590-603, 2021.<br \/><em><strong>11.<\/strong><\/em> B.Garc\u00eda-Martinez, A. Fernandez-Caballero, R. Alcaraz, A. Martinez-Rodrigo, \u00ab<a href=\"https:\/\/pdf.sciencedirectassets.com\/272206\/1-s2.0-S0031320321X00088\/1-s2.0-S0031320321002818\/main.pdf?X-Amz-Security-Token=IQoJb3JpZ2luX2VjEA8aCXVzLWVhc3QtMSJIMEYCIQDcAwc8waI9gTDWm2NlIaMLa01JZ3YwrW7QUjdsxwa0VAIhAODfGCxLZnqRlQ%2FQVAL6HbKy29VswfHANmbAS8Z3ZPCrKrwFCNj%2F%2F%2F%2F%2F%2F%2F%2F%2F%2FwEQBRoMMDU5MDAzNTQ2ODY1IgzAnunm3n5BNotHyCgqkAUi6eWqVtwQfcp14wJhXzBEXJD64h48%2F%2BPST7YLpekmz7aV%2FCHpPZyB5MXaLv6Uy%2F7FNMLhI0BcgL5%2FwEPEKyMwXKqfcTXu0t4o1EMfNv%2BtuxYKd%2FRDccIiQWw3J7X%2BRtT5JxVrSTU0e96YZnhTl3E2pIeWz%2FXi0nP4d%2FmIPg%2FrD8GCMpmUDuW0lcbFwT%2FOjTp5i0YFTBij%2BYLHm5DTT6rHGIt0rYouaPOQcCOtss2OwXwiM8QlDtzdu%2BfUlauSyVdhwMv6RYi0z%2Bz1utblNCv9sOCTNtkkI95d1xTVksu7T6i4bntJyBpkr6zc0sbq4HiKoRSwRrre89c3hCv6yGCHCBnlk77my%2FTLrmoK30ADG1%2FgMaT%2FyjLoEGYZZ3U9i16Kejn7KhhoUzgf%2BtgwILt%2BBs1YN7lTMRaP1nI8Vcy%2FtgYMUzN6nyAEM%2BqgLgKl75aiLrKLOQskJzJTi0tWe6oWm%2Bku%2B7vvDUNASE4m0uccrRbevFZZk3cHeplJJDzAxVwRV1pxDt7fCc%2FJncPld4kj9Y4AqN5F9KFXm0RhRB6aXEI0Rjg7xWAEwsTFrpLd8uuY7F7GRiDOAiJzT%2BW0BKlPfVbKeUdU6NRQGsNkH5ZfjV3qYiDLGE4YiPLTc3HquS0JTvkjL86bg9syEdgusTtWETxA62r9hcl1dCCmsq2seSk5mZOXP5u%2FuKDUgbUrnamUc%2BemMZamjCegmGwoaiqCIFi0WPDo1Ckm918firCZ426pqnYpWirPJGBWgGu8KII%2FaDMMWuWkiGHrvJW7twwawrojzYsopIgzSvQNmw6hJVXexzP8TyAeTkK%2FX92KPUnVh0hXk1%2BWom%2BFGJcff%2BW%2B4HYC0QC9m8YgrOrwCGpwfTCtro6uBjqwAd8e%2Fhv6s%2BhdNuAryMvDnHRNXyTtVW3%2FBh35GimvyNCNxOt4zVovaQoKtj522IO7244QiWrXqRZ6v8T3HnEDmVwD0dPLpTvHrE76kjxD5shLhOVq%2FoJvzKpocElTibbZVkPfk120MoH6GJoqm5l7PTHL5Zs3%2BV569u%2BQwULsoTYCkmJCcTis365LCVsOUi%2BF5OVEklgeAybLs6R90SK7w2H%2FdLcDDtXxlmjfq%2FK2mhfB&amp;X-Amz-Algorithm=AWS4-HMAC-SHA256&amp;X-Amz-Date=20240207T152945Z&amp;X-Amz-SignedHeaders=host&amp;X-Amz-Expires=300&amp;X-Amz-Credential=ASIAQ3PHCVTY5PQWA5VH%2F20240207%2Fus-east-1%2Fs3%2Faws4_request&amp;X-Amz-Signature=e324a66b7f0ce7ef1e853e81d39e5049e66098ccee6e2730c8135998139d50d0&amp;hash=f769cc3317e46450370bbb8b2876957daa924de51ee7e82200e2ae383acdb9b4&amp;host=68042c943591013ac2b2430a89b270f6af2c76d8dfd086a07176afe7c76c2c61&amp;pii=S0031320321002818&amp;tid=spdf-10f5774a-2b64-4295-8039-dd9994b67b15&amp;sid=543811bc6e79124ce38a2b0-9c0e18024eb2gxrqb&amp;type=client&amp;tsoh=d3d3LnNjaWVuY2VkaXJlY3QuY29t&amp;ua=1f155d50520103025b565e&amp;rr=851cab929b5b8674&amp;cc=es\">Assessment of dispersion patterns for negative stress detection from electroencephalographic signals<\/a>\u00ab, Pattern Recognition, vol. 119, pp. 108094, 2021.<br \/><em><strong>12.<\/strong><\/em> B. <span style=\"font-size: revert\">Garci\u0301a-Marti\u0301nez, A. Ferna\u0301ndez-Caballero, \u00a0R. Alcaraz, A. Mart\u00ednez-Rodrigo, \u00ab<a href=\"https:\/\/hdl.handle.net\/10578\/35504\">Cross-sample entropy for the study of coordinated brain activity in calm and distress conditions with electroencephalographic recordings<\/a>\u00ab. Neural Comput &amp; Applic, vol. 33, pp. 9343\u20139352, 2021.<br \/><\/span><em><strong>13.<\/strong><\/em> D. Padovano, A. Martinez-Rodrigo, JM. Pastor, JJ. Rieta, R. Alcaraz, \u00ab<a href=\"https:\/\/ieeexplore.ieee.org\/stamp\/stamp.jsp?tp=&amp;arnumber=9867980\">On the generalization of sleep detection methods based on heart rate variability and machine learning<\/a>\u00ab, IEEE Access, vol. 10, pp. 92710-92725, 2022.<br \/><em><strong>14.<\/strong><\/em> B. Garcia-Martinez, A. Fernandez-Caballero, R. Alcaraz, A. Martinez-Rodrigo, \u00ab<a href=\"https:\/\/hdl.handle.net\/10578\/35505\">Application of dispersion entropy for the detection of emotions with electroencephalographic signals<\/a>\u00ab, IEEE Transactions on Cognitive and Developmental Systems, vol. 14, no. 3, pp. 1179-1187, 2022.<br \/><em><strong>15.<\/strong><\/em> A. Huerta, A. Martinez-Rodrigo, D. Carneiro, V. Bertomeu-Gonz\u00e1lez, JJ. Rieta, R. Alcaraz, \u00ab<a href=\"https:\/\/ieeexplore.ieee.org\/stamp\/stamp.jsp?tp=&amp;arnumber=10256180\">Comparison of supervised learning algorithms for quality assessment of wearable electrocardiograms with paroxysmal atrial fibrillation<\/a>\u00ab, IEEE Access, vol. 11, pp. 106126-106140, 2023.<br \/><em><strong>16.<\/strong><\/em> P. Escribano, J. R\u00f3denas, M. Garc\u00eda, MA. Arias, VM. Hidalgo, S. Calero, JJ. Rieta, R. Alcaraz, \u00ab<a href=\"https:\/\/pdf.sciencedirectassets.com\/313379\/1-s2.0-S2405844023X00164\/1-s2.0-S2405844024013264\/main.pdf?X-Amz-Security-Token=IQoJb3JpZ2luX2VjEA4aCXVzLWVhc3QtMSJHMEUCIQDUeo3KTEjJdaI%2FLKmUUlBThZabBaeufSsFAylm69Kg8AIgCryMizZTy7feY37MGwAp6G5XIKAsIwXtkUBF1zC6Et0qvAUI1%2F%2F%2F%2F%2F%2F%2F%2F%2F%2F%2FARAFGgwwNTkwMDM1NDY4NjUiDGzSbGFv5yCIVx03%2FCqQBdOhe889%2Fmk%2BsQRyiVCEf5U%2Bk4ADcC8a4NkiSYfn5VE2CmOIbEwM6QoxU%2BBTUytKmCuv6po3iSECiLzhVlfGMqtbqWBDVVdQaUuWI2lxPqUF%2FWXZym1IW4NIlVvaWMch6vR%2BjvciVziJKRX58qGN6qbMEIE7LNHFV%2F53heDVlBkLm%2FYoK2%2Fw8SgUgI%2FPI9E2NML3WqLSaISYGZkV5of7FZQEfY0vV3wCzFUNI%2B1x69N24jyZoY%2Bohw5cJpiHM9BjB9htx%2BkArRBZoQSm0Q7fWpPk6SDSk6bpnTDj02j3BH5C95bORy%2BaHZhDbSZmD4EBUqT27YcnH9WQMhCxDcQJiF5ITzPXcy5sVGEy63EV%2B3puLZOvae8RUJH5%2FXaGfUjit2pQSAmF51zli2zqMeZ%2BAYerLZknuakWuqX7cyfUoGpyR55NL9iESCA5UJGnDRTYpdK49VHnMt0GyWTi5AKOEztBkPFmH4CDp%2Fgm1TOkySIkPDCKuCeAPVV1vPeEqzk%2BzTd0FFedkQtduPpF8ETFgkIc%2FluH069SMxsAQUKUjrdfar26hFcG6H6by%2BfzaUNAfZPyK%2BO29KNjnBN3vuJjOnp8CEmru3%2F1huEifPMWQrdIAUkQI3E0NHrKHp2JK%2FKVkjM5U8DiWr5lNQOSYS8EdtbTwruv8wfnf5b3StBnZqggDFieTHVzbh8xXvDfj%2BV6oo2lfX6YADvcnX1Kqh5aICr3W5WAOzmXshJc2STrE5QhxF%2BXdGkEnZ5QaIuTpqCcCqDAHQMQ8rSciAH5ySkBjS6f5nrexYTxiyY2wuDs24rulhSJyX3r5O%2F2nHCSrOgUvBfJQxAC2Iqhyn%2FCdOepSiHdGpEAXs6gXFQBxrtYaUT%2BMLqajq4GOrEBHVHKlIF%2FfXHPjhysnFjG2SfFjxTl1IKh5AX%2BwQLKWLyqL7y91%2BE9kFFubo%2FYkYcn176J7n94wBqgqj%2B8CJebRZR2JefEI0ta%2BMiKsdQ8tGK2Eg6lzwwx70BDuMRGWYhAAmQFUTC83uer4CSn%2F4aXWqW6C%2BSQaLcIIGxM7fK0MsC5pXbFgWU9zda%2BtVT%2BWbWLl57iKWZ6ggGctaVsOLQEKOwdH2OjOIehuOgra9DwaYyY&amp;X-Amz-Algorithm=AWS4-HMAC-SHA256&amp;X-Amz-Date=20240207T152059Z&amp;X-Amz-SignedHeaders=host&amp;X-Amz-Expires=300&amp;X-Amz-Credential=ASIAQ3PHCVTY62VTLXNE%2F20240207%2Fus-east-1%2Fs3%2Faws4_request&amp;X-Amz-Signature=0bf7eecd8d459127d3854efe98a417e4f4eea273c8128280f4cbc9554a61458f&amp;hash=49869af10d49378a554bd5bd136150146371e739a154c99e87882526f3185992&amp;host=68042c943591013ac2b2430a89b270f6af2c76d8dfd086a07176afe7c76c2c61&amp;pii=S2405844024013264&amp;tid=spdf-ad588043-cf6b-4da0-aac6-053a9b1c44ce&amp;sid=543811bc6e79124ce38a2b0-9c0e18024eb2gxrqb&amp;type=client&amp;tsoh=d3d3LnNjaWVuY2VkaXJlY3QuY29t&amp;ua=1f155d5052015b0500075f&amp;rr=851c9ebc8a9b6689&amp;cc=es\">Combination of frequency and time domain characteristics of the fibrillatory waves for enhanced prediction of persistent atrial fibrillation recurrence after catheter ablation<\/a>\u00ab, Heliyon, vol. 10, pp. e25295, 2024.<br \/><em><strong>17.<\/strong><\/em> P. Escribano, J. R\u00f3denas, M. Garc\u00eda, F. Hornero, J.M. Gracia-Baena, R. Alcaraz, JJ. Rieta, \u00ab<a href=\"https:\/\/www.mdpi.com\/1099-4300\/26\/1\/28\">Novel entropy-based metrics for long-term atrial fibrillation recurrence prediction following surgical ablation: Insights from preoperative electrocardiographic analysis<\/a>\u00ab, Entropy, vol. 26, no. 1, pp. 28, 2024.<br \/><em><strong>18.<\/strong><\/em> A. Huerta, A. Martinez-Rodrigo, V. Bertomeu-Gonz\u00e1lez, O. Ayo-Martin, JJ. Rieta, R. Alcaraz, \u00ab<a href=\"https:\/\/pdf.sciencedirectassets.com\/273545\/1-s2.0-S1746809424X00026\/1-s2.0-S1746809423013538\/main.pdf?X-Amz-Security-Token=IQoJb3JpZ2luX2VjEA4aCXVzLWVhc3QtMSJIMEYCIQC35uZkMvn7YYgxvlQ85EozcQCp7thR3YvPyXtEjFgrOwIhAIB4xXKb3NxiKxrsXjYsKBtJZ1CfPFV0CoprOAVU0xBGKrwFCNf%2F%2F%2F%2F%2F%2F%2F%2F%2F%2FwEQBRoMMDU5MDAzNTQ2ODY1Igz7ZOy%2FyUqr51NShAoqkAVaw6d1ODLP%2FRW89Twujd8X9LZTk6fP%2B2JPhB2GzFzTm%2BaalR0ewgnxQQbQyYnZRSKxiAIRuk5VmM9gaXnqtzqD6DzJNuoMmucblAixTpDsmuaUPMFJQ4IrM1xG6Lj8QfCFcYdurvK0815tyb62Fm7KrDVW%2F57QgJjIyUtw6ogaIBdJqUvWeAdphie0mZ6Tum9ysEtm%2Bhl1zcskdEoPI2CACgDWWjainpuwuWhIoC2b13tcJvoUW71husH79loYC6Xpx7uo7DftKXhbMPx%2BSN1eiV%2F4YN9%2B%2Bo9xDAaBaWJIcJ6O3Wqd65r5%2FzkGqnRVlB3LnAKScOa1MGYnFpSaErkXTMsLSdMufyJNjyLCRWk4tgrhR0iBE5oOT9ycY7wQ7w7PO%2FDLxjpiOEFlUFAvXYsIrr2QnuCZftaAk5OOvq3XaiyfAolhcO6T4CSnZOgGX2yOx1UkaXpMnP42kvGldrjmu1KO5R0pnF968JTpLsIJKFZgMioyOeVg%2FenO0NKjC1qOJsTCPeN5MnawgK5Czr16IMEKNzveGFyNEnBllaYsVQBb7MCk0jdhVQkeuwDBFacYOpuRpTDovEODH0f%2BeMNjwS2TQ1ZdkCqHlinYWjnBkaCanEKr3qSaRfXCWyriwyEX3LsnHgHzV48I6HWs89RNOEcBUzb7EVqZFtArvxy1mI7NwGm3uJsPTcS2a%2B5fyR3qvuzlNREkqnu%2F85HO1LNuaVArLCdSZnK8TNi%2BnITgthwOvnivlRwUir6bnTkRLzA0Au5Fog249vm4UNYw1055jzwYtbu8TUyOZIyTRYmv4QxMb1wkLbKQYfcNClEsitrVv4t%2BM%2FE%2BOVxg0sAgwBT2TZ%2BznAd17CJK%2Bt7jXy7u0jCWl46uBjqwAc85WsKGqMJB4Ut57WqXqEPlTzhoajlZEq5G9wDtD5RlPprk61pt6IBkhCDVUOcb9OvSQzrDbsMUTyeovFhX0j9glC9RpAicbRdIh8w6NVtlPhUFhDwEFfEFo1qmk%2Ff3AYPy2ApW3b23h4ayod6RUvn%2F1A%2BkNUOTrMIf4q8302NaCTD18xn6AtcFO7qwDPFhPPhv%2Fn67KzTzflZJLbsqc8vGiQFLbfEXii8ciAk%2F%2Fwd8&amp;X-Amz-Algorithm=AWS4-HMAC-SHA256&amp;X-Amz-Date=20240207T151228Z&amp;X-Amz-SignedHeaders=host&amp;X-Amz-Expires=300&amp;X-Amz-Credential=ASIAQ3PHCVTYZSUYYWAV%2F20240207%2Fus-east-1%2Fs3%2Faws4_request&amp;X-Amz-Signature=ef80f7a6c1c548956507df624a6a4bddddef0cc8d13fe72eeb259744d2167ef3&amp;hash=16af83e542b395417e11f929c93a5266ee728167b3ed6c265c7e3e21867c2a03&amp;host=68042c943591013ac2b2430a89b270f6af2c76d8dfd086a07176afe7c76c2c61&amp;pii=S1746809423013538&amp;tid=spdf-0ad2bd90-c5b9-4734-9fe7-17cd2364a0cf&amp;sid=543811bc6e79124ce38a2b0-9c0e18024eb2gxrqb&amp;type=client&amp;tsoh=d3d3LnNjaWVuY2VkaXJlY3QuY29t&amp;ua=1f155d5052015b52565405&amp;rr=851c9240b85c218f&amp;cc=es\">Single-lead electrocardiogram quality assessment in the context of paroxysmal atrial fibrillation through phase space plots<\/a>\u00ab, Biomedical Signal Processing and Control, vol. 91, pp. 105920, 2024.<\/p>\n<p><strong>SELECTED INTERNATIONAL CONFERENCES (FROM MORE THAN 200 PUBLICATIONS)<\/strong><br \/><em><strong>1.<\/strong><\/em> R. Alcaraz, F. Sandberg, L. S\u00f6rnmo, JJ. Rieta, (invited paper), \u201c<a href=\"http:\/\/ieeexplore.ieee.org\/xpl\/articleDetails.jsp?arnumber=5626528\" target=\"_blank\" rel=\"noopener\">Application of frequency and sample entropy to discriminate long-term recordings of paroxysmal and persistent atrial fibrillation<\/a>\u201d, 32nd Annual International Conference of the IEEE Engineering in Medicine and Biology Society, pp. 4558-4561, 2010, Buenos Aires (Argentina).<br \/><em><strong>2.<\/strong><\/em> A. Mart\u00ednez, R. Alcaraz, JJ. Rieta, (invited paper), \u201c<a href=\"http:\/\/ieeexplore.ieee.org\/xpl\/articleDetails.jsp?arnumber=6091162\" target=\"_blank\" rel=\"noopener\">Detection and removal of ventricular ectopic beats in atrial fibrillation recordings via principal component analysis<\/a>\u201d, 33rd Annual International Conference of the IEEE Engineering in Medicine and Biology Society, pp. 4693-4696, 2011, Boston (USA).<br \/><em><strong>3.<\/strong><\/em> R. Alcaraz, F. Hornero, JJ. Rieta (invited paper), \u201c<a href=\"http:\/\/ieeexplore.ieee.org\/xpl\/articleDetails.jsp?arnumber=6091408\" target=\"_blank\" rel=\"noopener\">Validation of surface atrial fibrillation organization indicators through invasive recordings<\/a>\u201d, 33rd Annual International Conference of the IEEE Engineering in Medicine and Biology Society, pp. 5519-5522, 2011, Boston (USA).<br \/><em><strong>4.<\/strong><\/em> JJ. Rieta, R. Alcaraz, (invited paper) \u201c<a href=\"http:\/\/www.kompetenznetz-vorhofflimmern.de\/sites\/default\/files\/European%20Conference%20for%20Standardization%20of%20ECG-based%20AF%20Complexity%20Quantification%20final%20.pdf\" target=\"_blank\" rel=\"noopener\">Novel parameters for AF complexity<\/a>\u201d, First European Conference for Standarization of Advanced ECG Analysis in Arrhythmia Diagnostics, 2013, Lugano (Switzerland).<br \/><em><strong>5.<\/strong><\/em> A. Huerta, A. Martinez-Rodrigo, V. Bertomeu-Gonzalez, A. Quesada, JJ. Rieta, R. Alcaraz, \u00ab<a href=\"http:\/\/hdl.handle.net\/10251\/180560\">Quality assessment of very long-term ECG recordings using a convolutional neural network<\/a>\u00ab, 7th IEEE E-Health and Bioengineering Conference (EHB), pp. 8970077, 2019. (19 citas, FWCI 3.18). \u00a0<br \/><em><strong>6.<\/strong><\/em> D. Padovano, A. Martinez-Rodrigo, JM. Pastor, JJ. Rieta, R. Alcaraz, \u00ab<a href=\"https:\/\/ieeexplore.ieee.org\/document\/9280302\">An experimental review on obstructive sleep apnea detection based on heart rate variability and machine learning techniques<\/a>\u00ab, 8th IEEE E-Health and Bioengineering Conference (EHB), pp. 9280302, 2020. (4 citas, FWCI 0.95).<br \/><em><strong>7.<\/strong><\/em> A. Vraka, V. Bertomeu-Gonz\u00e1lez, J. Osca, F. Ravelli, R. Alcaraz, JJ. Rieta, \u00ab<a href=\"https:\/\/ieeexplore.ieee.org\/stamp\/stamp.jsp?arnumber=9280243\">Study on how catheter ablation affects atrial structures in patients with paroxysmal atrial fibrillation: The case of the coronary sinus<\/a>\u00ab, 8th IEEE E-Health and Bioengineering Conference (EHB), pp. 9280243, 2020. (6 citas, FWCI 1.43).<br \/><em><strong>8.<\/strong><\/em> A. Huerta, V. A. Martinez-Rodrigo, JJ. Rieta, R. Alcaraz, \u00ab<a href=\"https:\/\/riunet.upv.es\/bitstream\/handle\/10251\/191324\/HuertaMartinez-RodrigoRieta%20-%20ECG%20Quality%20Assessment%20via%20Deep%20Learning%20and%20Data%20Augmentation.pdf?sequence=1\">ECG quality assessment via deep learning and data augmentation<\/a>\u00ab, Computing in Cardiology, 2021. (4 citas, FWCI 1.11).<\/p>\n\n\n<p><\/p>\n","protected":false},"excerpt":{"rendered":"<p>BOOK CHAPTERS1. C. Sanchez, JJ. Rieta, F. Castells, R. Alcaraz, J. Millet, \u201cWavelet Domain Blind Signal Separation to Analyze Supraventricular Arrhythmias from Holter Registers\u201d, Lecture Notes in Computer Science (Springer-Verlag Berlin Heidelberg), vol. 3195, pp. 1111-1117, 2004.2. R. Alcaraz, JJ. Rieta \u201cThe contribution of nonlinear methods in the understanding of atrial fibrillation\u201d in Atrial Fibrillation [&hellip;]<\/p>\n","protected":false},"author":56,"featured_media":0,"parent":0,"menu_order":3,"comment_status":"closed","ping_status":"open","template":"page-templates\/front-page.php","meta":{"footnotes":""},"class_list":["post-40","page","type-page","status-publish","hentry"],"_links":{"self":[{"href":"https:\/\/blog.uclm.es\/raulalcaraz\/wp-json\/wp\/v2\/pages\/40","targetHints":{"allow":["GET"]}}],"collection":[{"href":"https:\/\/blog.uclm.es\/raulalcaraz\/wp-json\/wp\/v2\/pages"}],"about":[{"href":"https:\/\/blog.uclm.es\/raulalcaraz\/wp-json\/wp\/v2\/types\/page"}],"author":[{"embeddable":true,"href":"https:\/\/blog.uclm.es\/raulalcaraz\/wp-json\/wp\/v2\/users\/56"}],"replies":[{"embeddable":true,"href":"https:\/\/blog.uclm.es\/raulalcaraz\/wp-json\/wp\/v2\/comments?post=40"}],"version-history":[{"count":18,"href":"https:\/\/blog.uclm.es\/raulalcaraz\/wp-json\/wp\/v2\/pages\/40\/revisions"}],"predecessor-version":[{"id":233,"href":"https:\/\/blog.uclm.es\/raulalcaraz\/wp-json\/wp\/v2\/pages\/40\/revisions\/233"}],"wp:attachment":[{"href":"https:\/\/blog.uclm.es\/raulalcaraz\/wp-json\/wp\/v2\/media?parent=40"}],"curies":[{"name":"wp","href":"https:\/\/api.w.org\/{rel}","templated":true}]}}