{"id":175,"date":"2019-01-15T19:54:38","date_gmt":"2019-01-15T18:54:38","guid":{"rendered":"http:\/\/blog.uclm.es\/raulalcaraz\/?page_id=175"},"modified":"2019-01-15T19:54:38","modified_gmt":"2019-01-15T18:54:38","slug":"dissemination","status":"publish","type":"page","link":"https:\/\/blog.uclm.es\/raulalcaraz\/dissemination\/","title":{"rendered":"Dissemination"},"content":{"rendered":"<p><strong>PREVENTIVE MAINTENANCE FOR MEDICAL EQUIPMENTS<\/strong><br \/>\nThis document introduces some thoughts and indications for optimal teaching of preventive maintenance of some medical equipments, such as electrocardiographs, ventilators, defibrillators, etc.<\/p>\n<p>It should be noted that this document was supported by the collaboration between the Spanish Association of Clinical Engineering (Sociedad Espa\u00f1ola de Electromedicina e Ingenier\u00eda Cl\u00ednica, SEEIC) and the University of Castilla-La Mancha.<\/p>\n<p><a href=\"http:\/\/gofile.me\/3k7U6\/X1OXgSlkv\">Download the document<\/a>      (Requesting password for free download to raul.alcaraz@uclm.es)<\/p>\n","protected":false},"excerpt":{"rendered":"<p>PREVENTIVE MAINTENANCE FOR MEDICAL EQUIPMENTS This document introduces some thoughts and indications for optimal teaching of preventive maintenance of some medical equipments, such as electrocardiographs, ventilators, defibrillators, etc. It should be noted that this document was supported by the collaboration between the Spanish Association of Clinical Engineering (Sociedad Espa\u00f1ola de Electromedicina e Ingenier\u00eda Cl\u00ednica, SEEIC) [&hellip;]<\/p>\n","protected":false},"author":56,"featured_media":0,"parent":0,"menu_order":6,"comment_status":"closed","ping_status":"closed","template":"","meta":{"footnotes":""},"class_list":["post-175","page","type-page","status-publish","hentry"],"_links":{"self":[{"href":"https:\/\/blog.uclm.es\/raulalcaraz\/wp-json\/wp\/v2\/pages\/175","targetHints":{"allow":["GET"]}}],"collection":[{"href":"https:\/\/blog.uclm.es\/raulalcaraz\/wp-json\/wp\/v2\/pages"}],"about":[{"href":"https:\/\/blog.uclm.es\/raulalcaraz\/wp-json\/wp\/v2\/types\/page"}],"author":[{"embeddable":true,"href":"https:\/\/blog.uclm.es\/raulalcaraz\/wp-json\/wp\/v2\/users\/56"}],"replies":[{"embeddable":true,"href":"https:\/\/blog.uclm.es\/raulalcaraz\/wp-json\/wp\/v2\/comments?post=175"}],"version-history":[{"count":0,"href":"https:\/\/blog.uclm.es\/raulalcaraz\/wp-json\/wp\/v2\/pages\/175\/revisions"}],"wp:attachment":[{"href":"https:\/\/blog.uclm.es\/raulalcaraz\/wp-json\/wp\/v2\/media?parent=175"}],"curies":[{"name":"wp","href":"https:\/\/api.w.org\/{rel}","templated":true}]}}