{"id":16,"date":"2014-09-19T21:06:55","date_gmt":"2014-09-19T20:06:55","guid":{"rendered":"http:\/\/blog.uclm.es\/raulalcaraz\/?page_id=16"},"modified":"2024-02-07T21:45:10","modified_gmt":"2024-02-07T21:45:10","slug":"cv","status":"publish","type":"page","link":"https:\/\/blog.uclm.es\/raulalcaraz\/cv\/","title":{"rendered":"CV"},"content":{"rendered":"<p><strong>Prof. Ra\u00fal Alcaraz Mart\u00ednez<\/strong><br \/>\nBorn March 1, 1982 in Cuenca, Spain. Married, 1 daughter.<br \/>\nLanguages: Spanish (native), English.<\/p>\n<p><strong>ACADEMIC DEGREES<\/strong><br \/>\n2003 &#8212; MEng in Telecommunications Engineering, University of Castilla-La Mancha, Spain<br \/>\n2005 &#8212; MSc in Electronic Engineering, University of Alcal\u00e1, Spain.<br \/>\n2008 &#8212; DSc in Biomedical Engineering, Technical University of Valencia, Spain.<\/p>\n<p><strong>FORMER POSITIONS<\/strong><br \/>\n2004-2005 &#8212; Research assistant, Dept.of Electronic, University of Alcal\u00e1, Spain.<br \/>\n2005-2007 &#8212; Research engineer, Foundation \u201cCardenal Gil de Albornoz\u201d, Spain.<br \/>\n2005-2010 &#8212; Assistant professor, Dept. of Electronic, University of Castilla-La Mancha, Spain.<br \/>\n2010-2021 &#8212; Associate Professor, Head of the Biomedical Engineering Research Group, Dept. of Electronic, University of Castilla-La Mancha, Spain.<\/p>\n<p><strong>CURRENT POSITION<\/strong><br \/>\n2021-Present &#8212; Full Professor, Head of the Biomedical Engineering Research Group, Dept. of Electronic, University of Castilla-La Mancha, Spain<\/p>\n<p><strong>AWARDS<\/strong><br \/>\n2014 &#8212; The best paper award in XVI Regional Conference of Catalonia Society of Cardiac Surgery for A. Hernandez, R. Alcaraz, JJ. Rieta, F. Hornero, \u201cElectrocardiographic success predictors of Cox-Maze surgery at discharge\u201d.<br \/>\n2005 &#8212; First Spanish Award to the best student in MSc in Electronics Engineering.<br \/>\n2003 &#8212; First Spanish Award to the best final degree project in MEng in Telecommunications Engineering.<br \/>\n2003 &#8212; First National Award to the best student in MEng in Telecommunications Engineering.<\/p>\n<p><strong>INVITED VISITS<\/strong><br \/>\n2007 &#8212; Dept. of Electronic, Technical University of Valencia. Invited by Prof. Jos\u00e9 J. Rieta.<br \/>\n2008 &#8212; Dept. of Electronic, Technical University of Valencia. Invited by Prof. Jos\u00e9 J. Rieta.<br \/>\n2010 &#8212; Dept. of Electronic, Technical University of Valencia. Invited by Prof. Jos\u00e9 J. Rieta.<br \/>\n2017 &#8212; Dept. of Biomedical Engineering, Lund University. Invited by Prof. Leif S\u00f6rnmo.<\/p>\n<p><strong>COMMITMENTS<\/strong><br \/>\n2008-Present &#8212; Member of the department board, Dept. of Electronic, University of Castilla-La Mancha.<br \/>\n2008-Present &#8212; Member of the faculty board, Technical School of Cuenca, University of Castilla-La Mancha.<br \/>\n2012-2016 &#8212; Responsible for the development of MSc in Telecommunications Engineering, Technical School of Cuenca, University of Castilla-La Mancha.<br \/>\n2014-2016 &#8212; Member of the national expert group for the development of a new degree in medical equipments (Spanish Formation Council).<br \/>\n2022-Present &#8211; Head of Department of Electronic Engineering, University of Castilla-la Mancha.<\/p>\n<p><strong>MEMBER OF Ph.D. EXAMINATION COMMITTEES <\/strong><br \/>\n&#8211; Carlos Vay\u00e1, Characterization and processing of atrial fibrillation episodes by convolutive blind source separation algorithm and nonlinear analysis of spectral features, Technical University of Valencia, 2010.<br \/>\n&#8211; Jorge Mateo, Aplicaci\u00f3n de redes neuronales artificiales en el procesado vers\u00e1til de se\u00f1ales electrocardiogr\u00e1ficas, Technical University of Valencia, 2012.<\/p>\n<p><strong>REFEREE ASSIGNMENTS &#8212; <em>Scientific journals<\/em> <\/strong><br \/>\nComputers in Biology and Medicine, IEEE Transaction on Biomedical Engineering, Artificial Intelligent in Medicine, Physiological Measurement, Medical Engineering and Physics, Scientia Iranica, Biomedical Signal Processing and Control, Computers &amp; Electrical Engineering, IET Signal Processing, BMC Bioinformatics, Australian Physical &amp; Engineering Sciences in Medicin, Annals of Biomedical Engineering, IEEE Journal of Biomedical and Health Informatics, Journal of Medical and Biomedical Engineering, Computational and Mathematical Methods in Medicine, Computers Methods and Programs in Biomedicine, The Scientific World Journal.<\/p>\n<p><strong>EDITORIAL ASSIGNMENTS<\/strong><br \/>\n&#8211; Editor-in-Chief of section Information Theory, Entropy &#8212; Open Access Journal, since January 2015 (Impact Factor 2.724 based on ISI-WoK).<br \/>\n&#8211; Editorial Board Member, The Open Access Journal Of Science and Technology, since September 2014.<br \/>\n&#8211; Editorial Board Member, Advances in Chemical and Biological Engineering journal, since November 2014.<br \/>\n&#8211; Editorial Board Member, Journal of Advances in Biomedical Engineering and Technology, since October 2014.<br \/>\n&#8211; Honorary Editorial Board Member, Advanced Health Care Technologies, since December 2014.<\/p>\n","protected":false},"excerpt":{"rendered":"<p>Prof. Ra\u00fal Alcaraz Mart\u00ednez Born March 1, 1982 in Cuenca, Spain. Married, 1 daughter. Languages: Spanish (native), English. ACADEMIC DEGREES 2003 &#8212; MEng in Telecommunications Engineering, University of Castilla-La Mancha, Spain 2005 &#8212; MSc in Electronic Engineering, University of Alcal\u00e1, Spain. 2008 &#8212; DSc in Biomedical Engineering, Technical University of Valencia, Spain. FORMER POSITIONS 2004-2005 [&hellip;]<\/p>\n","protected":false},"author":56,"featured_media":0,"parent":0,"menu_order":0,"comment_status":"closed","ping_status":"open","template":"page-templates\/front-page.php","meta":{"footnotes":""},"class_list":["post-16","page","type-page","status-publish","hentry"],"_links":{"self":[{"href":"https:\/\/blog.uclm.es\/raulalcaraz\/wp-json\/wp\/v2\/pages\/16","targetHints":{"allow":["GET"]}}],"collection":[{"href":"https:\/\/blog.uclm.es\/raulalcaraz\/wp-json\/wp\/v2\/pages"}],"about":[{"href":"https:\/\/blog.uclm.es\/raulalcaraz\/wp-json\/wp\/v2\/types\/page"}],"author":[{"embeddable":true,"href":"https:\/\/blog.uclm.es\/raulalcaraz\/wp-json\/wp\/v2\/users\/56"}],"replies":[{"embeddable":true,"href":"https:\/\/blog.uclm.es\/raulalcaraz\/wp-json\/wp\/v2\/comments?post=16"}],"version-history":[{"count":3,"href":"https:\/\/blog.uclm.es\/raulalcaraz\/wp-json\/wp\/v2\/pages\/16\/revisions"}],"predecessor-version":[{"id":226,"href":"https:\/\/blog.uclm.es\/raulalcaraz\/wp-json\/wp\/v2\/pages\/16\/revisions\/226"}],"wp:attachment":[{"href":"https:\/\/blog.uclm.es\/raulalcaraz\/wp-json\/wp\/v2\/media?parent=16"}],"curies":[{"name":"wp","href":"https:\/\/api.w.org\/{rel}","templated":true}]}}