{"id":65,"date":"2018-10-25T07:34:08","date_gmt":"2018-10-25T06:34:08","guid":{"rendered":"http:\/\/blog.uclm.es\/ramonhlucas\/?page_id=65"},"modified":"2023-02-10T14:40:56","modified_gmt":"2023-02-10T13:40:56","slug":"publications","status":"publish","type":"page","link":"https:\/\/blog.uclm.es\/ramonhlucas\/publications\/","title":{"rendered":"Publications"},"content":{"rendered":"\n<blockquote class=\"wp-block-quote is-layout-flow wp-block-quote-is-layout-flow\">\n<h4 class=\"wp-block-heading\"><strong>Full list of publications (including conference papers and book chapters) available at <a rel=\"noreferrer noopener\" href=\"http:\/\/mami.uclm.es\" target=\"_blank\">http:\/\/mami.uclm.es<\/a><\/strong><\/h4>\n<\/blockquote>\n\n\n\n<hr class=\"wp-block-separator has-alpha-channel-opacity\" \/>\n\n\n\n<div class=\"wp-block-group\"><div class=\"wp-block-group__inner-container is-layout-constrained wp-block-group-is-layout-constrained\">\n<h4 class=\"wp-block-heading\">Studying the generalisability of cognitive load measured with EEG<\/h4>\n\n\n\n<p>Luis Caba\u00f1ero-G\u00f3mez, Ram\u00f3n Herv\u00e1s, Iv\u00e1n Gonz\u00e1lez, Vladimir Villarreal<br>Biomedical Signal Processing and Control, 70, September 2021, 103032 (JCR&#8217;20 Q2 IF: 3.880)<br>Publication year: 2021<\/p>\n\n\n\n<h4 class=\"wp-block-heading\">eeglib: A Python module for EEG feature extraction<\/h4>\n\n\n\n<p>Luis Caba\u00f1ero-Gomez, Ramon Herv\u00e1s, Ivan Gonzalez, Luis Rodriguez-Benitez<br>SoftwareX, 15, July 2021, 100745 (JCR&#8217;20 Q3 IF: 1.959)<br>Publication year: 2021<\/p>\n\n\n\n<h4 class=\"wp-block-heading\">An Internet of Agents Architecture for Training and Deployment of Deep Convolutional Models<\/h4>\n\n\n\n<p>Luis Rodriguez-Benitez, Carlos Cordoba-Ruiz, Luis Caba\u00f1ero, Ram\u00f3n Herv\u00e1s, Luis Jimenez-Linares<br>Journal of Signal Processing Systems (Online first). October 2020 (JCR Q4 IF: 1.348)<br>Publication year: 2020<\/p>\n\n\n\n<h4 class=\"wp-block-heading\">Characterisation of mobile-device tasks by their associated cognitive load through EEG data processing<\/h4>\n\n\n\n<p>Luis Caba\u00f1ero, Ram\u00f3n Herv\u00e1s, Iv\u00e1n Gonz\u00e1lez, Jes\u00fas Fontecha, Tania Mond\u00e9jar, Jos\u00e9 Bravo.<br>Future Generation Computer Systems 113, pp. 380-390. Elsevier, (ISI-JCR IF=7.187 D1) Dic. 2020.<br>Publication year: 2020<\/p>\n\n\n\n<h4 class=\"wp-block-heading\">An Affective and Cognitive Toy to Support Mood Disorders<\/h4>\n\n\n\n<p>Esperanza Johnson, Iv\u00e1n Gonz\u00e1lez, Tania Mond\u00e9jar, Luis Caba\u00f1ero-G\u00f3mez, Jes\u00fas Fontecha, and Ram\u00f3n Herv\u00e1s<br>Informatics 2020, 7(4), 48. (SJR Q2 IF: 0.45) Sept. 2020<br>Publication year: 2020<\/p>\n\n\n\n<h4 class=\"wp-block-heading\">An Internet of Things infrastructure for gait characterization in assisted living environments and its application in the discovery of associations between frailty and cognition<\/h4>\n\n\n\n<p>Iv\u00e1n Gonz\u00e1lez, Fco Javier Navarro, Jes\u00fas Fontecha, Luis Caba\u00f1ero-G\u00f3mez, Ram\u00f3n Herv\u00e1s<br>International Journal of Distributed Sensor Networks. (ISI-JCR IF=1.151 Q4). SAGE Oct. 2019<br>Publication year: 2019<\/p>\n\n\n\n<h4 class=\"wp-block-heading\">eeglib: computational analysis of cognitive performance during the use of video games<\/h4>\n\n\n\n<p>Luis Caba\u00f1ero, Ram\u00f3n Herv\u00e1s, Jos\u00e9 Bravo, Luis Rodr\u00edguez-Benitez, Chris Nugent<br>J Ambient Intell Human Comput (JCR&#8217;20 IF: 7,104 D1) Nov. 2019.<br>Publication year: 2019<\/p>\n<\/div><\/div>\n\n\n\n<div class=\"wp-block-group\"><div class=\"wp-block-group__inner-container is-layout-constrained wp-block-group-is-layout-constrained\">\n<h4 class=\"wp-block-heading\">Ubiquitous computing for health applications<\/h4>\n\n\n\n<p>Oresti Ba\u00f1os, Ram\u00f3n Herv\u00e1s (Eds).<br>Journal of Ambient Intelligence and Humanized Computing (ISI-JCR IF=1.910 Q3). May 2018<br>Publication year: 2018<\/p>\n<\/div><\/div>\n\n\n\n<div class=\"wp-block-group\"><div class=\"wp-block-group__inner-container is-layout-constrained wp-block-group-is-layout-constrained\">\n<h4 class=\"wp-block-heading\">Strategies to Improve Activity Recognition Based on Skeletal Tracking: Applying Restrictions Regarding Body Parts and Similarity Boundaries<\/h4>\n\n\n\n<p>Carlos Gutierrez-Lopez-Franca, Ram\u00f3n Herv\u00e1s, Esperanza Johnson<br>Sensors (ISI-JCR IF:3.031 Q1). May 2018; 18(5).<br>Publication year: 2018<\/p>\n<\/div><\/div>\n\n\n\n<div class=\"wp-block-group\"><div class=\"wp-block-group__inner-container is-layout-constrained wp-block-group-is-layout-constrained\">\n<h4 class=\"wp-block-heading\">Analyzing EEG waves to support the design of serious games for cognitive training<\/h4>\n\n\n\n<p>Tania Mond\u00e9jar, Ram\u00f3n Herv\u00e1s, Esperanza Johnson, Carlos Gutierrez-Lopez-Franca, Jos\u00e9 Miguel Latorre.<br>Journal of Ambient Intelligence and Humanized Computing (ISI-JCR IF:1.910 Q3). May 2018.<br>Publication year: 2018<\/p>\n<\/div><\/div>\n\n\n\n<div class=\"wp-block-group\"><div class=\"wp-block-group__inner-container is-layout-constrained wp-block-group-is-layout-constrained\">\n<h4 class=\"wp-block-heading\">m-Health: Lessons Learned by m-Experiences<\/h4>\n\n\n\n<p>Jos\u00e9 Bravo, Ram\u00f3n Herv\u00e1s, Jes\u00fas Fontecha, Iv\u00e1n Gonz\u00e1lez<br>ensors (ISI-JCR IF:3.031 Q1). May 2018; 18(5)<br>Publication year: 2018<\/p>\n<\/div><\/div>\n\n\n\n<div class=\"wp-block-group\"><div class=\"wp-block-group__inner-container is-layout-constrained wp-block-group-is-layout-constrained\">\n<h4 class=\"wp-block-heading\">Assessing empathy and managing emotions through interactions with an affective avatar.<\/h4>\n\n\n\n<p>Esperanza Johnson, Ram\u00f3n Herv\u00e1s, Carlos Guti\u00e9rrez L\u00f3pez de la Franca, Tania Mond\u00e9jar, Sergio F. Ochoa, Jes\u00fas Favela<br>Journal of Health Informatics, 24(2) pp. 182-193. (ISI-JCR IF=2.247 Q2). February 2018<br>Publication year: 2018<\/p>\n<\/div><\/div>\n\n\n\n<div class=\"wp-block-group\"><div class=\"wp-block-group__inner-container is-layout-constrained wp-block-group-is-layout-constrained\">\n<h4 class=\"wp-block-heading\">Extended Body-Angles Algorithm to recognize activities within intelligent environments<\/h4>\n\n\n\n<p>Carlos Guti\u00e9rrez L\u00f3pez de la Franca, Ram\u00f3n Herv\u00e1s, Esperanza Johnson, Tania Mond\u00e9jar, Jos\u00e9 Bravo<br>Journal of Ambient Intelligence and Humanized Computing, 8(4) pp. 531-549 (ISI-JCR IF=1.588 Q3). March 2017<br>Publication year: 2017<\/p>\n<\/div><\/div>\n\n\n\n<div class=\"wp-block-group\"><div class=\"wp-block-group__inner-container is-layout-constrained wp-block-group-is-layout-constrained\">\n<h4 class=\"wp-block-heading\">Analyzing and Predicting Empathy in Neurotypical and Non-Neurotypical users with an Affective Avatar<\/h4>\n\n\n\n<p>Esperanza Johnson, Ram\u00f3n Herv\u00e1s, Carlos Guti\u00e9rrez L\u00f3pez de la Franca, Tania Mond\u00e9jar, Jos\u00e9 Bravo<br>Mobile Information Systems (ISI-JCR IF=0.849 Q4). May 2017.<br>Publication year: 2017<\/p>\n<\/div><\/div>\n\n\n\n<div class=\"wp-block-group\"><div class=\"wp-block-group__inner-container is-layout-constrained wp-block-group-is-layout-constrained\">\n<h4 class=\"wp-block-heading\">Estimation of Temporal Gait Events from a Single Accelerometer Through the Scale-Space Filtering Idea<\/h4>\n\n\n\n<p>Iv\u00e1n Gonz\u00e1lez, Jes\u00fas Fontecha, Ram\u00f3n Herv\u00e1s, Jos\u00e9 Bravo<br>Journal of Medical Systems. (ISI-JCR IF:2.456 Q2) December 2016; 40:251<br>Publication year: 2016<\/p>\n<\/div><\/div>\n\n\n\n<div class=\"wp-block-group\"><div class=\"wp-block-group__inner-container is-layout-constrained wp-block-group-is-layout-constrained\">\n<h4 class=\"wp-block-heading\">Correlation between videogame mechanics and executive functions through EEG analysis<\/h4>\n\n\n\n<p>Tania Mond\u00e9jar, Ram\u00f3n Herv\u00e1s, Esperanza Johnson, Carlos Gutierrez, Jos\u00e9 Miguel Latorre.<br>Journal of Biomedical Informatics (ISI-JCR IF=2.753 Q1) 63 pp. 131-140. October 2016. Elservier<br>Publication year: 2016<\/p>\n<\/div><\/div>\n\n\n\n<div class=\"wp-block-group\"><div class=\"wp-block-group__inner-container is-layout-constrained wp-block-group-is-layout-constrained\">\n<h4 class=\"wp-block-heading\">A Systematic Review for Mobile Monitoring Solutions in M-Health<\/h4>\n\n\n\n<p>Vladimir Villarreal, Ram\u00f3n Herv\u00e1s, Jos\u00e9 Bravo<br>Journal of Medical Systems. September 2016 (ISI-JCR IF:2.456 Q2); 40:199.<br>Publication year: 2016<\/p>\n<\/div><\/div>\n\n\n\n<div class=\"wp-block-group\"><div class=\"wp-block-group__inner-container is-layout-constrained wp-block-group-is-layout-constrained\">\n<h4 class=\"wp-block-heading\">Mobile Monitoring framework to design parametrized and personalized m-health applications according to the patient&#8217;s diseases<\/h4>\n\n\n\n<p>Vladimir Villarreal, Ram\u00f3n Herv\u00e1s, Jes\u00fas Fontecha, Jos\u00e9 Bravo<br>Journal of Medical Systems (ISI-JCR IF:2.456* Q2). October 2015; 39:132<br>Publication year: 2015<\/p>\n<\/div><\/div>\n\n\n\n<div class=\"wp-block-group\"><div class=\"wp-block-group__inner-container is-layout-constrained wp-block-group-is-layout-constrained\">\n<h4 class=\"wp-block-heading\">Towards Context-Aware and User-Centered Analysis in Assistive Environments<\/h4>\n\n\n\n<p>Jes\u00fas Fontecha, Ram\u00f3n Herv\u00e1s, Tania Mond\u00e9jar, Iv\u00e1n Gonz\u00e1lez, Jos\u00e9 Bravo.<br>Journal of Medical Systems (ISI-JCR IF:2.213 Q2) August 2015; 39:120<br>Publication year: 2015<\/p>\n<\/div><\/div>\n\n\n\n<div class=\"wp-block-group\"><div class=\"wp-block-group__inner-container is-layout-constrained wp-block-group-is-layout-constrained\">\n<h4 class=\"wp-block-heading\">NFC as a Childhood Obesity Treatment Tool<\/h4>\n\n\n\n<p>Patricia D\u00edaz-Hell\u00edn, Jes\u00fas Fontecha, Ram\u00f3n Herv\u00e1s, Jos\u00e9 Bravo<br>Journal of Medical Systems (ISI-JCR IF:2.213 Q2). August 2015; 39:96<br>Publication year: 2015<\/p>\n<\/div><\/div>\n\n\n\n<div class=\"wp-block-group\"><div class=\"wp-block-group__inner-container is-layout-constrained wp-block-group-is-layout-constrained\">\n<h4 class=\"wp-block-heading\">An Ambulatory System for Gait Monitoring Based on Wireless Sensorized Insoles<\/h4>\n\n\n\n<p>Iv\u00e1n Gonz\u00e1lez, Jes\u00fas Fontecha, Ram\u00f3n Herv\u00e1s, Jos\u00e9 Bravo.<br>Sensors (ISI-JCR IF:2.245 Q1). July 2015; 15(7), 16589-16613<br>Publication year: 2015<\/p>\n<\/div><\/div>\n\n\n\n<div class=\"wp-block-group\"><div class=\"wp-block-group__inner-container is-layout-constrained wp-block-group-is-layout-constrained\">\n<h4 class=\"wp-block-heading\">Mobile and ubiquitous architecture for the medical control of chronic diseases through the use of intelligent devices: Using the architecture for patients with diabetes<\/h4>\n\n\n\n<p>Vladimir Villarreal, Jes\u00fas Fontecha, Ram\u00f3n Herv\u00e1s, Jos\u00e9 Bravo.<br>Future generation computer systems (ISI-JCR IF:2.79 Q1). May 2014; 34: 161-175.<br>Publication year: 2014<\/p>\n<\/div><\/div>\n\n\n\n<div class=\"wp-block-group\"><div class=\"wp-block-group__inner-container is-layout-constrained wp-block-group-is-layout-constrained\">\n<h4 class=\"wp-block-heading\">A Mobile and Ubiquitous Approach for Supporting Frailty Assessment in Elderly People<\/h4>\n\n\n\n<p>Jes\u00fas Fontecha, Ram\u00f3n Herv\u00e1s, Jos\u00e9 Bravo<br>Journal of Medical Internet Research (ISI-JCR IF:4.7 Q1). September 2013; 15(9):e197<br>Publication year: 2013<\/p>\n<\/div><\/div>\n\n\n\n<div class=\"wp-block-group\"><div class=\"wp-block-group__inner-container is-layout-constrained wp-block-group-is-layout-constrained\">\n<h4 class=\"wp-block-heading\">Achieving Adaptive Augmented Reality through Ontological Context-Awareness applied to AAL Scenarios.<\/h4>\n\n\n\n<p>Ram\u00f3n Herv\u00e1s, Jose Bravo, Jes\u00fas Fontecha, Vladimir Villarreal.<br>Journal of Universal Computer Science (ISI-JCR IF:0.762 Q3). September 2013; 19(9): 1334-1349<br>Publication year: 2013<\/p>\n<\/div><\/div>\n\n\n\n<div class=\"wp-block-group\"><div class=\"wp-block-group__inner-container is-layout-constrained wp-block-group-is-layout-constrained\">\n<h4 class=\"wp-block-heading\">Mobile Services Infrastructures for Frailty Diagnosis Support based on Gower&#8217;s Similarity Coefficient and Treemaps.<\/h4>\n\n\n\n<p>Jes\u00fas Fontecha, Ram\u00f3n Herv\u00e1s, Jos\u00e9 Bravo.<br>Journal of Mobile Information System. (ISI-JCR IF:1.789 Q1). July 2013; 10(1): 127:146.<br>Publication year: 2013<\/p>\n<\/div><\/div>\n\n\n\n<div class=\"wp-block-group\"><div class=\"wp-block-group__inner-container is-layout-constrained wp-block-group-is-layout-constrained\">\n<h4 class=\"wp-block-heading\">An assistive navigation system based on augmented reality and context awareness for people with mild cognitive impairments<\/h4>\n\n\n\n<p>Ram\u00f3n Herv\u00e1s, Jes\u00fas Fontecha, Jose Bravo.<br>IEEE Journal of Biomedical and Health Informatics (ISI-JCR IF:1.68 Q1). June 2013; 18(1): 368-374<br>Publication year: 2013<\/p>\n<\/div><\/div>\n\n\n\n<div class=\"wp-block-group\"><div class=\"wp-block-group__inner-container is-layout-constrained wp-block-group-is-layout-constrained\">\n<h4 class=\"wp-block-heading\">Mobile Monitoring and Reasoning Methods to Prevent Cardiovascular Diseases.<\/h4>\n\n\n\n<p>Ram\u00f3n Herv\u00e1s, Jes\u00fas Fontecha, David Aus\u00edn, Federico Castanedo, Jose Bravo, Diego L\u00f3pez-de-Ipi\u00f1a.<br>Sensors (ISI-JCR IF:1.953 Q1). May 2013; 13(5): 6524-6541. MDPI<br>Publication year: 2013<\/p>\n<\/div><\/div>\n\n\n\n<div class=\"wp-block-group\"><div class=\"wp-block-group__inner-container is-layout-constrained wp-block-group-is-layout-constrained\">\n<h4 class=\"wp-block-heading\">Elderly frailty detection by using accelerometer-enabled smartphones and clinical information records<\/h4>\n\n\n\n<p>Jes\u00fas Fontecha, Fco. Javier Navarro, Ram\u00f3n Herv\u00e1s, Jose Bravo.<br>Personal and Ubiquitous Computing Journal (ISI-JCR IF:1.133 Q2), August 2013; 17(6):1073-1083. Springer<br>Publication year: 2013<\/p>\n<\/div><\/div>\n\n\n\n<div class=\"wp-block-group\"><div class=\"wp-block-group__inner-container is-layout-constrained wp-block-group-is-layout-constrained\">\n<h4 class=\"wp-block-heading\">RFID breadcrumbs for enhanced care data management and dissemination.<\/h4>\n\n\n\n<p>Jose Bravo, Diego L\u00f3pez de Ipi\u00f1a, Ram\u00f3n Herv\u00e1s.<br>Personal and Ubiquitous Computing Journal (ISI-JCR IF:1.133 Q2), August 2013; 17(6):1095-1104.<br>Publication year: 2013<\/p>\n<\/div><\/div>\n\n\n\n<div class=\"wp-block-group\"><div class=\"wp-block-group__inner-container is-layout-constrained wp-block-group-is-layout-constrained\">\n<h4 class=\"wp-block-heading\">Using a communication model to collect measurement data through mobile devices.<\/h4>\n\n\n\n<p>Jose Bravo, Vladimir Villarreal, Ram\u00f3n Herv\u00e1s, Gabriel Urzaiz.<br>Sensors (ISI-JCR IF:1.953 Q1). July 2012; 12(7): 9253-9272, MDPI.<br>Publication year: 2012<\/p>\n<\/div><\/div>\n\n\n\n<div class=\"wp-block-group\"><div class=\"wp-block-group__inner-container is-layout-constrained wp-block-group-is-layout-constrained\">\n<h4 class=\"wp-block-heading\">Awareness Marks: Adaptive services through user interactions with augmented objects<\/h4>\n\n\n\n<p>Ram\u00f3n Herv\u00e1s, Jos\u00e9 Bravo, Jes\u00fas Fontecha.<br>Personal and Ubiquitous Computing Journal (ISI-JCR IF=0.938 Q2). April 2011; 15(4): 409-418, Springer<br>Publication year: 2011<\/p>\n<\/div><\/div>\n\n\n\n<div class=\"wp-block-group\"><div class=\"wp-block-group__inner-container is-layout-constrained wp-block-group-is-layout-constrained\">\n<h4 class=\"wp-block-heading\">Towards the ubiquitous visualization: Adaptive user-interfaces based on the Semantic Web.<\/h4>\n\n\n\n<p>Ram\u00f3n Herv\u00e1s, Jos\u00e9 Bravo.<br>Interacting with Computers Journal (ISI-JCR IF=1.23 Q2). January 2011; 23(1): 40-56, Elsevier<br>Publication year: 2011<\/p>\n<\/div><\/div>\n\n\n\n<div class=\"wp-block-group\"><div class=\"wp-block-group__inner-container is-layout-constrained wp-block-group-is-layout-constrained\">\n<h4 class=\"wp-block-heading\">COIVA: Context-aware and Ontology-powered Information Visualization Architecture<\/h4>\n\n\n\n<p>Ram\u00f3n Herv\u00e1s, Jos\u00e9 Bravo.<br>Software: Practice and Experience Journal (ISI-JCR IF=0.52 Q3) April 2011; 41(4): 403-426, Wiley-Blackwell.<br>Publication year: 2011<\/p>\n<\/div><\/div>\n\n\n\n<div class=\"wp-block-group\"><div class=\"wp-block-group__inner-container is-layout-constrained wp-block-group-is-layout-constrained\">\n<h4 class=\"wp-block-heading\">A Context Model based on Ontological Languages: a Proposal for Information Visualization<\/h4>\n\n\n\n<p>Ram\u00f3n Herv\u00e1s, Jos\u00e9 Bravo, Jes\u00fas Fontecha.<br>Journal of Universal Computer Science (ISI-JCR), August 2010; 16(12): 1539-1555.<br>Publication year: 2010<\/p>\n<\/div><\/div>\n\n\n\n<div class=\"wp-block-group\"><div class=\"wp-block-group__inner-container is-layout-constrained wp-block-group-is-layout-constrained\">\n<h4 class=\"wp-block-heading\">Visualization Services in a Conference Context: An approach by RFID Technology.<\/h4>\n\n\n\n<p>Bravo, J., Herv\u00e1s, R., S\u00e1nchez, I., Chavira, G., Nava, S<br>Journal of Universal Computer Science, March 2006; 12(3):270-283<br>Publication year: 2006<\/p>\n<\/div><\/div>\n\n\n\n<div class=\"wp-block-group\"><div class=\"wp-block-group__inner-container is-layout-constrained wp-block-group-is-layout-constrained\">\n<h4 class=\"wp-block-heading\">Ubiquitous Computing at classroom: An approach through identification process<\/h4>\n\n\n\n<p>Bravo, J., Herv\u00e1s, R., Chavira, G.<br>Journal of Universal Computer Science. September 2005; 11(9):1494-1504<br>Publication year: 2005<\/p>\n<\/div><\/div>\n","protected":false},"excerpt":{"rendered":"<p>Full list of publications (including conference papers and book chapters) available at http:\/\/mami.uclm.es Studying the generalisability of cognitive load measured with EEG Luis Caba\u00f1ero-G\u00f3mez, Ram\u00f3n Herv\u00e1s, Iv\u00e1n Gonz\u00e1lez, Vladimir VillarrealBiomedical Signal Processing and Control, 70, September 2021, 103032 (JCR&#8217;20 Q2 IF: 3.880)Publication year: 2021 eeglib: A Python module for EEG feature extraction Luis Caba\u00f1ero-Gomez, Ramon &hellip; <a href=\"https:\/\/blog.uclm.es\/ramonhlucas\/publications\/\" class=\"more-link\">Seguir leyendo <span class=\"screen-reader-text\">Publications<\/span> <span class=\"meta-nav\">&rarr;<\/span><\/a><\/p>\n","protected":false},"author":116,"featured_media":0,"parent":0,"menu_order":0,"comment_status":"closed","ping_status":"closed","template":"","meta":{"footnotes":""},"class_list":["post-65","page","type-page","status-publish","hentry"],"_links":{"self":[{"href":"https:\/\/blog.uclm.es\/ramonhlucas\/wp-json\/wp\/v2\/pages\/65","targetHints":{"allow":["GET"]}}],"collection":[{"href":"https:\/\/blog.uclm.es\/ramonhlucas\/wp-json\/wp\/v2\/pages"}],"about":[{"href":"https:\/\/blog.uclm.es\/ramonhlucas\/wp-json\/wp\/v2\/types\/page"}],"author":[{"embeddable":true,"href":"https:\/\/blog.uclm.es\/ramonhlucas\/wp-json\/wp\/v2\/users\/116"}],"replies":[{"embeddable":true,"href":"https:\/\/blog.uclm.es\/ramonhlucas\/wp-json\/wp\/v2\/comments?post=65"}],"version-history":[{"count":6,"href":"https:\/\/blog.uclm.es\/ramonhlucas\/wp-json\/wp\/v2\/pages\/65\/revisions"}],"predecessor-version":[{"id":530,"href":"https:\/\/blog.uclm.es\/ramonhlucas\/wp-json\/wp\/v2\/pages\/65\/revisions\/530"}],"wp:attachment":[{"href":"https:\/\/blog.uclm.es\/ramonhlucas\/wp-json\/wp\/v2\/media?parent=65"}],"curies":[{"name":"wp","href":"https:\/\/api.w.org\/{rel}","templated":true}]}}