{"id":21,"date":"2018-10-24T15:00:16","date_gmt":"2018-10-24T14:00:16","guid":{"rendered":"http:\/\/blog.uclm.es\/ramonhlucas\/?page_id=21"},"modified":"2023-02-10T12:14:47","modified_gmt":"2023-02-10T11:14:47","slug":"home","status":"publish","type":"page","link":"https:\/\/blog.uclm.es\/ramonhlucas\/","title":{"rendered":"Home"},"content":{"rendered":"\n<blockquote class=\"wp-block-quote is-layout-flow wp-block-quote-is-layout-flow\">\n<h2 class=\"wp-block-heading\">Preparing the 1st International Workshop on Ubiquitous Serious Games<a href=\"https:\/\/mamilab.eu\/ucami-2022\/\"> Very Soon at UCAmI 2022<\/a><\/h2>\n<\/blockquote>\n\n\n\n<div class=\"wp-block-columns is-layout-flex wp-container-core-columns-is-layout-9d6595d7 wp-block-columns-is-layout-flex\">\n<div class=\"wp-block-column is-layout-flow wp-block-column-is-layout-flow\" style=\"flex-basis:33.33%\">\n<figure class=\"wp-block-image size-full\"><img loading=\"lazy\" decoding=\"async\" width=\"440\" height=\"730\" src=\"https:\/\/blog.uclm.es\/ramonhlucas\/wp-content\/uploads\/sites\/133\/2018\/10\/PortadaGundan.png\" alt=\"\" class=\"wp-image-24\" srcset=\"https:\/\/blog.uclm.es\/ramonhlucas\/wp-content\/uploads\/sites\/133\/2018\/10\/PortadaGundan.png 440w, https:\/\/blog.uclm.es\/ramonhlucas\/wp-content\/uploads\/sites\/133\/2018\/10\/PortadaGundan-181x300.png 181w\" sizes=\"auto, (max-width: 440px) 100vw, 440px\" \/><\/figure>\n<\/div>\n\n\n\n<div class=\"wp-block-column is-layout-flow wp-block-column-is-layout-flow\" style=\"flex-basis:66.66%\">\n<h2 class=\"wp-block-heading\">Biography<\/h2>\n\n\n\n<p>Hi, I am Ram\u00f3n Herv\u00e1s Lucas, professor in Computer Science in the <a href=\"http:\/\/webpub.esi.uclm.es\/eng\" target=\"_blank\" rel=\"noreferrer noopener\">Escuela Superior de Inform\u00e1tica (ESI)<\/a> at the <a href=\"https:\/\/www.uclm.es\/\" target=\"_blank\" rel=\"noreferrer noopener\">Castilla-La Mancha University<\/a>, Spain, and member of the <a href=\"http:\/\/mami.uclm.es\" target=\"_blank\" rel=\"noreferrer noopener\">Modeling Ambient Intelligence Research Group<\/a> (<a href=\"http:\/\/www.esi.uclm.es\/www\/mami\/web\/\" target=\"_blank\" rel=\"noreferrer noopener\">MAmI<\/a> &amp; <a href=\"http:\/\/mamiot.com\/\" target=\"_blank\" rel=\"noreferrer noopener\">MAmIoT<\/a>).<\/p>\n\n\n\n<p>I received my M.Sc. and Ph.D. degrees in Computer Engineering from the UCLM University. I have been invited as lecturer by different universities and I have collaborated on several research projects. My research interests cover a variety of ICT topics including Ubiquitous Computing, Ambient Intelligence, Assistive Technologies, Neuropsychology, Serious Games and IoT for Health.<\/p>\n\n\n\n<p>I serve as Academic-dean of the University of Castilla &#8211; La Mancha, in charge of academic management, planning and new studies.<\/p>\n<\/div>\n<\/div>\n\n\n\n<h2 class=\"wp-block-heading\">Some statistics<\/h2>\n\n\n\n<ul class=\"wp-block-list\">\n<li>2 quality-research (sexenios) and 2 quality-teaching periods (quinquenios)<\/li>\n\n\n\n<li>26 h-index (Google scholar) and 21 h-index (Scopus)<\/li>\n\n\n\n<li>31 JCR publications<\/li>\n\n\n\n<li>122 Conference Communications<\/li>\n\n\n\n<li>Supervisor of 5 PhD, 26 MSc theses, and 42 End of Degree<\/li>\n\n\n\n<li>Principal Investigator of 2 National Research Projects: FRASE &amp; M4S<\/li>\n<\/ul>\n\n\n\n<div class=\"wp-block-columns is-layout-flex wp-container-core-columns-is-layout-9d6595d7 wp-block-columns-is-layout-flex\">\n<div class=\"wp-block-column is-layout-flow wp-block-column-is-layout-flow\">\n<h2 class=\"wp-block-heading\">Positions<\/h2>\n\n\n\n<div class=\"wp-block-group\"><div class=\"wp-block-group__inner-container is-layout-constrained wp-block-group-is-layout-constrained\">\n<div class=\"wp-block-columns is-layout-flex wp-container-core-columns-is-layout-9d6595d7 wp-block-columns-is-layout-flex\">\n<div class=\"wp-block-column is-layout-flow wp-block-column-is-layout-flow\" style=\"flex-basis:33.33%\">\n<h5 class=\"wp-block-heading\">present<br>2019<\/h5>\n<\/div>\n\n\n\n<div class=\"wp-block-column is-layout-flow wp-block-column-is-layout-flow\" style=\"flex-basis:66.66%\">\n<h6 class=\"wp-block-heading\">Proffessor (TU)<\/h6>\n\n\n\n<p>University of Castilla &#8211; La Mancha<\/p>\n<\/div>\n<\/div>\n<\/div><\/div>\n\n\n\n<div class=\"wp-block-group\"><div class=\"wp-block-group__inner-container is-layout-constrained wp-block-group-is-layout-constrained\">\n<div class=\"wp-block-columns is-layout-flex wp-container-core-columns-is-layout-9d6595d7 wp-block-columns-is-layout-flex\">\n<div class=\"wp-block-column is-layout-flow wp-block-column-is-layout-flow\" style=\"flex-basis:33.33%\">\n<h5 class=\"wp-block-heading\">2019<br>2016<\/h5>\n<\/div>\n\n\n\n<div class=\"wp-block-column is-layout-flow wp-block-column-is-layout-flow\" style=\"flex-basis:66.66%\">\n<h6 class=\"wp-block-heading\">Associate Professor<\/h6>\n\n\n\n<p>University of Castilla &#8211; La Mancha<\/p>\n<\/div>\n<\/div>\n<\/div><\/div>\n\n\n\n<div class=\"wp-block-group\"><div class=\"wp-block-group__inner-container is-layout-constrained wp-block-group-is-layout-constrained\">\n<div class=\"wp-block-columns is-layout-flex wp-container-core-columns-is-layout-9d6595d7 wp-block-columns-is-layout-flex\">\n<div class=\"wp-block-column is-layout-flow wp-block-column-is-layout-flow\" style=\"flex-basis:33.33%\">\n<h5 class=\"wp-block-heading\">2016<br>2011<\/h5>\n<\/div>\n\n\n\n<div class=\"wp-block-column is-layout-flow wp-block-column-is-layout-flow\" style=\"flex-basis:66.66%\">\n<h6 class=\"wp-block-heading\">Associate Professor<\/h6>\n\n\n\n<p>University of Castilla &#8211; La Mancha<\/p>\n<\/div>\n<\/div>\n<\/div><\/div>\n\n\n\n<div class=\"wp-block-group\"><div class=\"wp-block-group__inner-container is-layout-constrained wp-block-group-is-layout-constrained\">\n<div class=\"wp-block-columns is-layout-flex wp-container-core-columns-is-layout-9d6595d7 wp-block-columns-is-layout-flex\">\n<div class=\"wp-block-column is-layout-flow wp-block-column-is-layout-flow\" style=\"flex-basis:33.33%\">\n<h5 class=\"wp-block-heading\">2011<br>2006<\/h5>\n<\/div>\n\n\n\n<div class=\"wp-block-column is-layout-flow wp-block-column-is-layout-flow\" style=\"flex-basis:66.66%\">\n<h6 class=\"wp-block-heading\">Adjunct Professor<\/h6>\n\n\n\n<p>University of Castilla &#8211; La Mancha<\/p>\n<\/div>\n<\/div>\n<\/div><\/div>\n<\/div>\n\n\n\n<div class=\"wp-block-column is-layout-flow wp-block-column-is-layout-flow\">\n<h2 class=\"wp-block-heading\">Educations<\/h2>\n\n\n\n<div class=\"wp-block-group\"><div class=\"wp-block-group__inner-container is-layout-constrained wp-block-group-is-layout-constrained\">\n<div class=\"wp-block-columns is-layout-flex wp-container-core-columns-is-layout-9d6595d7 wp-block-columns-is-layout-flex\">\n<div class=\"wp-block-column is-layout-flow wp-block-column-is-layout-flow\">\n<h5 class=\"wp-block-heading\">PhD<br>2009<\/h5>\n<\/div>\n\n\n\n<div class=\"wp-block-column is-layout-flow wp-block-column-is-layout-flow\">\n<h6 class=\"wp-block-heading\">Computer Science<\/h6>\n\n\n\n<p>Castilla &#8211; La Mancha University<\/p>\n<\/div>\n<\/div>\n<\/div><\/div>\n\n\n\n<div class=\"wp-block-group\"><div class=\"wp-block-group__inner-container is-layout-constrained wp-block-group-is-layout-constrained\">\n<div class=\"wp-block-columns is-layout-flex wp-container-core-columns-is-layout-9d6595d7 wp-block-columns-is-layout-flex\">\n<div class=\"wp-block-column is-layout-flow wp-block-column-is-layout-flow\">\n<h5 class=\"wp-block-heading\">Degree<br>2004<\/h5>\n<\/div>\n\n\n\n<div class=\"wp-block-column is-layout-flow wp-block-column-is-layout-flow\">\n<h6 class=\"wp-block-heading\">Computing Engineering<\/h6>\n\n\n\n<p>Castilla &#8211; La Mancha University<\/p>\n<\/div>\n<\/div>\n<\/div><\/div>\n<\/div>\n<\/div>\n\n\n\n<figure class=\"wp-block-gallery has-nested-images columns-default is-cropped wp-block-gallery-1 is-layout-flex wp-block-gallery-is-layout-flex\">\n<figure class=\"wp-block-image size-large\"><a href=\"http:\/\/www.uclm.es\/\" target=\"_blank\" rel=\"noreferrer noopener\"><img loading=\"lazy\" decoding=\"async\" width=\"284\" height=\"284\" data-id=\"146\" src=\"https:\/\/blog.uclm.es\/ramonhlucas\/wp-content\/uploads\/sites\/133\/2018\/10\/uclmrectangulo.png\" alt=\"\" class=\"wp-image-146\" srcset=\"https:\/\/blog.uclm.es\/ramonhlucas\/wp-content\/uploads\/sites\/133\/2018\/10\/uclmrectangulo.png 284w, https:\/\/blog.uclm.es\/ramonhlucas\/wp-content\/uploads\/sites\/133\/2018\/10\/uclmrectangulo-150x150.png 150w\" sizes=\"auto, (max-width: 284px) 100vw, 284px\" \/><\/a><\/figure>\n\n\n\n<figure class=\"wp-block-image size-large\"><a href=\"http:\/\/www.esi.uclm.es\/\" target=\"_blank\" rel=\"noreferrer noopener\"><img loading=\"lazy\" decoding=\"async\" width=\"170\" height=\"170\" data-id=\"144\" src=\"https:\/\/blog.uclm.es\/ramonhlucas\/wp-content\/uploads\/sites\/133\/2018\/10\/esi.png\" alt=\"\" class=\"wp-image-144\" srcset=\"https:\/\/blog.uclm.es\/ramonhlucas\/wp-content\/uploads\/sites\/133\/2018\/10\/esi.png 170w, https:\/\/blog.uclm.es\/ramonhlucas\/wp-content\/uploads\/sites\/133\/2018\/10\/esi-150x150.png 150w\" sizes=\"auto, (max-width: 170px) 100vw, 170px\" \/><\/a><\/figure>\n\n\n\n<figure class=\"wp-block-image size-large\"><a href=\"http:\/\/mami.uclm.es\/\" target=\"_blank\" rel=\"noreferrer noopener\"><img loading=\"lazy\" decoding=\"async\" width=\"480\" height=\"480\" data-id=\"143\" src=\"https:\/\/blog.uclm.es\/ramonhlucas\/wp-content\/uploads\/sites\/133\/2018\/10\/logoMAmI_colores-1.png\" alt=\"\" class=\"wp-image-143\" srcset=\"https:\/\/blog.uclm.es\/ramonhlucas\/wp-content\/uploads\/sites\/133\/2018\/10\/logoMAmI_colores-1.png 480w, https:\/\/blog.uclm.es\/ramonhlucas\/wp-content\/uploads\/sites\/133\/2018\/10\/logoMAmI_colores-1-300x300.png 300w, https:\/\/blog.uclm.es\/ramonhlucas\/wp-content\/uploads\/sites\/133\/2018\/10\/logoMAmI_colores-1-150x150.png 150w\" sizes=\"auto, (max-width: 480px) 100vw, 480px\" \/><\/a><\/figure>\n\n\n\n<figure class=\"wp-block-image size-large\"><a href=\"http:\/\/mamiot.com\/\" target=\"_blank\" rel=\"noreferrer noopener\"><img loading=\"lazy\" decoding=\"async\" width=\"300\" height=\"300\" data-id=\"148\" src=\"https:\/\/blog.uclm.es\/ramonhlucas\/wp-content\/uploads\/sites\/133\/2018\/10\/MAmIoT_300-1-copy.png\" alt=\"\" class=\"wp-image-148\" srcset=\"https:\/\/blog.uclm.es\/ramonhlucas\/wp-content\/uploads\/sites\/133\/2018\/10\/MAmIoT_300-1-copy.png 300w, https:\/\/blog.uclm.es\/ramonhlucas\/wp-content\/uploads\/sites\/133\/2018\/10\/MAmIoT_300-1-copy-150x150.png 150w\" sizes=\"auto, (max-width: 300px) 100vw, 300px\" \/><\/a><\/figure>\n\n\n\n<figure class=\"wp-block-image size-large\"><a href=\"http:\/\/www.esmile.es\/\" target=\"_blank\" rel=\"noreferrer noopener\"><img loading=\"lazy\" decoding=\"async\" width=\"300\" height=\"300\" data-id=\"149\" src=\"https:\/\/blog.uclm.es\/ramonhlucas\/wp-content\/uploads\/sites\/133\/2018\/10\/Logo-eSmile-Final2015sinlinea.png\" alt=\"\" class=\"wp-image-149\" srcset=\"https:\/\/blog.uclm.es\/ramonhlucas\/wp-content\/uploads\/sites\/133\/2018\/10\/Logo-eSmile-Final2015sinlinea.png 300w, https:\/\/blog.uclm.es\/ramonhlucas\/wp-content\/uploads\/sites\/133\/2018\/10\/Logo-eSmile-Final2015sinlinea-150x150.png 150w\" sizes=\"auto, (max-width: 300px) 100vw, 300px\" \/><\/a><\/figure>\n\n\n\n<figure class=\"wp-block-image size-large\"><a href=\"https:\/\/www.facebook.com\/profile.php?id=100011776568352\" target=\"_blank\" rel=\"noreferrer noopener\"><img loading=\"lazy\" decoding=\"async\" width=\"432\" height=\"432\" data-id=\"151\" src=\"https:\/\/blog.uclm.es\/ramonhlucas\/wp-content\/uploads\/sites\/133\/2018\/10\/itsilogo.png\" alt=\"\" class=\"wp-image-151\" srcset=\"https:\/\/blog.uclm.es\/ramonhlucas\/wp-content\/uploads\/sites\/133\/2018\/10\/itsilogo.png 432w, https:\/\/blog.uclm.es\/ramonhlucas\/wp-content\/uploads\/sites\/133\/2018\/10\/itsilogo-300x300.png 300w, https:\/\/blog.uclm.es\/ramonhlucas\/wp-content\/uploads\/sites\/133\/2018\/10\/itsilogo-150x150.png 150w\" sizes=\"auto, (max-width: 432px) 100vw, 432px\" \/><\/a><\/figure>\n<\/figure>\n","protected":false},"excerpt":{"rendered":"<p>Preparing the 1st International Workshop on Ubiquitous Serious Games Very Soon at UCAmI 2022 Biography Hi, I am Ram\u00f3n Herv\u00e1s Lucas, professor in Computer Science in the Escuela Superior de Inform\u00e1tica (ESI) at the Castilla-La Mancha University, Spain, and member of the Modeling Ambient Intelligence Research Group (MAmI &amp; MAmIoT). I received my M.Sc. and &hellip; <a href=\"https:\/\/blog.uclm.es\/ramonhlucas\/\" class=\"more-link\">Seguir leyendo <span class=\"screen-reader-text\">Home<\/span> <span class=\"meta-nav\">&rarr;<\/span><\/a><\/p>\n","protected":false},"author":116,"featured_media":0,"parent":0,"menu_order":0,"comment_status":"closed","ping_status":"closed","template":"page-templates\/full-width.php","meta":{"footnotes":""},"class_list":["post-21","page","type-page","status-publish","hentry"],"_links":{"self":[{"href":"https:\/\/blog.uclm.es\/ramonhlucas\/wp-json\/wp\/v2\/pages\/21","targetHints":{"allow":["GET"]}}],"collection":[{"href":"https:\/\/blog.uclm.es\/ramonhlucas\/wp-json\/wp\/v2\/pages"}],"about":[{"href":"https:\/\/blog.uclm.es\/ramonhlucas\/wp-json\/wp\/v2\/types\/page"}],"author":[{"embeddable":true,"href":"https:\/\/blog.uclm.es\/ramonhlucas\/wp-json\/wp\/v2\/users\/116"}],"replies":[{"embeddable":true,"href":"https:\/\/blog.uclm.es\/ramonhlucas\/wp-json\/wp\/v2\/comments?post=21"}],"version-history":[{"count":4,"href":"https:\/\/blog.uclm.es\/ramonhlucas\/wp-json\/wp\/v2\/pages\/21\/revisions"}],"predecessor-version":[{"id":515,"href":"https:\/\/blog.uclm.es\/ramonhlucas\/wp-json\/wp\/v2\/pages\/21\/revisions\/515"}],"wp:attachment":[{"href":"https:\/\/blog.uclm.es\/ramonhlucas\/wp-json\/wp\/v2\/media?parent=21"}],"curies":[{"name":"wp","href":"https:\/\/api.w.org\/{rel}","templated":true}]}}