{"id":90,"date":"2016-09-12T21:33:59","date_gmt":"2016-09-12T20:33:59","guid":{"rendered":"http:\/\/blog.uclm.es\/rafaelcasado\/?page_id=90"},"modified":"2016-09-12T21:33:59","modified_gmt":"2016-09-12T20:33:59","slug":"itsue","status":"publish","type":"page","link":"https:\/\/blog.uclm.es\/rafaelcasado\/docencia\/itsue\/","title":{"rendered":"Integraci\u00f3n de Tecnolog\u00edas para Sistemas Ubicuos y Empotrados"},"content":{"rendered":"<p><strong>Impartici\u00f3n<\/strong><br \/>\nM\u00e1ster Universitario en Ingenier\u00eda Inform\u00e1tica<br \/>\n<img loading=\"lazy\" decoding=\"async\" src=\"https:\/\/blog.uclm.es\/rafaelcasado\/wp-content\/uploads\/sites\/93\/2016\/09\/CPS1-139x300.png\" alt=\"cps1\" width=\"139\" height=\"300\" class=\"alignleft size-medium wp-image-101\" srcset=\"https:\/\/blog.uclm.es\/rafaelcasado\/wp-content\/uploads\/sites\/93\/2016\/09\/CPS1-139x300.png 139w, https:\/\/blog.uclm.es\/rafaelcasado\/wp-content\/uploads\/sites\/93\/2016\/09\/CPS1.png 452w\" sizes=\"auto, (max-width: 139px) 100vw, 139px\" \/><br \/>\n<strong>Justificaci\u00f3n<\/strong><br \/>\nEn los \u00faltimos a\u00f1os estamos asistiendo a una revoluci\u00f3n en la forma en la que las personas y los sistemas inform\u00e1ticos interact\u00faan. Las aplicaciones han dejado de ubicarse en un escritorio y, hoy en d\u00eda, es generalizado el uso de sistemas y dispositivos empotrados (tel\u00e9fonos inteligentes, tablets, etc.) para controlar e interactuar con todo tipo de sistemas f\u00edsicos en nuestro entorno. El avance de las tecnolog\u00edas de comunicaci\u00f3n inal\u00e1mbricas, as\u00ed como la fabricaci\u00f3n de sensores\/actuadores cada vez m\u00e1s sofisticados y asequibles, ha permitido el desarrollo de diversos paradigmas de computaci\u00f3n basados en el acceso ubicuo y atemporal a aplicaciones y servicios de monitorizaci\u00f3n y control.  <\/p>\n<p><img loading=\"lazy\" decoding=\"async\" src=\"https:\/\/blog.uclm.es\/rafaelcasado\/wp-content\/uploads\/sites\/93\/2016\/09\/bombero.jpg\" alt=\"bombero\" width=\"600\" height=\"500\" class=\"alignnone size-full wp-image-170\" srcset=\"https:\/\/blog.uclm.es\/rafaelcasado\/wp-content\/uploads\/sites\/93\/2016\/09\/bombero.jpg 600w, https:\/\/blog.uclm.es\/rafaelcasado\/wp-content\/uploads\/sites\/93\/2016\/09\/bombero-300x250.jpg 300w\" sizes=\"auto, (max-width: 600px) 100vw, 600px\" \/><\/p>\n<p>Alrededor de esta forma de concebir los sistemas inform\u00e1ticos modernos se est\u00e1 desarrollando un mercado que, seg\u00fan todas las proyecciones, ver\u00e1 incrementada su importancia y peso en la industria TIC. Por lo tanto, se prev\u00e9 una creciente demanda de profesionales con formaci\u00f3n espec\u00edfica, que sean capaces de gestionar y aplicar las nuevas tecnolog\u00edas en la empresa, abriendo las puertas a nuevas oportunidades de negocio.<\/p>\n<p><img loading=\"lazy\" decoding=\"async\" src=\"https:\/\/blog.uclm.es\/rafaelcasado\/wp-content\/uploads\/sites\/93\/2016\/09\/hand-697264_960_720.png\" alt=\"hand-697264_960_720\" width=\"960\" height=\"540\" class=\"alignnone size-full wp-image-172\" srcset=\"https:\/\/blog.uclm.es\/rafaelcasado\/wp-content\/uploads\/sites\/93\/2016\/09\/hand-697264_960_720.png 960w, https:\/\/blog.uclm.es\/rafaelcasado\/wp-content\/uploads\/sites\/93\/2016\/09\/hand-697264_960_720-300x169.png 300w, https:\/\/blog.uclm.es\/rafaelcasado\/wp-content\/uploads\/sites\/93\/2016\/09\/hand-697264_960_720-768x432.png 768w\" sizes=\"auto, (max-width: 706px) 89vw, (max-width: 767px) 82vw, 740px\" \/><\/p>\n<p>En este contexto, la asignatura de ITSUE se presenta como un complemento formativo a nivel acad\u00e9mico y profesional que pretende proporcionar las aptitudes demandadas por la industria en el \u00e1mbito de los sistemas empotrados ubicuos, actualmente denominados sistemas ciber-f\u00edsicos.<\/p>\n<p><strong>Contenidos<\/strong><\/p>\n<li>Introducci\u00f3n a la computaci\u00f3n ubicua\n<li>Sistemas empotrados y ciber-f\u00edsicos (CPS)\n<li>Modelado de din\u00e1mica continua\n<li>Sensores\n<li>Actuadores\n<li>Plataformas de desarrollo de CPS<br \/>\n","protected":false},"excerpt":{"rendered":"<p>Impartici\u00f3n M\u00e1ster Universitario en Ingenier\u00eda Inform\u00e1tica Justificaci\u00f3n En los \u00faltimos a\u00f1os estamos asistiendo a una revoluci\u00f3n en la forma en la que las personas y los sistemas inform\u00e1ticos interact\u00faan. Las aplicaciones han dejado de ubicarse en un escritorio y, hoy en d\u00eda, es generalizado el uso de sistemas y dispositivos empotrados (tel\u00e9fonos inteligentes, tablets, etc.) &hellip; <\/p>\n<p class=\"link-more\"><a href=\"https:\/\/blog.uclm.es\/rafaelcasado\/docencia\/itsue\/\" class=\"more-link\">Continuar leyendo<span class=\"screen-reader-text\"> \u00abIntegraci\u00f3n de Tecnolog\u00edas para Sistemas Ubicuos y Empotrados\u00bb<\/span><\/a><\/p>\n","protected":false},"author":90,"featured_media":0,"parent":15,"menu_order":0,"comment_status":"closed","ping_status":"closed","template":"page-templates\/full-width.php","meta":{"footnotes":""},"class_list":["post-90","page","type-page","status-publish","hentry"],"_links":{"self":[{"href":"https:\/\/blog.uclm.es\/rafaelcasado\/wp-json\/wp\/v2\/pages\/90","targetHints":{"allow":["GET"]}}],"collection":[{"href":"https:\/\/blog.uclm.es\/rafaelcasado\/wp-json\/wp\/v2\/pages"}],"about":[{"href":"https:\/\/blog.uclm.es\/rafaelcasado\/wp-json\/wp\/v2\/types\/page"}],"author":[{"embeddable":true,"href":"https:\/\/blog.uclm.es\/rafaelcasado\/wp-json\/wp\/v2\/users\/90"}],"replies":[{"embeddable":true,"href":"https:\/\/blog.uclm.es\/rafaelcasado\/wp-json\/wp\/v2\/comments?post=90"}],"version-history":[{"count":0,"href":"https:\/\/blog.uclm.es\/rafaelcasado\/wp-json\/wp\/v2\/pages\/90\/revisions"}],"up":[{"embeddable":true,"href":"https:\/\/blog.uclm.es\/rafaelcasado\/wp-json\/wp\/v2\/pages\/15"}],"wp:attachment":[{"href":"https:\/\/blog.uclm.es\/rafaelcasado\/wp-json\/wp\/v2\/media?parent=90"}],"curies":[{"name":"wp","href":"https:\/\/api.w.org\/{rel}","templated":true}]}}