{"id":127,"date":"2016-09-13T18:53:51","date_gmt":"2016-09-13T17:53:51","guid":{"rendered":"http:\/\/blog.uclm.es\/rafaelcasado\/?page_id=127"},"modified":"2022-11-04T08:17:27","modified_gmt":"2022-11-04T07:17:27","slug":"msie","status":"publish","type":"page","link":"https:\/\/blog.uclm.es\/rafaelcasado\/docencia\/msie\/","title":{"rendered":"M\u00e1ster en Sistemas Inform\u00e1ticos Embarcados"},"content":{"rendered":"<p>\u00a0<\/p>\n<p><img decoding=\"async\" src=\"https:\/\/blog.uclm.es\/rafaelcasado\/wp-content\/uploads\/sites\/93\/2018\/05\/MSIE5-membrete.jpg\" alt=\"MSIE5\" \/><\/p>\n<p><strong>Objetivos<\/strong><br \/>En los \u00faltimos a\u00f1os, el sector aeron\u00e1utico ha experimentado una gran expansi\u00f3n en Castilla\u2013La Mancha. Uno de los perfiles profesionales demandados es el de un experto en TIC (tecnolog\u00edas de la informaci\u00f3n y la comunicaci\u00f3n) con conocimientos especializados acerca del hardware y software embarcado en las aeronaves. El objetivo del M\u00e1ster es cualificar a los alumnos para el desempe\u00f1o de su actividad profesional en el sector aeron\u00e1utico, proporcionando conocimientos y habilidades para el desarrollo y mantenimiento de estos sistemas.<\/p>\n<p><strong>Destinatarios<\/strong><br \/>El M\u00e1ster est\u00e1 dirigido a profesionales del sector aeron\u00e1utico y a titulados (o alumnos de los \u00faltimos cursos) de Ingenier\u00eda Inform\u00e1tica, Industrial, Telecomunicaciones, Aeron\u00e1utica y campos afines.<\/p>\n<p>\u00a0<\/p>\n<p><strong>Contenidos<\/strong><br \/><img loading=\"lazy\" decoding=\"async\" width=\"416\" height=\"670\" class=\"alignnone size-full wp-image-117\" src=\"https:\/\/blog.uclm.es\/rafaelcasado\/wp-content\/uploads\/sites\/93\/2016\/09\/MSIE-modulos.png\" alt=\"msie-modulos\" srcset=\"https:\/\/blog.uclm.es\/rafaelcasado\/wp-content\/uploads\/sites\/93\/2016\/09\/MSIE-modulos.png 416w, https:\/\/blog.uclm.es\/rafaelcasado\/wp-content\/uploads\/sites\/93\/2016\/09\/MSIE-modulos-186x300.png 186w\" sizes=\"auto, (max-width: 416px) 100vw, 416px\" \/><\/p>\n\n\n<figure class=\"wp-block-gallery has-nested-images columns-default is-cropped wp-block-gallery-1 is-layout-flex wp-block-gallery-is-layout-flex\">\n<figure class=\"wp-block-image size-large\"><img loading=\"lazy\" decoding=\"async\" width=\"531\" height=\"1224\" data-id=\"455\" src=\"https:\/\/blog.uclm.es\/rafaelcasado\/wp-content\/uploads\/sites\/93\/2018\/05\/MSIE.mod7_.info_.jpg\" alt=\"\" class=\"wp-image-455\" srcset=\"https:\/\/blog.uclm.es\/rafaelcasado\/wp-content\/uploads\/sites\/93\/2018\/05\/MSIE.mod7_.info_.jpg 531w, https:\/\/blog.uclm.es\/rafaelcasado\/wp-content\/uploads\/sites\/93\/2018\/05\/MSIE.mod7_.info_-130x300.jpg 130w, https:\/\/blog.uclm.es\/rafaelcasado\/wp-content\/uploads\/sites\/93\/2018\/05\/MSIE.mod7_.info_-444x1024.jpg 444w\" sizes=\"auto, (max-width: 531px) 100vw, 531px\" \/><\/figure>\n\n\n\n<figure class=\"wp-block-image size-large\"><img loading=\"lazy\" decoding=\"async\" width=\"754\" height=\"763\" data-id=\"450\" src=\"https:\/\/blog.uclm.es\/rafaelcasado\/wp-content\/uploads\/sites\/93\/2018\/05\/MSIE.mod8_.info_.jpg\" alt=\"\" class=\"wp-image-450\" srcset=\"https:\/\/blog.uclm.es\/rafaelcasado\/wp-content\/uploads\/sites\/93\/2018\/05\/MSIE.mod8_.info_.jpg 754w, https:\/\/blog.uclm.es\/rafaelcasado\/wp-content\/uploads\/sites\/93\/2018\/05\/MSIE.mod8_.info_-296x300.jpg 296w, https:\/\/blog.uclm.es\/rafaelcasado\/wp-content\/uploads\/sites\/93\/2018\/05\/MSIE.mod8_.info_-100x100.jpg 100w\" sizes=\"auto, (max-width: 706px) 89vw, (max-width: 767px) 82vw, 740px\" \/><\/figure>\n\n\n\n<figure class=\"wp-block-image size-large\"><img loading=\"lazy\" decoding=\"async\" width=\"765\" height=\"608\" data-id=\"451\" src=\"https:\/\/blog.uclm.es\/rafaelcasado\/wp-content\/uploads\/sites\/93\/2018\/05\/MSIE.mod9_.info_.jpg\" alt=\"\" class=\"wp-image-451\" srcset=\"https:\/\/blog.uclm.es\/rafaelcasado\/wp-content\/uploads\/sites\/93\/2018\/05\/MSIE.mod9_.info_.jpg 765w, https:\/\/blog.uclm.es\/rafaelcasado\/wp-content\/uploads\/sites\/93\/2018\/05\/MSIE.mod9_.info_-300x238.jpg 300w\" sizes=\"auto, (max-width: 706px) 89vw, (max-width: 767px) 82vw, 740px\" \/><\/figure>\n\n\n\n<figure class=\"wp-block-image size-large\"><img loading=\"lazy\" decoding=\"async\" width=\"620\" height=\"691\" data-id=\"443\" src=\"https:\/\/blog.uclm.es\/rafaelcasado\/wp-content\/uploads\/sites\/93\/2018\/05\/MSIE.mod1_.info_.jpg\" alt=\"\" class=\"wp-image-443\" srcset=\"https:\/\/blog.uclm.es\/rafaelcasado\/wp-content\/uploads\/sites\/93\/2018\/05\/MSIE.mod1_.info_.jpg 620w, https:\/\/blog.uclm.es\/rafaelcasado\/wp-content\/uploads\/sites\/93\/2018\/05\/MSIE.mod1_.info_-269x300.jpg 269w\" sizes=\"auto, (max-width: 620px) 100vw, 620px\" \/><\/figure>\n\n\n\n<figure class=\"wp-block-image size-large\"><img loading=\"lazy\" decoding=\"async\" width=\"370\" height=\"641\" data-id=\"444\" src=\"https:\/\/blog.uclm.es\/rafaelcasado\/wp-content\/uploads\/sites\/93\/2018\/05\/MSIE.mod2_.info_.jpg\" alt=\"\" class=\"wp-image-444\" srcset=\"https:\/\/blog.uclm.es\/rafaelcasado\/wp-content\/uploads\/sites\/93\/2018\/05\/MSIE.mod2_.info_.jpg 370w, https:\/\/blog.uclm.es\/rafaelcasado\/wp-content\/uploads\/sites\/93\/2018\/05\/MSIE.mod2_.info_-173x300.jpg 173w\" sizes=\"auto, (max-width: 370px) 100vw, 370px\" \/><\/figure>\n\n\n\n<figure class=\"wp-block-image size-large\"><img loading=\"lazy\" decoding=\"async\" width=\"675\" height=\"909\" data-id=\"445\" src=\"https:\/\/blog.uclm.es\/rafaelcasado\/wp-content\/uploads\/sites\/93\/2018\/05\/MSIE.mod3_.info_.jpg\" alt=\"\" class=\"wp-image-445\" srcset=\"https:\/\/blog.uclm.es\/rafaelcasado\/wp-content\/uploads\/sites\/93\/2018\/05\/MSIE.mod3_.info_.jpg 675w, https:\/\/blog.uclm.es\/rafaelcasado\/wp-content\/uploads\/sites\/93\/2018\/05\/MSIE.mod3_.info_-223x300.jpg 223w\" sizes=\"auto, (max-width: 675px) 100vw, 675px\" \/><\/figure>\n\n\n\n<figure class=\"wp-block-image size-large\"><img loading=\"lazy\" decoding=\"async\" width=\"675\" height=\"739\" data-id=\"447\" src=\"https:\/\/blog.uclm.es\/rafaelcasado\/wp-content\/uploads\/sites\/93\/2018\/05\/MSIE.mod5_.info_.jpg\" alt=\"\" class=\"wp-image-447\" srcset=\"https:\/\/blog.uclm.es\/rafaelcasado\/wp-content\/uploads\/sites\/93\/2018\/05\/MSIE.mod5_.info_.jpg 675w, https:\/\/blog.uclm.es\/rafaelcasado\/wp-content\/uploads\/sites\/93\/2018\/05\/MSIE.mod5_.info_-274x300.jpg 274w\" sizes=\"auto, (max-width: 675px) 100vw, 675px\" \/><\/figure>\n\n\n\n<figure class=\"wp-block-image size-large\"><img loading=\"lazy\" decoding=\"async\" width=\"647\" height=\"725\" data-id=\"446\" src=\"https:\/\/blog.uclm.es\/rafaelcasado\/wp-content\/uploads\/sites\/93\/2018\/05\/MSIE.mod4_.info_.jpg\" alt=\"\" class=\"wp-image-446\" srcset=\"https:\/\/blog.uclm.es\/rafaelcasado\/wp-content\/uploads\/sites\/93\/2018\/05\/MSIE.mod4_.info_.jpg 647w, https:\/\/blog.uclm.es\/rafaelcasado\/wp-content\/uploads\/sites\/93\/2018\/05\/MSIE.mod4_.info_-268x300.jpg 268w\" sizes=\"auto, (max-width: 647px) 100vw, 647px\" \/><\/figure>\n\n\n\n<figure class=\"wp-block-image size-large\"><img loading=\"lazy\" decoding=\"async\" width=\"686\" height=\"569\" data-id=\"448\" src=\"https:\/\/blog.uclm.es\/rafaelcasado\/wp-content\/uploads\/sites\/93\/2018\/05\/MSIE.mod6_.info_.jpg\" alt=\"\" class=\"wp-image-448\" srcset=\"https:\/\/blog.uclm.es\/rafaelcasado\/wp-content\/uploads\/sites\/93\/2018\/05\/MSIE.mod6_.info_.jpg 686w, https:\/\/blog.uclm.es\/rafaelcasado\/wp-content\/uploads\/sites\/93\/2018\/05\/MSIE.mod6_.info_-300x249.jpg 300w\" sizes=\"auto, (max-width: 686px) 100vw, 686px\" \/><\/figure>\n\n\n\n<figure class=\"wp-block-image size-large\"><img loading=\"lazy\" decoding=\"async\" width=\"1560\" height=\"630\" data-id=\"436\" src=\"https:\/\/blog.uclm.es\/rafaelcasado\/wp-content\/uploads\/sites\/93\/2018\/05\/MSIE5-membrete.jpg\" alt=\"\" class=\"wp-image-436\" srcset=\"https:\/\/blog.uclm.es\/rafaelcasado\/wp-content\/uploads\/sites\/93\/2018\/05\/MSIE5-membrete.jpg 1560w, https:\/\/blog.uclm.es\/rafaelcasado\/wp-content\/uploads\/sites\/93\/2018\/05\/MSIE5-membrete-300x121.jpg 300w, https:\/\/blog.uclm.es\/rafaelcasado\/wp-content\/uploads\/sites\/93\/2018\/05\/MSIE5-membrete-1024x414.jpg 1024w, https:\/\/blog.uclm.es\/rafaelcasado\/wp-content\/uploads\/sites\/93\/2018\/05\/MSIE5-membrete-768x310.jpg 768w, https:\/\/blog.uclm.es\/rafaelcasado\/wp-content\/uploads\/sites\/93\/2018\/05\/MSIE5-membrete-1536x620.jpg 1536w\" sizes=\"auto, (max-width: 706px) 89vw, (max-width: 767px) 82vw, 740px\" \/><\/figure>\n<\/figure>\n","protected":false},"excerpt":{"rendered":"<p>\u00a0 ObjetivosEn los \u00faltimos a\u00f1os, el sector aeron\u00e1utico ha experimentado una gran expansi\u00f3n en Castilla\u2013La Mancha. Uno de los perfiles profesionales demandados es el de un experto en TIC (tecnolog\u00edas de la informaci\u00f3n y la comunicaci\u00f3n) con conocimientos especializados acerca del hardware y software embarcado en las aeronaves. El objetivo del M\u00e1ster es cualificar a &hellip; <\/p>\n<p class=\"link-more\"><a href=\"https:\/\/blog.uclm.es\/rafaelcasado\/docencia\/msie\/\" class=\"more-link\">Continuar leyendo<span class=\"screen-reader-text\"> \u00abM\u00e1ster en Sistemas Inform\u00e1ticos Embarcados\u00bb<\/span><\/a><\/p>\n","protected":false},"author":90,"featured_media":0,"parent":15,"menu_order":0,"comment_status":"closed","ping_status":"closed","template":"","meta":{"footnotes":""},"class_list":["post-127","page","type-page","status-publish","hentry"],"_links":{"self":[{"href":"https:\/\/blog.uclm.es\/rafaelcasado\/wp-json\/wp\/v2\/pages\/127","targetHints":{"allow":["GET"]}}],"collection":[{"href":"https:\/\/blog.uclm.es\/rafaelcasado\/wp-json\/wp\/v2\/pages"}],"about":[{"href":"https:\/\/blog.uclm.es\/rafaelcasado\/wp-json\/wp\/v2\/types\/page"}],"author":[{"embeddable":true,"href":"https:\/\/blog.uclm.es\/rafaelcasado\/wp-json\/wp\/v2\/users\/90"}],"replies":[{"embeddable":true,"href":"https:\/\/blog.uclm.es\/rafaelcasado\/wp-json\/wp\/v2\/comments?post=127"}],"version-history":[{"count":2,"href":"https:\/\/blog.uclm.es\/rafaelcasado\/wp-json\/wp\/v2\/pages\/127\/revisions"}],"predecessor-version":[{"id":512,"href":"https:\/\/blog.uclm.es\/rafaelcasado\/wp-json\/wp\/v2\/pages\/127\/revisions\/512"}],"up":[{"embeddable":true,"href":"https:\/\/blog.uclm.es\/rafaelcasado\/wp-json\/wp\/v2\/pages\/15"}],"wp:attachment":[{"href":"https:\/\/blog.uclm.es\/rafaelcasado\/wp-json\/wp\/v2\/media?parent=127"}],"curies":[{"name":"wp","href":"https:\/\/api.w.org\/{rel}","templated":true}]}}