{"id":10,"date":"2016-09-09T12:47:40","date_gmt":"2016-09-09T11:47:40","guid":{"rendered":"http:\/\/blog.uclm.es\/rafaelcasado\/?page_id=10"},"modified":"2022-11-04T08:11:59","modified_gmt":"2022-11-04T07:11:59","slug":"presentacion","status":"publish","type":"page","link":"https:\/\/blog.uclm.es\/rafaelcasado\/","title":{"rendered":"Presentaci\u00f3n"},"content":{"rendered":"<p>Rafael Casado es Profesor Titular de Universidad del \u00c1rea de Arquitectura y Tecnolog\u00eda de Computadores, adscrita al Departamento de Sistemas Inform\u00e1ticos de la Universidad de Castilla-La Mancha.<\/p>\n<p>Desde 1997 imparte su docencia en la Escuela Superior de Ingenier\u00eda Inform\u00e1tica de Albacete.<\/p>\n\n\n<div class=\"wp-block-columns is-layout-flex wp-container-core-columns-is-layout-9d6595d7 wp-block-columns-is-layout-flex\">\n<div class=\"wp-block-column is-layout-flow wp-block-column-is-layout-flow\">\n<figure class=\"wp-block-image size-full\"><a href=\"http:\/\/orcid.org\/0000-0002-5170-5743\" target=\"_blank\" rel=\"noreferrer noopener\"><img loading=\"lazy\" decoding=\"async\" width=\"140\" height=\"43\" src=\"https:\/\/blog.uclm.es\/rafaelcasado\/wp-content\/uploads\/sites\/93\/2022\/11\/orcid-logo.png\" alt=\"\" class=\"wp-image-504\" \/><\/a><\/figure>\n<\/div>\n\n\n\n<div class=\"wp-block-column is-layout-flow wp-block-column-is-layout-flow\">\n<figure class=\"wp-block-image size-thumbnail is-resized\"><a href=\"https:\/\/es.linkedin.com\/in\/rafael-casado\" target=\"_blank\" rel=\"noreferrer noopener\"><img loading=\"lazy\" decoding=\"async\" src=\"https:\/\/blog.uclm.es\/rafaelcasado\/wp-content\/uploads\/sites\/93\/2022\/11\/linedinlogo-150x150.png\" alt=\"\" class=\"wp-image-502\" width=\"90\" height=\"90\" srcset=\"https:\/\/blog.uclm.es\/rafaelcasado\/wp-content\/uploads\/sites\/93\/2022\/11\/linedinlogo-150x150.png 150w, https:\/\/blog.uclm.es\/rafaelcasado\/wp-content\/uploads\/sites\/93\/2022\/11\/linedinlogo.png 300w, https:\/\/blog.uclm.es\/rafaelcasado\/wp-content\/uploads\/sites\/93\/2022\/11\/linedinlogo-100x100.png 100w\" sizes=\"auto, (max-width: 90px) 100vw, 90px\" \/><\/a><\/figure>\n<\/div>\n\n\n\n<div class=\"wp-block-column is-layout-flow wp-block-column-is-layout-flow\">\n<figure class=\"wp-block-image size-full\"><a href=\"http:\/\/www.researchgate.net\" target=\"_blank\" rel=\"noreferrer noopener\"><img loading=\"lazy\" decoding=\"async\" width=\"300\" height=\"103\" src=\"https:\/\/blog.uclm.es\/rafaelcasado\/wp-content\/uploads\/sites\/93\/2022\/11\/researchgatelogo.png\" alt=\"\" class=\"wp-image-503\" \/><\/a><\/figure>\n<\/div>\n<\/div>\n","protected":false},"excerpt":{"rendered":"<p>Rafael Casado es Profesor Titular de Universidad del \u00c1rea de Arquitectura y Tecnolog\u00eda de Computadores, adscrita al Departamento de Sistemas Inform\u00e1ticos de la Universidad de Castilla-La Mancha. Desde 1997 imparte su docencia en la Escuela Superior de Ingenier\u00eda Inform\u00e1tica de Albacete.<\/p>\n","protected":false},"author":90,"featured_media":0,"parent":0,"menu_order":0,"comment_status":"closed","ping_status":"closed","template":"","meta":{"footnotes":""},"class_list":["post-10","page","type-page","status-publish","hentry"],"_links":{"self":[{"href":"https:\/\/blog.uclm.es\/rafaelcasado\/wp-json\/wp\/v2\/pages\/10","targetHints":{"allow":["GET"]}}],"collection":[{"href":"https:\/\/blog.uclm.es\/rafaelcasado\/wp-json\/wp\/v2\/pages"}],"about":[{"href":"https:\/\/blog.uclm.es\/rafaelcasado\/wp-json\/wp\/v2\/types\/page"}],"author":[{"embeddable":true,"href":"https:\/\/blog.uclm.es\/rafaelcasado\/wp-json\/wp\/v2\/users\/90"}],"replies":[{"embeddable":true,"href":"https:\/\/blog.uclm.es\/rafaelcasado\/wp-json\/wp\/v2\/comments?post=10"}],"version-history":[{"count":3,"href":"https:\/\/blog.uclm.es\/rafaelcasado\/wp-json\/wp\/v2\/pages\/10\/revisions"}],"predecessor-version":[{"id":506,"href":"https:\/\/blog.uclm.es\/rafaelcasado\/wp-json\/wp\/v2\/pages\/10\/revisions\/506"}],"wp:attachment":[{"href":"https:\/\/blog.uclm.es\/rafaelcasado\/wp-json\/wp\/v2\/media?parent=10"}],"curies":[{"name":"wp","href":"https:\/\/api.w.org\/{rel}","templated":true}]}}