{"id":38,"date":"2020-02-14T11:16:20","date_gmt":"2020-02-14T10:16:20","guid":{"rendered":"http:\/\/blog.uclm.es\/rafaelcamarillo\/?page_id=38"},"modified":"2025-10-14T15:47:02","modified_gmt":"2025-10-14T13:47:02","slug":"divulgacion","status":"publish","type":"page","link":"https:\/\/blog.uclm.es\/rafaelcamarillo\/divulgacion\/","title":{"rendered":"Divulgaci\u00f3n"},"content":{"rendered":"\n<p>Me encanta explicar para qu\u00e9 sirven nuestras investigaciones, as\u00ed como la Historia de la Ciencia. Adem\u00e1s, formo parte del equipo de <a href=\"https:\/\/ciencialacarta.com\/\" target=\"_blank\" rel=\"noreferrer noopener\">\u00abCiencia a la carta\u00bb<\/a> y de <a href=\"https:\/\/catedradeltajo.es\">\u00abC\u00e1tedra del Tajo\u00bb<\/a>. Aqu\u00ed podr\u00e1s consultar algunas de mis colaboraciones.<\/p>\n\n\n\n<div class=\"wp-block-media-text alignwide is-stacked-on-mobile\" style=\"grid-template-columns:25% auto\"><figure class=\"wp-block-media-text__media\"><img loading=\"lazy\" decoding=\"async\" width=\"621\" height=\"621\" src=\"https:\/\/blog.uclm.es\/rafaelcamarillo\/wp-content\/uploads\/sites\/68\/2020\/02\/lagunas-de-ruidera_1_621x621.jpeg\" alt=\"\" class=\"wp-image-118 size-full\" srcset=\"https:\/\/blog.uclm.es\/rafaelcamarillo\/wp-content\/uploads\/sites\/68\/2020\/02\/lagunas-de-ruidera_1_621x621.jpeg 621w, https:\/\/blog.uclm.es\/rafaelcamarillo\/wp-content\/uploads\/sites\/68\/2020\/02\/lagunas-de-ruidera_1_621x621-300x300.jpeg 300w, https:\/\/blog.uclm.es\/rafaelcamarillo\/wp-content\/uploads\/sites\/68\/2020\/02\/lagunas-de-ruidera_1_621x621-150x150.jpeg 150w\" sizes=\"auto, (max-width: 621px) 100vw, 621px\" \/><\/figure><div class=\"wp-block-media-text__content\">\n<p><strong>El agua y La Mancha<\/strong><br>\u00abA un manchego de pro le llena de satisfacci\u00f3n el aspecto que, en estos d\u00edas, y debido a la generosidad de las precipitaciones, presenta uno de nuestros humedales m\u00e1s famosos,&#8230;\u00bb.<a rel=\"noreferrer noopener\" href=\"https:\/\/www.diariocritico.com\/noticia\/430804\/opinion-analisis\/castilla-la-mancha\/agua\/uclm\/rafael-camarillo\" target=\"_blank\">Art\u00edculo de opini\u00f3n en \u00abDiario Cr\u00edtico\u00bb (marzo 2013)<\/a><\/p>\n<\/div><\/div>\n\n\n\n<div class=\"wp-block-media-text alignwide is-stacked-on-mobile\" style=\"grid-template-columns:25% auto\"><figure class=\"wp-block-media-text__media\"><img loading=\"lazy\" decoding=\"async\" width=\"1024\" height=\"850\" src=\"https:\/\/blog.uclm.es\/rafaelcamarillo\/wp-content\/uploads\/sites\/68\/2020\/02\/toledo-alcazar-1024x850.jpg\" alt=\"\" class=\"wp-image-132 size-full\" srcset=\"https:\/\/blog.uclm.es\/rafaelcamarillo\/wp-content\/uploads\/sites\/68\/2020\/02\/toledo-alcazar-1024x850.jpg 1024w, https:\/\/blog.uclm.es\/rafaelcamarillo\/wp-content\/uploads\/sites\/68\/2020\/02\/toledo-alcazar-300x249.jpg 300w, https:\/\/blog.uclm.es\/rafaelcamarillo\/wp-content\/uploads\/sites\/68\/2020\/02\/toledo-alcazar-768x637.jpg 768w, https:\/\/blog.uclm.es\/rafaelcamarillo\/wp-content\/uploads\/sites\/68\/2020\/02\/toledo-alcazar-362x300.jpg 362w, https:\/\/blog.uclm.es\/rafaelcamarillo\/wp-content\/uploads\/sites\/68\/2020\/02\/toledo-alcazar.jpg 1080w\" sizes=\"auto, (max-width: 1024px) 100vw, 1024px\" \/><\/figure><div class=\"wp-block-media-text__content\">\n<p><strong>La vida de \u00abT\u00bb<\/strong><br>\u00abBuenos d\u00edas. Perm\u00edtanme que me presente. Como soy muy mayor me han llamado de diferentes formas e, incluso ahora, lo siguen haciendo dependiendo del pa\u00eds en el que est\u00e9. Por eso, pueden llamarme simplemente T\u00bb.<br><a href=\"https:\/\/www.diariocritico.com\/noticia\/432774\/opinion-analisis\/uclm\/rio-tajo\/rafael-camarillo\">Art\u00edculo de opini\u00f3n en \u00abDiario Cr\u00edtico\u00bb (abril 2013)<\/a><\/p>\n<\/div><\/div>\n\n\n\n<div class=\"wp-block-media-text alignwide is-stacked-on-mobile\" style=\"grid-template-columns:25% auto\"><figure class=\"wp-block-media-text__media\"><img loading=\"lazy\" decoding=\"async\" width=\"1024\" height=\"1024\" src=\"https:\/\/blog.uclm.es\/rafaelcamarillo\/wp-content\/uploads\/sites\/68\/2020\/02\/4091540136661_XXL-1024x1024.jpg\" alt=\"\" class=\"wp-image-133 size-full\" srcset=\"https:\/\/blog.uclm.es\/rafaelcamarillo\/wp-content\/uploads\/sites\/68\/2020\/02\/4091540136661_XXL-1024x1024.jpg 1024w, https:\/\/blog.uclm.es\/rafaelcamarillo\/wp-content\/uploads\/sites\/68\/2020\/02\/4091540136661_XXL-300x300.jpg 300w, https:\/\/blog.uclm.es\/rafaelcamarillo\/wp-content\/uploads\/sites\/68\/2020\/02\/4091540136661_XXL-150x150.jpg 150w, https:\/\/blog.uclm.es\/rafaelcamarillo\/wp-content\/uploads\/sites\/68\/2020\/02\/4091540136661_XXL-768x768.jpg 768w, https:\/\/blog.uclm.es\/rafaelcamarillo\/wp-content\/uploads\/sites\/68\/2020\/02\/4091540136661_XXL.jpg 1400w\" sizes=\"auto, (max-width: 1024px) 100vw, 1024px\" \/><\/figure><div class=\"wp-block-media-text__content\">\n<p><strong>Del laboratorio a la producci\u00f3n industrial<\/strong><br>La ingenier\u00eda qu\u00edmica ha hecho posible, por ejemplo, que toda la poblaci\u00f3n pueda acceder a la penicilina<br><a href=\"https:\/\/cadenaser.com\/emisora\/2019\/01\/18\/ser_toledo\/1547804420_826110.html\">Participaci\u00f3n en \u00abCienciaTres\u00bb de \u00abA Vivir Castilla-La Mancha\u00bb en SER Toledo (enero 2019)<\/a><\/p>\n<\/div><\/div>\n\n\n\n<div class=\"wp-block-media-text alignwide is-stacked-on-mobile\" style=\"grid-template-columns:25% auto\"><figure class=\"wp-block-media-text__media\"><img loading=\"lazy\" decoding=\"async\" width=\"1017\" height=\"1024\" src=\"https:\/\/blog.uclm.es\/rafaelcamarillo\/wp-content\/uploads\/sites\/68\/2020\/02\/Sancar-Nobel-medal-obv-1017x1024.jpg\" alt=\"\" class=\"wp-image-135 size-full\" srcset=\"https:\/\/blog.uclm.es\/rafaelcamarillo\/wp-content\/uploads\/sites\/68\/2020\/02\/Sancar-Nobel-medal-obv-1017x1024.jpg 1017w, https:\/\/blog.uclm.es\/rafaelcamarillo\/wp-content\/uploads\/sites\/68\/2020\/02\/Sancar-Nobel-medal-obv-298x300.jpg 298w, https:\/\/blog.uclm.es\/rafaelcamarillo\/wp-content\/uploads\/sites\/68\/2020\/02\/Sancar-Nobel-medal-obv-150x150.jpg 150w, https:\/\/blog.uclm.es\/rafaelcamarillo\/wp-content\/uploads\/sites\/68\/2020\/02\/Sancar-Nobel-medal-obv-768x773.jpg 768w, https:\/\/blog.uclm.es\/rafaelcamarillo\/wp-content\/uploads\/sites\/68\/2020\/02\/Sancar-Nobel-medal-obv-1526x1536.jpg 1526w, https:\/\/blog.uclm.es\/rafaelcamarillo\/wp-content\/uploads\/sites\/68\/2020\/02\/Sancar-Nobel-medal-obv.jpg 1682w\" sizes=\"auto, (max-width: 1017px) 100vw, 1017px\" \/><\/figure><div class=\"wp-block-media-text__content\">\n<p><strong>Los Iniestas y Joaquines de los Premios Nobel<\/strong><br>Son todav\u00eda menos conocidos que Ram\u00f3n y Cajal y Ochoa, pero estos cuatro investigadores estuvieron m\u00e1s cerca que nadie de lograr el galard\u00f3n.<br><a rel=\"noreferrer noopener\" href=\"https:\/\/theconversation.com\/los-iniestas-y-joaquines-de-los-premios-nobel-127583\" target=\"_blank\">Art\u00edculo de divulgaci\u00f3n en \u00abThe Conversation\u00bb (diciembre 2019)<\/a><\/p>\n<\/div><\/div>\n\n\n\n<div class=\"wp-block-media-text alignwide is-stacked-on-mobile\" style=\"grid-template-columns:25% auto\"><figure class=\"wp-block-media-text__media\"><img loading=\"lazy\" decoding=\"async\" width=\"420\" height=\"383\" src=\"https:\/\/blog.uclm.es\/rafaelcamarillo\/wp-content\/uploads\/sites\/68\/2020\/02\/fleming_alexander_1.jpg\" alt=\"\" class=\"wp-image-136 size-full\" srcset=\"https:\/\/blog.uclm.es\/rafaelcamarillo\/wp-content\/uploads\/sites\/68\/2020\/02\/fleming_alexander_1.jpg 420w, https:\/\/blog.uclm.es\/rafaelcamarillo\/wp-content\/uploads\/sites\/68\/2020\/02\/fleming_alexander_1-300x274.jpg 300w, https:\/\/blog.uclm.es\/rafaelcamarillo\/wp-content\/uploads\/sites\/68\/2020\/02\/fleming_alexander_1-329x300.jpg 329w\" sizes=\"auto, (max-width: 420px) 100vw, 420px\" \/><\/figure><div class=\"wp-block-media-text__content\">\n<p><strong>C\u00f3mo se produjo penicilina de forma masiva en plena Guerra Mundial<\/strong><br>El descubrimiento del antibi\u00f3tico fue fruto de la serendipia, pero lograr que todos los soldados tuvieran acceso al mismo requiri\u00f3 mucho esfuerzo y trabajo.<br><a rel=\"noreferrer noopener\" href=\"https:\/\/theconversation.com\/como-se-produjo-penicilina-de-forma-masiva-en-plena-guerra-mundial-127864\" target=\"_blank\">Art\u00edculo de divulgaci\u00f3n en \u00abThe Conversation\u00bb (diciembre 2019)<\/a><\/p>\n<\/div><\/div>\n\n\n\n<div class=\"wp-block-media-text alignwide is-stacked-on-mobile\" style=\"grid-template-columns:25% auto\"><figure class=\"wp-block-media-text__media\"><img loading=\"lazy\" decoding=\"async\" width=\"224\" height=\"225\" src=\"https:\/\/blog.uclm.es\/rafaelcamarillo\/wp-content\/uploads\/sites\/68\/2020\/02\/descarga.jpg\" alt=\"\" class=\"wp-image-137 size-full\" srcset=\"https:\/\/blog.uclm.es\/rafaelcamarillo\/wp-content\/uploads\/sites\/68\/2020\/02\/descarga.jpg 224w, https:\/\/blog.uclm.es\/rafaelcamarillo\/wp-content\/uploads\/sites\/68\/2020\/02\/descarga-150x150.jpg 150w\" sizes=\"auto, (max-width: 224px) 100vw, 224px\" \/><\/figure><div class=\"wp-block-media-text__content\">\n<p><strong>Platino, wolframio y vanadio: los tres elementos \u2018espa\u00f1oles\u2019 de la tabla peri\u00f3dica<\/strong><br>Cuatro cient\u00edficos espa\u00f1oles, muy relacionados con la miner\u00eda, aportaron su granito de arena al conocimiento de los elementos qu\u00edmicos.<br><a rel=\"noreferrer noopener\" href=\"https:\/\/theconversation.com\/platino-wolframio-y-vanadio-los-tres-elementos-espanoles-de-la-tabla-periodica-128146\" target=\"_blank\">Art\u00edculo de divulgaci\u00f3n en \u00abThe Conversation\u00bb (enero 2020)<\/a><\/p>\n<\/div><\/div>\n\n\n\n<div class=\"wp-block-media-text alignwide is-stacked-on-mobile\" style=\"grid-template-columns:25% auto\"><figure class=\"wp-block-media-text__media\"><img loading=\"lazy\" decoding=\"async\" width=\"1024\" height=\"805\" src=\"https:\/\/blog.uclm.es\/rafaelcamarillo\/wp-content\/uploads\/sites\/68\/2025\/03\/4CX2W2F45FARZJBUMEWGCPKV4U-1024x805.jpeg\" alt=\"\" class=\"wp-image-190 size-full\" srcset=\"https:\/\/blog.uclm.es\/rafaelcamarillo\/wp-content\/uploads\/sites\/68\/2025\/03\/4CX2W2F45FARZJBUMEWGCPKV4U-1024x805.jpeg 1024w, https:\/\/blog.uclm.es\/rafaelcamarillo\/wp-content\/uploads\/sites\/68\/2025\/03\/4CX2W2F45FARZJBUMEWGCPKV4U-300x236.jpeg 300w, https:\/\/blog.uclm.es\/rafaelcamarillo\/wp-content\/uploads\/sites\/68\/2025\/03\/4CX2W2F45FARZJBUMEWGCPKV4U-768x604.jpeg 768w, https:\/\/blog.uclm.es\/rafaelcamarillo\/wp-content\/uploads\/sites\/68\/2025\/03\/4CX2W2F45FARZJBUMEWGCPKV4U-382x300.jpeg 382w, https:\/\/blog.uclm.es\/rafaelcamarillo\/wp-content\/uploads\/sites\/68\/2025\/03\/4CX2W2F45FARZJBUMEWGCPKV4U.jpeg 1200w\" sizes=\"auto, (max-width: 1024px) 100vw, 1024px\" \/><\/figure><div class=\"wp-block-media-text__content\">\n<p><strong>C\u00f3mo la polio dej\u00f3 de aterrorizar al mundo y otros momentos en que la ciencia venci\u00f3 a la muerte<\/strong><br>De la expedici\u00f3n de Balmis para llevar la vacuna de la viruela por todo el mundo, a la fabricaci\u00f3n en masa de penicilina en la segunda Guerra Mundial, la humanidad ha superado retos como los que plantea ahora la covid.<br><a href=\"https:\/\/elpais.com\/sociedad\/2020-12-28\/como-la-polio-dejo-de-aterrorizar-al-mundo-y-otros-momentos-en-que-la-ciencia-vencio-a-la-muerte.html\" target=\"_blank\" rel=\"noreferrer noopener\">Entrevista en \u00abEl Pa\u00eds\u00bb (diciembre 2020)<\/a><\/p>\n<\/div><\/div>\n\n\n\n<div class=\"wp-block-media-text alignwide is-stacked-on-mobile\" style=\"grid-template-columns:25% auto\"><figure class=\"wp-block-media-text__media\"><img loading=\"lazy\" decoding=\"async\" width=\"1024\" height=\"573\" src=\"https:\/\/blog.uclm.es\/rafaelcamarillo\/wp-content\/uploads\/sites\/68\/2025\/03\/RafaelCamarillo01-k71C-1248x698@abc-1024x573.jpeg\" alt=\"\" class=\"wp-image-187 size-full\" srcset=\"https:\/\/blog.uclm.es\/rafaelcamarillo\/wp-content\/uploads\/sites\/68\/2025\/03\/RafaelCamarillo01-k71C-1248x698@abc-1024x573.jpeg 1024w, https:\/\/blog.uclm.es\/rafaelcamarillo\/wp-content\/uploads\/sites\/68\/2025\/03\/RafaelCamarillo01-k71C-1248x698@abc-300x168.jpeg 300w, https:\/\/blog.uclm.es\/rafaelcamarillo\/wp-content\/uploads\/sites\/68\/2025\/03\/RafaelCamarillo01-k71C-1248x698@abc-768x430.jpeg 768w, https:\/\/blog.uclm.es\/rafaelcamarillo\/wp-content\/uploads\/sites\/68\/2025\/03\/RafaelCamarillo01-k71C-1248x698@abc-500x280.jpeg 500w, https:\/\/blog.uclm.es\/rafaelcamarillo\/wp-content\/uploads\/sites\/68\/2025\/03\/RafaelCamarillo01-k71C-1248x698@abc.jpeg 1248w\" sizes=\"auto, (max-width: 1024px) 100vw, 1024px\" \/><\/figure><div class=\"wp-block-media-text__content\">\n<p><strong>\u00abCuando el r\u00edo lleva m\u00e1s agua no llegan a producirse estas espumas, a pesar de los contaminantes\u00bb<\/strong><br>Entrevista con Rafael Camarillo Blas, doctor en Ingenier\u00eda Qu\u00edmica y profesor titular de la Universidad de Castilla-La Mancha.<br><a href=\"https:\/\/www.abc.es\/espana\/castilla-la-mancha\/toledo\/abci-cuando-lleva-mas-agua-no-llegan-producirse-estas-espumas-pesar-contaminantes-202201301311_noticia.html\" target=\"_blank\" rel=\"noreferrer noopener\">Entrevista en \u00abABC Toledo\u00bb (enero 2022)<\/a><\/p>\n<\/div><\/div>\n\n\n\n<div class=\"wp-block-media-text alignwide is-stacked-on-mobile\" style=\"grid-template-columns:25% auto\"><figure class=\"wp-block-media-text__media\"><img loading=\"lazy\" decoding=\"async\" width=\"1024\" height=\"561\" src=\"https:\/\/blog.uclm.es\/rafaelcamarillo\/wp-content\/uploads\/sites\/68\/2025\/03\/rio-tajo-iam38-1024x561.jpeg\" alt=\"\" class=\"wp-image-188 size-full\" srcset=\"https:\/\/blog.uclm.es\/rafaelcamarillo\/wp-content\/uploads\/sites\/68\/2025\/03\/rio-tajo-iam38-1024x561.jpeg 1024w, https:\/\/blog.uclm.es\/rafaelcamarillo\/wp-content\/uploads\/sites\/68\/2025\/03\/rio-tajo-iam38-300x164.jpeg 300w, https:\/\/blog.uclm.es\/rafaelcamarillo\/wp-content\/uploads\/sites\/68\/2025\/03\/rio-tajo-iam38-768x421.jpeg 768w, https:\/\/blog.uclm.es\/rafaelcamarillo\/wp-content\/uploads\/sites\/68\/2025\/03\/rio-tajo-iam38-500x274.jpeg 500w, https:\/\/blog.uclm.es\/rafaelcamarillo\/wp-content\/uploads\/sites\/68\/2025\/03\/rio-tajo-iam38.jpeg 1180w\" sizes=\"auto, (max-width: 1024px) 100vw, 1024px\" \/><\/figure><div class=\"wp-block-media-text__content\">\n<p><strong>Entre todos matamos al Tajo y \u00e9l solo se muri\u00f3<\/strong><br>La presencia de espumas aguas abajo de los azudes del meandro del Tajo a su paso por Toledo ha dejado de ser un hecho anecd\u00f3tico.<br><a href=\"https:\/\/www.iagua.es\/blogs\/rafael-camarillo\/todos-matamos-al-tajo-y-solo-se-murio\" target=\"_blank\" rel=\"noreferrer noopener\">Art\u00edculo en \u00abiagua\u00bb (marzo 2022)<\/a><\/p>\n<\/div><\/div>\n\n\n\n<div class=\"wp-block-media-text alignwide is-stacked-on-mobile\" style=\"grid-template-columns:25% auto\"><figure class=\"wp-block-media-text__media\"><img loading=\"lazy\" decoding=\"async\" width=\"225\" height=\"225\" src=\"https:\/\/blog.uclm.es\/rafaelcamarillo\/wp-content\/uploads\/sites\/68\/2025\/03\/Unknown.png\" alt=\"\" class=\"wp-image-189 size-full\" srcset=\"https:\/\/blog.uclm.es\/rafaelcamarillo\/wp-content\/uploads\/sites\/68\/2025\/03\/Unknown.png 225w, https:\/\/blog.uclm.es\/rafaelcamarillo\/wp-content\/uploads\/sites\/68\/2025\/03\/Unknown-150x150.png 150w\" sizes=\"auto, (max-width: 225px) 100vw, 225px\" \/><\/figure><div class=\"wp-block-media-text__content\">\n<p><strong>El problema del agua en Castilla-La Mancha<\/strong><br>Entrevista con Carlos Abeng\u00f3zar en \u00abHoy por Hoy\u00bb de SER CLM.<br><a href=\"https:\/\/cadenaser.com\/audio\/ser_toledo_hoyporhoytoledo_20220927_122000_140000\/?ssm=tw\" target=\"_blank\" rel=\"noreferrer noopener\">Entrevista en \u00abHoy por hoy\u00bb de SER CLM (septiembre 2022)<\/a><\/p>\n<\/div><\/div>\n\n\n\n<div class=\"wp-block-media-text alignwide is-stacked-on-mobile\" style=\"grid-template-columns:25% auto\"><figure class=\"wp-block-media-text__media\"><img loading=\"lazy\" decoding=\"async\" width=\"275\" height=\"183\" src=\"https:\/\/blog.uclm.es\/rafaelcamarillo\/wp-content\/uploads\/sites\/68\/2025\/03\/coche-hidrogeno.jpeg\" alt=\"\" class=\"wp-image-184 size-full\" \/><\/figure><div class=\"wp-block-media-text__content\">\n<p><strong>Coches de hidr\u00f3geno: c\u00f3mo funcionan, precios, autonom\u00eda, repostaje, debilidades y riesgos<\/strong><br>Los coches de hidr\u00f3geno son la gran apuesta para la automoci\u00f3n barata y limpia. \u00bfC\u00f3mo funcionan? \u00bfPodemos comprarlos en este momento? \u00bfQu\u00e9 autonom\u00eda tienen? \u00bfC\u00f3mo es posible el repostaje de hidr\u00f3geno? \u00bfSon seguros?<br><a href=\"https:\/\/theconversation.com\/coches-de-hidrogeno-como-funcionan-precios-autonomia-repostaje-debilidades-y-riesgos-193405\" target=\"_blank\" rel=\"noreferrer noopener\">Art\u00edculo de divulgaci\u00f3n en \u00abThe Conversation\u00bb (noviembre  2022)<\/a><\/p>\n<\/div><\/div>\n\n\n\n<div class=\"wp-block-media-text alignwide is-stacked-on-mobile\" style=\"grid-template-columns:25% auto\"><figure class=\"wp-block-media-text__media\"><img loading=\"lazy\" decoding=\"async\" width=\"320\" height=\"157\" src=\"https:\/\/blog.uclm.es\/rafaelcamarillo\/wp-content\/uploads\/sites\/68\/2025\/03\/desaladora.jpeg\" alt=\"\" class=\"wp-image-185 size-full\" srcset=\"https:\/\/blog.uclm.es\/rafaelcamarillo\/wp-content\/uploads\/sites\/68\/2025\/03\/desaladora.jpeg 320w, https:\/\/blog.uclm.es\/rafaelcamarillo\/wp-content\/uploads\/sites\/68\/2025\/03\/desaladora-300x147.jpeg 300w\" sizes=\"auto, (max-width: 320px) 100vw, 320px\" \/><\/figure><div class=\"wp-block-media-text__content\">\n<p><strong>\u00bfC\u00f3mo funcionan las desaladoras y por qu\u00e9 hay cada vez m\u00e1s?<\/strong><br>Espa\u00f1a en el primer pa\u00eds de Europa y cuarto en el mundo en capacidad instalada debido al desequilibrio entre la disponibilidad de recursos h\u00eddricos y la demanda en algunas zonas del territorio. Arabia Saud\u00ed encabeza el \u2018ranking\u2019 internacional.<br><a href=\"https:\/\/theconversation.com\/como-funcionan-las-desaladoras-y-por-que-hay-cada-vez-mas-198564\" target=\"_blank\" rel=\"noreferrer noopener\">Art\u00edculo de divulgaci\u00f3n en \u00abThe Conversation\u00bb (febrero 2023)<\/a><\/p>\n<\/div><\/div>\n\n\n\n<div class=\"wp-block-media-text alignwide is-stacked-on-mobile\" style=\"grid-template-columns:25% auto\"><figure class=\"wp-block-media-text__media\"><img loading=\"lazy\" decoding=\"async\" width=\"225\" height=\"225\" src=\"https:\/\/blog.uclm.es\/rafaelcamarillo\/wp-content\/uploads\/sites\/68\/2025\/03\/Unknown.png\" alt=\"\" class=\"wp-image-189 size-full\" srcset=\"https:\/\/blog.uclm.es\/rafaelcamarillo\/wp-content\/uploads\/sites\/68\/2025\/03\/Unknown.png 225w, https:\/\/blog.uclm.es\/rafaelcamarillo\/wp-content\/uploads\/sites\/68\/2025\/03\/Unknown-150x150.png 150w\" sizes=\"auto, (max-width: 225px) 100vw, 225px\" \/><\/figure><div class=\"wp-block-media-text__content\">\n<p><strong>Las cient\u00edficas y los cient\u00edficos van al cole <\/strong><br>Entrevista con Carlos Abeng\u00f3zar en \u00abHoy por hoy\u00bb de SER Castilla-La Mancha.<br><a href=\"https:\/\/cadenaser.com\/audio\/ser_toledo_hoyporhoytoledo_20230404_122002_140000\/\" target=\"_blank\" rel=\"noreferrer noopener\">Entrevista en \u00abHoy por hoy\u00bb de SER CLM (abril 2023)<\/a><\/p>\n<\/div><\/div>\n\n\n\n<div class=\"wp-block-media-text alignwide is-stacked-on-mobile\" style=\"grid-template-columns:25% auto\"><figure class=\"wp-block-media-text__media\"><img loading=\"lazy\" decoding=\"async\" width=\"1024\" height=\"576\" src=\"https:\/\/blog.uclm.es\/rafaelcamarillo\/wp-content\/uploads\/sites\/68\/2025\/03\/ug-cOn5h-1024x576.jpeg\" alt=\"\" class=\"wp-image-186 size-full\" srcset=\"https:\/\/blog.uclm.es\/rafaelcamarillo\/wp-content\/uploads\/sites\/68\/2025\/03\/ug-cOn5h-1024x576.jpeg 1024w, https:\/\/blog.uclm.es\/rafaelcamarillo\/wp-content\/uploads\/sites\/68\/2025\/03\/ug-cOn5h-300x169.jpeg 300w, https:\/\/blog.uclm.es\/rafaelcamarillo\/wp-content\/uploads\/sites\/68\/2025\/03\/ug-cOn5h-768x432.jpeg 768w, https:\/\/blog.uclm.es\/rafaelcamarillo\/wp-content\/uploads\/sites\/68\/2025\/03\/ug-cOn5h-500x281.jpeg 500w, https:\/\/blog.uclm.es\/rafaelcamarillo\/wp-content\/uploads\/sites\/68\/2025\/03\/ug-cOn5h.jpeg 1200w\" sizes=\"auto, (max-width: 1024px) 100vw, 1024px\" \/><\/figure><div class=\"wp-block-media-text__content\">\n<p><strong>Los cient\u00edficos van al cole<\/strong><br>Descubrir y potenciar las vocaciones cient\u00edficas es el principal objetivo del proyecto \u00abLos cient\u00edficos van al cole\u00bb, un proyecto que se desarrolla en Colegios Agrupados del Medio Rural (CRA) donde hay pocos alumnos. Los ni\u00f1os y ni\u00f1as disfrutan haciendo experimentos y visitan las instalaciones universitarias donde trabajan los cient\u00edficos. Una experiencia que les ayuda a cambiar el concepto que tienen sobre \u00abla ciencia\u00bb. Se presta especial atenci\u00f3n a las ni\u00f1as para que pierdan \u00ablos miedos\u00bb a las disciplinas cient\u00edficas.<br><a href=\"https:\/\/www.cmmedia.es\/play\/doplay\/ciencia-a-la-carta\/programa-58-cientificos-cole.html\" target=\"_blank\" rel=\"noreferrer noopener\">Programa 58 \u00abCiencia a la Carta\u00bb (mayo 2023)<\/a><\/p>\n<\/div><\/div>\n\n\n\n<div class=\"wp-block-media-text alignwide is-stacked-on-mobile\" style=\"grid-template-columns:25% auto\"><figure class=\"wp-block-media-text__media\"><img loading=\"lazy\" decoding=\"async\" width=\"480\" height=\"325\" src=\"https:\/\/blog.uclm.es\/rafaelcamarillo\/wp-content\/uploads\/sites\/68\/2025\/03\/F7lIAN8XwAAzggD.png\" alt=\"\" class=\"wp-image-191 size-full\" srcset=\"https:\/\/blog.uclm.es\/rafaelcamarillo\/wp-content\/uploads\/sites\/68\/2025\/03\/F7lIAN8XwAAzggD.png 480w, https:\/\/blog.uclm.es\/rafaelcamarillo\/wp-content\/uploads\/sites\/68\/2025\/03\/F7lIAN8XwAAzggD-300x203.png 300w, https:\/\/blog.uclm.es\/rafaelcamarillo\/wp-content\/uploads\/sites\/68\/2025\/03\/F7lIAN8XwAAzggD-443x300.png 443w\" sizes=\"auto, (max-width: 480px) 100vw, 480px\" \/><\/figure><div class=\"wp-block-media-text__content\">\n<p><strong>Marie Curie, una pionera en Toledo<\/strong><br>Ponencia invitada en el II Congreso Nacional de Divulgaci\u00f3n en Ciencia, Tecnolog\u00eda e Ingenier\u00eda de Materiales MATERdivulga sobre la visita de Marie Curie a la F\u00e1brica de Armas de Toledo en abril de 1919.<br><a href=\"https:\/\/www.youtube.com\/watch?si=_qV5YwgLkwmLJeK-&amp;v=VK8CO9CWTwA&amp;feature=youtu.be\" target=\"_blank\" rel=\"noreferrer noopener\">V\u00eddeo de la presentaci\u00f3n en MATERdivulga (junio 2024)<\/a><\/p>\n<\/div><\/div>\n\n\n\n<div class=\"wp-block-media-text alignwide is-stacked-on-mobile\" style=\"grid-template-columns:25% auto\"><figure class=\"wp-block-media-text__media\"><img loading=\"lazy\" decoding=\"async\" width=\"1024\" height=\"576\" src=\"https:\/\/blog.uclm.es\/rafaelcamarillo\/wp-content\/uploads\/sites\/68\/2025\/03\/b6f3bf56-46a1-4c08-8b41-5f8b49252181_16-9-discover-aspect-ratio_default_0-1024x576.jpg\" alt=\"\" class=\"wp-image-212 size-full\" srcset=\"https:\/\/blog.uclm.es\/rafaelcamarillo\/wp-content\/uploads\/sites\/68\/2025\/03\/b6f3bf56-46a1-4c08-8b41-5f8b49252181_16-9-discover-aspect-ratio_default_0-1024x576.jpg 1024w, https:\/\/blog.uclm.es\/rafaelcamarillo\/wp-content\/uploads\/sites\/68\/2025\/03\/b6f3bf56-46a1-4c08-8b41-5f8b49252181_16-9-discover-aspect-ratio_default_0-300x169.jpg 300w, https:\/\/blog.uclm.es\/rafaelcamarillo\/wp-content\/uploads\/sites\/68\/2025\/03\/b6f3bf56-46a1-4c08-8b41-5f8b49252181_16-9-discover-aspect-ratio_default_0-768x432.jpg 768w, https:\/\/blog.uclm.es\/rafaelcamarillo\/wp-content\/uploads\/sites\/68\/2025\/03\/b6f3bf56-46a1-4c08-8b41-5f8b49252181_16-9-discover-aspect-ratio_default_0-500x281.jpg 500w, https:\/\/blog.uclm.es\/rafaelcamarillo\/wp-content\/uploads\/sites\/68\/2025\/03\/b6f3bf56-46a1-4c08-8b41-5f8b49252181_16-9-discover-aspect-ratio_default_0.jpg 1200w\" sizes=\"auto, (max-width: 1024px) 100vw, 1024px\" \/><\/figure><div class=\"wp-block-media-text__content\">\n<p><strong>Aben\u00f3jar Tungsten, la mina de Ciudad Real que aspira a suministrar el 20% del wolframio de Europa<\/strong><br>La Comisi\u00f3n Europea ha incluido el proyecto minero &#8216;El Moto&#8217;, entre Aben\u00f3jar y Almod\u00f3var del Campo, en la lista de proyectos estrat\u00e9gicos que financiar\u00e1 para extraer minerales cr\u00edticos y garantizar la autonom\u00eda de Europa frente a terceros pa\u00edses.<br><a href=\"https:\/\/www.eldiario.es\/castilla-la-mancha\/provincias\/ciudad_real\/abenojar-tungsten-mina-ciudad-real-aspira-suministrar-20-wolframio-europa_1_12162739.html\" target=\"_blank\" rel=\"noreferrer noopener\">Entrevista en elDiario.es CLM (marzo 2025)<\/a><\/p>\n<\/div><\/div>\n\n\n\n<div class=\"wp-block-media-text alignwide is-stacked-on-mobile\" style=\"grid-template-columns:25% auto\"><figure class=\"wp-block-media-text__media\"><img loading=\"lazy\" decoding=\"async\" width=\"730\" height=\"487\" src=\"https:\/\/blog.uclm.es\/rafaelcamarillo\/wp-content\/uploads\/sites\/68\/2025\/10\/BBVA-biotecnologia-sostenibilidad-bioplasticos.jpg.avif\" alt=\"\" class=\"wp-image-232 size-full\" \/><\/figure><div class=\"wp-block-media-text__content\">\n<p><strong>\u00bfQu\u00e9 son los combustibles renovables y c\u00f3mo se usan?<\/strong><br>Los combustibles renovables son aquellos que provienen de fuentes y materias primas que abundan en la naturaleza \u2013o que se pueden recuperar\u2013 y cuya huella de di\u00f3xido de carbono (CO2) es pr\u00e1cticamente cero. Los biocombustibles pueden ser avanzados, sint\u00e9ticos o bajos en carbono.<br><a href=\"https:\/\/www.bbva.com\/es\/sostenibilidad\/que-son-los-combustibles-renovables-y-como-se-usan\/\" target=\"_blank\" rel=\"noreferrer noopener\">Entrevista en el Blog Sostenibilidad BBVA (octubre 2025)<\/a><\/p>\n<\/div><\/div>\n\n\n\n<p><\/p>\n","protected":false},"excerpt":{"rendered":"<p>Me encanta explicar para qu\u00e9 sirven nuestras investigaciones, as\u00ed como la Historia de la Ciencia. Adem\u00e1s, formo parte del equipo de \u00abCiencia a la carta\u00bb y de \u00abC\u00e1tedra del Tajo\u00bb. Aqu\u00ed podr\u00e1s consultar algunas de mis colaboraciones. El agua y &hellip; <a href=\"https:\/\/blog.uclm.es\/rafaelcamarillo\/divulgacion\/\">Sigue leyendo <span class=\"meta-nav\">&rarr;<\/span><\/a><\/p>\n","protected":false},"author":139,"featured_media":0,"parent":0,"menu_order":0,"comment_status":"closed","ping_status":"closed","template":"","meta":{"footnotes":""},"class_list":["post-38","page","type-page","status-publish","hentry"],"_links":{"self":[{"href":"https:\/\/blog.uclm.es\/rafaelcamarillo\/wp-json\/wp\/v2\/pages\/38","targetHints":{"allow":["GET"]}}],"collection":[{"href":"https:\/\/blog.uclm.es\/rafaelcamarillo\/wp-json\/wp\/v2\/pages"}],"about":[{"href":"https:\/\/blog.uclm.es\/rafaelcamarillo\/wp-json\/wp\/v2\/types\/page"}],"author":[{"embeddable":true,"href":"https:\/\/blog.uclm.es\/rafaelcamarillo\/wp-json\/wp\/v2\/users\/139"}],"replies":[{"embeddable":true,"href":"https:\/\/blog.uclm.es\/rafaelcamarillo\/wp-json\/wp\/v2\/comments?post=38"}],"version-history":[{"count":7,"href":"https:\/\/blog.uclm.es\/rafaelcamarillo\/wp-json\/wp\/v2\/pages\/38\/revisions"}],"predecessor-version":[{"id":233,"href":"https:\/\/blog.uclm.es\/rafaelcamarillo\/wp-json\/wp\/v2\/pages\/38\/revisions\/233"}],"wp:attachment":[{"href":"https:\/\/blog.uclm.es\/rafaelcamarillo\/wp-json\/wp\/v2\/media?parent=38"}],"curies":[{"name":"wp","href":"https:\/\/api.w.org\/{rel}","templated":true}]}}