{"id":37,"date":"2020-02-14T11:16:20","date_gmt":"2020-02-14T10:16:20","guid":{"rendered":"http:\/\/blog.uclm.es\/rafaelcamarillo\/?page_id=37"},"modified":"2025-03-28T11:04:13","modified_gmt":"2025-03-28T09:04:13","slug":"investigacion","status":"publish","type":"page","link":"https:\/\/blog.uclm.es\/rafaelcamarillo\/investigacion\/","title":{"rendered":"Investigaci\u00f3n"},"content":{"rendered":"<p>Estos son algunos de los campos en los que he trabajado:<\/p>\n<p style=\"text-align: left\">&#8211; <strong>Tratamiento de efluentes industriales<\/strong> (galvanotecnia, tratamiento de superficies, bater\u00edas, etc.) contaminados con <strong>metales pesados<\/strong> (cobre, n\u00edquel, cadmio, plomo) mediante <strong>tecnolog\u00edas avanzadas de membrana<\/strong> (ultrafiltraci\u00f3n mejorada con pol\u00edmeros solubles en agua)<br \/>\n&#8211; Tratamiento de aguas residuales de la <strong>industria agroalimentaria<\/strong> (bodegas, almazaras) mediante <strong>procesos biol\u00f3gicos<\/strong> (digesti\u00f3n anaerobia)<br \/>\n&#8211; Tratamiento de residuos (<strong>aceites usados, residuos de uva, catalizadores usados<\/strong>) con <strong>fluidos supercr\u00edticos<\/strong> para la recuperaci\u00f3n de compuestos valiosos (aceite regenerado, polifenoles, catalizador regenerado)<br \/>\n&#8211; <strong>S\u00edntesis a alta presi\u00f3n<\/strong> de <strong>catalizadores <\/strong>para la <strong>reducci\u00f3n foto-, electro- y fotoelectrocatal\u00edtica de di\u00f3xido de carbono\u00a0<\/strong>a combustibles y productos de inter\u00e9s<br \/>\n&#8211;<strong>Procesos de oxidaci\u00f3n avanzada <\/strong>(degradaci\u00f3n de contaminantes emergentes en efluentes de depuradoras de aguas residuales) \u00a0 \u00a0 \u00a0 \u00a0 \u00a0 \u00a0 \u00a0 \u00a0 \u00a0 \u00a0 \u00a0 \u00a0 \u00a0 \u00a0 \u00a0 \u00a0 \u00a0 \u00a0 \u00a0 \u00a0 \u00a0 \u00a0 \u00a0 \u00a0 \u00a0 \u00a0 \u00a0 \u00a0 \u00a0 \u00a0 \u00a0 \u00a0 \u00a0 &#8211;<strong>Tratamiento biol\u00f3gico de purines\u00a0<\/strong><\/p>\n<p>En estos enlaces puedes acceder a las publicaciones derivadas de nuestra investigaci\u00f3n:<\/p>\n<p><a href=\"https:\/\/orcid.org\/0000-0003-3099-3376\" target=\"_blank\" rel=\"noopener noreferrer\">ORCID<\/a><br \/>\n<a href=\"https:\/\/scholar.google.es\/citations?user=UqfeSMMAAAAJ&amp;hl=es&amp;oi=ao\" target=\"_blank\" rel=\"noopener noreferrer\">Google Acad\u00e9mico<\/a><br \/>\n<a href=\"https:\/\/publons.com\/researcher\/1345535\/rafael-camarillo-blas\/\">ResearcherID<\/a><br \/>\n<a href=\"https:\/\/www.scopus.com\/authid\/detail.uri?origin=resultslist&amp;authorId=6507154349&amp;zone=\" target=\"_blank\" rel=\"noopener noreferrer\">ScopusID<\/a><\/p>\n","protected":false},"excerpt":{"rendered":"<p>Estos son algunos de los campos en los que he trabajado: &#8211; Tratamiento de efluentes industriales (galvanotecnia, tratamiento de superficies, bater\u00edas, etc.) contaminados con metales pesados (cobre, n\u00edquel, cadmio, plomo) mediante tecnolog\u00edas avanzadas de membrana (ultrafiltraci\u00f3n mejorada con pol\u00edmeros solubles &hellip; <a href=\"https:\/\/blog.uclm.es\/rafaelcamarillo\/investigacion\/\">Sigue leyendo <span class=\"meta-nav\">&rarr;<\/span><\/a><\/p>\n","protected":false},"author":139,"featured_media":0,"parent":0,"menu_order":0,"comment_status":"closed","ping_status":"closed","template":"","meta":{"footnotes":""},"class_list":["post-37","page","type-page","status-publish","hentry"],"_links":{"self":[{"href":"https:\/\/blog.uclm.es\/rafaelcamarillo\/wp-json\/wp\/v2\/pages\/37","targetHints":{"allow":["GET"]}}],"collection":[{"href":"https:\/\/blog.uclm.es\/rafaelcamarillo\/wp-json\/wp\/v2\/pages"}],"about":[{"href":"https:\/\/blog.uclm.es\/rafaelcamarillo\/wp-json\/wp\/v2\/types\/page"}],"author":[{"embeddable":true,"href":"https:\/\/blog.uclm.es\/rafaelcamarillo\/wp-json\/wp\/v2\/users\/139"}],"replies":[{"embeddable":true,"href":"https:\/\/blog.uclm.es\/rafaelcamarillo\/wp-json\/wp\/v2\/comments?post=37"}],"version-history":[{"count":18,"href":"https:\/\/blog.uclm.es\/rafaelcamarillo\/wp-json\/wp\/v2\/pages\/37\/revisions"}],"predecessor-version":[{"id":229,"href":"https:\/\/blog.uclm.es\/rafaelcamarillo\/wp-json\/wp\/v2\/pages\/37\/revisions\/229"}],"wp:attachment":[{"href":"https:\/\/blog.uclm.es\/rafaelcamarillo\/wp-json\/wp\/v2\/media?parent=37"}],"curies":[{"name":"wp","href":"https:\/\/api.w.org\/{rel}","templated":true}]}}