{"id":35,"date":"2020-02-14T11:16:20","date_gmt":"2020-02-14T10:16:20","guid":{"rendered":"http:\/\/blog.uclm.es\/rafaelcamarillo\/?page_id=35"},"modified":"2025-03-05T13:25:19","modified_gmt":"2025-03-05T11:25:19","slug":"docencia","status":"publish","type":"page","link":"https:\/\/blog.uclm.es\/rafaelcamarillo\/docencia\/","title":{"rendered":"Docencia"},"content":{"rendered":"<p>Actualmente imparto clase en el <a href=\"https:\/\/www.uclm.es\/es\/toledo\/mambiente\/titulaciones\/amb\">Grado en Ciencias Ambientales<\/a>:<\/p>\n<p>&#8211; <a href=\"https:\/\/planea.apps.uclm.es\/gestion\/guias\/7012?returnUri=guias\">Bases de la Ingenier\u00eda Ambiental<\/a><\/p>\n<p>En el <a href=\"https:\/\/www.uclm.es\/toledo\/MAmbiente\/Titulaciones\/Bioquimica\">Grado en Bioqu\u00edmica<\/a>:<\/p>\n<p>&#8211; <a href=\"https:\/\/planea.apps.uclm.es\/gestion\/guias\/7013?returnUri=guias\">Ingenier\u00eda Bioqu\u00edmica<\/a><\/p>\n<p>&#8211; <a href=\"https:\/\/planea.apps.uclm.es\/gestion\/guias\/7014?returnUri=guias\">Dise\u00f1o de Biorreactores<\/a><\/p>\n<p>En el <a href=\"https:\/\/www.uclm.es\/estudios\/masteres\/master-sostenibilidad-local-territorial\">M\u00e1ster Universitario en Sostenibilidad Ambiental en el Desarrollo Local y Territorial<\/a>:<\/p>\n<p>&#8211; <a href=\"https:\/\/guiae.uclm.es\/vistaGuia\/2335\/310732\">Gesti\u00f3n Sostenible de la Calidad Ambiental<\/a><\/p>\n<p>&#8211; <a href=\"https:\/\/planea.apps.uclm.es\/gestion\/guias\/8415?returnUri=guias\" target=\"_blank\" rel=\"noopener noreferrer\">Introducci\u00f3n a la Investigaci\u00f3n en Ciencias Ambientales<\/a><\/p>\n<p>En el <a href=\"https:\/\/www.uclm.es\/estudios\/masteres\/master-prevencion-riesgos-laborales\">M\u00e1ster Universitario en Prevenci\u00f3n de Riesgos Laborales<\/a>:<\/p>\n<p><a href=\"https:\/\/planea.apps.uclm.es\/gestion\/guias\/9695?returnUri=guias\">&#8211; Higiene Industrial<\/a><\/p>\n<p>Y en el <a href=\"https:\/\/catedradeltajo.es\/mastergestionsostenibledelagua\/\">M\u00e1ster en Gesti\u00f3n Sostenible del Agua (C\u00e1tedra del Tajo)<\/a><\/p>\n","protected":false},"excerpt":{"rendered":"<p>Actualmente imparto clase en el Grado en Ciencias Ambientales: &#8211; Bases de la Ingenier\u00eda Ambiental En el Grado en Bioqu\u00edmica: &#8211; Ingenier\u00eda Bioqu\u00edmica &#8211; Dise\u00f1o de Biorreactores En el M\u00e1ster Universitario en Sostenibilidad Ambiental en el Desarrollo Local y Territorial: &hellip; <a href=\"https:\/\/blog.uclm.es\/rafaelcamarillo\/docencia\/\">Sigue leyendo <span class=\"meta-nav\">&rarr;<\/span><\/a><\/p>\n","protected":false},"author":139,"featured_media":0,"parent":0,"menu_order":0,"comment_status":"closed","ping_status":"closed","template":"","meta":{"footnotes":""},"class_list":["post-35","page","type-page","status-publish","hentry"],"_links":{"self":[{"href":"https:\/\/blog.uclm.es\/rafaelcamarillo\/wp-json\/wp\/v2\/pages\/35","targetHints":{"allow":["GET"]}}],"collection":[{"href":"https:\/\/blog.uclm.es\/rafaelcamarillo\/wp-json\/wp\/v2\/pages"}],"about":[{"href":"https:\/\/blog.uclm.es\/rafaelcamarillo\/wp-json\/wp\/v2\/types\/page"}],"author":[{"embeddable":true,"href":"https:\/\/blog.uclm.es\/rafaelcamarillo\/wp-json\/wp\/v2\/users\/139"}],"replies":[{"embeddable":true,"href":"https:\/\/blog.uclm.es\/rafaelcamarillo\/wp-json\/wp\/v2\/comments?post=35"}],"version-history":[{"count":5,"href":"https:\/\/blog.uclm.es\/rafaelcamarillo\/wp-json\/wp\/v2\/pages\/35\/revisions"}],"predecessor-version":[{"id":203,"href":"https:\/\/blog.uclm.es\/rafaelcamarillo\/wp-json\/wp\/v2\/pages\/35\/revisions\/203"}],"wp:attachment":[{"href":"https:\/\/blog.uclm.es\/rafaelcamarillo\/wp-json\/wp\/v2\/media?parent=35"}],"curies":[{"name":"wp","href":"https:\/\/api.w.org\/{rel}","templated":true}]}}