{"id":64,"date":"2020-06-30T11:50:44","date_gmt":"2020-06-30T10:50:44","guid":{"rendered":"http:\/\/blog.uclm.es\/rafaelbecerra\/?page_id=64"},"modified":"2020-06-30T11:50:44","modified_gmt":"2020-06-30T10:50:44","slug":"investigacion","status":"publish","type":"page","link":"https:\/\/blog.uclm.es\/rafaelbecerra\/investigacion\/","title":{"rendered":"INVESTIGACI\u00d3N"},"content":{"rendered":"\n<p><a href=\"https:\/\/www.researchgate.net\/profile\/Rafael-Becerra-Ramirez\/research\" target=\"_blank\" rel=\"noreferrer noopener\">Publicaciones recientes<\/a><\/p>\n\n\n\n<figure class=\"wp-block-image size-large\"><img loading=\"lazy\" decoding=\"async\" width=\"1024\" height=\"576\" src=\"https:\/\/blog.uclm.es\/rafaelbecerra\/files\/2022\/06\/Graphical-abstract_LAND_2-1024x576.png\" alt=\"\" class=\"wp-image-293\" srcset=\"https:\/\/blog.uclm.es\/rafaelbecerra\/wp-content\/uploads\/sites\/24\/2022\/06\/Graphical-abstract_LAND_2-1024x576.png 1024w, https:\/\/blog.uclm.es\/rafaelbecerra\/wp-content\/uploads\/sites\/24\/2022\/06\/Graphical-abstract_LAND_2-300x169.png 300w, https:\/\/blog.uclm.es\/rafaelbecerra\/wp-content\/uploads\/sites\/24\/2022\/06\/Graphical-abstract_LAND_2-768x432.png 768w, https:\/\/blog.uclm.es\/rafaelbecerra\/wp-content\/uploads\/sites\/24\/2022\/06\/Graphical-abstract_LAND_2-1536x864.png 1536w, https:\/\/blog.uclm.es\/rafaelbecerra\/wp-content\/uploads\/sites\/24\/2022\/06\/Graphical-abstract_LAND_2-500x281.png 500w, https:\/\/blog.uclm.es\/rafaelbecerra\/wp-content\/uploads\/sites\/24\/2022\/06\/Graphical-abstract_LAND_2.png 2000w\" sizes=\"auto, (max-width: 1024px) 100vw, 1024px\" \/><\/figure>\n\n\n\n<blockquote class=\"wp-block-quote is-layout-flow wp-block-quote-is-layout-flow\"><p>Becerra-Ram\u00edrez, R., D\u00f3niz-P\u00e1ez, J., &amp; Gonz\u00e1lez, E. (2022). Morphometric Analysis of Scoria Cones to Define the \u2018Volcano-Type\u2019 of the Campo de Calatrava Volcanic Region (Central Spain).&nbsp;<em>Land<\/em>,&nbsp;<em>11<\/em>(6), 917. MDPI AG. Retrieved from <a href=\"http:\/\/dx.doi.org\/10.3390\/land11060917\" target=\"_blank\" rel=\"noreferrer noopener\">http:\/\/dx.doi.org\/10.3390\/land11060917<\/a><\/p><\/blockquote>\n\n\n\n<figure class=\"wp-block-image size-large\"><img loading=\"lazy\" decoding=\"async\" width=\"1024\" height=\"576\" src=\"https:\/\/blog.uclm.es\/rafaelbecerra\/files\/2022\/06\/Graphical-Abstract-1024x576.png\" alt=\"\" class=\"wp-image-290\" srcset=\"https:\/\/blog.uclm.es\/rafaelbecerra\/wp-content\/uploads\/sites\/24\/2022\/06\/Graphical-Abstract-1024x576.png 1024w, https:\/\/blog.uclm.es\/rafaelbecerra\/wp-content\/uploads\/sites\/24\/2022\/06\/Graphical-Abstract-300x169.png 300w, https:\/\/blog.uclm.es\/rafaelbecerra\/wp-content\/uploads\/sites\/24\/2022\/06\/Graphical-Abstract-768x432.png 768w, https:\/\/blog.uclm.es\/rafaelbecerra\/wp-content\/uploads\/sites\/24\/2022\/06\/Graphical-Abstract-1536x864.png 1536w, https:\/\/blog.uclm.es\/rafaelbecerra\/wp-content\/uploads\/sites\/24\/2022\/06\/Graphical-Abstract-500x281.png 500w, https:\/\/blog.uclm.es\/rafaelbecerra\/wp-content\/uploads\/sites\/24\/2022\/06\/Graphical-Abstract.png 1778w\" sizes=\"auto, (max-width: 1024px) 100vw, 1024px\" \/><\/figure>\n\n\n\n<blockquote class=\"wp-block-quote is-layout-flow wp-block-quote-is-layout-flow\"><p>Becerra-Ram\u00edrez, R., Gos\u00e1lvez, R. U., Escobar, E., Gonz\u00e1lez, E., Serrano-Pat\u00f3n, M., &amp; Guevara, D. (2020). Characterization and Geotourist Resources of the Campo de Calatrava Volcanic Region (Ciudad Real, Castilla-La Mancha, Spain) to Develop a UNESCO Global Geopark Project.\u00a0<em>Geosciences<\/em>,\u00a0<em>10<\/em>(11), 441. MDPI AG. Retrieved from <a href=\"http:\/\/dx.doi.org\/10.3390\/geosciences10110441\" target=\"_blank\" rel=\"noreferrer noopener\">http:\/\/dx.doi.org\/10.3390\/geosciences10110441<\/a>  <\/p><\/blockquote>\n\n\n\n<blockquote class=\"wp-block-quote is-layout-flow wp-block-quote-is-layout-flow\"><p><\/p><\/blockquote>\n","protected":false},"excerpt":{"rendered":"<p>Publicaciones recientes Becerra-Ram\u00edrez, R., D\u00f3niz-P\u00e1ez, J., &amp; Gonz\u00e1lez, E. (2022). Morphometric Analysis of Scoria Cones to Define the \u2018Volcano-Type\u2019 of the Campo de Calatrava Volcanic Region (Central Spain).&nbsp;Land,&nbsp;11(6), 917. MDPI AG. Retrieved from http:\/\/dx.doi.org\/10.3390\/land11060917 Becerra-Ram\u00edrez, R., Gos\u00e1lvez, R. U., Escobar, &hellip; <a href=\"https:\/\/blog.uclm.es\/rafaelbecerra\/investigacion\/\">Sigue leyendo <span class=\"meta-nav\">&rarr;<\/span><\/a><\/p>\n","protected":false},"author":38,"featured_media":0,"parent":0,"menu_order":0,"comment_status":"closed","ping_status":"closed","template":"","meta":{"footnotes":""},"class_list":["post-64","page","type-page","status-publish","hentry"],"_links":{"self":[{"href":"https:\/\/blog.uclm.es\/rafaelbecerra\/wp-json\/wp\/v2\/pages\/64","targetHints":{"allow":["GET"]}}],"collection":[{"href":"https:\/\/blog.uclm.es\/rafaelbecerra\/wp-json\/wp\/v2\/pages"}],"about":[{"href":"https:\/\/blog.uclm.es\/rafaelbecerra\/wp-json\/wp\/v2\/types\/page"}],"author":[{"embeddable":true,"href":"https:\/\/blog.uclm.es\/rafaelbecerra\/wp-json\/wp\/v2\/users\/38"}],"replies":[{"embeddable":true,"href":"https:\/\/blog.uclm.es\/rafaelbecerra\/wp-json\/wp\/v2\/comments?post=64"}],"version-history":[{"count":0,"href":"https:\/\/blog.uclm.es\/rafaelbecerra\/wp-json\/wp\/v2\/pages\/64\/revisions"}],"wp:attachment":[{"href":"https:\/\/blog.uclm.es\/rafaelbecerra\/wp-json\/wp\/v2\/media?parent=64"}],"curies":[{"name":"wp","href":"https:\/\/api.w.org\/{rel}","templated":true}]}}