{"id":59,"date":"2020-06-30T11:50:44","date_gmt":"2020-06-30T10:50:44","guid":{"rendered":"http:\/\/blog.uclm.es\/rafaelbecerra\/?page_id=59"},"modified":"2020-06-30T11:50:44","modified_gmt":"2020-06-30T10:50:44","slug":"enlaces","status":"publish","type":"page","link":"https:\/\/blog.uclm.es\/rafaelbecerra\/enlaces\/","title":{"rendered":"ENLACES"},"content":{"rendered":"<p align=\"center\"><u><b><span style=\"color: #ffffff;font-size: x-large\"><i>ENLACES<\/i><\/span><\/b><\/u><\/p>\n<p align=\"center\"><span style=\"color: #ffffff;font-size: x-large\"><b><a href=\"http:\/\/www.uclm.es\/profesorado\/egcardenas\">Los Volcanes del Campo de Calatrava<\/a><\/b><\/span><\/p>\n<p align=\"center\"><span style=\"color: #ffffff;font-size: x-large\"><b><a href=\"http:\/\/www.uclm.es\/ceclm\/humedales\/mapa.htm\">Las Lagunas volc\u00e1nicas del Campo de Calatrava<\/a><\/b><\/span><\/p>\n<p align=\"center\"><img loading=\"lazy\" decoding=\"async\" src=\"https:\/\/blog.uclm.es\/rafaelbecerra\/wp-content\/uploads\/sites\/24\/2020\/07\/GEOVOL.jpg\" width=\"95\" height=\"81\" border=\"0\"><b><span style=\"color: #ffffff;font-size: x-large\"><a href=\"http:\/\/www.uclm.es\/profesorado\/egcardenas\/grupo.htm\"><span style=\"color: #ffffff\">GEOVOL &#8211;&nbsp;<\/span><span style=\"color: #cc6600\">Geomorfolog\u00eda, Territorio y Paisaje en Regiones Volc\u00e1nicas:<\/span>&nbsp;Grupo de Investigaci\u00f3n<\/a><\/span><span style=\"color: #ffffff;font-size: x-large\">-UCLM<\/span><\/b><\/p>\n<p align=\"center\"><span style=\"color: #000000\"><b><span style=\"font-size: x-large\"><a style=\"color: #000000\" href=\"http:\/\/www.volcano.si.edu\/world\/volcano.cfm?vnum=0100-04-\">SMITHSONIAN INSTITUTION.&nbsp;<\/a><a style=\"color: #000000\" href=\"http:\/\/www.volcano.si.edu\/world\/volcano.cfm?vnum=0100-04-\"><span style=\"font-size: small\">National Museum of Natural History. Global Volcanism Program<\/span>:&nbsp;<\/a><\/span><a style=\"color: #000000\" href=\"http:\/\/www.volcano.si.edu\/world\/volcano.cfm?vnum=0100-04-\"><span style=\"font-size: x-large\"><i>Calatrava Volcanic Field<\/i><\/span><\/a><\/b><\/span><\/p>\n<p align=\"center\"><span style=\"color: #000000\"><b><span style=\"font-size: x-large\"><a style=\"color: #000000\" href=\"http:\/\/www.iavcei.org\/\">IAVCEI<i>&nbsp;&#8211;&nbsp;<\/i><\/a><\/span><a style=\"color: #000000\" href=\"http:\/\/www.iavcei.org\/\"><i><span style=\"font-size: large\">International Association of Volcanology and Chemistry of the Earth&#8217;s Interior<\/span><\/i><\/a><\/b><\/span><\/p>\n<p align=\"center\"><span style=\"color: #000000\"><span style=\"font-size: x-large\"><b><a style=\"color: #000000\" href=\"http:\/\/www.avcan.org\/index.php\">AVCAN&nbsp;<\/a><\/b><\/span><a style=\"color: #000000\" href=\"http:\/\/www.avcan.org\/index.php\"><span style=\"font-size: x-large\"><b>Asociaci\u00f3n Volcanol\u00f3gica de Canarias<\/b><\/span><\/a><\/span><\/p>\n<p align=\"center\"><span style=\"color: #000000;font-size: x-large\"><b><a style=\"color: #000000\" href=\"http:\/\/www.ign.es\/ign\/es\/IGN\/volcanologia.jsp\">IGN Servicio de Informaci\u00f3n Sismogr\u00e1fica y Volcanol\u00f3gica<\/a>&nbsp;de Espa\u00f1a<\/b><\/span><\/p>\n<p align=\"center\"><span style=\"color: #000000;font-size: x-large\"><b>***<\/b><\/span><\/p>\n<p align=\"center\"><span style=\"color: #000000;font-size: x-large\"><b><a style=\"color: #000000\" href=\"http:\/\/www.uclm.es\/\">Universidad de Castilla-La Mancha<\/a><\/b><\/span><\/p>\n<p align=\"center\"><span style=\"color: #000000;font-size: x-large\"><b><a style=\"color: #000000\" href=\"http:\/\/www.uclm.es\/dep\/geoterr\/\">Dpto. Geograf\u00eda y Ordenaci\u00f3n del Territorio<\/a>&nbsp;&#8211;&nbsp;<i>UCLM<\/i><\/b><\/span><\/p>\n<p align=\"center\"><span style=\"color: #000000;font-size: x-large\"><b><a style=\"color: #000000\" href=\"http:\/\/age.ieg.csic.es\/inicio.htm\">AGE Asociaci\u00f3n de Ge\u00f3grafos Espa\u00f1oles<\/a><\/b><\/span><\/p>\n<p align=\"center\"><span style=\"color: #000000;font-size: x-large\"><b><a style=\"color: #000000\" href=\"http:\/\/www.geografos.org\/nuevaweb\/index.asp\">Colegio de Ge\u00f3grafos de Espa\u00f1a<\/a><\/b><\/span><\/p>\n<p align=\"center\"><span style=\"font-family: Arial Black\"><a href=\"http:\/\/blog.uclm.es\/rafaelbecerra\/\"><span style=\"color: #cc6600\">INICIO&nbsp;&nbsp;<\/span><\/a><\/span><img loading=\"lazy\" decoding=\"async\" src=\"http:\/\/blog.uclm.es\/rafaelbecerra\/files\/2020\/07\/j0183328_autobus.gif\" width=\"61\" height=\"62\" border=\"0\"><\/p>\n<p align=\"center\">\n","protected":false},"excerpt":{"rendered":"<p>ENLACES Los Volcanes del Campo de Calatrava Las Lagunas volc\u00e1nicas del Campo de Calatrava GEOVOL &#8211;&nbsp;Geomorfolog\u00eda, Territorio y Paisaje en Regiones Volc\u00e1nicas:&nbsp;Grupo de Investigaci\u00f3n-UCLM SMITHSONIAN INSTITUTION.&nbsp;National Museum of Natural History. Global Volcanism Program:&nbsp;Calatrava Volcanic Field IAVCEI&nbsp;&#8211;&nbsp;International Association of Volcanology and &hellip; <a href=\"https:\/\/blog.uclm.es\/rafaelbecerra\/enlaces\/\">Sigue leyendo <span class=\"meta-nav\">&rarr;<\/span><\/a><\/p>\n","protected":false},"author":38,"featured_media":0,"parent":0,"menu_order":0,"comment_status":"closed","ping_status":"closed","template":"","meta":{"footnotes":""},"class_list":["post-59","page","type-page","status-publish","hentry"],"_links":{"self":[{"href":"https:\/\/blog.uclm.es\/rafaelbecerra\/wp-json\/wp\/v2\/pages\/59","targetHints":{"allow":["GET"]}}],"collection":[{"href":"https:\/\/blog.uclm.es\/rafaelbecerra\/wp-json\/wp\/v2\/pages"}],"about":[{"href":"https:\/\/blog.uclm.es\/rafaelbecerra\/wp-json\/wp\/v2\/types\/page"}],"author":[{"embeddable":true,"href":"https:\/\/blog.uclm.es\/rafaelbecerra\/wp-json\/wp\/v2\/users\/38"}],"replies":[{"embeddable":true,"href":"https:\/\/blog.uclm.es\/rafaelbecerra\/wp-json\/wp\/v2\/comments?post=59"}],"version-history":[{"count":0,"href":"https:\/\/blog.uclm.es\/rafaelbecerra\/wp-json\/wp\/v2\/pages\/59\/revisions"}],"wp:attachment":[{"href":"https:\/\/blog.uclm.es\/rafaelbecerra\/wp-json\/wp\/v2\/media?parent=59"}],"curies":[{"name":"wp","href":"https:\/\/api.w.org\/{rel}","templated":true}]}}