{"id":56,"date":"2020-06-30T11:50:44","date_gmt":"2020-06-30T10:50:44","guid":{"rendered":"http:\/\/blog.uclm.es\/rafaelbecerra\/?page_id=56"},"modified":"2020-06-30T11:50:44","modified_gmt":"2020-06-30T10:50:44","slug":"inicio","status":"publish","type":"page","link":"https:\/\/blog.uclm.es\/rafaelbecerra\/","title":{"rendered":"INICIO"},"content":{"rendered":"<p align=\"center\"><a href=\"http:\/\/www.uclm.es\/\"><br \/>\n<img loading=\"lazy\" decoding=\"async\" class=\"alignnone wp-image-286 size-medium\" src=\"https:\/\/blog.uclm.es\/rafaelbecerra\/wp-content\/uploads\/sites\/24\/2022\/06\/LOGOMARCA_UCLMCEI_2021-300x61.png\" alt=\"\" width=\"300\" height=\"61\" srcset=\"https:\/\/blog.uclm.es\/rafaelbecerra\/wp-content\/uploads\/sites\/24\/2022\/06\/LOGOMARCA_UCLMCEI_2021-300x61.png 300w, https:\/\/blog.uclm.es\/rafaelbecerra\/wp-content\/uploads\/sites\/24\/2022\/06\/LOGOMARCA_UCLMCEI_2021-1024x207.png 1024w, https:\/\/blog.uclm.es\/rafaelbecerra\/wp-content\/uploads\/sites\/24\/2022\/06\/LOGOMARCA_UCLMCEI_2021-768x156.png 768w, https:\/\/blog.uclm.es\/rafaelbecerra\/wp-content\/uploads\/sites\/24\/2022\/06\/LOGOMARCA_UCLMCEI_2021-1536x311.png 1536w, https:\/\/blog.uclm.es\/rafaelbecerra\/wp-content\/uploads\/sites\/24\/2022\/06\/LOGOMARCA_UCLMCEI_2021-500x101.png 500w, https:\/\/blog.uclm.es\/rafaelbecerra\/wp-content\/uploads\/sites\/24\/2022\/06\/LOGOMARCA_UCLMCEI_2021.png 1965w\" sizes=\"auto, (max-width: 300px) 100vw, 300px\" \/><\/a><\/p>\n<p align=\"center\"><img loading=\"lazy\" decoding=\"async\" src=\"https:\/\/blog.uclm.es\/rafaelbecerra\/wp-content\/uploads\/sites\/24\/2020\/05\/CerroPelado-GrupoA-scaled-1.jpg\" width=\"892\" height=\"498\" border=\"0\" \/><\/p>\n<p align=\"center\">RAFAEL BECERRA RAM\u00cdREZ<sup>\u00a9<\/sup><\/p>\n<p style=\"text-align: center\">Esta p\u00e1gina web pretende ser una introducci\u00f3n a algunos de los estudios realizados por el grupo de investigaci\u00f3n GEOVOL del Dpto. de Geograf\u00eda y Ordenaci\u00f3n del Territorio de la Universidad de Castilla-La Mancha. Adem\u00e1s pretende complementar la ya conocida p\u00e1gina web de <a href=\"https:\/\/volcanescalatrava.web.uclm.es\/\"><strong><em>Los Volcanes del Campo de Calatrava<\/em><\/strong>,<\/a> creada y mantenida por la investigadora principal de dicho grupo de investigaci\u00f3n.<\/p>\n<p style=\"text-align: center\"><strong>\u00a1\u00a1ATENCI\u00d3N!!<\/strong>: Todas las im\u00e1genes y documentos contenidos en esta p\u00e1gina web son propiedad intelectual del autor de la misma, Rafael Becerra Ram\u00edrez, y de la Universidad de Castilla-La Mancha. Todo aquel material extra\u00eddo de esta p\u00e1gina, deber\u00e1 ser debidamente referenciado, y su utilizaci\u00f3n o reproducci\u00f3n total o parcial en cualquier otro medio, deber\u00e1 ser autorizada por el autor.<\/p>\n","protected":false},"excerpt":{"rendered":"<p>RAFAEL BECERRA RAM\u00cdREZ\u00a9 Esta p\u00e1gina web pretende ser una introducci\u00f3n a algunos de los estudios realizados por el grupo de investigaci\u00f3n GEOVOL del Dpto. de Geograf\u00eda y Ordenaci\u00f3n del Territorio de la Universidad de Castilla-La Mancha. Adem\u00e1s pretende complementar la &hellip; <a href=\"https:\/\/blog.uclm.es\/rafaelbecerra\/\">Sigue leyendo <span class=\"meta-nav\">&rarr;<\/span><\/a><\/p>\n","protected":false},"author":142,"featured_media":0,"parent":0,"menu_order":0,"comment_status":"closed","ping_status":"closed","template":"","meta":{"footnotes":""},"class_list":["post-56","page","type-page","status-publish","hentry"],"_links":{"self":[{"href":"https:\/\/blog.uclm.es\/rafaelbecerra\/wp-json\/wp\/v2\/pages\/56","targetHints":{"allow":["GET"]}}],"collection":[{"href":"https:\/\/blog.uclm.es\/rafaelbecerra\/wp-json\/wp\/v2\/pages"}],"about":[{"href":"https:\/\/blog.uclm.es\/rafaelbecerra\/wp-json\/wp\/v2\/types\/page"}],"author":[{"embeddable":true,"href":"https:\/\/blog.uclm.es\/rafaelbecerra\/wp-json\/wp\/v2\/users\/142"}],"replies":[{"embeddable":true,"href":"https:\/\/blog.uclm.es\/rafaelbecerra\/wp-json\/wp\/v2\/comments?post=56"}],"version-history":[{"count":0,"href":"https:\/\/blog.uclm.es\/rafaelbecerra\/wp-json\/wp\/v2\/pages\/56\/revisions"}],"wp:attachment":[{"href":"https:\/\/blog.uclm.es\/rafaelbecerra\/wp-json\/wp\/v2\/media?parent=56"}],"curies":[{"name":"wp","href":"https:\/\/api.w.org\/{rel}","templated":true}]}}