{"id":263,"date":"2020-07-03T13:02:57","date_gmt":"2020-07-03T12:02:57","guid":{"rendered":"http:\/\/blog.uclm.es\/rafaelbecerra\/?page_id=263"},"modified":"2020-07-03T13:02:57","modified_gmt":"2020-07-03T12:02:57","slug":"entrevista-television-local-de-calatrava-13-04-2020","status":"publish","type":"page","link":"https:\/\/blog.uclm.es\/rafaelbecerra\/entrevista-television-local-de-calatrava-13-04-2020\/","title":{"rendered":"Entrevista CMM &#8211; 13\/04\/2020"},"content":{"rendered":"\n<p>Con motivo de los chorros o surgencias gaseosas recientes en Calatrava, la tele local me hizo una mini entrevista para comentar por qu\u00e9 y c\u00f3mo surgen estos fen\u00f3menos en esta tierra volc\u00e1nica.<\/p>\n\n\n\n<p>Aqu\u00ed el enlace a la&nbsp;<a href=\"https:\/\/www.cmmedia.es\/noticias\/castilla-la-mancha\/por-que-estan-apareciendo-chorros-de-agua-de-varios-metros-en-almagro\/?fbclid=IwAR3ZBllQ9rsVBiPrYDDQxLTQmNFfgxp0PEvu4qc_8cC3gvbwc47u-ICrbnU\">nota de prensa<\/a>.<\/p>\n\n\n\n<figure class=\"wp-block-image is-style-circle-mask\"><img decoding=\"async\" src=\"https:\/\/blog.uclm.es\/rafaelbecerra\/files\/2020\/05\/DSC_0016-1024x683.jpg\" alt=\"\" class=\"wp-image-41\" \/><figcaption>Boca del pozo del Chorro de Los Arenales (Almagro) \u2013 Rafael Becerra Ram\u00edrez<\/figcaption><\/figure>\n","protected":false},"excerpt":{"rendered":"<p>Con motivo de los chorros o surgencias gaseosas recientes en Calatrava, la tele local me hizo una mini entrevista para comentar por qu\u00e9 y c\u00f3mo surgen estos fen\u00f3menos en esta tierra volc\u00e1nica. Aqu\u00ed el enlace a la&nbsp;nota de prensa.<\/p>\n","protected":false},"author":38,"featured_media":0,"parent":0,"menu_order":0,"comment_status":"closed","ping_status":"closed","template":"","meta":{"footnotes":""},"class_list":["post-263","page","type-page","status-publish","hentry"],"_links":{"self":[{"href":"https:\/\/blog.uclm.es\/rafaelbecerra\/wp-json\/wp\/v2\/pages\/263","targetHints":{"allow":["GET"]}}],"collection":[{"href":"https:\/\/blog.uclm.es\/rafaelbecerra\/wp-json\/wp\/v2\/pages"}],"about":[{"href":"https:\/\/blog.uclm.es\/rafaelbecerra\/wp-json\/wp\/v2\/types\/page"}],"author":[{"embeddable":true,"href":"https:\/\/blog.uclm.es\/rafaelbecerra\/wp-json\/wp\/v2\/users\/38"}],"replies":[{"embeddable":true,"href":"https:\/\/blog.uclm.es\/rafaelbecerra\/wp-json\/wp\/v2\/comments?post=263"}],"version-history":[{"count":0,"href":"https:\/\/blog.uclm.es\/rafaelbecerra\/wp-json\/wp\/v2\/pages\/263\/revisions"}],"wp:attachment":[{"href":"https:\/\/blog.uclm.es\/rafaelbecerra\/wp-json\/wp\/v2\/media?parent=263"}],"curies":[{"name":"wp","href":"https:\/\/api.w.org\/{rel}","templated":true}]}}