{"id":257,"date":"2020-07-03T12:57:46","date_gmt":"2020-07-03T11:57:46","guid":{"rendered":"http:\/\/blog.uclm.es\/rafaelbecerra\/?page_id=257"},"modified":"2020-07-03T12:57:46","modified_gmt":"2020-07-03T11:57:46","slug":"entrevista-ccm-28-05-2020","status":"publish","type":"page","link":"https:\/\/blog.uclm.es\/rafaelbecerra\/entrevista-ccm-28-05-2020\/","title":{"rendered":"Entrevista CCM &#8211; 28\/05\/2020"},"content":{"rendered":"\n<p>Durante estos d\u00edas, han surgido varios chorros o surgencias gaseosas en la zona volc\u00e1nica de Calatrava, consecuencia de la salida repentina de di\u00f3xido de carbono del subsuelo, confinado en acu\u00edferos. La televisi\u00f3n regional&nbsp;<a href=\"https:\/\/www.facebook.com\/NoticiasCMM\/videos\/2925680867539052\/\">CMM<\/a>, nos ha entrevistado a mi compa\u00f1ero Rafael Ubaldo Gos\u00e1lvez y a m\u00ed para explicar c\u00f3mo y por qu\u00e9 surgen estos chorros, mal llamados g\u00e9iseres.<\/p>\n\n\n\n<figure class=\"wp-block-image is-style-circle-mask\"><img decoding=\"async\" src=\"https:\/\/blog.uclm.es\/rafaelbecerra\/files\/2020\/05\/ChorroSlucia2020_009-1024x683.jpg\" alt=\"\" class=\"wp-image-35\" \/><figcaption>Chorro del paraje Los Cabezos (Almagro) \u2013 Rafael Becerra Ram\u00edrez<\/figcaption><\/figure>\n","protected":false},"excerpt":{"rendered":"<p>Durante estos d\u00edas, han surgido varios chorros o surgencias gaseosas en la zona volc\u00e1nica de Calatrava, consecuencia de la salida repentina de di\u00f3xido de carbono del subsuelo, confinado en acu\u00edferos. La televisi\u00f3n regional&nbsp;CMM, nos ha entrevistado a mi compa\u00f1ero Rafael &hellip; <a href=\"https:\/\/blog.uclm.es\/rafaelbecerra\/entrevista-ccm-28-05-2020\/\">Sigue leyendo <span class=\"meta-nav\">&rarr;<\/span><\/a><\/p>\n","protected":false},"author":38,"featured_media":0,"parent":0,"menu_order":0,"comment_status":"closed","ping_status":"closed","template":"","meta":{"footnotes":""},"class_list":["post-257","page","type-page","status-publish","hentry"],"_links":{"self":[{"href":"https:\/\/blog.uclm.es\/rafaelbecerra\/wp-json\/wp\/v2\/pages\/257","targetHints":{"allow":["GET"]}}],"collection":[{"href":"https:\/\/blog.uclm.es\/rafaelbecerra\/wp-json\/wp\/v2\/pages"}],"about":[{"href":"https:\/\/blog.uclm.es\/rafaelbecerra\/wp-json\/wp\/v2\/types\/page"}],"author":[{"embeddable":true,"href":"https:\/\/blog.uclm.es\/rafaelbecerra\/wp-json\/wp\/v2\/users\/38"}],"replies":[{"embeddable":true,"href":"https:\/\/blog.uclm.es\/rafaelbecerra\/wp-json\/wp\/v2\/comments?post=257"}],"version-history":[{"count":0,"href":"https:\/\/blog.uclm.es\/rafaelbecerra\/wp-json\/wp\/v2\/pages\/257\/revisions"}],"wp:attachment":[{"href":"https:\/\/blog.uclm.es\/rafaelbecerra\/wp-json\/wp\/v2\/media?parent=257"}],"curies":[{"name":"wp","href":"https:\/\/api.w.org\/{rel}","templated":true}]}}