{"id":9,"date":"2018-05-16T12:23:16","date_gmt":"2018-05-16T11:23:16","guid":{"rendered":"http:\/\/blog.uclm.es\/proyectovismart\/?page_id=9"},"modified":"2022-12-23T08:44:15","modified_gmt":"2022-12-23T08:44:15","slug":"revistas","status":"publish","type":"page","link":"https:\/\/blog.uclm.es\/proyectovismart\/revistas\/","title":{"rendered":"Revistas"},"content":{"rendered":"<p><strong>2020<\/strong><br \/>\nA. Moya,\u00a0 E. Navarro, \u00a0J. Ja\u00e9n,\u00a0 P. Gonz\u00e1lez. \u00a0Fuzzy-description logic for supporting the rehabilitation of the elderly,<em> Expert Systems<\/em>, doi:10.1111\/exsy.12464, 37(2): e12464, 2020, (IF: 1.505, Q2)<\/p>\n<p>A.S. Garc\u00eda, P. Fern\u00e1ndez-Sotos, A. Fern\u00e1ndez-Caballero, E. Navarro, J.M. Latorre, R. Rodriguez-Jimenez, P. Gonz\u00e1lez\u00a0(2020). Acceptance and use of a multi-modal avatar-based tool for remediation of social cognition deficits. <em>Journal of Ambient Intelligence and Humanized Computing<\/em>, 11, pages 4513\u20134524, 2020. (IF: 4.594, Q1)<\/p>\n<p>V. L\u00f3pez-Jaquero, P. Gonz\u00e1lez, F. Montero, J.P. Molina. UML2App: Avanzando en la generaci\u00f3n autom\u00e1tica de interfaces de usuario para dispositivos m\u00f3viles. Revista Digital de AIPO, 1 (1), 9-21s<\/p>\n<p><strong>2019<\/strong><br \/>\nD.. Romero-Ayuso, A. Castillero-Perea, P. Gonz\u00e1lez, E. Navarro, J.P. Molina-Mass\u00f3, M.J. Funes, P. Ariza-Vega, A. Toledano-Gonz\u00e1lez, J.M. Trivi\u00f1o-Ju\u00e1rez. Assessment of cognitive instrumental activities of daily living: a systematic review\u00bb, <em>Disability &amp; Rehabilitation<\/em>, doi:10.1080\/09638288.2019.1665720 , 1-20, 2019 (IF: 2.054, Q1)<\/p>\n<p>A. Mart\u00ednez-Rodrigo, B. Garc\u00eda-Mart\u00ednez, R. Alcaraz, P. Gonz\u00e1lez, A. Fern\u00e1ndez-Caballero. (2019). Multiscale entropy analysis for recognition of visually elicited negative stress from EEG recordings.<em> International journal of neural system<\/em>s, 29(02), 1850038, 2019 (IF: \u00a05.604, Q1)<\/p>\n<p>V. L\u00f3pez-Jaquero, Radu-Daniel Vatavu, Jos\u00e9 Ignacio Panach, Oscar Pastor, Jean Vanderdonckt: A Newcomer&#8217;s Guide to EICS, the Engineering Interactive Computing Systems Community. <em>Proc. ACM Hum. Comput. Interact.<\/em> 3 (EICS): 1:1-1:9, 2019<\/p>\n<p>V. L\u00f3pez-Jaquero, F. Montero, M. Teruel, Influence awareness: considering motivation in computer-assisted rehabilitation, <em>Journal of Ambient Intelligence and Humanized Computing<\/em>. doi:10.1007\/s12652-017-0652-8,\u00a0Vol. 10<b>,\u00a0<\/b>2185\u20132197, 2019 (IF: 4.594, Q1).<\/p>\n<p><strong>2018<\/strong><br \/>\nC. Roda, E. Navarro, U. Zdun, V. L\u00f3pez-Jaquero, G. Simhandl, Past and Future of Software Architectures for Context-Aware Systems: A Systematic Mapping Study,<em> Journal of Systems and Software<\/em>. \u00a0Vol.146, pp. 310-355, 2018. doi: 10.1016\/j.jss.2018.09.074 \u00a0\u00a0(IF: 2.444, Q1)<\/p>\n<p>R. S\u00e1nchez-Reolid, A.S. Garc\u00eda, M.A. Vicente-Querol, L., Fern\u00e1ndez-Aguilar, M.T. L\u00f3pez, A.\u00a0 Fern\u00e1ndez-Caballero,\u00a0 P. Gonz\u00e1lez<strong>.<\/strong>\u00a0 Artificial neural networks to assess emotional states from brain-computer interface. <em>Electronics<\/em>,\u00a0<em>7<\/em>(12), 384, 2018 (IF: 1.764, Q3)<\/p>\n<p>A.. Fern\u00e1ndez-Caballero, P. Gonz\u00e1lez, M.T., L\u00f3pez, E. Navarro. Special Issue on Socio-Cognitive and Affective Computing. <em>Applied Sciences<\/em>. Vol. 8(8), 1371 doi: 10.3390\/app8081371, 2018. (I.F.: 1.689, Q3)<\/p>\n<p>M. Oliver, M.A. Teruel, J.P. Molina, D. Romero-Ayuso, P. Gonzalez. Ambient Intelligence Environment for Home Cognitive Telerehabilitation. <em>Sensors<\/em>. DOI: 10.3390\/s18113671, Vol. 18(11), 3671, 2018 (IF: 3.031 Q1)<\/p>\n<p>E. Navarro, P. Gonz\u00e1lez, V. L\u00f3pez-Jaquero, F. Montero, J.P. Molina, D. Romero-Ayuso (2018) Adaptive, multisensorial, physiological and social: the next generation of telerehabilitation systems. <em>Frontiers in Neuroinformatics,<\/em> doi:10.3389\/fninf.2018.00043, Vol. 12 (34), 2018 (IF: 3.870, Q1)<\/p>\n<p>M. A. Teruel, N. Condori, E. Navarro, P. Gonz\u00e1lez, P. Lago, Assessing the Impact of the Awareness Level on a Co-operative Game, <em>Information and Software Technology<\/em>, doi:10.1016\/j.infsof.2018.02.008, Vol. 98, pp. 89-116, 2018 (IF: 2.694, Q1)<\/p>\n<p><strong>2017<\/strong><br \/>\nC. Roda, A. Rodr\u00edguez, V. L\u00f3pez-Jaquero, P. Gonz\u00e1lez, E. Navarro, A Multi-Agent System for Acquired Brain Injury Rehabilitation in Ambient Intelligence Environments, <em>Neurocomputing<\/em> doi:10.1016\/j.neucom.2016.04.066, Vol. 231, pp.11\u201318, 2017 (IF: 2.392, Q1).<\/p>\n<p><span style=\"font-size: 14px\">T. Haitzer, E. Navarro, U. Zdun, Reconciling Software Architecture and Source Code in Support of Software Evolution, <\/span><em style=\"font-size: 14px\">Journal of Systems and Software<\/em><span style=\"font-size: 14px\">, doi:10.1016\/j.jss.2016.10.012, Vol. 123, pp. 119-144, 2017 (IF: 2.444 , Q1)<\/span><\/p>\n<p>M. A. Teruel, E. Navarro, P. Gonz\u00e1lez, V. L\u00f3pez-Jaquero, F. Montero, A Comprehensive Framework for Modeling Requirements of CSCW Systems, <em>Journal of Software: Evolution and Process<\/em>, doi:10.1002\/smr.1858, Vol. 29(5), e1858, 2017, (IF: 0.729, Q3)<\/p>\n<p>M. A. Teruel, E. Navarro, P. Gonz\u00e1lez, Exploiting Awareness for the Development of Collaborative Rehabilitation Systems, <em>Mobile Information Systems<\/em> doi:10.1155\/2017\/47143282017, Vol. 2017, art.Id 4714328, pp. 1-15, 2017 (IF: 0,84, Q4)<\/p>\n<p>A. Fern\u00e1ndez-Caballero, P. Gonz\u00e1lez, E. Navarro, D. Cook, Special Issue &#8211; Pervasive Computing for Gerontechnology, <em>Pervasive and Mobile Computing<\/em>, doi:10.1016\/j.pmcj.2016.12.004, Vol. 34, pp.1-2, 2017 (IF: 1.719, Q2)<\/p>\n<p>A. Fern\u00e1ndez-Caballero, P. Gonz\u00e1lez, E. Navarro, Gerontechnologies \u2013 Current achievements and future trends, <em>Expert Systems<\/em>, doi:10.1111\/exsy.12203, Vol. 34(2), 2017 (IF: 0.947, Q3)<\/p>\n<p>M. Oliver, J.P. Molina, A. Fern\u00e1ndez-Caballero, P. Gonz\u00e1lez, Collaborative Computer-Assisted Cognitive Rehabilitation System. <em>ADCAIJ: Advances in Distributed Computing and Artificial Intelligence Journa<\/em>l. doi:10.14201\/ADCAIJ2017635774, Vol. 6(3), pp. 57-74, 2017<\/p>\n","protected":false},"excerpt":{"rendered":"<p>2020 A. Moya,\u00a0 E. Navarro, \u00a0J. Ja\u00e9n,\u00a0 P. Gonz\u00e1lez. \u00a0Fuzzy-description logic for supporting the rehabilitation of the elderly, Expert Systems, doi:10.1111\/exsy.12464, 37(2): e12464, 2020, (IF: 1.505, Q2) A.S. Garc\u00eda, P. Fern\u00e1ndez-Sotos, A. Fern\u00e1ndez-Caballero, E. Navarro, J.M. Latorre, R. Rodriguez-Jimenez, P. Gonz\u00e1lez\u00a0(2020). Acceptance and use of a multi-modal avatar-based tool for remediation of social cognition deficits. [&hellip;]<\/p>\n","protected":false},"author":110,"featured_media":0,"parent":0,"menu_order":0,"comment_status":"closed","ping_status":"closed","template":"","meta":{"footnotes":""},"class_list":["post-9","page","type-page","status-publish","hentry"],"_links":{"self":[{"href":"https:\/\/blog.uclm.es\/proyectovismart\/wp-json\/wp\/v2\/pages\/9","targetHints":{"allow":["GET"]}}],"collection":[{"href":"https:\/\/blog.uclm.es\/proyectovismart\/wp-json\/wp\/v2\/pages"}],"about":[{"href":"https:\/\/blog.uclm.es\/proyectovismart\/wp-json\/wp\/v2\/types\/page"}],"author":[{"embeddable":true,"href":"https:\/\/blog.uclm.es\/proyectovismart\/wp-json\/wp\/v2\/users\/110"}],"replies":[{"embeddable":true,"href":"https:\/\/blog.uclm.es\/proyectovismart\/wp-json\/wp\/v2\/comments?post=9"}],"version-history":[{"count":1,"href":"https:\/\/blog.uclm.es\/proyectovismart\/wp-json\/wp\/v2\/pages\/9\/revisions"}],"predecessor-version":[{"id":373,"href":"https:\/\/blog.uclm.es\/proyectovismart\/wp-json\/wp\/v2\/pages\/9\/revisions\/373"}],"wp:attachment":[{"href":"https:\/\/blog.uclm.es\/proyectovismart\/wp-json\/wp\/v2\/media?parent=9"}],"curies":[{"name":"wp","href":"https:\/\/api.w.org\/{rel}","templated":true}]}}