{"id":59,"date":"2018-05-21T13:09:26","date_gmt":"2018-05-21T12:09:26","guid":{"rendered":"http:\/\/blog.uclm.es\/proyectovismart\/?page_id=59"},"modified":"2022-12-23T08:43:29","modified_gmt":"2022-12-23T08:43:29","slug":"equipo-de-trabajo","status":"publish","type":"page","link":"https:\/\/blog.uclm.es\/proyectovismart\/equipo-de-trabajo\/","title":{"rendered":"Equipo de Trabajo"},"content":{"rendered":"<table>\n<tbody>\n<tr>\n<td><img loading=\"lazy\" decoding=\"async\" class=\"alignnone size-full wp-image-126\" src=\"https:\/\/blog.uclm.es\/proyectovismart\/wp-content\/uploads\/sites\/139\/2018\/05\/louise.png\" alt=\"\" width=\"220\" height=\"80\" srcset=\"https:\/\/blog.uclm.es\/proyectovismart\/wp-content\/uploads\/sites\/139\/2018\/05\/louise.png 374w, https:\/\/blog.uclm.es\/proyectovismart\/wp-content\/uploads\/sites\/139\/2018\/05\/louise-300x108.png 300w\" sizes=\"auto, (max-width: 220px) 100vw, 220px\" \/><\/td>\n<td><a href=\"http:\/\/www.i3a.uclm.es\/louise\/louise\/index.php\"><strong>Grupo Louise<\/strong><\/a><\/td>\n<\/tr>\n<tr>\n<td>IPs<\/td>\n<td>Gonz\u00e1lez L\u00f3pez, Pascual J.<\/p>\n<p>Navarro Mart\u00ednez, Elena Mar\u00eda<\/td>\n<\/tr>\n<tr>\n<td>Investigadores<\/td>\n<td>L\u00f3pez Jaquero, V\u00edctor Manuel<\/p>\n<p>Molina Masso, Jos\u00e9 Pascual<\/p>\n<p>Montero Simarro, Francisco<\/p>\n<p>Romero Ayuso, Dulce<\/p>\n<p>Teruel Mart\u00ednez, Miguel \u00c1ngel<\/p>\n<p>Oliver Segovia, Miguel<\/p>\n<p>Mart\u00ednez Rodrigo, Arturo<\/p>\n<p>Juan Gonz\u00e1lez, Jorge<\/p>\n<p>Moya Moya, Alejandro<\/td>\n<\/tr>\n<\/tbody>\n<\/table>\n<p><!-- \/divi:columns --> <!-- divi:paragraph --> <!-- \/divi:paragraph --><\/p>\n<table>\n<tbody>\n<tr>\n<td><img loading=\"lazy\" decoding=\"async\" class=\"alignnone  wp-image-120\" src=\"https:\/\/blog.uclm.es\/proyectovismart\/wp-content\/uploads\/sites\/139\/2018\/05\/uvie.jpg\" alt=\"\" width=\"224\" height=\"62\" \/><\/td>\n<td><strong><a href=\"https:\/\/swa.cs.univie.ac.at\/team\/person\/38685\/\">Research Group Software Architecture<\/a><\/strong><\/td>\n<\/tr>\n<tr>\n<td>Investigadores<\/td>\n<td>Zdun, Uwe<\/td>\n<\/tr>\n<\/tbody>\n<\/table>\n<p><!-- \/divi:columns --> <!-- divi:paragraph --> <!-- \/divi:paragraph --><\/p>\n<table>\n<tbody>\n<tr>\n<td><img loading=\"lazy\" decoding=\"async\" class=\"alignnone size-full wp-image-120\" src=\"https:\/\/blog.uclm.es\/proyectovismart\/wp-content\/uploads\/sites\/139\/2021\/03\/image-edited.png\" alt=\"\" width=\"250\" height=\"62\" \/><\/td>\n<td><strong><a href=\"https:\/\/uclic.ucl.ac.uk\/\">(UCLIC) Centre of Excellence in Human-Computer Interaction<\/a><\/strong><\/td>\n<\/tr>\n<tr>\n<td>Investigadores<\/td>\n<td>Martinez Plasencia, Diego<\/td>\n<\/tr>\n<\/tbody>\n<\/table>\n<p><!-- \/divi:columns --><\/p>\n","protected":false},"excerpt":{"rendered":"<p>Grupo Louise IPs Gonz\u00e1lez L\u00f3pez, Pascual J. Navarro Mart\u00ednez, Elena Mar\u00eda Investigadores L\u00f3pez Jaquero, V\u00edctor Manuel Molina Masso, Jos\u00e9 Pascual Montero Simarro, Francisco Romero Ayuso, Dulce Teruel Mart\u00ednez, Miguel \u00c1ngel Oliver Segovia, Miguel Mart\u00ednez Rodrigo, Arturo Juan Gonz\u00e1lez, Jorge Moya Moya, Alejandro Research Group Software Architecture Investigadores Zdun, Uwe (UCLIC) Centre of Excellence in Human-Computer [&hellip;]<\/p>\n","protected":false},"author":113,"featured_media":0,"parent":0,"menu_order":0,"comment_status":"closed","ping_status":"closed","template":"","meta":{"footnotes":""},"class_list":["post-59","page","type-page","status-publish","hentry"],"_links":{"self":[{"href":"https:\/\/blog.uclm.es\/proyectovismart\/wp-json\/wp\/v2\/pages\/59","targetHints":{"allow":["GET"]}}],"collection":[{"href":"https:\/\/blog.uclm.es\/proyectovismart\/wp-json\/wp\/v2\/pages"}],"about":[{"href":"https:\/\/blog.uclm.es\/proyectovismart\/wp-json\/wp\/v2\/types\/page"}],"author":[{"embeddable":true,"href":"https:\/\/blog.uclm.es\/proyectovismart\/wp-json\/wp\/v2\/users\/113"}],"replies":[{"embeddable":true,"href":"https:\/\/blog.uclm.es\/proyectovismart\/wp-json\/wp\/v2\/comments?post=59"}],"version-history":[{"count":3,"href":"https:\/\/blog.uclm.es\/proyectovismart\/wp-json\/wp\/v2\/pages\/59\/revisions"}],"predecessor-version":[{"id":372,"href":"https:\/\/blog.uclm.es\/proyectovismart\/wp-json\/wp\/v2\/pages\/59\/revisions\/372"}],"wp:attachment":[{"href":"https:\/\/blog.uclm.es\/proyectovismart\/wp-json\/wp\/v2\/media?parent=59"}],"curies":[{"name":"wp","href":"https:\/\/api.w.org\/{rel}","templated":true}]}}