{"id":42,"date":"2018-05-18T15:05:28","date_gmt":"2018-05-18T14:05:28","guid":{"rendered":"http:\/\/blog.uclm.es\/proyectovismart\/?page_id=42"},"modified":"2022-12-23T08:41:01","modified_gmt":"2022-12-23T08:41:01","slug":"socios","status":"publish","type":"page","link":"https:\/\/blog.uclm.es\/proyectovismart\/socios\/","title":{"rendered":"Socios"},"content":{"rendered":"\n<div class=\"wp-block-columns is-layout-flex wp-container-core-columns-is-layout-28f84493 wp-block-columns-is-layout-flex\">\n<div class=\"wp-block-column is-layout-flow wp-block-column-is-layout-flow\">\n<figure class=\"wp-block-image size-full is-resized\"><img loading=\"lazy\" decoding=\"async\" src=\"https:\/\/blog.uclm.es\/proyectovismart\/wp-content\/uploads\/sites\/139\/2022\/12\/8scIKCV6_400x400.jpg\" alt=\"\" class=\"wp-image-366\" width=\"117\" height=\"117\" srcset=\"https:\/\/blog.uclm.es\/proyectovismart\/wp-content\/uploads\/sites\/139\/2022\/12\/8scIKCV6_400x400.jpg 400w, https:\/\/blog.uclm.es\/proyectovismart\/wp-content\/uploads\/sites\/139\/2022\/12\/8scIKCV6_400x400-300x300.jpg 300w, https:\/\/blog.uclm.es\/proyectovismart\/wp-content\/uploads\/sites\/139\/2022\/12\/8scIKCV6_400x400-150x150.jpg 150w\" sizes=\"auto, (max-width: 117px) 100vw, 117px\" \/><\/figure>\n<\/div>\n\n\n\n<div class=\"wp-block-column is-vertically-aligned-center is-layout-flow wp-block-column-is-layout-flow\">\n<p><a href=\"http:\/\/www.adaceclm.org\/\">Adace Castilla-La Mancha<\/a><\/p>\n<\/div>\n<\/div>\n\n\n\n<div class=\"wp-block-columns is-layout-flex wp-container-core-columns-is-layout-28f84493 wp-block-columns-is-layout-flex\">\n<div class=\"wp-block-column is-layout-flow wp-block-column-is-layout-flow\">\n<figure class=\"wp-block-image size-full\"><img loading=\"lazy\" decoding=\"async\" width=\"769\" height=\"168\" src=\"https:\/\/blog.uclm.es\/proyectovismart\/wp-content\/uploads\/sites\/139\/2018\/05\/logo-crmfalbacete.png\" alt=\"CRMF Albacete\" class=\"wp-image-57\" srcset=\"https:\/\/blog.uclm.es\/proyectovismart\/wp-content\/uploads\/sites\/139\/2018\/05\/logo-crmfalbacete.png 769w, https:\/\/blog.uclm.es\/proyectovismart\/wp-content\/uploads\/sites\/139\/2018\/05\/logo-crmfalbacete-300x66.png 300w\" sizes=\"auto, (max-width: 769px) 100vw, 769px\" \/><\/figure>\n<\/div>\n\n\n\n<div class=\"wp-block-column is-vertically-aligned-center is-layout-flow wp-block-column-is-layout-flow\">\n<p><a href=\"http:\/\/www.crmfalbacete.es\/\">Centro de Recuperaci\u00f3n de Personas con Discapacidad F\u00edsica<\/a><\/p>\n<\/div>\n<\/div>\n\n\n\n<div class=\"wp-block-columns is-layout-flex wp-container-core-columns-is-layout-28f84493 wp-block-columns-is-layout-flex\">\n<div class=\"wp-block-column is-layout-flow wp-block-column-is-layout-flow\">\n<figure class=\"wp-block-image size-full\"><img loading=\"lazy\" decoding=\"async\" width=\"352\" height=\"63\" src=\"https:\/\/blog.uclm.es\/proyectovismart\/wp-content\/uploads\/sites\/139\/2018\/05\/hospital-albacete.png\" alt=\"Quir\u00f3n Salud\" class=\"wp-image-55\" srcset=\"https:\/\/blog.uclm.es\/proyectovismart\/wp-content\/uploads\/sites\/139\/2018\/05\/hospital-albacete.png 352w, https:\/\/blog.uclm.es\/proyectovismart\/wp-content\/uploads\/sites\/139\/2018\/05\/hospital-albacete-300x54.png 300w\" sizes=\"auto, (max-width: 352px) 100vw, 352px\" \/><\/figure>\n<\/div>\n\n\n\n<div class=\"wp-block-column is-vertically-aligned-center is-layout-flow wp-block-column-is-layout-flow\">\n<p><a href=\"https:\/\/www.quironsalud.es\/albacete\">Quir\u00f3n Salud Albacete<\/a><\/p>\n<\/div>\n<\/div>\n\n\n\n<div class=\"wp-block-columns is-layout-flex wp-container-core-columns-is-layout-28f84493 wp-block-columns-is-layout-flex\">\n<div class=\"wp-block-column is-layout-flow wp-block-column-is-layout-flow\">\n<figure class=\"wp-block-image size-full is-resized\"><img loading=\"lazy\" decoding=\"async\" src=\"https:\/\/blog.uclm.es\/proyectovismart\/wp-content\/uploads\/sites\/139\/2018\/05\/gmv.png\" alt=\"gmv\" class=\"wp-image-56\" width=\"97\" height=\"97\" \/><\/figure>\n<\/div>\n\n\n\n<div class=\"wp-block-column is-vertically-aligned-center is-layout-flow wp-block-column-is-layout-flow\">\n<p><a href=\"https:\/\/www.gmv.com\/es\/\">GMV Innovating Solutions<\/a><\/p>\n<\/div>\n<\/div>\n\n\n\n<p>Otros colaboradores:<\/p>\n\n\n\n<p><a rel=\"noreferrer noopener\" href=\"http:\/\/hnparaplejicos.sescam.castillalamancha.es\/es\/profesionales\/investigacion\/clinica\/biomecanica-y-ayudas-tecnicas\" target=\"_blank\">Unidad de I+D+I en Biomec\u00e1nica y Ayudas T\u00e9cnicas del Hospital Nacional de Parapl\u00e9jicos de Toledo (HNP)<\/a><\/p>\n","protected":false},"excerpt":{"rendered":"<p>Adace Castilla-La Mancha Centro de Recuperaci\u00f3n de Personas con Discapacidad F\u00edsica Quir\u00f3n Salud Albacete GMV Innovating Solutions Otros colaboradores: Unidad de I+D+I en Biomec\u00e1nica y Ayudas T\u00e9cnicas del Hospital Nacional de Parapl\u00e9jicos de Toledo (HNP)<\/p>\n","protected":false},"author":110,"featured_media":0,"parent":0,"menu_order":0,"comment_status":"closed","ping_status":"closed","template":"","meta":{"footnotes":""},"class_list":["post-42","page","type-page","status-publish","hentry"],"_links":{"self":[{"href":"https:\/\/blog.uclm.es\/proyectovismart\/wp-json\/wp\/v2\/pages\/42","targetHints":{"allow":["GET"]}}],"collection":[{"href":"https:\/\/blog.uclm.es\/proyectovismart\/wp-json\/wp\/v2\/pages"}],"about":[{"href":"https:\/\/blog.uclm.es\/proyectovismart\/wp-json\/wp\/v2\/types\/page"}],"author":[{"embeddable":true,"href":"https:\/\/blog.uclm.es\/proyectovismart\/wp-json\/wp\/v2\/users\/110"}],"replies":[{"embeddable":true,"href":"https:\/\/blog.uclm.es\/proyectovismart\/wp-json\/wp\/v2\/comments?post=42"}],"version-history":[{"count":4,"href":"https:\/\/blog.uclm.es\/proyectovismart\/wp-json\/wp\/v2\/pages\/42\/revisions"}],"predecessor-version":[{"id":369,"href":"https:\/\/blog.uclm.es\/proyectovismart\/wp-json\/wp\/v2\/pages\/42\/revisions\/369"}],"wp:attachment":[{"href":"https:\/\/blog.uclm.es\/proyectovismart\/wp-json\/wp\/v2\/media?parent=42"}],"curies":[{"name":"wp","href":"https:\/\/api.w.org\/{rel}","templated":true}]}}