{"id":346,"date":"2018-05-14T12:02:27","date_gmt":"2018-05-14T12:02:27","guid":{"rendered":"http:\/\/blog.uclm.es\/proyectovismart\/?page_id=2"},"modified":"2022-12-23T08:45:57","modified_gmt":"2022-12-23T08:45:57","slug":"prototipos","status":"publish","type":"page","link":"https:\/\/blog.uclm.es\/proyectovismart\/prototipos\/","title":{"rendered":"Prototipos"},"content":{"rendered":"<h4>Aventura en el Desierto<\/h4>\n<p>Este juego ha sido desarrollado para el tratamiento del TDAH mediante el uso de casco de encefalograma Epotiv Epoc+<br \/>\n<a href=\"https:\/\/www.youtube.com\/watch?v=D15W52an9Y0&amp;cc_load_policy=1\"><img loading=\"lazy\" decoding=\"async\" class=\"alignnone size-medium wp-image-67\" src=\"https:\/\/blog.uclm.es\/proyectovismart\/wp-content\/uploads\/sites\/139\/2018\/05\/desert-300x94.png\" alt=\"\" width=\"300\" height=\"94\" srcset=\"https:\/\/blog.uclm.es\/proyectovismart\/wp-content\/uploads\/sites\/139\/2018\/05\/desert-300x94.png 300w, https:\/\/blog.uclm.es\/proyectovismart\/wp-content\/uploads\/sites\/139\/2018\/05\/desert-1024x320.png 1024w, https:\/\/blog.uclm.es\/proyectovismart\/wp-content\/uploads\/sites\/139\/2018\/05\/desert-768x240.png 768w, https:\/\/blog.uclm.es\/proyectovismart\/wp-content\/uploads\/sites\/139\/2018\/05\/desert-1536x480.png 1536w, https:\/\/blog.uclm.es\/proyectovismart\/wp-content\/uploads\/sites\/139\/2018\/05\/desert.png 2033w\" sizes=\"auto, (max-width: 300px) 100vw, 300px\" \/><\/a><\/p>\n<h4>Picking Cube<\/h4>\n<p>Este juego ha sido dise\u00f1ado para facilitar la rehabilitaci\u00f3n de miembro superior tras da\u00f1o en espina dorsal utilizando Leap Motion como dispositivo de interacci\u00f3n<br \/>\n<a href=\"https:\/\/www.youtube.com\/watch?v=R8kd59yU8Y4\"><img loading=\"lazy\" decoding=\"async\" class=\"alignnone size-medium wp-image-72\" src=\"https:\/\/blog.uclm.es\/proyectovismart\/wp-content\/uploads\/sites\/139\/2018\/05\/cubes-300x94.png\" alt=\"\" width=\"300\" height=\"94\" srcset=\"https:\/\/blog.uclm.es\/proyectovismart\/wp-content\/uploads\/sites\/139\/2018\/05\/cubes-300x94.png 300w, https:\/\/blog.uclm.es\/proyectovismart\/wp-content\/uploads\/sites\/139\/2018\/05\/cubes-1024x320.png 1024w, https:\/\/blog.uclm.es\/proyectovismart\/wp-content\/uploads\/sites\/139\/2018\/05\/cubes-768x240.png 768w, https:\/\/blog.uclm.es\/proyectovismart\/wp-content\/uploads\/sites\/139\/2018\/05\/cubes-1536x480.png 1536w, https:\/\/blog.uclm.es\/proyectovismart\/wp-content\/uploads\/sites\/139\/2018\/05\/cubes.png 2033w\" sizes=\"auto, (max-width: 300px) 100vw, 300px\" \/><\/a><\/p>\n<h4>Myo-Rehab!<\/h4>\n<p>Juego para la rehabilitaci\u00f3n de mu\u00f1eca basado en electromiograma y gir\u00f3scopo usando Myo como dispositivo de interacci\u00f3n<br \/>\n<a href=\"https:\/\/www.youtube.com\/watch?v=muCu0eM0Fqo&amp;t=17s\"><img loading=\"lazy\" decoding=\"async\" class=\"alignnone size-medium wp-image-80\" src=\"https:\/\/blog.uclm.es\/proyectovismart\/wp-content\/uploads\/sites\/139\/2018\/05\/myo-300x94.png\" alt=\"\" width=\"300\" height=\"94\" srcset=\"https:\/\/blog.uclm.es\/proyectovismart\/wp-content\/uploads\/sites\/139\/2018\/05\/myo-300x94.png 300w, https:\/\/blog.uclm.es\/proyectovismart\/wp-content\/uploads\/sites\/139\/2018\/05\/myo-1024x320.png 1024w, https:\/\/blog.uclm.es\/proyectovismart\/wp-content\/uploads\/sites\/139\/2018\/05\/myo-768x240.png 768w, https:\/\/blog.uclm.es\/proyectovismart\/wp-content\/uploads\/sites\/139\/2018\/05\/myo-1536x480.png 1536w, https:\/\/blog.uclm.es\/proyectovismart\/wp-content\/uploads\/sites\/139\/2018\/05\/myo.png 2033w\" sizes=\"auto, (max-width: 300px) 100vw, 300px\" \/><\/a><\/p>\n<h4>Rehabilitaci\u00f3n F\u00edsica-Cognitiva<\/h4>\n<p>Ejemplo de tarea de ordenaci\u00f3n para la rehabilitaci\u00f3n f\u00edsico-cognitiva utilizando Kinect como dispositivo de interacci\u00f3n.<br \/>\n<a href=\"https:\/\/www.youtube.com\/watch?v=0i3nXEsn26o\"><img loading=\"lazy\" decoding=\"async\" class=\"alignnone size-medium wp-image-117\" src=\"https:\/\/blog.uclm.es\/proyectovismart\/wp-content\/uploads\/sites\/139\/2018\/05\/ordenacion-300x188.png\" alt=\"\" width=\"300\" height=\"188\" srcset=\"https:\/\/blog.uclm.es\/proyectovismart\/wp-content\/uploads\/sites\/139\/2018\/05\/ordenacion-300x188.png 300w, https:\/\/blog.uclm.es\/proyectovismart\/wp-content\/uploads\/sites\/139\/2018\/05\/ordenacion-1024x640.png 1024w, https:\/\/blog.uclm.es\/proyectovismart\/wp-content\/uploads\/sites\/139\/2018\/05\/ordenacion-768x480.png 768w, https:\/\/blog.uclm.es\/proyectovismart\/wp-content\/uploads\/sites\/139\/2018\/05\/ordenacion.png 1152w\" sizes=\"auto, (max-width: 300px) 100vw, 300px\" \/><\/a><\/p>\n<p>Ejemplo de tarea de asociaci\u00f3n para la rehabilitaci\u00f3n f\u00edsico-cognitiva utilizando Kinect como dispositivo de interacci\u00f3n.<br \/>\n<a href=\"https:\/\/www.youtube.com\/watch?v=0i3nXEsn26o\"><img loading=\"lazy\" decoding=\"async\" class=\"alignnone size-medium wp-image-118\" src=\"https:\/\/blog.uclm.es\/proyectovismart\/wp-content\/uploads\/sites\/139\/2018\/05\/asociacion-300x188.png\" alt=\"\" width=\"300\" height=\"188\" srcset=\"https:\/\/blog.uclm.es\/proyectovismart\/wp-content\/uploads\/sites\/139\/2018\/05\/asociacion-300x188.png 300w, https:\/\/blog.uclm.es\/proyectovismart\/wp-content\/uploads\/sites\/139\/2018\/05\/asociacion-1024x640.png 1024w, https:\/\/blog.uclm.es\/proyectovismart\/wp-content\/uploads\/sites\/139\/2018\/05\/asociacion-768x480.png 768w, https:\/\/blog.uclm.es\/proyectovismart\/wp-content\/uploads\/sites\/139\/2018\/05\/asociacion.png 1152w\" sizes=\"auto, (max-width: 300px) 100vw, 300px\" \/><\/a><\/p>\n","protected":false},"excerpt":{"rendered":"<p>Aventura en el Desierto Este juego ha sido desarrollado para el tratamiento del TDAH mediante el uso de casco de encefalograma Epotiv Epoc+ Picking Cube Este juego ha sido dise\u00f1ado para facilitar la rehabilitaci\u00f3n de miembro superior tras da\u00f1o en espina dorsal utilizando Leap Motion como dispositivo de interacci\u00f3n Myo-Rehab! Juego para la rehabilitaci\u00f3n de [&hellip;]<\/p>\n","protected":false},"author":110,"featured_media":0,"parent":0,"menu_order":0,"comment_status":"closed","ping_status":"open","template":"","meta":{"footnotes":""},"class_list":["post-346","page","type-page","status-publish","hentry"],"_links":{"self":[{"href":"https:\/\/blog.uclm.es\/proyectovismart\/wp-json\/wp\/v2\/pages\/346","targetHints":{"allow":["GET"]}}],"collection":[{"href":"https:\/\/blog.uclm.es\/proyectovismart\/wp-json\/wp\/v2\/pages"}],"about":[{"href":"https:\/\/blog.uclm.es\/proyectovismart\/wp-json\/wp\/v2\/types\/page"}],"author":[{"embeddable":true,"href":"https:\/\/blog.uclm.es\/proyectovismart\/wp-json\/wp\/v2\/users\/110"}],"replies":[{"embeddable":true,"href":"https:\/\/blog.uclm.es\/proyectovismart\/wp-json\/wp\/v2\/comments?post=346"}],"version-history":[{"count":1,"href":"https:\/\/blog.uclm.es\/proyectovismart\/wp-json\/wp\/v2\/pages\/346\/revisions"}],"predecessor-version":[{"id":375,"href":"https:\/\/blog.uclm.es\/proyectovismart\/wp-json\/wp\/v2\/pages\/346\/revisions\/375"}],"wp:attachment":[{"href":"https:\/\/blog.uclm.es\/proyectovismart\/wp-json\/wp\/v2\/media?parent=346"}],"curies":[{"name":"wp","href":"https:\/\/api.w.org\/{rel}","templated":true}]}}