{"id":61,"date":"2019-09-30T08:56:05","date_gmt":"2019-09-30T07:56:05","guid":{"rendered":"http:\/\/blog.uclm.es\/proyectotecnocra\/?page_id=61"},"modified":"2022-11-11T16:44:02","modified_gmt":"2022-11-11T15:44:02","slug":"paquetes-de-trabajo","status":"publish","type":"page","link":"https:\/\/blog.uclm.es\/proyectotecnocra\/paquetes-de-trabajo\/","title":{"rendered":"Paquetes de Trabajo"},"content":{"rendered":"<p>PT1. COORDINACI\u00d3N Y GESTI\u00d3N DEL PROYECTO<\/p>\n<p>Luis Orozco y Mar\u00eda Lozano<\/p>\n<p>PT2. IMPACTO SOCIO-ECON\u00d3MICO DEL PROYECTO<\/p>\n<p>Virginia Barba y Gabriel Sebasti\u00e1n<\/p>\n<p>PT3. DEFINICI\u00d3N DEL ENTORNO GENERAL Y DE LA INTERACCI\u00d3N<\/p>\n<p>V\u00edctor Penichet, F\u00e9lix Albertos, Jose Mar\u00eda Garc\u00eda, \u2026<\/p>\n<ul>\n<li>Estrategias de Gamificaci\u00f3n<\/li>\n<li>Caracter\u00edsticas de las \u201cActividades\u201d a integrar en el sistema (Tags, \u2026)<\/li>\n<li>Computaci\u00f3n Afectiva<\/li>\n<\/ul>\n<p>PT4. INFRAESTRUCTURA TECNOL\u00d3GICA<\/p>\n<p>Vicente y Luis Orozco<\/p>\n<ul>\n<li>Definici\u00f3n de la Arquitectura HW (Paradigma Fog Computing)<\/li>\n<li>Simulaci\u00f3n de las condiciones de conectividad en el CRA<\/li>\n<li>Tecnolog\u00eda IoT (Sensores, \u2026 )<\/li>\n<\/ul>\n<p>PT5. ARQUITECTURA SOFTWARE<\/p>\n<p>Jos\u00e9 A. Gallud, Mar\u00eda Lozano, V\u00edctor G\u00f3mez, Jos\u00e9 \u00c1ngel Mart\u00ednez<\/p>\n<p>PT6. Desarrollo de Prototipos con Tangible User Interfaces (TUI)<\/p>\n<p>Jos\u00e9 A. Gallud, Mar\u00eda Lozano, V\u00edctor Penichet<\/p>\n<p>PT7. Desarrollo de Prototipos con Interacci\u00f3n Basada en Movimiento<\/p>\n<p>V\u00edctor Penichet, Mar\u00eda Lozano, Jos\u00e9 A. Gallud,&#8230;<\/p>\n<p>Dise\u00f1o y ejecuci\u00f3n de actividades complementarias y Visi\u00f3n START (Technology and Art) de aplicaci\u00f3n al resto de paquetes<\/p>\n<p>Sylvia Molina, Encarni Jim\u00e9nez<\/p>\n","protected":false},"excerpt":{"rendered":"<p>PT1. COORDINACI\u00d3N Y GESTI\u00d3N DEL PROYECTO Luis Orozco y Mar\u00eda Lozano PT2. IMPACTO SOCIO-ECON\u00d3MICO DEL PROYECTO Virginia Barba y Gabriel Sebasti\u00e1n PT3. DEFINICI\u00d3N DEL ENTORNO GENERAL Y DE LA INTERACCI\u00d3N V\u00edctor Penichet, F\u00e9lix Albertos, Jose Mar\u00eda Garc\u00eda, \u2026 Estrategias de Gamificaci\u00f3n Caracter\u00edsticas de las \u201cActividades\u201d a integrar en el sistema (Tags, \u2026) Computaci\u00f3n Afectiva PT4. &hellip; <a href=\"https:\/\/blog.uclm.es\/proyectotecnocra\/paquetes-de-trabajo\/\" class=\"more-link\">Continuar leyendo<span class=\"screen-reader-text\"> \u00abPaquetes de Trabajo\u00bb<\/span><\/a><\/p>\n","protected":false},"author":123,"featured_media":57,"parent":0,"menu_order":0,"comment_status":"closed","ping_status":"closed","template":"page-full.php","meta":{"footnotes":""},"class_list":["post-61","page","type-page","status-publish","has-post-thumbnail","hentry"],"_links":{"self":[{"href":"https:\/\/blog.uclm.es\/proyectotecnocra\/wp-json\/wp\/v2\/pages\/61","targetHints":{"allow":["GET"]}}],"collection":[{"href":"https:\/\/blog.uclm.es\/proyectotecnocra\/wp-json\/wp\/v2\/pages"}],"about":[{"href":"https:\/\/blog.uclm.es\/proyectotecnocra\/wp-json\/wp\/v2\/types\/page"}],"author":[{"embeddable":true,"href":"https:\/\/blog.uclm.es\/proyectotecnocra\/wp-json\/wp\/v2\/users\/123"}],"replies":[{"embeddable":true,"href":"https:\/\/blog.uclm.es\/proyectotecnocra\/wp-json\/wp\/v2\/comments?post=61"}],"version-history":[{"count":2,"href":"https:\/\/blog.uclm.es\/proyectotecnocra\/wp-json\/wp\/v2\/pages\/61\/revisions"}],"predecessor-version":[{"id":381,"href":"https:\/\/blog.uclm.es\/proyectotecnocra\/wp-json\/wp\/v2\/pages\/61\/revisions\/381"}],"wp:featuredmedia":[{"embeddable":true,"href":"https:\/\/blog.uclm.es\/proyectotecnocra\/wp-json\/wp\/v2\/media\/57"}],"wp:attachment":[{"href":"https:\/\/blog.uclm.es\/proyectotecnocra\/wp-json\/wp\/v2\/media?parent=61"}],"curies":[{"name":"wp","href":"https:\/\/api.w.org\/{rel}","templated":true}]}}