{"id":343,"date":"2019-01-17T11:12:38","date_gmt":"2019-01-17T10:12:38","guid":{"rendered":"http:\/\/blog.uclm.es\/proyectotecnocra\/?page_id=14"},"modified":"2022-11-11T16:42:46","modified_gmt":"2022-11-11T15:42:46","slug":"investigadores","status":"publish","type":"page","link":"https:\/\/blog.uclm.es\/proyectotecnocra\/investigadores\/","title":{"rendered":"Investigadores"},"content":{"rendered":"<p><strong>Mar\u00eda Dolores Lozano P\u00e9rez<\/strong> (IP)<\/p>\n<p>Doctora en Inform\u00e1tica<br \/>\nTitular de Universidad<\/p>\n<p><strong>Luis Orozco Barbosa<\/strong> (IP)<\/p>\n<p>Doctor en Inform\u00e1tica<br \/>\nCatedr\u00e1tico de Universidad<\/p>\n<p><strong>Jose Antonio Gallud L\u00e1zaro<\/strong><\/p>\n<p>Doctor en Inform\u00e1tica<br \/>\nTitular de Universidad<\/p>\n<p><strong>V\u00edctor Manuel Ruiz Penichet<\/strong><\/p>\n<p>Doctor en Inform\u00e1tica<br \/>\nTitular de Universidad<\/p>\n<p><strong>Virginia Barba S\u00e1nchez<\/strong><\/p>\n<p>Doctora en Ciencias Econ\u00f3micas y Empresariales<br \/>\nTitular de Universidad<\/p>\n<p><strong>Effie Lai-Chong Law<\/strong><\/p>\n<p>Doctora en psicolog\u00eda por la LMU, Germany<br \/>\nCatedr\u00e1tica de Universidad. University of Leicester, UK<\/p>\n<p><strong>Sylvia Molina Muro<\/strong><\/p>\n<p>Doctora en Bellas Artes<br \/>\nContratada Doctora en UCLM<\/p>\n<p><strong>F\u00e9lix Albertos Marco<\/strong><\/p>\n<p>Doctor en Inform\u00e1tica<br \/>\nPostdoctoral UDL<\/p>\n<p><strong>Vicente L\u00f3pez Camacho<\/strong><\/p>\n<p>Graduado en Ingenier\u00eda Inform\u00e1tica (Estudiante de Doctorado)<br \/>\nT\u00e9cnico de Laboratorio. Personal de Administraci\u00f3n y Servicios UCLM<\/p>\n","protected":false},"excerpt":{"rendered":"<p>Mar\u00eda Dolores Lozano P\u00e9rez (IP) Doctora en Inform\u00e1tica Titular de Universidad Luis Orozco Barbosa (IP) Doctor en Inform\u00e1tica Catedr\u00e1tico de Universidad Jose Antonio Gallud L\u00e1zaro Doctor en Inform\u00e1tica Titular de Universidad V\u00edctor Manuel Ruiz Penichet Doctor en Inform\u00e1tica Titular de Universidad Virginia Barba S\u00e1nchez Doctora en Ciencias Econ\u00f3micas y Empresariales Titular de Universidad Effie Lai-Chong &hellip; <a href=\"https:\/\/blog.uclm.es\/proyectotecnocra\/investigadores\/\" class=\"more-link\">Continuar leyendo<span class=\"screen-reader-text\"> \u00abInvestigadores\u00bb<\/span><\/a><\/p>\n","protected":false},"author":126,"featured_media":57,"parent":0,"menu_order":0,"comment_status":"closed","ping_status":"closed","template":"page-full.php","meta":{"footnotes":""},"class_list":["post-343","page","type-page","status-publish","has-post-thumbnail","hentry"],"_links":{"self":[{"href":"https:\/\/blog.uclm.es\/proyectotecnocra\/wp-json\/wp\/v2\/pages\/343","targetHints":{"allow":["GET"]}}],"collection":[{"href":"https:\/\/blog.uclm.es\/proyectotecnocra\/wp-json\/wp\/v2\/pages"}],"about":[{"href":"https:\/\/blog.uclm.es\/proyectotecnocra\/wp-json\/wp\/v2\/types\/page"}],"author":[{"embeddable":true,"href":"https:\/\/blog.uclm.es\/proyectotecnocra\/wp-json\/wp\/v2\/users\/126"}],"replies":[{"embeddable":true,"href":"https:\/\/blog.uclm.es\/proyectotecnocra\/wp-json\/wp\/v2\/comments?post=343"}],"version-history":[{"count":1,"href":"https:\/\/blog.uclm.es\/proyectotecnocra\/wp-json\/wp\/v2\/pages\/343\/revisions"}],"predecessor-version":[{"id":379,"href":"https:\/\/blog.uclm.es\/proyectotecnocra\/wp-json\/wp\/v2\/pages\/343\/revisions\/379"}],"wp:featuredmedia":[{"embeddable":true,"href":"https:\/\/blog.uclm.es\/proyectotecnocra\/wp-json\/wp\/v2\/media\/57"}],"wp:attachment":[{"href":"https:\/\/blog.uclm.es\/proyectotecnocra\/wp-json\/wp\/v2\/media?parent=343"}],"curies":[{"name":"wp","href":"https:\/\/api.w.org\/{rel}","templated":true}]}}